{"id":303,"date":"2016-05-03T20:16:23","date_gmt":"2016-05-03T20:16:23","guid":{"rendered":"http:\/\/moverdb.com\/?page_id=303"},"modified":"2026-01-08T13:18:30","modified_gmt":"2026-01-08T13:18:30","slug":"harrow-green","status":"publish","type":"page","link":"https:\/\/moverdb.com\/fr\/harrow-green\/","title":{"rendered":"D\u00e9m\u00e9nagements internationaux et d\u00e9m\u00e9nagements Harrow Green - Commentaires"},"content":{"rendered":"<p>Harrow Green se sp\u00e9cialise principalement dans les d\u00e9m\u00e9nagements d'entreprises, tant nationaux qu'internationaux. Vous trouverez ci-dessous leurs principaux services ainsi que des commentaires sur l'entreprise.<\/p>\n<h2>Services de d\u00e9m\u00e9nagement de Harrow Green<\/h2>\n<p><strong>D\u00e9m\u00e9nagement international<\/strong><\/p>\n<ul>\n<li> Services d'emballage<\/li>\n<li> Transport<\/li>\n<li> Services de stockage<\/li>\n<li> Paquet de destination<\/li>\n<li> Assurance<\/li>\n<li> Services de destination, tels que les services de bricolage, la recherche de logement et le d\u00e9m\u00e9nagement d'animaux domestiques.<\/li>\n<\/ul>\n<p><strong>D\u00e9m\u00e9nagements d'entreprises<\/strong><\/p>\n<ul>\n<li> Am\u00e9nagement de l'espace<\/li>\n<li> Fourniture de nouveaux meubles<\/li>\n<li> D\u00e9montage et remontage de meubles existants<\/li>\n<li> \u00c9limination \u00e9cologique des \u00e9quipements non d\u00e9sir\u00e9s<\/li>\n<li> Programmes de recyclage et de r\u00e9utilisation<\/li>\n<li> Solutions de stockage hors site<\/li>\n<li> Location de caisses<\/li>\n<\/ul>\n<p><strong>Transfert de technologie<\/strong><\/p>\n<ul>\n<li> Le service de base comprend les PC, les postes de travail et tous les p\u00e9riph\u00e9riques (tels que les imprimantes et les scanners), ainsi que les \u00e9quipements de bureau pour la voix et les donn\u00e9es.<\/li>\n<li> Audit d\u00e9taill\u00e9 avant d\u00e9m\u00e9nagement<\/li>\n<li> Mise \u00e0 niveau du syst\u00e8me<\/li>\n<\/ul>\n<p><strong>Recyclage et r\u00e9utilisation<\/strong><\/p>\n<ul>\n<li> Don de bienfaisance<\/li>\n<li> Revente<\/li>\n<li> Remise \u00e0 neuf<\/li>\n<li> Recyclage<\/li>\n<li> Lib\u00e9ration des bureaux<\/li>\n<\/ul>\n<p><strong>Services de stockage<\/strong><\/p>\n<ul>\n<li> Rangement des meubles<\/li>\n<li> Contr\u00f4le et gestion des stocks<\/li>\n<li> Patrimoine et stockage sp\u00e9cialis\u00e9<\/li>\n<\/ul>\n<p><strong>Gestion des dossiers<\/strong><\/p>\n<ul>\n<li> Stockage des documents<\/li>\n<li> Suivi des documents en ligne<\/li>\n<li> Scanner \u00e0 la demande<\/li>\n<li> S\u00e9curit\u00e9 du stockage des documents<\/li>\n<li> S\u00e9curit\u00e9 du patrimoine<\/li>\n<li> Stockage en nuage<\/li>\n<li> Stockage sur bande<\/li>\n<li> Bureau \u00e0 domicile et personnel<\/li>\n<\/ul>\n<h2>Profil de l'entreprise Harrow Green<\/h2>\n<p>Harrow Green a trois d\u00e9cennies d'exp\u00e9rience dans le domaine de la relocalisation d'entreprises et a \u00e9tendu ses services au fil des ans pour r\u00e9pondre aux besoins des clients et de leurs organisations en pleine croissance. <\/p>\n<p>Ils se d\u00e9crivent comme le num\u00e9ro un des d\u00e9m\u00e9nageurs commerciaux. Harrow Green est un partenaire de prestation de services totalement int\u00e9gr\u00e9 d'UBS depuis 20 ans.<\/p>\n<p>L'entreprise a d\u00e9but\u00e9 dans les ann\u00e9es 1980 en g\u00e9rant des d\u00e9m\u00e9nagements informatiques, avant d'ajouter une division de gestion des documents et des d\u00e9m\u00e9nagements internationaux dans les ann\u00e9es 1990. Harrow Green se concentre essentiellement sur les d\u00e9m\u00e9nagements d'entreprises, principalement des soci\u00e9t\u00e9s, des organismes publics et des PME. <\/p>\n<p>Cependant, il offre des services personnels limit\u00e9s. <\/p>\n<p>Harrow Green fait partie de Restore plc depuis f\u00e9vrier 2012, une entreprise qui vise \u00e0 devenir un leader du march\u00e9 dans le domaine de la sant\u00e9. <a href=\"https:\/\/moverdb.com\/fr\/moving-to-the-uk\/\" data-internallinksmanager029f6b8e52c=\"93\" title=\"Vous partez au Royaume-Uni ? 2026 Co\u00fbt de la vie et conseils de relocalisation\">ROYAUME-UNI<\/a> groupe de services de bureau. Restore plc est une soci\u00e9t\u00e9 de services de soutien cot\u00e9e \u00e0 l'AIM qui a fait son entr\u00e9e en bourse en 2004.<\/p>\n<p><strong>Prix<\/strong><\/p>\n<ul>\n<li> Finaliste des Prix du partenariat PFM<\/li>\n<li> D\u00e9m\u00e9nageur commercial de l'ann\u00e9e 2014<\/li>\n<li> Prix de la meilleure innovation dans les services FM<\/li>\n<li> Prix BIFM du meilleur soutien aux entreprises<\/li>\n<li> D\u00e9sign\u00e9 comme \"\u00e0 surveiller\" par Best Companies<\/li>\n<li> S\u00e9lectionn\u00e9 pour un EMMA dans le cadre du <a href=\"https:\/\/moverdb.com\/fr\/moving-companies\/\" data-internallinksmanager029f6b8e52c=\"79\" title=\"Les 25 meilleures soci\u00e9t\u00e9s de d\u00e9m\u00e9nagement international en ligne\">Soci\u00e9t\u00e9 de d\u00e9m\u00e9nagement international<\/a> de l'ann\u00e9e<\/li>\n<li> Finaliste dans la cat\u00e9gorie Apprentissage et d\u00e9veloppement de carri\u00e8re pour les BIFM Awards 2015.<\/li>\n<li> Finaliste du prix East London Chamber of Commerce\/Docklands Business Awards<\/li>\n<li> Vendeur de l'ann\u00e9e d'UBS<\/li>\n<li> Finalistes pour l'excellence du service \u00e0 la client\u00e8le \u00e0 <a href=\"\" data-internallinksmanager029f6b8e52c=\"34\" title=\"Birmingham\">Birmingham<\/a> Prix des entreprises de la Chambre de commerce.<\/li>\n<\/ul>\n<p><strong>Adh\u00e9sion et certificats<\/strong> <\/p>\n<ul>\n<li> Norme d'excellence du service \u00e0 la client\u00e8le de SGS<\/li>\n<li> Certifi\u00e9 BS 8522<\/li>\n<li> Syst\u00e8mes de gestion de la qualit\u00e9 ISO 9001 - Cert FS 34113<\/li>\n<li> <a href=\"https:\/\/moverdb.com\/fr\/fidi-faim\/\">Certifi\u00e9 FIDI FAIMPlus<\/a><\/li>\n<li> Agr\u00e9\u00e9 par JAUPT pour dispenser des formations<\/li>\n<li> Certifi\u00e9 Achilles\/UVDB (cat\u00e9gorie B2)<\/li>\n<li> Certifi\u00e9 conforme au programme de conformit\u00e9 du secteur des entrepreneurs s\u00fbrs.<\/li>\n<li> Certifi\u00e9 conforme au programme de conformit\u00e9 sectorielle CHAS<\/li>\n<li> Certifi\u00e9 conforme au syst\u00e8me de conformit\u00e9 du secteur de la construction.<\/li>\n<li> Membre corporatif du British Institute of Facilities Management<\/li>\n<li> Partenaire strat\u00e9gique de O'Neil pour les syst\u00e8mes de gestion des dossiers<\/li>\n<li> Membre de <a href=\"https:\/\/moverdb.com\/fr\/british-association-of-removers\/\">BAR, l'association britannique des d\u00e9m\u00e9nageurs<\/a><\/li>\n<li> <a href=\"https:\/\/moverdb.com\/fr\/bar-overseas\/\">Groupe BAR Overseas<\/a><\/li>\n<li> <a href=\"https:\/\/moverdb.com\/fr\/fidi-faim\/\">Membre de la FIDI<\/a>l'organisation qui repr\u00e9sente les d\u00e9m\u00e9nageurs du monde entier<\/li>\n<li> Membre de la RoSPA (Royal Society for the Prevention of Accidents)<\/li>\n<li> <a href=\"https:\/\/moverdb.com\/fr\/je-suis\/\">Membre de l'IAM (International Association of Movers)<\/a><\/li>\n<li> Membre et agent autoris\u00e9 de la <a href=\"https:\/\/moverdb.com\/fr\/british-association-of-removers\/\" data-internallinksmanager029f6b8e52c=\"9\" title=\"Explication de la British Association of Removers (BAR)\">Association britannique des d\u00e9m\u00e9nageurs<\/a> DBA le <a href=\"https:\/\/moverdb.com\/fr\/mtc\/\">Movers Trading Club<\/a> (<a href=\"https:\/\/moverdb.com\/fr\/mtc\/\" data-internallinksmanager029f6b8e52c=\"30\" title=\"Le Movers Trading Club (MTC) expliqu\u00e9\">MTC<\/a>)<\/li>\n<\/ul>\n<h2>Avis sur les d\u00e9m\u00e9nagements \u00e0 Harrow Green<\/h2>\n<div itemprop=\"review\" itemscope itemtype=\"http:\/\/schema.org\/Review\">\n<span itemprop=\"author\" itemscope=\"\" itemtype=\"http:\/\/schema.org\/Organization\"><span itemprop=\"name\">MoverDB.com<\/span><\/span> Examen en ligne du site Web pour <span itemprop=\"itemreviewed\" itemscope=\"\" itemtype=\"http:\/\/schema.org\/Brand\"><span itemprop=\"name\">Harrow Green<\/span><\/span>:<\/p>\n<ol>\n<li> Des coordonn\u00e9es claires sur le site web (y compris le num\u00e9ro de t\u00e9l\u00e9phone) ? <strong>Oui<\/strong><\/li>\n<li> Facile \u00e0 obtenir <a href=\"https:\/\/moverdb.com\/fr\/citations\/\">devis de d\u00e9m\u00e9nagements internationaux<\/a>? (Formulaire de demande de devis en ligne) : <strong>Partiel<\/strong>Il existe un formulaire de courrier \u00e9lectronique, mais pas de formulaire de devis proprement dit.<\/li>\n<li> Informations claires sur le site web : <strong>Oui<\/strong>Le site Web est bien con\u00e7u et facile \u00e0 comprendre et \u00e0 utiliser. Il ne manque qu'un formulaire de prix\/de devis.<\/li>\n<li> Adh\u00e9sion \u00e0 des organisations internationales de d\u00e9m\u00e9nagement reconnues : <strong>Oui<\/strong><\/li>\n<li> Liste de clients et\/ou t\u00e9moignages de clients pr\u00e9c\u00e9dents : <strong>Oui<\/strong><\/li>\n<\/ol>\n<div itemprop=\"reviewRating\" itemscope itemtype=\"http:\/\/schema.org\/Rating\"><meta itemprop=\"worstRating\" content = \"0\" \/><meta itemprop=\"bestRating\" content=\"5\" \/><meta itemprop=\"ratingValue\" content=\"4.5\"><\/div>\n<p><strong>Note globale : 4,5\/5<\/strong><br \/>\n<strong>Date de r\u00e9vision :<\/strong> <span itemprop=\"datePublished\" content=\"2018-01-15\">15\/01\/2018<\/span>\n<\/div>\n<p>En savoir plus <a href=\"https:\/\/moverdb.com\/fr\/demenagements-internationaux\/\">Soci\u00e9t\u00e9s de d\u00e9m\u00e9nagement au Royaume-Uni<\/a> et notre <a href=\"https:\/\/moverdb.com\/fr\/revues\/\">le processus de r\u00e9vision expliqu\u00e9<\/a>.<\/p>\n<p><strong>Site web :<\/strong> <a href=\"https:\/\/www.harrowgreeninternational.com\/\" target=\"_blank\" rel=\"noopener noreferrer\">https:\/\/www.harrowgreeninternational.com\/<\/a><\/p>","protected":false},"excerpt":{"rendered":"<p>Harrow Green specialise primarily in business removals, both domestic and international. Below are their core services along with reviews about the company. Harrow Green Removals Services International moving Packing services Transportation Storage services Destination package Insurance Destination services, such as handyman, home search and pet relocation Business removals Space planning New furniture supply Dismantling and [&hellip;]<\/p>\n","protected":false},"author":1,"featured_media":0,"parent":0,"menu_order":0,"comment_status":"closed","ping_status":"closed","template":"","meta":{"_genesis_hide_title":false,"_genesis_hide_breadcrumbs":false,"_genesis_hide_singular_image":false,"_genesis_hide_footer_widgets":false,"_genesis_custom_body_class":"","_genesis_custom_post_class":"","_genesis_layout":"","footnotes":""},"class_list":{"0":"post-303","1":"page","2":"type-page","3":"status-publish","5":"entry"},"_links":{"self":[{"href":"https:\/\/moverdb.com\/fr\/wp-json\/wp\/v2\/pages\/303","targetHints":{"allow":["GET"]}}],"collection":[{"href":"https:\/\/moverdb.com\/fr\/wp-json\/wp\/v2\/pages"}],"about":[{"href":"https:\/\/moverdb.com\/fr\/wp-json\/wp\/v2\/types\/page"}],"author":[{"embeddable":true,"href":"https:\/\/moverdb.com\/fr\/wp-json\/wp\/v2\/users\/1"}],"replies":[{"embeddable":true,"href":"https:\/\/moverdb.com\/fr\/wp-json\/wp\/v2\/comments?post=303"}],"version-history":[{"count":13,"href":"https:\/\/moverdb.com\/fr\/wp-json\/wp\/v2\/pages\/303\/revisions"}],"predecessor-version":[{"id":3300,"href":"https:\/\/moverdb.com\/fr\/wp-json\/wp\/v2\/pages\/303\/revisions\/3300"}],"wp:attachment":[{"href":"https:\/\/moverdb.com\/fr\/wp-json\/wp\/v2\/media?parent=303"}],"curies":[{"name":"wp","href":"https:\/\/api.w.org\/{rel}","templated":true}]}}