{"id":2804,"date":"2018-05-18T20:05:25","date_gmt":"2018-05-18T20:05:25","guid":{"rendered":"https:\/\/moverdb.com\/?page_id=2804"},"modified":"2026-01-08T14:48:10","modified_gmt":"2026-01-08T14:48:10","slug":"politique-de-traitement-des-donnees","status":"publish","type":"page","link":"https:\/\/moverdb.com\/fr\/data-processing-policy\/","title":{"rendered":"Politique de traitement des donn\u00e9es"},"content":{"rendered":"<p>Cette politique de traitement des donn\u00e9es explique en langage clair comment MoverDB.com traite les donn\u00e9es afin que vous puissiez choisir en connaissance de cause d'utiliser ou non nos services. Nous l'avons cr\u00e9\u00e9e en r\u00e9ponse au GDPR. Il s'agit d'un compl\u00e9ment d\u00e9taill\u00e9, en anglais simple, \u00e0 notre politique de traitement des donn\u00e9es. <a href=\"https:\/\/moverdb.com\/fr\/politique-de-confidentialite\/\">Politique de confidentialit\u00e9<\/a> et <a href=\"https:\/\/moverdb.com\/fr\/conditions-dutilisation\/\">Modalit\u00e9s et conditions<\/a>.<\/p>\n<p>MoverDB.com est un site Web gratuit et il n'y a aucune obligation de s'inscrire et\/ou d'entrer des donn\u00e9es personnelles pour l'utiliser. Toutes les informations sont mises gratuitement \u00e0 la disposition de tous.<\/p>\n<p>Cependant, nous collectons et traitons activement et passivement des donn\u00e9es dont nous pensons que vous devez \u00eatre conscient. Toutes les pages du site et les donn\u00e9es sont envoy\u00e9es en utilisant la technologie s\u00e9curis\u00e9e SSL.<\/p>\n<p>Toutes nos activit\u00e9s de traitement actif des donn\u00e9es (voir ci-dessous) sont effectu\u00e9es sur un site Web de l'entreprise. <strong>base de consentement<\/strong> et nos activit\u00e9s de traitement des donn\u00e9es passives (voir ci-dessous) sont effectu\u00e9es sur une <strong>base d'int\u00e9r\u00eat l\u00e9gitime<\/strong>. <\/p>\n<p>MoverDB.com traite plusieurs types de donn\u00e9es \u00e0 des fins diff\u00e9rentes, en utilisant plusieurs partenaires et plateformes tiers.<\/p>\n<p><strong>Activit\u00e9s de traitement des donn\u00e9es actives <\/strong><\/p>\n<p>Notre principale activit\u00e9 de traitement des donn\u00e9es consiste \u00e0 aider les personnes \u00e0 obtenir des devis pour d\u00e9m\u00e9nager \u00e0 l'\u00e9tranger via un service de devis gratuit et sans obligation. Ce service est destin\u00e9 \u00e0 \u00eatre utilis\u00e9 par des particuliers \u00e0 l'int\u00e9rieur et \u00e0 l'ext\u00e9rieur de l'UE.<\/p>\n<p>Sachez \u00e9galement que MoverDB.com ne fournit pas de devis lui-m\u00eame mais a \u00e9tabli un partenariat avec <a href=\"https:\/\/moverdb.com\/fr\/international-removals\/\" data-internallinksmanager029f6b8e52c=\"27\" title=\"36 meilleures entreprises de d\u00e9m\u00e9nagements internationaux au Royaume-Uni\">D\u00e9m\u00e9nagements internationaux<\/a> Direct, TriGlobal B.V. et MyMovingLoads pour fournir les devis. Chacun d'entre eux travaille \u00e0 son tour directement avec son propre groupe d'acheteurs. <a href=\"https:\/\/moverdb.com\/fr\/moving-companies\/\" data-internallinksmanager029f6b8e52c=\"79\" title=\"Les 25 meilleures soci\u00e9t\u00e9s de d\u00e9m\u00e9nagement international en ligne\">entreprises de d\u00e9m\u00e9nagement<\/a>. <\/p>\n<p>Par cons\u00e9quent, nous agissons \u00e0 la fois en tant que contr\u00f4leur de donn\u00e9es (puisque nous leur envoyons des donn\u00e9es) et en tant que processeur de donn\u00e9es (puisqu'ils nous informent des donn\u00e9es dont ils ont besoin et d\u00e9cident de la mani\u00e8re de les traiter). Toutes les donn\u00e9es que nous recueillons pour leur(s) compte(s) sont n\u00e9cessaires pour aider \u00e0 filtrer les fournisseurs susceptibles de vous convenir. Si vous pr\u00e9f\u00e9rez ne pas partager certaines informations, vous \u00eates libre de le faire et vous pouvez toujours trouver des informations g\u00e9n\u00e9riques sur le site de la Commission europ\u00e9enne. <a href=\"https:\/\/moverdb.com\/fr\/expedition-par-conteneur\/\">informations sur les prix ici<\/a>.<\/p>\n<p>Le choix de l'entreprise avec laquelle vous traitez vos donn\u00e9es d\u00e9pendra \u00e0 la fois du formulaire que vous utilisez et de l'endroit d'o\u00f9 vous vous d\u00e9placez.  <\/p>\n<p><strong>Formulaire principal (en haut de la page)<\/strong><\/p>\n<p>Notre formulaire principal ressemble \u00e0 ceci :<\/p>\n<p><img loading=\"lazy\" decoding=\"async\" width=\"833\" height=\"365\" src=\"https:\/\/moverdb.com\/wp-content\/uploads\/Top-page-form.png\" alt=\"\" class=\"aligncenter size-full wp-image-3236\" srcset=\"https:\/\/moverdb.com\/wp-content\/uploads\/Top-page-form.png 833w, https:\/\/moverdb.com\/wp-content\/uploads\/Top-page-form-300x131.png 300w\" sizes=\"auto, (max-width: 833px) 100vw, 833px\" \/><\/p>\n<p>Nous collectons nous-m\u00eames les donn\u00e9es de ce formulaire et d\u00e9cidons ensuite de leur destination.  <\/p>\n<p>Voici les donn\u00e9es qui sont collect\u00e9es, et la raison pour laquelle elles le sont :<\/p>\n<ul>\n<li> O\u00f9 d\u00e9m\u00e9nagez-vous ? Cela permet d'obtenir des devis pr\u00e9cis et de filtrer les entreprises de d\u00e9m\u00e9nagement potentielles.<\/li>\n<li> Adresse actuelle\/code postal\/code postal\/ville\/pays : Cela permet d'obtenir des devis pr\u00e9cis et de filtrer les entreprises de d\u00e9m\u00e9nagement potentielles.<\/li>\n<li> Dans quelle ville d\u00e9m\u00e9nagez-vous ? Cela permet d'obtenir des devis pr\u00e9cis et de filtrer les entreprises de d\u00e9m\u00e9nagement potentielles.<\/li>\n<li> Taille estim\u00e9e du d\u00e9m\u00e9nagement : Cela permet d'obtenir des devis pr\u00e9cis et de filtrer les entreprises de d\u00e9m\u00e9nagement potentielles.<\/li>\n<li> Articles \u00e0 exp\u00e9dier : Cela permet d'obtenir des devis pr\u00e9cis, de filtrer les entreprises de d\u00e9m\u00e9nagement potentielles et de s'assurer que vous n'essayez pas de transporter quelque chose d'ill\u00e9gal.<\/li>\n<li> Date estim\u00e9e du d\u00e9m\u00e9nagement : Cela permet d'obtenir des devis pr\u00e9cis. Sachez \u00e9galement que la plupart des entreprises ne peuvent pas donner de devis pour des d\u00e9m\u00e9nagements plus de 3 mois \u00e0 l'avance.<\/li>\n<li> Votre nom : Pour que les entreprises sachent \u00e0 qui elles ont affaire.<\/li>\n<li> Votre adresse \u00e9lectronique : O\u00f9 les devis peuvent \u00eatre envoy\u00e9s et un moyen d'entrer en contact avec vous au sujet de votre demande.<\/li>\n<li> Votre num\u00e9ro de t\u00e9l\u00e9phone : Requis pour que les entreprises puissent vous contacter au sujet de votre devis.<\/li>\n<\/ul>\n<p>Une fois que toutes les donn\u00e9es sont saisies et que vous soumettez le formulaire, les actions suivantes se produisent :<\/p>\n<ul>\n<li> Vous verrez notre message de remerciement, qui comprend \u00e9galement un outil de <a href=\"https:\/\/moverdb.com\/fr\/international-money-transfer-services\/currencies-direct-review\/\" data-internallinksmanager029f6b8e52c=\"237\" title=\"Examen du transfert international d&#039;argent de Currencies Direct 2023\">Devises directes<\/a> qui peut aider \u00e0 comprendre comment \u00e9changer des devises \u00e9trang\u00e8res.<\/li>\n<li> Les donn\u00e9es du formulaire sont ensuite envoy\u00e9es via un webhook SSL s\u00e9curis\u00e9 \u00e0 Zapier.com, qui permet de <a href=\"https:\/\/moverdb.com\/fr\/moving-to-the-united-states\/\" data-internallinksmanager029f6b8e52c=\"94\" title=\"Vous partez aux \u00c9tats-Unis ? 2026 Co\u00fbt de la vie et conseils de relocalisation\">nous<\/a> pour traiter les donn\u00e9es via ce qu'ils appellent un Zap.<\/li>\n<li> Une fois les donn\u00e9es re\u00e7ues par Zapier.com, le Zap filtre toutes les donn\u00e9es collect\u00e9es vers soit International Removals Direct (d\u00e9m\u00e9nagement du <a href=\"https:\/\/moverdb.com\/fr\/moving-to-the-uk\/\" data-internallinksmanager029f6b8e52c=\"93\" title=\"Vous partez au Royaume-Uni ? 2026 Co\u00fbt de la vie et conseils de relocalisation\">ROYAUME-UNI<\/a>) ou TriGlobal B.V. (d\u00e9m\u00e9nagement depuis n'importe o\u00f9 ailleurs dans le monde) via un webhook SSL s\u00e9curis\u00e9. Ils v\u00e9rifieront ensuite vos donn\u00e9es et enverront votre demande \u00e0 un maximum de six entreprises de d\u00e9m\u00e9nagement concern\u00e9es, qui pourront \u00e0 leur tour vous contacter par t\u00e9l\u00e9phone et\/ou par courrier \u00e9lectronique. Vous n'\u00eates pas oblig\u00e9 d'acheter quoi que ce soit et vous pouvez les informer que vous ne souhaitez pas poursuivre. En outre, vous pouvez \u00e9galement nous demander d'annuler votre demande en utilisant notre formulaire de demande d'annulation. <a href=\"https:\/\/moverdb.com\/fr\/contactez-nous\/\">formulaire de contact<\/a>.<\/li>\n<li> Une fois les donn\u00e9es envoy\u00e9es, le Zap enverra l'adresse e-mail saisie dans le formulaire \u00e0 Mailchimp via une int\u00e9gration Zapier. Cela d\u00e9clenchera ensuite un e-mail automatique qui confirmera votre demande et vous expliquera \u00e0 nouveau \u00e0 quoi vous attendre. Il enverra ensuite un e-mail de suivi environ 5 jours apr\u00e8s votre demande pour vous donner plus d'informations sur le transfert d'argent \u00e0 l'\u00e9tranger avec vos biens. Cet e-mail est envoy\u00e9 car nous avons constat\u00e9 que de nombreuses personnes sont confuses quant aux diff\u00e9rentes options qui s'offrent \u00e0 elles lorsqu'il s'agit d'envoyer de l'argent \u00e0 l'\u00e9tranger. Vous pouvez facilement vous d\u00e9sinscrire de tous les e-mails en cliquant sur le lien de d\u00e9sinscription situ\u00e9 en haut ou en bas de chaque e-mail, ce qui annulera tous les futurs e-mails. Nous supprimons \u00e9galement syst\u00e9matiquement les e-mails au moins une fois par an.<\/li>\n<li> \u00c0 ce stade, le Zap est complet et Zapier supprime automatiquement toutes les donn\u00e9es dans les 90 jours. Cela nous donne le temps d'aider \u00e0 r\u00e9soudre les probl\u00e8mes \u00e9ventuels, mais signifie que les donn\u00e9es ne sont pas stock\u00e9es plus longtemps que n\u00e9cessaire.<\/li>\n<li> Nous conserverons votre adresse \u00e9lectronique (et rien d'autre) jusqu'\u00e0 1 an via Mailchimp.<\/li>\n<li> International Removals Direct et TriGlobal B.V. conservent les informations aussi longtemps que leurs politiques internes le justifient. Si vous avez des inqui\u00e9tudes concernant les donn\u00e9es qu'ils d\u00e9tiennent, veuillez nous contacter et nous ferons de notre mieux pour vous aider.<\/li>\n<\/ul>\n<p><strong>Formulaire secondaire #1 (milieu de la page)<\/strong><\/p>\n<p>Notre formulaire secondaire #1 ressemble \u00e0 ceci.<\/p>\n<p><img loading=\"lazy\" decoding=\"async\" width=\"907\" height=\"512\" src=\"https:\/\/moverdb.com\/wp-content\/uploads\/bottom-page-form.png\" alt=\"\" class=\"aligncenter size-full wp-image-3235\" srcset=\"https:\/\/moverdb.com\/wp-content\/uploads\/bottom-page-form.png 907w, https:\/\/moverdb.com\/wp-content\/uploads\/bottom-page-form-300x169.png 300w\" sizes=\"auto, (max-width: 907px) 100vw, 907px\" \/><\/p>\n<p>Ce formulaire est fourni par MyMovingLoads et nous ne contr\u00f4lons pas la mani\u00e8re dont il est envoy\u00e9 ou trait\u00e9. <\/p>\n<p>Voici les donn\u00e9es qu'ils collectent :<\/p>\n<ul>\n<li> Pays\/ville d'origine et Pays de livraison et Ville de livraison : Cela permet d'obtenir des devis pr\u00e9cis et de filtrer les entreprises de d\u00e9m\u00e9nagement potentielles.<\/li>\n<li> Date du d\u00e9m\u00e9nagement : Cela permet d'obtenir des devis pr\u00e9cis. Sachez \u00e9galement que la plupart des entreprises ne peuvent pas donner de devis pour des d\u00e9m\u00e9nagements plus de 3 mois \u00e0 l'avance.<\/li>\n<li> S\u00e9lectionnez la taille du logement : Cela permet d'obtenir des devis pr\u00e9cis et de filtrer les entreprises de d\u00e9m\u00e9nagement potentielles.<<\/li>\n<li> Nom et pr\u00e9nom : Pour que les entreprises sachent \u00e0 qui elles ont affaire.<\/li>\n<li> Votre t\u00e9l\u00e9phone : Requis pour que les entreprises puissent vous contacter au sujet de votre devis.<\/li>\n<li> Votre adresse \u00e9lectronique : O\u00f9 les devis peuvent \u00eatre envoy\u00e9s et un moyen d'entrer en contact avec vous au sujet de votre demande.<\/li>\n<\/ul>\n<p>Une fois que toutes les donn\u00e9es sont saisies et que vous soumettez le formulaire, les actions suivantes se produisent :<\/p>\n<ul>\n<li> Vous verrez appara\u00eetre un message de remerciement.<\/li>\n<li> Les donn\u00e9es seront envoy\u00e9es \u00e0 MyMovingLoads qui les traitera conform\u00e9ment \u00e0 ses conditions d'utilisation, que vous devez accepter lorsque vous soumettez le formulaire.<\/li>\n<\/ul>\n<p><strong>Formulaire secondaire #2 (en bas de la page)<\/strong><\/p>\n<p>Notre formulaire secondaire #2 ressemble \u00e0 ceci :<\/p>\n<p><img loading=\"lazy\" decoding=\"async\" src=\"https:\/\/moverdb.com\/wp-content\/uploads\/Triglobal-form.png\" alt=\"\" width=\"597\" height=\"795\" class=\"aligncenter size-full wp-image-3269\" srcset=\"https:\/\/moverdb.com\/wp-content\/uploads\/Triglobal-form.png 597w, https:\/\/moverdb.com\/wp-content\/uploads\/Triglobal-form-225x300.png 225w\" sizes=\"auto, (max-width: 597px) 100vw, 597px\" \/><\/p>\n<p>Ce formulaire est fourni par TriGlobal B.V. et nous ne contr\u00f4lons pas la mani\u00e8re dont il est envoy\u00e9 ou trait\u00e9.<\/p>\n<p>Voici les donn\u00e9es qu'ils collectent :<\/p>\n<ul>\n<li> D\u00e9tails relatifs \u00e0 l'adresse actuelle et \u00e0 l'adresse de livraison (rue, code postal, ville et pays) : Cela permet d'obtenir des devis pr\u00e9cis et de filtrer les entreprises de d\u00e9m\u00e9nagement potentielles.<\/li>\n<li> Taille du d\u00e9m\u00e9nagement : L'aide \u00e0 g\u00e9n\u00e9rer des devis pr\u00e9cis<\/li>\n<li> Date du d\u00e9m\u00e9nagement : Cela permet d'obtenir des devis pr\u00e9cis. Sachez \u00e9galement que la plupart des entreprises ne peuvent pas donner de devis pour des d\u00e9m\u00e9nagements plus de 3 mois \u00e0 l'avance.<\/li>\n<li> Volume estim\u00e9 en pieds cubes (facultatif) : permet de g\u00e9n\u00e9rer un devis plus pr\u00e9cis.<\/li>\n<li> Emballage\/assemblage (facultatif) : Permet d'obtenir un devis plus pr\u00e9cis.<\/li>\n<li> Remarques (facultatif) : C'est ici que vous pouvez ajouter des demandes sp\u00e9ciales, des questions, etc.<\/li>\n<li> Type de d\u00e9m\u00e9nagement : Cela permet d'envoyer votre devis au bon service des entreprises de d\u00e9m\u00e9nagement.<\/li>\n<li> Pr\u00e9nom et nom de famille : Pour que les entreprises sachent \u00e0 qui elles ont affaire.<\/li>\n<li> T\u00e9l\u00e9phone #1 : Requis pour que les entreprises puissent vous contacter au sujet de votre devis.<\/li>\n<li> Courriel : O\u00f9 les devis peuvent \u00eatre envoy\u00e9s et un moyen d'entrer en contact avec vous au sujet de votre demande.<\/li>\n<\/ul>\n<p>Une fois que toutes les donn\u00e9es sont saisies et que vous soumettez le formulaire, les actions suivantes se produisent :<\/p>\n<ul>\n<li> Vous verrez appara\u00eetre un message de remerciement.<\/li>\n<li> Les donn\u00e9es seront envoy\u00e9es \u00e0 TriGlobal B.V. qui les traitera conform\u00e9ment \u00e0 ses conditions de service.<\/li>\n<\/ul>\n<p><strong>Activit\u00e9s de traitement des donn\u00e9es passives <\/strong><\/p>\n<p>Nous utilisons les outils tiers suivants pour nous aider \u00e0 g\u00e9rer un site web utilisable. Ils ne partagent avec nous aucune information personnelle vous concernant, mais ils peuvent n\u00e9anmoins recueillir des informations sur vous et\/ou votre ordinateur qui peuvent \u00eatre consid\u00e9r\u00e9es comme des informations personnelles.<\/p>\n<p>Nous vous indiquons ci-dessous \u00e0 quelles fins nous utilisons chacun d'entre eux et o\u00f9 vous pouvez en savoir plus sur la mani\u00e8re dont ils peuvent collecter et utiliser les donn\u00e9es personnelles :<\/p>\n<p><strong>Google Analytics :<\/strong> Nous l'utilisons pour suivre la fa\u00e7on dont les gens utilisent notre site Web dans son ensemble. Nous ne l'utilisons pas pour suivre les utilisateurs individuels. Voici les principaux param\u00e8tres que nous utilisons actuellement :<\/p>\n<ul>\n<li>Remarketing : OFF<\/li>\n<li>Caract\u00e9ristiques des rapports publicitaires : OFF<\/li>\n<li>Conservation des donn\u00e9es relatives aux utilisateurs et aux \u00e9v\u00e9nements : Expiration au bout de 14 mois (option la plus courte propos\u00e9e).<\/li>\n<li>R\u00e9initialisation sur une nouvelle activit\u00e9 : ON<\/li>\n<li>ID utilisateur : OFF<\/li>\n<li>Modification accept\u00e9e du traitement des donn\u00e9es GDPR<\/li>\n<\/ul>\n<p>Google propose actuellement une option de d\u00e9sactivation d'Analytics <a href=\"https:\/\/support.google.com\/analytics\/answer\/181881?hl=en\" rel=\"noopener\" target=\"_blank\">ici<\/a> ou vous pouvez utiliser un outil tiers tel que <a href=\"https:\/\/www.ghostery.com\/\" rel=\"noopener\" target=\"_blank\">Ghostery<\/a>.<\/p>\n<p><strong>Graphique social de Facebook :<\/strong> Ces donn\u00e9es sont utilis\u00e9es pour faciliter le partage du contenu de notre site web et de notre blog sur Facebook et pour permettre aux gens de voir combien de fois le contenu a \u00e9t\u00e9 partag\u00e9. Nous ne l'utilisons pas pour le remarketing ou le reciblage. Voir les conditions d'utilisation de Facebook <a href=\"https:\/\/www.facebook.com\/help\/1701730696756992\/?helpref=hc_fnav\" rel=\"noopener\" target=\"_blank\">Page de donn\u00e9es<\/a> pour en savoir plus sur la mani\u00e8re dont ils utilisent vos donn\u00e9es.<\/p>\n<p><strong>Partage des m\u00e9dias sociaux :<\/strong> En plus du graphique social de Facebook, nous avons \u00e9galement des boutons de partage G+, Twitter et LinkedIn sur notre site pour faciliter le partage de notre contenu sur ces plateformes. Vous pouvez voir <a href=\"https:\/\/policies.google.com\/privacy\" rel=\"noopener\" target=\"_blank\">Politique de confidentialit\u00e9 de G+ ici<\/a>de Twitter <a href=\"https:\/\/twitter.com\/en\/privacy\" rel=\"noopener\" target=\"_blank\">Politique de confidentialit\u00e9<\/a> ici et <a href=\"https:\/\/www.linkedin.com\/legal\/privacy-policy\" rel=\"noopener\" target=\"_blank\">La politique de confidentialit\u00e9 de LinkedIn ici<\/a>.<\/p>\n<p><strong>Liens externes \/ affili\u00e9s :<\/strong> Nous assurons parfois le suivi des liens externes via Google Analytics et\/ou des plateformes de suivi d'affiliation tierces. Tout type de suivi ne se produit que si vous cliquez sur un lien externe. Au bas de chaque page o\u00f9 cela se produit, nous indiquons quels liens sont des liens d'affiliation, mais si cela vous pr\u00e9occupe, la solution la plus simple est de ne pas cliquer sur les liens externes de notre site Web.<\/p>\n<p><strong>H\u00e9bergement web :<\/strong> Nous utilisons StudioPress Sites pour h\u00e9berger notre site web. Comme la plupart des h\u00e9bergeurs, ils maintiennent des journaux de site web, bien que nous n'y ayons pas un acc\u00e8s direct. Vous pouvez en apprendre davantage sur les donn\u00e9es qu'ils peuvent avoir sur leur <a href=\"https:\/\/www.studiopress.com\/privacy-policy\/\" rel=\"noopener\" target=\"_blank\">politique de confidentialit\u00e9<\/a>.<\/p>","protected":false},"excerpt":{"rendered":"<p>This Data Processing Policy explains in plain English how MoverDB.com processes data so you can make an informed choice about whether or not you&#8217;d like to use our services. We&#8217;ve created it as a response to GDPR. It is a plain English, detailed, addition to our Privacy Policy and Terms and Conditions. MoverDB.com is a [&hellip;]<\/p>\n","protected":false},"author":1,"featured_media":0,"parent":0,"menu_order":0,"comment_status":"closed","ping_status":"closed","template":"","meta":{"_genesis_hide_title":false,"_genesis_hide_breadcrumbs":false,"_genesis_hide_singular_image":false,"_genesis_hide_footer_widgets":false,"_genesis_custom_body_class":"","_genesis_custom_post_class":"","_genesis_layout":"","footnotes":""},"class_list":{"0":"post-2804","1":"page","2":"type-page","3":"status-publish","5":"entry","6":"has-post-thumbnail"},"_links":{"self":[{"href":"https:\/\/moverdb.com\/fr\/wp-json\/wp\/v2\/pages\/2804","targetHints":{"allow":["GET"]}}],"collection":[{"href":"https:\/\/moverdb.com\/fr\/wp-json\/wp\/v2\/pages"}],"about":[{"href":"https:\/\/moverdb.com\/fr\/wp-json\/wp\/v2\/types\/page"}],"author":[{"embeddable":true,"href":"https:\/\/moverdb.com\/fr\/wp-json\/wp\/v2\/users\/1"}],"replies":[{"embeddable":true,"href":"https:\/\/moverdb.com\/fr\/wp-json\/wp\/v2\/comments?post=2804"}],"version-history":[{"count":16,"href":"https:\/\/moverdb.com\/fr\/wp-json\/wp\/v2\/pages\/2804\/revisions"}],"predecessor-version":[{"id":3270,"href":"https:\/\/moverdb.com\/fr\/wp-json\/wp\/v2\/pages\/2804\/revisions\/3270"}],"wp:attachment":[{"href":"https:\/\/moverdb.com\/fr\/wp-json\/wp\/v2\/media?parent=2804"}],"curies":[{"name":"wp","href":"https:\/\/api.w.org\/{rel}","templated":true}]}}