{"id":270,"date":"2016-05-01T17:06:39","date_gmt":"2016-05-01T17:06:39","guid":{"rendered":"http:\/\/moverdb.com\/?page_id=270"},"modified":"2026-01-08T14:47:32","modified_gmt":"2026-01-08T14:47:32","slug":"anglo-pacifique","status":"publish","type":"page","link":"https:\/\/moverdb.com\/fr\/anglo-pacific\/","title":{"rendered":"Anglo Pacific : D\u00e9m\u00e9nagements et d\u00e9m\u00e9nagements internationaux - Commentaires"},"content":{"rendered":"<p>Anglo Pacific offre une vari\u00e9t\u00e9 de services de d\u00e9m\u00e9nagement pour aider les gens \u00e0 d\u00e9m\u00e9nager \u00e0 l'\u00e9tranger. Voici les principaux services qu'ils proposent, ainsi que le profil de l'entreprise et des commentaires.<\/p>\n<p><strong>Services<\/strong> <\/p>\n<p><strong>Services de d\u00e9m\u00e9nagement<\/strong> <\/p>\n<ul>\n<li> Importations<\/li>\n<li> Relocalisation internationale<\/li>\n<li> Mise \u00e0 disposition de <a href=\"https:\/\/moverdb.com\/fr\/expedition-par-conteneur\/\">conteneurs d'exp\u00e9dition<\/a><\/li>\n<li> D\u00e9m\u00e9nagements de th\u00e9\u00e2tres<\/li>\n<li> <a href=\"https:\/\/moverdb.com\/fr\/uk-removals\/man-and-van-cost\/\" data-internallinksmanager029f6b8e52c=\"380\" title=\"Combien co\u00fbtent les services d&#039;un homme et d&#039;une camionnette au Royaume-Uni ? Guide 2026\">Homme et camionnette<\/a> embaucher en <a href=\"https:\/\/moverdb.com\/fr\/moving-to-london\/\">Londres<\/a><\/li>\n<\/ul>\n<p><strong>Services d'exp\u00e9dition<\/strong><\/p>\n<ul>\n<li> Bagages<\/li>\n<li> <a href=\"https:\/\/moverdb.com\/fr\/voiture-transport-expedition\/\">Voitures<\/a><\/li>\n<li> Beaux-arts<\/li>\n<li> Fret<\/li>\n<li> Importations<\/li>\n<li> Moto<\/li>\n<li> Bagages<\/li>\n<li> Commerce<\/li>\n<li> \u00c9tudiant<\/li>\n<\/ul>\n<h2>Profil de la soci\u00e9t\u00e9 Anglo Pacific<\/h2>\n<p>Lanc\u00e9e il y a plus de 30 ans, Anglo Pacific est la plus grande soci\u00e9t\u00e9 d'exp\u00e9dition et de d\u00e9m\u00e9nagement du monde. <a href=\"https:\/\/moverdb.com\/fr\/moving-to-the-uk\/\" data-internallinksmanager029f6b8e52c=\"93\" title=\"Vous partez au Royaume-Uni ? 2026 Co\u00fbt de la vie et conseils de relocalisation\">ROYAUME-UNI<\/a>le traitement de plus de 20 000 envois de bagages individuels et d'innombrables... <a href=\"https:\/\/moverdb.com\/fr\/international-removals\/\" data-internallinksmanager029f6b8e52c=\"27\" title=\"36 meilleures entreprises de d\u00e9m\u00e9nagements internationaux au Royaume-Uni\">d\u00e9m\u00e9nagements internationaux<\/a> chaque ann\u00e9e. <\/p>\n<p>La soci\u00e9t\u00e9 est fi\u00e8re de fournir un service de d\u00e9m\u00e9nagement de premi\u00e8re classe, convivial et professionnel, qu'il s'agisse du contenu d'une propri\u00e9t\u00e9 enti\u00e8re ou d'objets d\u00e9licats tels que des \u0153uvres d'art. <\/p>\n<p>Anglo Pacific prend grand soin de s\u00e9lectionner les professionnels les plus comp\u00e9tents pour rejoindre son \u00e9quipe, en ne nommant que des personnes qui iront jusqu'au bout pour les clients et des personnes qui peuvent g\u00e9rer de mani\u00e8re experte le d\u00e9placement s\u00fbr et efficace des effets personnels. <\/p>\n<p>En outre, le service de suivi de tous les envois permet au personnel de localiser avec pr\u00e9cision l'emplacement et l'\u00e9tat d'avancement du d\u00e9m\u00e9nagement, de sorte que les clients peuvent \u00eatre assur\u00e9s que leurs articles sont en route vers l'endroit pr\u00e9vu.<\/p>\n<p>Anglo Pacific \u00e9tablissent et maintiennent des normes exceptionnellement \u00e9lev\u00e9es et, en tant que membres de la <a href=\"https:\/\/moverdb.com\/fr\/bar-overseas\/\">Groupe d'outre-mer<\/a> de la <a href=\"https:\/\/moverdb.com\/fr\/british-association-of-removers\/\">Association britannique des d\u00e9m\u00e9nageurs<\/a> (<a href=\"https:\/\/moverdb.com\/fr\/british-association-of-removers\/\" data-internallinksmanager029f6b8e52c=\"9\" title=\"Explication de la British Association of Removers (BAR)\">BAR<\/a>), ils s'efforcent de ne fournir que le meilleur. <\/p>\n<p>En outre, ils adh\u00e8rent \u00e0 la garantie de paiement anticip\u00e9 de l'International Movers Mutual Insurance Company Ltd, offrant ainsi un plus grand degr\u00e9 de confiance aux clients. <\/p>\n<h2>Critiques d'Anglo Pacific<\/h2>\n<p><strong>Positif<\/strong><\/p>\n<ul>\n<li> <em>\"Un grand merci \u00e0 toute l'\u00e9quipe d'Anglo Pacific et \u00e0 Keys Brothers. Notre d\u00e9m\u00e9nagement de Londres \u00e0 Perth s'est fait en douceur, nous avons vraiment appr\u00e9ci\u00e9 toute votre aide. Tr\u00e8s professionnel et efficace, le tout \u00e0 un prix tr\u00e8s avantageux !<\/em> - Via <a href=\"http:\/\/www.reviewcentre.com\/reviews252735.html?ratingfilter=5#refineYourSearch\" target=\"_blank\" rel=\"noopener\">Centre de r\u00e9vision<\/a><\/li>\n<li> <em>\"J'avais besoin d'envoyer des exc\u00e9dents de bagages \u00e0 <a href=\"https:\/\/moverdb.com\/fr\/moving-to-australia\/living-in-australia\/\" data-internallinksmanager029f6b8e52c=\"240\" title=\"21 secrets sur la vie en Australie \u00e0 conna\u00eetre avant de d\u00e9m\u00e9nager\">Australie<\/a>. J'ai contact\u00e9 de nombreuses personnes sur Internet et je suis finalement tomb\u00e9 sur Anglo Pacific. Mes bagages ont \u00e9t\u00e9 r\u00e9cup\u00e9r\u00e9s \u00e0 l'heure et j'ai re\u00e7u des informations tout au long du trajet.\"<\/em> - Via <a href=\"http:\/\/www.reviewcentre.com\/Removal-Companies\/Anglo-Pacific-Removals-Company-www-anglopacific-co-uk-review_1596555\" target=\"_blank\" rel=\"noopener\">Centre de r\u00e9vision<\/a><\/li>\n<li> <em>\"Je recommanderais Anglo Pacific \u00e0 toute personne souhaitant transporter ses biens de mani\u00e8re s\u00fbre et efficace.\"<\/em> - via <a href=\"https:\/\/uk.trustpilot.com\/review\/anglopacific.co.uk\" target=\"_blank\" rel=\"noopener\">TrustPilot<\/a><\/li>\n<\/ul>\n<p><strong>N\u00e9gatif<\/strong><\/p>\n<ul>\n<li> <em>\"Je vous supplie de ne plus consid\u00e9rer Anglo Pacific ! !! Mon envoi est arriv\u00e9 avec toute ma vaisselle compl\u00e8tement bris\u00e9e et la bo\u00eete d'articles \u00e9lectriques livr\u00e9e \u00e0 l'envers !\"<\/em> - via <a href=\"http:\/\/www.reviewcentre.com\/Removal-Companies\/Anglo-Pacific-Removals-Company-www-anglopacific-co-uk-review_3741459\" target=\"_blank\" rel=\"noopener\">Centre de r\u00e9vision<\/a><\/li>\n<li> <em>\"Je peux difficilement exprimer mon d\u00e9sarroi quand j'ai ouvert la derni\u00e8re de mes bo\u00eetes en <a href=\"https:\/\/moverdb.com\/fr\/moving-to-nyc\/\" data-internallinksmanager029f6b8e52c=\"57\" title=\"Vous d\u00e9m\u00e9nagez \u00e0 New York ? 2026 Co\u00fbt de la vie \u00e0 New York et conseils de relocalisation\">NYC<\/a> pour r\u00e9aliser que mes objets les plus pr\u00e9cieux et la plupart de mes ustensiles de cuisine co\u00fbteux avaient disparu.\"<\/em> - via <a href=\"http:\/\/www.mymovingreviews.com\/movers\/anglo-pacific-international-1790\" target=\"_blank\" rel=\"noopener\">Mes avis sur le d\u00e9m\u00e9nagement<\/a><\/li>\n<li> <em>\"\u00c9vitez - exp\u00e9rience terrible avec un manque total de soins et le pire service apr\u00e8s-vente\".<\/em> - via <a href=\"https:\/\/uk.trustpilot.com\/reviews\/56d595280000ff000940e229\" target=\"_blank\" rel=\"noopener\">Trustpilot<\/a><\/li>\n<\/ul>\n<div itemprop=\"review\" itemscope itemtype=\"http:\/\/schema.org\/Review\">\n<span itemprop=\"author\" itemscope=\"\" itemtype=\"http:\/\/schema.org\/Organization\"><span itemprop=\"name\">MoverDB.com<\/span><\/span> Examen en ligne du site Web pour <span itemprop=\"itemreviewed\" itemscope=\"\" itemtype=\"http:\/\/schema.org\/Brand\"><span itemprop=\"name\">Anglo-Pacifique<\/span><\/span>:<\/p>\n<ol>\n<li> Des coordonn\u00e9es claires sur le site web (y compris le num\u00e9ro de t\u00e9l\u00e9phone) ? <strong>Oui<\/strong><\/li>\n<li> Facile \u00e0 obtenir <a href=\"https:\/\/moverdb.com\/fr\/citations\/\">devis de d\u00e9m\u00e9nagements internationaux<\/a>? (Formulaire de demande de devis en ligne) : <strong>Oui<\/strong><\/li>\n<li> Informations claires sur le site web : <strong>Oui<\/strong>Les pages sont faciles \u00e0 parcourir et les services propos\u00e9s sont clairement visibles.<\/li>\n<li> Adh\u00e9sion \u00e0 des organisations internationales de d\u00e9m\u00e9nagement reconnues : <strong>Oui<\/strong><\/li>\n<li> Liste de clients et\/ou t\u00e9moignages de clients pr\u00e9c\u00e9dents : <strong>Oui <\/strong><\/li>\n<\/ol>\n<div itemprop=\"reviewRating\" itemscope itemtype=\"http:\/\/schema.org\/Rating\"><meta itemprop=\"worstRating\" content = \"0\" \/><meta itemprop=\"bestRating\" content=\"5\" \/><meta itemprop=\"ratingValue\" content=\"5\"><\/div>\n<p><strong>Note globale : 5\/5<\/strong><br \/>\n<strong>Date de r\u00e9vision :<\/strong> <span itemprop=\"datePublished\" content=\"2016-05-01\">01\/05\/2016<\/span>\n<\/div>\n<p>En savoir plus <a href=\"https:\/\/moverdb.com\/fr\/demenagements-internationaux\/\">Soci\u00e9t\u00e9s de d\u00e9m\u00e9nagement au Royaume-Uni<\/a> et notre <a href=\"https:\/\/moverdb.com\/fr\/revues\/\">le processus de r\u00e9vision expliqu\u00e9<\/a>.<\/p>\n<p><strong>Site web :<\/strong> <a href=\"http:\/\/www.anglopacific.co.uk\" target=\"_blank\" rel=\"noopener\">http:\/\/www.anglopacific.co.uk<\/a><\/p>","protected":false},"excerpt":{"rendered":"<p>Anglo Pacific offers a variety of removal services to help people move overseas. Here are their core service offerings along with company profile and reviews. Services Removal Services Imports International Relocation Provision of shipping containers Theatrical removals Man and Van hire in London Shipping Services Baggage Cars Fine Art Freight Imports Motorbike Luggage Trade Student [&hellip;]<\/p>\n","protected":false},"author":1,"featured_media":0,"parent":0,"menu_order":0,"comment_status":"closed","ping_status":"closed","template":"","meta":{"_genesis_hide_title":false,"_genesis_hide_breadcrumbs":false,"_genesis_hide_singular_image":false,"_genesis_hide_footer_widgets":false,"_genesis_custom_body_class":"","_genesis_custom_post_class":"","_genesis_layout":"","footnotes":""},"class_list":{"0":"post-270","1":"page","2":"type-page","3":"status-publish","5":"entry"},"_links":{"self":[{"href":"https:\/\/moverdb.com\/fr\/wp-json\/wp\/v2\/pages\/270","targetHints":{"allow":["GET"]}}],"collection":[{"href":"https:\/\/moverdb.com\/fr\/wp-json\/wp\/v2\/pages"}],"about":[{"href":"https:\/\/moverdb.com\/fr\/wp-json\/wp\/v2\/types\/page"}],"author":[{"embeddable":true,"href":"https:\/\/moverdb.com\/fr\/wp-json\/wp\/v2\/users\/1"}],"replies":[{"embeddable":true,"href":"https:\/\/moverdb.com\/fr\/wp-json\/wp\/v2\/comments?post=270"}],"version-history":[{"count":12,"href":"https:\/\/moverdb.com\/fr\/wp-json\/wp\/v2\/pages\/270\/revisions"}],"predecessor-version":[{"id":6173,"href":"https:\/\/moverdb.com\/fr\/wp-json\/wp\/v2\/pages\/270\/revisions\/6173"}],"wp:attachment":[{"href":"https:\/\/moverdb.com\/fr\/wp-json\/wp\/v2\/media?parent=270"}],"curies":[{"name":"wp","href":"https:\/\/api.w.org\/{rel}","templated":true}]}}