{"id":2675,"date":"2017-05-03T15:16:49","date_gmt":"2017-05-03T15:16:49","guid":{"rendered":"https:\/\/moverdb.com\/?page_id=2675"},"modified":"2026-01-08T15:20:41","modified_gmt":"2026-01-08T15:20:41","slug":"livraison-a-singapour","status":"publish","type":"page","link":"https:\/\/moverdb.com\/fr\/shipping-to-singapore\/","title":{"rendered":"Exp\u00e9dition vers Singapour : Ce qu'il faut savoir"},"content":{"rendered":"<p><img loading=\"lazy\" decoding=\"async\" width=\"720\" height=\"313\" src=\"https:\/\/moverdb.com\/wp-content\/uploads\/shipping-to-singapore.png\" alt=\"Exp\u00e9dition vers Singapour\" class=\"aligncenter size-full wp-image-2676\" srcset=\"https:\/\/moverdb.com\/wp-content\/uploads\/shipping-to-singapore.png 720w, https:\/\/moverdb.com\/wp-content\/uploads\/shipping-to-singapore-300x130.png 300w, https:\/\/moverdb.com\/wp-content\/uploads\/shipping-to-singapore-600x261.png 600w\" sizes=\"auto, (max-width: 720px) 100vw, 720px\" \/><\/p>\n<p>Que vous soyez <a href=\"https:\/\/moverdb.com\/fr\/demenagement-a-singapour\/\">d\u00e9m\u00e9nager \u00e0 Singapour<\/a> ou si vous cherchez simplement \u00e0 exp\u00e9dier quelques colis, nous pouvons vous aider \u00e0 trouver les meilleures offres d'exp\u00e9dition de la part de la Commission europ\u00e9enne. <a href=\"https:\/\/moverdb.com\/fr\/moving-to-the-united-states\/\" data-internallinksmanager029f6b8e52c=\"94\" title=\"Vous partez aux \u00c9tats-Unis ? 2026 Co\u00fbt de la vie et conseils de relocalisation\">US<\/a>, <a href=\"https:\/\/moverdb.com\/fr\/moving-to-the-uk\/\" data-internallinksmanager029f6b8e52c=\"93\" title=\"Vous partez au Royaume-Uni ? 2026 Co\u00fbt de la vie et conseils de relocalisation\">ROYAUME-UNI<\/a>, <a href=\"https:\/\/moverdb.com\/fr\/moving-to-australia\/living-in-australia\/\" data-internallinksmanager029f6b8e52c=\"240\" title=\"21 secrets sur la vie en Australie \u00e0 conna\u00eetre avant de d\u00e9m\u00e9nager\">Australie<\/a>, <a href=\"https:\/\/moverdb.com\/fr\/moving-to-canada\/\" data-internallinksmanager029f6b8e52c=\"265\" title=\"D\u00e9m\u00e9nager au Canada ? 2026 Co\u00fbt de la vie et conseils de relocalisation\">Canada<\/a>, <a href=\"https:\/\/moverdb.com\/fr\/moving-to-france\/\" data-internallinksmanager029f6b8e52c=\"315\" title=\"D\u00e9m\u00e9nager en France ? 2026 Co\u00fbts de la vie et conseils de relocalisation\">France<\/a>, <a href=\"https:\/\/moverdb.com\/fr\/moving-to-hong-kong\/\" data-internallinksmanager029f6b8e52c=\"350\" title=\"D\u00e9m\u00e9nager \u00e0 Hong Kong ? 2026 Co\u00fbts de la vie et conseils de relocalisation\">Hong Kong<\/a>, <a href=\"https:\/\/moverdb.com\/fr\/moving-to-new-zealand\/\" data-internallinksmanager029f6b8e52c=\"324\" title=\"D\u00e9m\u00e9nager en Nouvelle-Z\u00e9lande ? 2026 Co\u00fbts de la vie et conseils de relocalisation\">Nouvelle-Z\u00e9lande<\/a>, <a href=\"https:\/\/moverdb.com\/fr\/moving-to-the-philippines\/\" data-internallinksmanager029f6b8e52c=\"376\" title=\"D\u00e9m\u00e9nager aux Philippines ? 2026 Co\u00fbts de la vie et conseils de relocalisation\">Philippines<\/a> et la plupart des autres pays du monde. <\/p>\n<p>Vous pouvez commencer en utilisant le formulaire de devis gratuit ci-dessus. <\/p>\n<div id=\"ez-toc-container\" class=\"ez-toc-v2_0_82_2 ez-toc-wrap-left counter-hierarchy ez-toc-counter ez-toc-transparent ez-toc-container-direction\">\n<div class=\"ez-toc-title-container\">\n<p class=\"ez-toc-title\" style=\"cursor:inherit\">Sections<\/p>\n<span class=\"ez-toc-title-toggle\"><a href=\"#\" class=\"ez-toc-pull-right ez-toc-btn ez-toc-btn-xs ez-toc-btn-default ez-toc-toggle\" aria-label=\"Toggle Table des mati\u00e8res\"><span class=\"ez-toc-js-icon-con\"><span class=\"\"><span class=\"eztoc-hide\" style=\"display:none;\">Toggle<\/span><span class=\"ez-toc-icon-toggle-span\"><svg style=\"fill: #999;color:#999\" xmlns=\"http:\/\/www.w3.org\/2000\/svg\" class=\"list-377408\" width=\"20px\" height=\"20px\" viewbox=\"0 0 24 24\" fill=\"none\"><path d=\"M6 6H4v2h2V6zm14 0H8v2h12V6zM4 11h2v2H4v-2zm16 0H8v2h12v-2zM4 16h2v2H4v-2zm16 0H8v2h12v-2z\" fill=\"currentColor\"><\/path><\/svg><svg style=\"fill: #999;color:#999\" class=\"arrow-unsorted-368013\" xmlns=\"http:\/\/www.w3.org\/2000\/svg\" width=\"10px\" height=\"10px\" viewbox=\"0 0 24 24\" version=\"1.2\" baseprofile=\"tiny\"><path d=\"M18.2 9.3l-6.2-6.3-6.2 6.3c-.2.2-.3.4-.3.7s.1.5.3.7c.2.2.4.3.7.3h11c.3 0 .5-.1.7-.3.2-.2.3-.5.3-.7s-.1-.5-.3-.7zM5.8 14.7l6.2 6.3 6.2-6.3c.2-.2.3-.5.3-.7s-.1-.5-.3-.7c-.2-.2-.4-.3-.7-.3h-11c-.3 0-.5.1-.7.3-.2.2-.3.5-.3.7s.1.5.3.7z\"\/><\/svg><\/span><\/span><\/span><\/a><\/span><\/div>\n<nav><ul class='ez-toc-list ez-toc-list-level-1 eztoc-toggle-hide-by-default' ><li class='ez-toc-page-1 ez-toc-heading-level-2'><a class=\"ez-toc-link ez-toc-heading-1\" href=\"https:\/\/moverdb.com\/fr\/shipping-to-singapore\/#Shipping_to_Singapore_From_The_US\" >Exp\u00e9dition \u00e0 Singapour depuis les \u00c9tats-Unis<\/a><\/li><li class='ez-toc-page-1 ez-toc-heading-level-2'><a class=\"ez-toc-link ez-toc-heading-2\" href=\"https:\/\/moverdb.com\/fr\/shipping-to-singapore\/#Shipping_to_Singapore_From_The_UK\" >Exp\u00e9dition vers Singapour depuis le Royaume-Uni<\/a><\/li><li class='ez-toc-page-1 ez-toc-heading-level-2'><a class=\"ez-toc-link ez-toc-heading-3\" href=\"https:\/\/moverdb.com\/fr\/shipping-to-singapore\/#Shipping_to_Singapore_From_Australia\" >Exp\u00e9dition \u00e0 Singapour depuis l'Australie<\/a><\/li><li class='ez-toc-page-1 ez-toc-heading-level-2'><a class=\"ez-toc-link ez-toc-heading-4\" href=\"https:\/\/moverdb.com\/fr\/shipping-to-singapore\/#Shipping_to_Singapore_From_Canada\" >Exp\u00e9dition \u00e0 Singapour depuis le Canada<\/a><\/li><li class='ez-toc-page-1 ez-toc-heading-level-2'><a class=\"ez-toc-link ez-toc-heading-5\" href=\"https:\/\/moverdb.com\/fr\/shipping-to-singapore\/#Shipping_to_Singapore_From_France\" >Exp\u00e9dition \u00e0 Singapour depuis la France<\/a><\/li><li class='ez-toc-page-1 ez-toc-heading-level-2'><a class=\"ez-toc-link ez-toc-heading-6\" href=\"https:\/\/moverdb.com\/fr\/shipping-to-singapore\/#Shipping_to_Singapore_From_Hong_Kong\" >Exp\u00e9dition \u00e0 Singapour depuis Hong Kong<\/a><\/li><li class='ez-toc-page-1 ez-toc-heading-level-2'><a class=\"ez-toc-link ez-toc-heading-7\" href=\"https:\/\/moverdb.com\/fr\/shipping-to-singapore\/#Shipping_to_Singapore_From_New_Zealand\" >Exp\u00e9dition \u00e0 Singapour depuis la Nouvelle-Z\u00e9lande<\/a><\/li><li class='ez-toc-page-1 ez-toc-heading-level-2'><a class=\"ez-toc-link ez-toc-heading-8\" href=\"https:\/\/moverdb.com\/fr\/shipping-to-singapore\/#Shipping_to_Singapore_From_the_Philippines\" >Exp\u00e9dition \u00e0 Singapour depuis les Philippines<\/a><\/li><li class='ez-toc-page-1 ez-toc-heading-level-2'><a class=\"ez-toc-link ez-toc-heading-9\" href=\"https:\/\/moverdb.com\/fr\/shipping-to-singapore\/#Singapore_Import_Duties_Taxes\" >Droits et taxes \u00e0 l'importation \u00e0 Singapour<\/a><\/li><li class='ez-toc-page-1 ez-toc-heading-level-2'><a class=\"ez-toc-link ez-toc-heading-10\" href=\"https:\/\/moverdb.com\/fr\/shipping-to-singapore\/#Restricted_Items_in_Singapore\" >Articles soumis \u00e0 restrictions \u00e0 Singapour<\/a><\/li><li class='ez-toc-page-1 ez-toc-heading-level-2'><a class=\"ez-toc-link ez-toc-heading-11\" href=\"https:\/\/moverdb.com\/fr\/shipping-to-singapore\/#Other_Useful_Guides_to_Singapore\" >Autres guides utiles sur Singapour<\/a><\/li><\/ul><\/nav><\/div>\n<h2><span class=\"ez-toc-section\" id=\"Shipping_to_Singapore_From_The_US\"><\/span>Exp\u00e9dition \u00e0 Singapour depuis les \u00c9tats-Unis<span class=\"ez-toc-section-end\"><\/span><\/h2>\n<p><strong><a href=\"https:\/\/moverdb.com\/fr\/container-shipping\/\" data-internallinksmanager029f6b8e52c=\"3\" title=\"Graphique des taux d&#039;exp\u00e9dition des conteneurs internationaux : Avril 2026\">Co\u00fbts d'exp\u00e9dition des conteneurs<\/a> De <a href=\"https:\/\/moverdb.com\/fr\/sinstaller-a-los-angeles\/\">Los Angeles<\/a><\/strong><\/p>\n<ul>\n<li> Conteneur de 20 pieds : $750 - $830<\/li>\n<li> Conteneur de 40 pieds : $1,120 - $1,235<\/li>\n<\/ul>\n<p><strong>Co\u00fbts d'exp\u00e9dition des conteneurs \u00e0 partir de <a href=\"https:\/\/moverdb.com\/fr\/demenagement-a-nyc\/\">New York<\/a><\/strong><\/p>\n<ul>\n<li> Conteneur de 20 pieds : $975 - $1,080<\/li>\n<li> Conteneur de 40 pieds : $1,460 - $1,610<\/li>\n<\/ul>\n<p><strong>Frais d'exp\u00e9dition de colis<\/strong><\/p>\n<ul>\n<li> Premier 0,5 kg : $11.80+.<\/li>\n<li> Chaque 0,5 kg suppl\u00e9mentaire : $3.25+.<\/li>\n<\/ul>\n<p><em>Source :<\/em> <a href=\"http:\/\/comgateway.com\/ship-to-Singapore\/\" target=\"_blank\" rel=\"noopener noreferrer\">comGateway<\/a><\/p>\n<p><strong>D\u00e9lais d'exp\u00e9dition<\/strong><\/p>\n<ul>\n<li> <strong>L'air :<\/strong> 1-3 jours<\/li>\n<li> <strong>Mer :<\/strong> Environ 1 mois<\/li>\n<\/ul>\n<h2><span class=\"ez-toc-section\" id=\"Shipping_to_Singapore_From_The_UK\"><\/span>Exp\u00e9dition vers Singapour depuis le Royaume-Uni<span class=\"ez-toc-section-end\"><\/span><\/h2>\n<p><strong>Co\u00fbts d'exp\u00e9dition des conteneurs \u00e0 partir de <a href=\"https:\/\/moverdb.com\/fr\/moving-to-london\/\">Londres<\/a><\/strong><\/p>\n<ul>\n<li> Conteneur de 20 pieds : 895 \u00a3 - 1 000 \u00a3.<\/li>\n<li> Conteneur de 40 pieds : 1 340 \u00a3 - 1 480 \u00a3.<\/li>\n<\/ul>\n<p><strong>Frais d'exp\u00e9dition de colis<\/strong><\/p>\n<ul>\n<li> Jusqu'\u00e0 1 kg : \u00a320.12+.<\/li>\n<li> Jusqu'\u00e0 20 kg : \u00a387.31+.<\/li>\n<\/ul>\n<p><em>Source :<\/em> <a href=\"https:\/\/www.transglobalexpress.co.uk\/parcel-to\/singapore\/\" target=\"_blank\" rel=\"noopener noreferrer\">Transglobal Express<\/a><\/p>\n<p><strong>D\u00e9lais d'exp\u00e9dition<\/strong><\/p>\n<ul>\n<li> <strong>L'air :<\/strong> 1-3 jours<\/li>\n<li> <strong>Mer :<\/strong> Environ 1 mois<\/li>\n<\/ul>\n<h2><span class=\"ez-toc-section\" id=\"Shipping_to_Singapore_From_Australia\"><\/span>Exp\u00e9dition \u00e0 Singapour depuis l'Australie<span class=\"ez-toc-section-end\"><\/span><\/h2>\n<p><strong>Co\u00fbts d'exp\u00e9dition des conteneurs \u00e0 partir de <a href=\"https:\/\/moverdb.com\/fr\/sinstaller-a-sydney\/\">Sydney<\/a><\/strong><\/p>\n<ul>\n<li> Conteneur de 20 pieds : $980 - $1,080 AUD<\/li>\n<li> Conteneur de 40 pieds : $1,470 - $1,620 AUD<\/li>\n<\/ul>\n<p><strong>Frais d'exp\u00e9dition de colis<\/strong><\/p>\n<ul>\n<li> Petite sacoche (jusqu'\u00e0 500 g) : $22.26+.<\/li>\n<li> Bo\u00eete (jusqu'\u00e0 5 kg) : $81.73+.<\/li>\n<\/ul>\n<p><em>Source :<\/em> <a href=\"https:\/\/auspost.com.au\/parcels-mail\/calculate-postage-delivery-times\/#\/\" target=\"_blank\" rel=\"noopener noreferrer\">Poste australienne<\/a><\/p>\n<p><strong>D\u00e9lais d'exp\u00e9dition<\/strong><\/p>\n<ul>\n<li> <strong>L'air :<\/strong> 1-3 jours<\/li>\n<li> <strong>Mer :<\/strong> Environ 20 jours<\/li>\n<\/ul>\n<h2><span class=\"ez-toc-section\" id=\"Shipping_to_Singapore_From_Canada\"><\/span>Exp\u00e9dition \u00e0 Singapour depuis le Canada<span class=\"ez-toc-section-end\"><\/span><\/h2>\n<p><strong>Co\u00fbts d'exp\u00e9dition des conteneurs \u00e0 partir de <a href=\"https:\/\/moverdb.com\/fr\/moving-to-canada\/moving-to-montreal\/\" data-internallinksmanager029f6b8e52c=\"410\" title=\"Vous d\u00e9m\u00e9nagez \u00e0 Montr\u00e9al ? 2026 Co\u00fbts de la vie et conseils de relocalisation\">Montr\u00e9al<\/a><\/strong><\/p>\n<ul>\n<li> Conteneur de 20 pieds : $1,640 - $1,800 CAD<\/li>\n<li> Conteneur de 40 pieds : $2,440 - $2,700 CAD<\/li>\n<\/ul>\n<p><strong>Co\u00fbts d'exp\u00e9dition des conteneurs \u00e0 partir de <a href=\"https:\/\/moverdb.com\/fr\/moving-to-canada\/moving-to-vancouver\/\" data-internallinksmanager029f6b8e52c=\"438\" title=\"Vous d\u00e9m\u00e9nagez \u00e0 Vancouver ? 2026 Co\u00fbts de la vie et conseils de relocalisation\">Vancouver<\/a><\/strong><\/p>\n<ul>\n<li> Conteneur de 20 pieds : $990 - $1,100 CAD<\/li>\n<li> Conteneur de 40 pieds : $1,480 - $1,630 CAD<\/li>\n<\/ul>\n<p><strong>Frais d'exp\u00e9dition de colis<\/strong><\/p>\n<ul>\n<li> 1 kg : $20.29 - $105.44+.<\/li>\n<li> 10 kg : $139.85 - $412.93+.<\/li>\n<\/ul>\n<p><em>Source :<\/em> <a href=\"https:\/\/www.canadapost.ca\/cpotools\/apps\/far\/personal\/farInt\" target=\"_blank\" rel=\"noopener noreferrer\">Postes Canada<\/a><\/p>\n<p><strong>D\u00e9lais d'exp\u00e9dition<\/strong><\/p>\n<ul>\n<li> <strong>L'air :<\/strong> 1-3 jours<\/li>\n<li> <strong>Mer :<\/strong> Environ 1 mois<\/li>\n<\/ul>\n<h2><span class=\"ez-toc-section\" id=\"Shipping_to_Singapore_From_France\"><\/span>Exp\u00e9dition \u00e0 Singapour depuis la France<span class=\"ez-toc-section-end\"><\/span><\/h2>\n<p><strong>Frais d'exp\u00e9dition de conteneurs depuis Marseille<\/strong><\/p>\n<ul>\n<li> Conteneur de 20 pieds : \u20ac740 - \u20ac820<\/li>\n<li> Conteneur de 40 pieds : \u20ac1,100 - \u20ac1,220<\/li>\n<\/ul>\n<p><strong>D\u00e9lais d'exp\u00e9dition<\/strong><\/p>\n<ul>\n<li> <strong>L'air :<\/strong> 1-3 jours<\/li>\n<li> <strong>Mer :<\/strong> Environ 1 mois<\/li>\n<\/ul>\n<h2><span class=\"ez-toc-section\" id=\"Shipping_to_Singapore_From_Hong_Kong\"><\/span>Exp\u00e9dition \u00e0 Singapour depuis Hong Kong<span class=\"ez-toc-section-end\"><\/span><\/h2>\n<p><strong>Co\u00fbts d'exp\u00e9dition des conteneurs<\/strong><\/p>\n<ul>\n<li> Conteneur de 20 pieds : $1,820 - $2,010 HKD<\/li>\n<li> Conteneur de 40 pieds : $1,860 - $2,060 HKD<\/li>\n<\/ul>\n<p><strong>D\u00e9lais d'exp\u00e9dition<\/strong><\/p>\n<ul>\n<li> <strong>L'air :<\/strong> 1 \u00e0 2 jours<\/li>\n<li> <strong>Mer :<\/strong> Environ 12 jours<\/li>\n<\/ul>\n<h2><span class=\"ez-toc-section\" id=\"Shipping_to_Singapore_From_New_Zealand\"><\/span>Exp\u00e9dition \u00e0 Singapour depuis la Nouvelle-Z\u00e9lande<span class=\"ez-toc-section-end\"><\/span><\/h2>\n<p><strong>Frais d'exp\u00e9dition de conteneurs depuis Auckland<\/strong><\/p>\n<ul>\n<li> Conteneur de 20 pieds : $1,860 - $2,050 NZD<\/li>\n<li> Conteneur de 40 pieds : $2,775 - $3,070 NZD<\/li>\n<\/ul>\n<p><strong>D\u00e9lais d'exp\u00e9dition<\/strong><\/p>\n<ul>\n<li> <strong>L'air :<\/strong> 1-3 jours<\/li>\n<li> <strong>Mer :<\/strong> Environ 23 jours<\/li>\n<\/ul>\n<h2><span class=\"ez-toc-section\" id=\"Shipping_to_Singapore_From_the_Philippines\"><\/span>Exp\u00e9dition \u00e0 Singapour depuis les Philippines<span class=\"ez-toc-section-end\"><\/span><\/h2>\n<p><strong>Frais d'exp\u00e9dition de conteneurs depuis Manille<\/strong><\/p>\n<ul>\n<li> Conteneur de 20 pieds : \u20b118,300 - \u20b120,255<\/li>\n<li> Conteneur de 40 pieds : \u20b127,350 - \u20b130,230<\/li>\n<\/ul>\n<p><strong>D\u00e9lais d'exp\u00e9dition<\/strong><\/p>\n<ul>\n<li> <strong>L'air :<\/strong> 1-3 jours<\/li>\n<li> <strong>Mer :<\/strong> Environ 12 jours<\/li>\n<\/ul>\n<p>Les donn\u00e9es sur les co\u00fbts d'exp\u00e9dition de conteneurs sont bas\u00e9es sur l'envoi de vos marchandises par voie maritime et proviennent de notre site Web. <a href=\"https:\/\/moverdb.com\/fr\/expedition-par-conteneur\/\">tarifs d'exp\u00e9dition des conteneurs internationaux<\/a> page et <a href=\"http:\/\/worldfreightrates.com\" target=\"_blank\" rel=\"noopener noreferrer\">WorldFreightRates.com<\/a>Les d\u00e9lais d'exp\u00e9dition par avion proviennent de <a href=\"https:\/\/wwwapps.ups.com\/fctc\/timeandcost\" target=\"_blank\" rel=\"noopener noreferrer\">Calculateur de temps et de co\u00fbts UPS<\/a>et les d\u00e9lais d'exp\u00e9dition maritime proviennent de <a href=\"https:\/\/www.searates.com\" target=\"_blank\" rel=\"noopener noreferrer\">SeaRates.com<\/a>.<\/p>\n<h2><span class=\"ez-toc-section\" id=\"Singapore_Import_Duties_Taxes\"><\/span>Droits et taxes \u00e0 l'importation \u00e0 Singapour<span class=\"ez-toc-section-end\"><\/span><\/h2>\n<p>Si vous exp\u00e9diez des biens m\u00e9nagers et des effets personnels \u00e0 <a href=\"https:\/\/moverdb.com\/fr\/moving-to-singapore\/\" data-internallinksmanager029f6b8e52c=\"68\" title=\"Vous partez pour Singapour ? 2026 Co\u00fbt de la vie et conseils de relocalisation\">Singapour<\/a> vous serez soumis \u00e0 la taxe sur les produits et services (GST) de 7% sur les articles d'une valeur sup\u00e9rieure \u00e0 400 SGD. Toutefois, vous pouvez demander une exon\u00e9ration si les conditions suivantes sont remplies :<\/p>\n<blockquote><p>L'exon\u00e9ration de la TPS peut \u00eatre accord\u00e9e sur les importations d'articles m\u00e9nagers et d'effets personnels usag\u00e9s \u00e0 destination de :<\/p>\n<p>Les Singapouriens et les r\u00e9sidents permanents de Singapour (RP) r\u00e9sidant \u00e0 l'\u00e9tranger et retournant \u00e0 Singapour pour y reprendre leur r\u00e9sidence.<br \/>\n\u00c9trangers transf\u00e9rant leur r\u00e9sidence ou migrant vers Singapour<\/p>\n<p>L'all\u00e9gement de la TPS est soumis aux conditions suivantes :<\/p>\n<p>Que cette personne convainque les douanes que :<\/p>\n<ul>\n<li> Il change son lieu de r\u00e9sidence pour Singapour ;<\/li>\n<li> Il est le propri\u00e9taire des articles, effets personnels et animaux domestiques import\u00e9s ;<\/li>\n<li> Les articles et effets personnels ont \u00e9t\u00e9 en sa possession et utilis\u00e9s pendant au moins 3 mois ; et<\/li>\n<li> Les articles et les effets personnels sont import\u00e9s par voie a\u00e9rienne ou maritime.<\/li>\n<li> Les articles, les effets personnels et les animaux domestiques personnels sont import\u00e9s dans les 6 mois suivant sa premi\u00e8re arriv\u00e9e \u00e0 Singapour.<\/li>\n<li> Un engagement est pris de ne pas disposer des articles et des effets personnels dans les 3 mois suivant la date d'importation.<\/li>\n<\/ul>\n<p>Pour les Singapouriens et les RP qui rentrent au pays, ils doivent avoir r\u00e9sid\u00e9 dans un pays \u00e9tranger pendant plus de 6 mois pour pouvoir b\u00e9n\u00e9ficier de cet all\u00e9gement de la TPS.<\/p><\/blockquote>\n<p><strong>Source :<\/strong> <a href=\"https:\/\/www.customs.gov.sg\/businesses\/importing-goods\/import-procedures\/importing-used-household-articles-and-personal-effects\" target=\"_blank\" rel=\"noopener noreferrer\">Douanes de Singapour<\/a><\/p>\n<p>Veuillez noter qu'il existe <a href=\"https:\/\/www.customs.gov.sg\/businesses\/valuation-duties-taxes--fees\/duties-and-dutiable-goods\" target=\"_blank\" rel=\"noopener noreferrer\">il existe 4 cat\u00e9gories de biens passibles de droits de douane<\/a> (qui ne peuvent pas b\u00e9n\u00e9ficier de l'all\u00e9gement de la TPS) :<\/p>\n<ul>\n<li> Liqueurs enivrantes : Bas\u00e9 sur l'une des deux formules : <em>Droits \u00e0 payer = Quantit\u00e9 totale en litres x Taux de droits de douane et\/ou d'accises x Pourcentage du titre alcoom\u00e9trique<\/em> <strong>ou<\/strong><em> Droits \u00e0 payer = Quantit\u00e9 totale taxable en kilogrammes x Taux de droits de douane<\/em>.<\/li>\n<li> Produits du tabac - <em>Cigarettes :<\/em> Droits \u00e0 payer = Nombre total de b\u00e2tonnets x Poids des b\u00e2tonnets individuels (chaque gramme ou partie de gramme) x Taux de droit d'accise - <em>tous les autres produits du tabac :<\/em> Droits \u00e0 payer = Poids total (en kilogrammes) x Taux d'accise<\/li>\n<li> Voitures et v\u00e9hicules \u00e0 moteur - <em>Droits \u00e0 payer = Valeur en douane x Taux d'accise<\/em>; pour les voitures de tourisme et les voitures classiques, le taux d'accise est de <strong>20%<\/strong> et pour les motos et les scooters le taux d'accise est de <strong>12%<\/strong>.<\/li>\n<li> Produits p\u00e9troliers et m\u00e9langes de biodiesel - Produits p\u00e9troliers : <em>Droits \u00e0 payer = Volume total x Taux d'accise<\/em>Gaz naturel comprim\u00e9 (GNC) : <em>Droits \u00e0 payer = Poids total x Taux d'accise<\/em>M\u00e9lange de biodiesel Droits payables = 1,5 million d'euros. <em>Volume de diesel x Taux d'accise<\/em>.<\/li>\n<\/ul>\n<p>Pour plus de d\u00e9tails, voir le site des douanes de Singapour <a href=\"https:\/\/www.customs.gov.sg\/businesses\/importing-goods\/import-procedures\" target=\"_blank\" rel=\"noopener noreferrer\">Proc\u00e9dures d'importation ici<\/a>.<\/p>\n<h2><span class=\"ez-toc-section\" id=\"Restricted_Items_in_Singapore\"><\/span>Articles soumis \u00e0 restrictions \u00e0 Singapour<span class=\"ez-toc-section-end\"><\/span><\/h2>\n<p>Les articles suivants sont r\u00e9pertori\u00e9s comme \u00e9tant interdits et\/ou contr\u00f4l\u00e9s par les douanes de Singapour (<a href=\"https:\/\/www.customs.gov.sg\/individuals\/going-through-customs\/arrival\/prohibited-and-controlled-goods\" target=\"_blank\" rel=\"noopener noreferrer\">voir le site web<\/a> pour plus de d\u00e9tails) :<\/p>\n<ul>\n<li> Chewing-gum (sauf les chewing-gums dentaires et m\u00e9dicamenteux approuv\u00e9s par l'Autorit\u00e9 des sciences de la sant\u00e9)<\/li>\n<li> Tabac \u00e0 m\u00e2cher et produits d'imitation du tabac (par exemple, cigarettes \u00e9lectroniques)<\/li>\n<li> Shisha<\/li>\n<li> Cigares sans fum\u00e9e, cigarillos sans fum\u00e9e ou cigarettes sans fum\u00e9e<\/li>\n<li> Tabac ou nicotine dissolvable<\/li>\n<li> Tout produit contenant de la nicotine ou du tabac qui peut \u00eatre utilis\u00e9 pour une application topique, par implant ou inject\u00e9 dans n'importe quelle partie du corps.<\/li>\n<li> Toute solution ou substance, dont le tabac ou la nicotine est un constituant, destin\u00e9e \u00e0 \u00eatre utilis\u00e9e avec un syst\u00e8me d'administration \u00e9lectronique de nicotine ou des vaporisateurs.<\/li>\n<li> tabac \u00e0 priser nasal (avec effet au 1er ao\u00fbt 2016)<\/li>\n<li> Tabac \u00e0 priser (avec effet au 1er ao\u00fbt 2016)<\/li>\n<li> Gutkha, khaini et zarda (avec effet au 1er ao\u00fbt 2016)<\/li>\n<li> Briquets en forme de pistolet ou de revolver<\/li>\n<p>Contr<\/p>\n<li> m\u00e9dicaments et substances psychotropes<\/li>\n<li> Esp\u00e8ces sauvages menac\u00e9es d'extinction et leurs sous-produits<\/li>\n<li> P\u00e9tards<\/li>\n<li> Articles, publications et cassettes vid\u00e9o\/disques obsc\u00e8nes<\/li>\n<li> Reproduction de publications, logiciels, cassettes vid\u00e9o, vid\u00e9odisques compacts, disques laser, disques ou cassettes prot\u00e9g\u00e9s par le droit d'auteur.<\/li>\n<li> Mat\u00e9riaux s\u00e9ditieux et trahison<\/li>\n<\/ul>\n<p>Si vous n'\u00eates pas s\u00fbr d'un autre \u00e9l\u00e9ment, veuillez v\u00e9rifier avec eux avant d'exp\u00e9dier vos marchandises.<\/p>\n<h2><span class=\"ez-toc-section\" id=\"Other_Useful_Guides_to_Singapore\"><\/span>Autres guides utiles sur Singapour<span class=\"ez-toc-section-end\"><\/span><\/h2>\n<ul>\n<li> <a href=\"https:\/\/moverdb.com\/fr\/expedition-par-conteneur\/singapour\/\">2024 Tarifs d'exp\u00e9dition de conteneurs de fret maritime \u00e0 destination et en provenance de Singapour<\/a><\/li>\n<li> <a href=\"https:\/\/moverdb.com\/fr\/entreprises-de-demenagement\/moving-companies-singapore\/\">22 meilleures entreprises de d\u00e9m\u00e9nagements internationaux \u00e0 Singapour<\/a><\/li>\n<li> <a href=\"https:\/\/moverdb.com\/fr\/livraison-a-singapour\/\">Exp\u00e9dition vers Singapour : Ce qu'il faut savoir<\/a><\/li>\n<li> <a href=\"https:\/\/moverdb.com\/fr\/demenagement-a-singapour\/\">D\u00e9m\u00e9nager \u00e0 Singapour ? 2024 Co\u00fbts de la vie et conseils de relocalisation<\/a><\/li>\n<li> <a href=\"https:\/\/moverdb.com\/fr\/demenagement-a-singapour\/best-places-to-live-singapore\/\">12 meilleurs endroits pour vivre \u00e0 Singapour<\/a><\/li>\n<li> <a href=\"https:\/\/moverdb.com\/fr\/demenagement-a-singapour\/living-in-singapore\/\">21 secrets sur la vie \u00e0 Singapour \u00e0 conna\u00eetre avant de d\u00e9m\u00e9nager<\/a><\/li>\n<li> <a href=\"https:\/\/moverdb.com\/fr\/demenagement-a-singapour\/moving-to-singapore-from-the-united-states\/\">D\u00e9m\u00e9nager \u00e0 Singapour depuis les \u00c9tats-Unis<\/a><\/li>\n<\/ul>","protected":false},"excerpt":{"rendered":"<p>Whether you&#8217;re moving to Singapore or just looking to ship a few parcels, we can help you find the best shipping deals from the US, UK, Australia, Canada, France, Hong Kong, New Zealand, Philippines and most other countries around the world. You can get started by using the free quote form above. Shipping to Singapore [&hellip;]<\/p>\n","protected":false},"author":1,"featured_media":2676,"parent":0,"menu_order":0,"comment_status":"closed","ping_status":"closed","template":"","meta":{"_genesis_hide_title":false,"_genesis_hide_breadcrumbs":false,"_genesis_hide_singular_image":false,"_genesis_hide_footer_widgets":false,"_genesis_custom_body_class":"","_genesis_custom_post_class":"","_genesis_layout":"","footnotes":""},"class_list":{"0":"post-2675","1":"page","2":"type-page","3":"status-publish","4":"has-post-thumbnail","6":"entry"},"_links":{"self":[{"href":"https:\/\/moverdb.com\/fr\/wp-json\/wp\/v2\/pages\/2675","targetHints":{"allow":["GET"]}}],"collection":[{"href":"https:\/\/moverdb.com\/fr\/wp-json\/wp\/v2\/pages"}],"about":[{"href":"https:\/\/moverdb.com\/fr\/wp-json\/wp\/v2\/types\/page"}],"author":[{"embeddable":true,"href":"https:\/\/moverdb.com\/fr\/wp-json\/wp\/v2\/users\/1"}],"replies":[{"embeddable":true,"href":"https:\/\/moverdb.com\/fr\/wp-json\/wp\/v2\/comments?post=2675"}],"version-history":[{"count":17,"href":"https:\/\/moverdb.com\/fr\/wp-json\/wp\/v2\/pages\/2675\/revisions"}],"predecessor-version":[{"id":16941,"href":"https:\/\/moverdb.com\/fr\/wp-json\/wp\/v2\/pages\/2675\/revisions\/16941"}],"wp:featuredmedia":[{"embeddable":true,"href":"https:\/\/moverdb.com\/fr\/wp-json\/wp\/v2\/media\/2676"}],"wp:attachment":[{"href":"https:\/\/moverdb.com\/fr\/wp-json\/wp\/v2\/media?parent=2675"}],"curies":[{"name":"wp","href":"https:\/\/api.w.org\/{rel}","templated":true}]}}