{"id":265,"date":"2016-05-01T06:12:45","date_gmt":"2016-05-01T06:12:45","guid":{"rendered":"http:\/\/moverdb.com\/?page_id=265"},"modified":"2026-01-08T14:47:55","modified_gmt":"2026-01-08T14:47:55","slug":"cadogan-tate","status":"publish","type":"page","link":"https:\/\/moverdb.com\/fr\/cadogan-tate\/","title":{"rendered":"Cadogan Tate : d\u00e9m\u00e9nagements et d\u00e9m\u00e9nagements internationaux : commentaires"},"content":{"rendered":"<p>Cadogan Tate offre \u00e0 ses clients les services suivants pour leur d\u00e9m\u00e9nagement \u00e0 l'\u00e9tranger. Ces informations sont suivies d'un profil de l'entreprise et de commentaires de divers clients.<\/p>\n<p><strong>D\u00e9m\u00e9nagements personnels et d'entreprise<\/strong><\/p>\n<p>Services de gestion des d\u00e9m\u00e9nagements<\/p>\n<ul>\n<li> Plan de gestion des d\u00e9m\u00e9nagements<\/li>\n<li> Emballage et d\u00e9ballage<\/li>\n<li> Transport et exp\u00e9dition<\/li>\n<li> D\u00e9douanement <\/li>\n<li> Stockage - Couverture mondiale<\/li>\n<\/ul>\n<p><strong>Services artistiques et services de foires<\/strong><\/p>\n<ul>\n<li> Stockage, exp\u00e9dition et d\u00e9m\u00e9nagement d'\u0153uvres d'art<\/li>\n<li> D\u00e9placer des articles d'exposition et de foire dans le monde entier<\/li>\n<\/ul>\n<p><strong>T\u00e2ches sp\u00e9cialis\u00e9es<\/strong><\/p>\n<ul>\n<li> D\u00e9placement des vins fins <\/li>\n<li> <a href=\"https:\/\/moverdb.com\/fr\/voiture-transport-expedition\/\">Exp\u00e9dition de voitures<\/a>les bateaux et les avions<\/li>\n<li> Relocalisation des animaux de compagnie<\/li>\n<\/ul>\n<p><strong>Services des architectes d'int\u00e9rieur<\/strong><\/p>\n<ul>\n<li> Collecte et d\u00e9placement dans le monde entier de tout objet design<\/li>\n<li> Emball\u00e9\/cas\u00e9 et d\u00e9plac\u00e9 de mani\u00e8re experte par un personnel tr\u00e8s exp\u00e9riment\u00e9.<\/li>\n<li> Exp\u00e9dition et douanes <\/li>\n<li> Stockage <\/li>\n<\/ul>\n<h2>Profil de la soci\u00e9t\u00e9 Cadogan Tate<\/h2>\n<p>Cadogan Tate a \u00e9t\u00e9 fond\u00e9 en 1977 et poss\u00e8de aujourd'hui des bureaux dans les pays suivants <a href=\"https:\/\/moverdb.com\/fr\/moving-to-london\/\">Londres<\/a>, <a href=\"https:\/\/moverdb.com\/fr\/moving-to-france\/moving-to-paris\/\" data-internallinksmanager029f6b8e52c=\"407\" title=\"D\u00e9m\u00e9nager \u00e0 Paris ? 2026 Co\u00fbts de la vie et conseils de relocalisation\">Paris<\/a>C\u00f4te d'Azur, <a href=\"https:\/\/moverdb.com\/fr\/demenagement-a-nyc\/\">New York<\/a> et <a href=\"https:\/\/moverdb.com\/fr\/sinstaller-a-los-angeles\/\">Los Angeles<\/a> Ils ne se contentent pas de d\u00e9m\u00e9nager des entreprises et des particuliers dans le monde entier, ils sont \u00e9galement experts dans le d\u00e9m\u00e9nagement d'\u0153uvres d'art, de meubles et d'objets d\u00e9coratifs con\u00e7us par les plus grands designers du monde. <\/p>\n<p>Cadogan Tate est fi\u00e8re de son expertise dans la mise en place de foires d'art en tenant compte des besoins des organisateurs de foires, des acheteurs et des exposants. Le logo \u00e9crit de Cadogan Tate est \"tout, trait\u00e9 avec soin\".<br \/>\nL'entreprise poss\u00e8de une longue liste d'affiliations et d'accr\u00e9ditations :<\/p>\n<ul>\n<li> <a href=\"https:\/\/moverdb.com\/fr\/british-association-of-removers\/\">Association britannique des d\u00e9m\u00e9nageurs (BAR)<\/a><\/li>\n<li> <a href=\"https:\/\/moverdb.com\/fr\/mtc\/\">The Movers Trading Club<\/a> (<a href=\"https:\/\/moverdb.com\/fr\/mtc\/\" data-internallinksmanager029f6b8e52c=\"30\" title=\"Le Movers Trading Club (MTC) expliqu\u00e9\">MTC<\/a>)<\/li>\n<li> Association des mus\u00e9es<\/li>\n<li> Home Office - <a href=\"https:\/\/moverdb.com\/fr\/moving-to-the-uk\/\" data-internallinksmanager029f6b8e52c=\"93\" title=\"Vous partez au Royaume-Uni ? 2026 Co\u00fbt de la vie et conseils de relocalisation\">ROYAUME-UNI<\/a> Agence des fronti\u00e8res<\/li>\n<li> <a href=\"https:\/\/moverdb.com\/fr\/reseau-de-relocalisation-harmonieux\/\">R\u00e9seau de relocalisation Harmony<\/a><\/li>\n<li> <a href=\"https:\/\/moverdb.com\/fr\/je-suis\/\">Association internationale des d\u00e9m\u00e9nageurs (IAM)<\/a><\/li>\n<li> <a href=\"https:\/\/moverdb.com\/fr\/fidi-faim\/\">FAIM<\/a><\/li>\n<li> Groupe des bureaux d'enregistrement du Royaume-Uni<\/li>\n<li> <a href=\"https:\/\/moverdb.com\/fr\/fidi-faim\/\">Alliance mondiale de la FIDI<\/a><\/li>\n<li> L'Association des marchands d'art et d'antiquit\u00e9s (LAPADA)<\/li>\n<li> Norme de service \"Qualit\u00e9 assur\u00e9e\" - D\u00e9m\u00e9nagement commercial<\/li>\n<li> Norme de service \"Qualit\u00e9 assur\u00e9e\" - Syst\u00e8mes de gestion environnementale<\/li>\n<li> Norme de service \"Qualit\u00e9 assur\u00e9e\" - D\u00e9m\u00e9nagement commercial<\/li>\n<li> Norme de service \"Qualit\u00e9 garantie\" - D\u00e9m\u00e9nagements de meubles de maison<\/li>\n<li> Norme de service garantie par la qualit\u00e9 - Sant\u00e9 au travail et syst\u00e8mes de gestion<\/li>\n<li> Norme d'assurance de la qualit\u00e9 des services - Syst\u00e8mes de gestion de la qualit\u00e9<\/li>\n<\/ul>\n<h2>Critiques de Cadogan Tate<\/h2>\n<p><strong>Positif<\/strong><\/p>\n<ul>\n<li> \"<em>Nous avons \u00e9t\u00e9 enchant\u00e9s par Cadogan Tate. Ce n'\u00e9tait pas un choix bon march\u00e9, mais apr\u00e8s avoir travaill\u00e9 avec eux, nous avons d\u00e9cid\u00e9 qu'ils avaient valu chaque centime.\" <\/em> E. Perry via <a href=\"http:\/\/www.reviewcentre.com\/Removal-Companies\/Cadogan-Tate-www-cadogantate-com-review_3591881\" target=\"_blank\" rel=\"noopener\">Centre de r\u00e9vision<\/a>\n<\/li>\n<li> \"<em>R\u00e9cemment, j'ai command\u00e9 un transport via Cadogan Tate pour mon d\u00e9m\u00e9nagement du sud de l'Europe. <a href=\"https:\/\/moverdb.com\/fr\/moving-to-france\/\" data-internallinksmanager029f6b8e52c=\"315\" title=\"D\u00e9m\u00e9nager en France ? 2026 Co\u00fbts de la vie et conseils de relocalisation\">France<\/a> \u00e0 Londres. Tout s'est d\u00e9roul\u00e9 \u00e0 la perfection. <\/em>Rivsalov via <a href=\"http:\/\/www.removalreviews.co.uk\/movingreviews\/smooth-and-efficient-with-a-professional-approach-5733\" target=\"_blank\" rel=\"noopener\">Revues de d\u00e9m\u00e9nagement<\/a>\n<\/li>\n<\/ul>\n<p><strong>N\u00e9gatif<\/strong><\/p>\n<ul>\n<li> \"<em>D\u00e9go\u00fbt\u00e9e par la quantit\u00e9 de d\u00e9chets environnementaux produits par cette soci\u00e9t\u00e9. Des bo\u00eetes d'articles non fragiles, comme des oreillers et du linge de maison, remplies \u00e0 ras bord d'emballages en papier tout neufs.\" <\/em>Carl Lyon via <a href=\"http:\/\/www.reviewcentre.com\/Removal-Companies\/Cadogan-Tate-www-cadogantate-com-review_3349791\" target=\"_blank\" rel=\"noopener\">Centre de r\u00e9vision<\/a>\n<\/li>\n<li> \"<em>Nous avons fait appel \u00e0 Cadogan Tate pour un d\u00e9m\u00e9nagement de Londres vers le Royaume-Uni. <a href=\"https:\/\/moverdb.com\/fr\/moving-to-the-united-states\/\" data-internallinksmanager029f6b8e52c=\"94\" title=\"Vous partez aux \u00c9tats-Unis ? 2026 Co\u00fbt de la vie et conseils de relocalisation\">US<\/a>. Les d\u00e9m\u00e9nageurs \u00e9taient tr\u00e8s professionnels et sympathiques. Cependant, le back-office a de s\u00e9rieux probl\u00e8mes.\" <\/em> D J Skillman via <a href=\"http:\/\/www.removalreviews.co.uk\/movers\/cadogan-tate-311\" target=\"_blank\" rel=\"noopener\">Revues de d\u00e9m\u00e9nagement<\/a>\n<\/li>\n<\/ul>\n<div itemprop=\"review\" itemscope itemtype=\"http:\/\/schema.org\/Review\">\n<span itemprop=\"author\" itemscope=\"\" itemtype=\"http:\/\/schema.org\/Organization\"><span itemprop=\"name\">MoverDB.com<\/span><\/span> Examen en ligne du site Web pour <span itemprop=\"itemreviewed\" itemscope=\"\" itemtype=\"http:\/\/schema.org\/Brand\"><span itemprop=\"name\">Cadogan Tate<\/span><\/span>:<\/p>\n<ol>\n<li> Coordonn\u00e9es claires sur le site web (y compris le num\u00e9ro de t\u00e9l\u00e9phone) : <strong>Oui<\/strong><\/li>\n<li> Facile \u00e0 obtenir <a href=\"https:\/\/moverdb.com\/fr\/citations\/\">devis de d\u00e9m\u00e9nagements internationaux<\/a>? (Formulaire de demande de devis en ligne) : <strong>Oui<\/strong><\/li>\n<li> Informations claires sur le site web : <strong>Partiel.<\/strong> Le site web ne contient pas beaucoup d'informations d\u00e9taill\u00e9es. Il est fourni au stade de la planification.<\/li>\n<li> Adh\u00e9sion \u00e0 des organisations internationales de d\u00e9m\u00e9nagement reconnues : <strong>Oui<\/strong>voir ci-dessus.<\/li>\n<li> Liste de clients et\/ou t\u00e9moignages de clients pr\u00e9c\u00e9dents : <strong>Partiel.<\/strong> Le site contient des \u00e9tudes de cas qui d\u00e9crivent divers mouvements, mais il n'y a pas de noms de clients ni de t\u00e9moignages de clients.<\/li>\n<\/ol>\n<div itemprop=\"reviewRating\" itemscope itemtype=\"http:\/\/schema.org\/Rating\"><meta itemprop=\"worstRating\" content = \"0\" \/><meta itemprop=\"bestRating\" content=\"5\" \/><meta itemprop=\"ratingValue\" content=\"4\"><\/div>\n<p><strong>Note globale : 4\/5<\/strong><br \/>\n<strong>Date de r\u00e9vision :<\/strong> <span itemprop=\"datePublished\" content=\"2016-05-01\">01\/05\/2016<\/span>\n<\/div>\n<p>En savoir plus <a href=\"https:\/\/moverdb.com\/fr\/demenagements-internationaux\/\">Soci\u00e9t\u00e9s de d\u00e9m\u00e9nagement au Royaume-Uni<\/a> et notre <a href=\"https:\/\/moverdb.com\/fr\/revues\/\">le processus de r\u00e9vision expliqu\u00e9<\/a>.<\/p>\n<p><strong>Site web :<\/strong> <a href=\"https:\/\/www.cadogantate.com\/en\" target=\"_blank\" rel=\"noopener\">https:\/\/www.cadogantate.com\/en<\/a><\/p>","protected":false},"excerpt":{"rendered":"<p>Cadogan Tate offer their clients the following for their move abroad. This information is followed by a company profile and reviews from various clients. Personal and Corporate Moves Move Management Services Move management plan Packing and unpacking Transportation and shipping Customs clearance Storage &#8211; Global coverage Art Services and Fair Services Fine art storage, shipping [&hellip;]<\/p>\n","protected":false},"author":1,"featured_media":0,"parent":0,"menu_order":0,"comment_status":"closed","ping_status":"closed","template":"","meta":{"_genesis_hide_title":false,"_genesis_hide_breadcrumbs":false,"_genesis_hide_singular_image":false,"_genesis_hide_footer_widgets":false,"_genesis_custom_body_class":"","_genesis_custom_post_class":"","_genesis_layout":"","footnotes":""},"class_list":{"0":"post-265","1":"page","2":"type-page","3":"status-publish","5":"entry"},"_links":{"self":[{"href":"https:\/\/moverdb.com\/fr\/wp-json\/wp\/v2\/pages\/265","targetHints":{"allow":["GET"]}}],"collection":[{"href":"https:\/\/moverdb.com\/fr\/wp-json\/wp\/v2\/pages"}],"about":[{"href":"https:\/\/moverdb.com\/fr\/wp-json\/wp\/v2\/types\/page"}],"author":[{"embeddable":true,"href":"https:\/\/moverdb.com\/fr\/wp-json\/wp\/v2\/users\/1"}],"replies":[{"embeddable":true,"href":"https:\/\/moverdb.com\/fr\/wp-json\/wp\/v2\/comments?post=265"}],"version-history":[{"count":17,"href":"https:\/\/moverdb.com\/fr\/wp-json\/wp\/v2\/pages\/265\/revisions"}],"predecessor-version":[{"id":6190,"href":"https:\/\/moverdb.com\/fr\/wp-json\/wp\/v2\/pages\/265\/revisions\/6190"}],"wp:attachment":[{"href":"https:\/\/moverdb.com\/fr\/wp-json\/wp\/v2\/media?parent=265"}],"curies":[{"name":"wp","href":"https:\/\/api.w.org\/{rel}","templated":true}]}}