{"id":246,"date":"2016-04-21T14:54:42","date_gmt":"2016-04-21T14:54:42","guid":{"rendered":"http:\/\/moverdb.com\/?page_id=246"},"modified":"2026-01-08T14:47:37","modified_gmt":"2026-01-08T14:47:37","slug":"atlas-van-lines-international","status":"publish","type":"page","link":"https:\/\/moverdb.com\/fr\/atlas-van-lines-international\/","title":{"rendered":"Atlas Van Lines International : Services de d\u00e9m\u00e9nagement et commentaires"},"content":{"rendered":"<p>Atlas Van Lines International offre les services suivants aux personnes qui d\u00e9m\u00e9nagent \u00e0 l'\u00e9tranger. Vous pouvez \u00e9galement consulter le profil de l'entreprise et lire les avis ci-dessous :<\/p>\n<p><strong>D\u00e9m\u00e9nagements personnels et d'entreprise :<\/strong><\/p>\n<p>Services de transport<\/p>\n<ul>\n<li> Transport mondial de biens m\u00e9nagers de porte \u00e0 porte<\/li>\n<li> <a href=\"https:\/\/moverdb.com\/fr\/transporteur-de-marchandises\/\">Fret maritime et a\u00e9rien<\/a><\/li>\n<li> Automobiles et bateaux<\/li>\n<li> Fret de projet (expositions et pr\u00e9sentations)<\/li>\n<\/ul>\n<p>Services de relocalisation<\/p>\n<ul>\n<li> Administration et soutien du programme<\/li>\n<li> D\u00e9veloppement des politiques<\/li>\n<li> Conseil<\/li>\n<li> Logement du cessionnaire<\/li>\n<li> Services \u00e0 destination<\/li>\n<li> Service de protection de la valeur<\/li>\n<\/ul>\n<p>Services de voyage<\/p>\n<ul>\n<li> Agence de voyages d'affaires \u00e0 service complet<\/li>\n<li> Gestion du programme et rapports<\/li>\n<\/ul>\n<p>Gestion du stockage \u00e0 long terme<\/p>\n<p><strong>Mouvements gouvernementaux et militaires :<\/strong><\/p>\n<ul>\n<li> Soutenir le programme de biens personnels de la d\u00e9fense (DP3)<\/li>\n<li> Gestion des d\u00e9m\u00e9nagements internationaux de biens domestiques (codes 4, 5 et T)<\/li>\n<li> Gestion des d\u00e9m\u00e9nagements de biens domestiques (codes 1 et 2)<\/li>\n<li> Envois internationaux de bagages (code J)<\/li>\n<li> Envois OTO<\/li>\n<li> Une \u00e9quipe de service \u00e0 la client\u00e8le d\u00e9vou\u00e9e offrant un service personnel VIP aux membres du service.<\/li>\n<li> Une \u00e9quipe de compte GSA d\u00e9di\u00e9e uniquement \u00e0 la gestion des d\u00e9m\u00e9nagements internationaux pour <a href=\"https:\/\/moverdb.com\/fr\/moving-to-the-united-states\/\" data-internallinksmanager029f6b8e52c=\"94\" title=\"Vous partez aux \u00c9tats-Unis ? 2026 Co\u00fbt de la vie et conseils de relocalisation\">US<\/a> les agences gouvernementales<\/li>\n<li> Participant I-CHAMP<\/li>\n<\/ul>\n<p><strong>Expositions et fret :<\/strong><\/p>\n<ul>\n<li> Expositions<\/li>\n<li> Pr\u00e9sentoirs pour salons professionnels<\/li>\n<li> Agencements de magasins<\/li>\n<li> Projets sp\u00e9ciaux \u00e0 l'\u00e9tranger<\/li>\n<\/ul>\n<h2>Profil de l'entreprise Atlas Van Lines International<\/h2>\n<p>Atlas International est une filiale de la soci\u00e9t\u00e9 priv\u00e9e Atlas Van Lines et fait partie du Groupe Atlas World. Elle effectue des d\u00e9m\u00e9nagements \u00e0 l'\u00e9tranger depuis plus de 50 ans. Elle se concentre principalement sur les d\u00e9m\u00e9nagements d'entreprises, qui repr\u00e9sentent 85% de ses 7 000 d\u00e9m\u00e9nagements annuels. <\/p>\n<p>Cependant, ils d\u00e9placent \u00e9galement des professionnels individuels, des employ\u00e9s du gouvernement et des membres de l'arm\u00e9e am\u00e9ricaine (et leurs familles).<\/p>\n<p>L'entreprise affirme avoir un engagement envers l'int\u00e9grit\u00e9, la qualit\u00e9 et les solutions. Elle est membre des organisations suivantes :<\/p>\n<ul>\n<li> Certification C-TPAT aupr\u00e8s de l'US Customs &amp; Border Patrol<\/li>\n<li> Enregistr\u00e9 ISO 9001<\/li>\n<li> <a href=\"https:\/\/moverdb.com\/fr\/jante-promoteur\/\">RIM\u00ae - Registered International Mover<\/a><\/li>\n<li> <a href=\"https:\/\/moverdb.com\/fr\/amsa\/\">Association am\u00e9ricaine de d\u00e9m\u00e9nagement et de stockage<\/a> (<a href=\"https:\/\/moverdb.com\/fr\/amsa\/\" data-internallinksmanager029f6b8e52c=\"5\" title=\"Explication de l&#039;Association am\u00e9ricaine de d\u00e9m\u00e9nagement et d&#039;entreposage (AMSA)\">AMSA<\/a>)<\/li>\n<li> <a href=\"https:\/\/moverdb.com\/fr\/hgfaa\/\">Association des transitaires HHG d'Am\u00e9rique<\/a> (HHGFAA)<\/li>\n<li> <a href=\"https:\/\/moverdb.com\/fr\/lacma\/\">Association des d\u00e9m\u00e9nageurs d'Am\u00e9rique latine et des Cara\u00efbes<\/a> (<a href=\"https:\/\/moverdb.com\/fr\/lacma\/\" data-internallinksmanager029f6b8e52c=\"28\" title=\"Association des d\u00e9m\u00e9nageurs internationaux d&#039;Am\u00e9rique latine et des Cara\u00efbes (LACMA)\">LACMA<\/a>)<\/li>\n<li> <a href=\"https:\/\/moverdb.com\/fr\/iata\/\">Association internationale du transport a\u00e9rien<\/a> (<a href=\"https:\/\/moverdb.com\/fr\/iata\/\" data-internallinksmanager029f6b8e52c=\"22\" title=\"L&#039;Association internationale du transport a\u00e9rien (IATA) expliqu\u00e9e\">IATA<\/a>)<\/li>\n<li> <a href=\"https:\/\/moverdb.com\/fr\/euromovers\/\">Partenariat europ\u00e9en des d\u00e9m\u00e9nageurs<\/a><\/li>\n<li> <a href=\"https:\/\/moverdb.com\/fr\/conseil-de-relocation-des-employes\/\">Conseil de relocalisation des employ\u00e9s<\/a> (Dans le monde entier <a href=\"https:\/\/moverdb.com\/fr\/employee-relocation-council\/\" data-internallinksmanager029f6b8e52c=\"83\" title=\"Le Conseil mondial de relocalisation des employ\u00e9s (ERC) expliqu\u00e9\">ERC<\/a>)<\/li>\n<li> Licenci\u00e9 par la Federal Maritime Commission en tant que <a href=\"https:\/\/moverdb.com\/fr\/freight-forwarder\/\" data-internallinksmanager029f6b8e52c=\"17\" title=\"Guide des co\u00fbts et des entreprises des transitaires et NVOCC internationaux\">NVOCC<\/a>Licence # 79NF<\/li>\n<li> Transporteur ITGBL participant au programme CHAMP pour les agences gouvernementales am\u00e9ricaines<\/li>\n<li> Transporteur ITGBL participant pour le d\u00e9partement de la d\u00e9fense des \u00c9tats-Unis <\/li>\n<\/ul>\n<p>Ils disposent des agences mondiales suivantes :<\/p>\n<ul>\n<li> Des agences Atlas hautement qualifi\u00e9es dans les 50 \u00c9tats des \u00c9tats-Unis.<\/li>\n<li> Plus de 130 agents \u00e0 travers <a href=\"https:\/\/moverdb.com\/fr\/moving-to-canada\/\" data-internallinksmanager029f6b8e52c=\"265\" title=\"D\u00e9m\u00e9nager au Canada ? 2026 Co\u00fbt de la vie et conseils de relocalisation\">Canada<\/a>.<\/li>\n<li> Plus de 300 agents privil\u00e9gi\u00e9s par Atlas travaillant dans tous les pays du monde.<\/li>\n<\/ul>\n<p>Ils affirment \u00e9galement que les professionnels de la relocation que vous rencontrez et avec lesquels vous interagissez - aux deux extr\u00e9mit\u00e9s de votre d\u00e9m\u00e9nagement - ont \u00e9t\u00e9 pr\u00e9s\u00e9lectionn\u00e9s.<\/p>\n<h2>Critiques d'Atlas Van Lines International<\/h2>\n<p><em><strong>Veuillez noter :<\/strong> comprend des commentaires sur Atlas Van Lines et Atlas International.<\/em><\/p>\n<p><strong>Positif<\/strong><\/p>\n<ul>\n<li> <em>\"J'ai \u00e9t\u00e9 extr\u00eamement impressionn\u00e9 non seulement par l'intensit\u00e9 de leur travail, mais aussi par le soin qu'ils ont apport\u00e9 \u00e0 mes biens.\"<\/em> - Laurie via <a href=\"http:\/\/www.atlasvanlines.com\/moving-company-reviews\/\" target=\"_blank\" rel=\"noopener\">Page de commentaires sur Atlas Van Lines<\/a><\/li>\n<li> <em>\"Atlas a \u00e9t\u00e9 un excellent choix. Je les recommande vivement \u00e0 tous ceux qui ont un d\u00e9m\u00e9nagement longue distance et qui sont mal \u00e0 l'aise \u00e0 l'id\u00e9e que des \u00e9trangers prennent leurs affaires.\"<\/em> - Kate via <a href=\"http:\/\/www.mymovingreviews.com\/movingreviews\/great-movers-9968\" target=\"_blank\" rel=\"noopener\">MyMovingReviews<\/a><\/li>\n<li> <em>\"BBB a d\u00e9termin\u00e9 qu'Atlas Van Lines International r\u00e9pond aux normes d'accr\u00e9ditation BBB, qui incluent un engagement \u00e0 faire un effort de bonne foi pour r\u00e9soudre toute plainte des consommateurs.\"<\/em> <a href=\"http:\/\/www.bbb.org\/western-washington\/business-reviews\/movers\/atlas-van-lines-international-in-seattle-wa-27030248\" target=\"_blank\" rel=\"noopener\">Bureau d'\u00e9thique commerciale<\/a><\/li>\n<li> <em>\"J'avais juste besoin de laisser un mot apr\u00e8s l'excellente exp\u00e9rience que nous avons eue avec Atlas Van Lines.\"<\/em> - Shahram via <a href=\"https:\/\/www.consumeraffairs.com\/movers\/atlas.html\" target=\"_blank\" rel=\"noopener\">Consommateurs<\/a><\/li>\n<li> <em>\"Je ne pourrais pas \u00eatre plus heureux des services fournis par Atlas Van Lines lors de mon d\u00e9m\u00e9nagement vers l'Europe. <a href=\"https:\/\/moverdb.com\/fr\/demenagement-a-houston\/\">Houston<\/a>. M\u00eame avec un temps ex\u00e9crable, mes meubles sont arriv\u00e9s \u00e0 temps.\"<\/em> Katelyn via <a href=\"http:\/\/www.yelp.co.uk\/biz\/atlas-van-lines-evansville-2?hrid=zrPxDQ8O1DE0pKFgOYoQzA&#038;utm_campaign=www_review_share_popup&#038;utm_medium=copy_link&#038;utm_source=(direct)\" target=\"_blank\" rel=\"noopener\">Yelp<\/a><\/li>\n<\/ul>\n<p><strong>N\u00e9gatif<\/strong><\/p>\n<ul>\n<li> <em>\"L'album de b\u00e9b\u00e9 de nos petites filles est parti, irrempla\u00e7able.\"<\/em> - Ruth via <a href=\"http:\/\/www.atlasvanlines.com\/moving-company-reviews\/\" target=\"_blank\" rel=\"noopener\">Page de commentaires sur Atlas Van Lines<\/a><\/li>\n<li> <em>\"Atlas est le pire. Nous sommes actuellement au milieu d'un d\u00e9m\u00e9nagement militaire avec eux, donc nous n'avons pas eu \u00e0 choisir. Apr\u00e8s avoir lu des critiques horribles sur l'entreprise, j'\u00e9tais inquiet, mais je me suis dit qu'en tant que famille de militaires, ils feraient de leur mieux pour prendre soin de ceux qui ont sacrifi\u00e9 et servi leur pays. Cela n'a pas \u00e9t\u00e9 le cas.\"<\/em> - Chrstine via <a href=\"http:\/\/moving-companies.credio.com\/l\/6\/Atlas-Van-Lines-Inc#review\/532419\" target=\"_blank\" rel=\"noopener\">Credio<\/a><\/li>\n<li> <em>\"Je voulais vraiment appr\u00e9cier Atlas et son agent canadien, AMJ Campbell.  Ils se situaient au milieu des devis qui m'ont \u00e9t\u00e9 donn\u00e9s, ni trop \u00e9lev\u00e9s, ni trop bas. Ils ont \u00e9t\u00e9 recommand\u00e9s par un ami qui a fait un d\u00e9m\u00e9nagement international similaire il y a un an. Mais ils ont \u00e9chou\u00e9 lamentablement \u00e0 plusieurs reprises.\"<\/em>- Irene A. via <a href=\"http:\/\/www.yelp.co.uk\/biz\/atlas-van-lines-evansville-2?hrid=bDSbnk9dU-dvtTPUKtGOyA&#038;utm_campaign=www_review_share_popup&#038;utm_medium=copy_link&#038;utm_source=(direct)\" target=\"_blank\" rel=\"noopener\">Yelp<\/a><\/li>\n<li> <em>\"Les d\u00e9m\u00e9nageurs ont eu 21 jours de retard pour livrer mes articles.\"<\/em> - James via <a href=\"http:\/\/www.mymovingreviews.com\/movingreviews\/another-victim-49405\" target=\"_blank\" rel=\"noopener\">MyMovingReviews<\/a><\/li>\n<li> <em>\"Nous avons r\u00e9cemment fait appel \u00e0 ATLAS van lines et nous ne recommandons cette soci\u00e9t\u00e9 \u00e0 personne. On nous a propos\u00e9 moins de $7,000 pour notre petit d\u00e9m\u00e9nagement et le service de livraison. En fin de compte, nous avons pay\u00e9 plus de $12,000 et nous avons obtenu un service DROP-OFF.\"<\/em> Noreen via <a href=\"https:\/\/www.consumeraffairs.com\/movers\/atlas.html\" target=\"_blank\" rel=\"noopener\">Consommateurs<\/a><\/li>\n<\/ul>\n<div itemprop=\"review\" itemscope itemtype=\"http:\/\/schema.org\/Review\">\n<span itemprop=\"author\" itemscope=\"\" itemtype=\"http:\/\/schema.org\/Organization\"><span itemprop=\"name\">MoverDB.com<\/span><\/span> Examen en ligne du site Web pour <span itemprop=\"itemreviewed\" itemscope=\"\" itemtype=\"http:\/\/schema.org\/Brand\"><span itemprop=\"name\">Atlas International<\/span><\/span>:<\/p>\n<ol>\n<li> Coordonn\u00e9es claires sur le site web (y compris le num\u00e9ro de t\u00e9l\u00e9phone) : <strong>Oui<\/strong><\/li>\n<li> Facile \u00e0 obtenir <a href=\"https:\/\/moverdb.com\/fr\/citations\/\">devis de d\u00e9m\u00e9nagement international<\/a>? (Formulaire de demande de devis en ligne) : <strong>Oui<\/strong><\/li>\n<li> Informations claires sur le site web : <strong>Partiel.<\/strong> Bien que le site web contienne de nombreuses informations utiles, il n'est pas particuli\u00e8rement bien agenc\u00e9. De plus, il n'est pas enti\u00e8rement r\u00e9actif sur mobile.<\/li>\n<li> Adh\u00e9sion \u00e0 des organisations internationales de d\u00e9m\u00e9nagement reconnues : <strong>Oui<\/strong>12 (voir ci-dessus)<\/li>\n<li> Liste de clients et\/ou t\u00e9moignages de clients pr\u00e9c\u00e9dents : <strong>Partiel.<\/strong> Bien que certains t\u00e9moignages soient diss\u00e9min\u00e9s sur le site, il n'existe pas d'endroit unique pour les consulter tous. De plus, bien qu'il y ait une section consacr\u00e9e aux clients dans la rubrique \"Corporate relocations\", aucun client n'est mentionn\u00e9 par son nom.<\/li>\n<\/ol>\n<div itemprop=\"reviewRating\" itemscope itemtype=\"http:\/\/schema.org\/Rating\"><meta itemprop=\"worstRating\" content = \"0\" \/><meta itemprop=\"bestRating\" content=\"5\" \/><meta itemprop=\"ratingValue\" content=\"4\"><\/div>\n<p><strong>Note globale : 4\/5<\/strong><br \/>\n<strong>Date de r\u00e9vision :<\/strong> <span itemprop=\"datePublished\" content=\"2016-04-21\">21\/04\/2016<\/span>\n<\/div>\n<p>Plus d'informations sur <a href=\"https:\/\/moverdb.com\/fr\/entreprises-de-demenagement\/\">soci\u00e9t\u00e9s de d\u00e9m\u00e9nagement international<\/a>, <a href=\"https:\/\/moverdb.com\/fr\/demenageurs-us-canada\/\">Soci\u00e9t\u00e9s de d\u00e9m\u00e9nagement bas\u00e9es aux \u00c9tats-Unis<\/a> et notre <a href=\"https:\/\/moverdb.com\/fr\/revues\/\">le processus de r\u00e9vision expliqu\u00e9<\/a>.<\/p>\n<p><strong>Site web :<\/strong> <a href=\"https:\/\/www.atlasvanlines.com\/international-movers\" target=\"_blank\" rel=\"noopener\">https:\/\/www.atlasvanlines.com\/international-movers<\/a><\/p>","protected":false},"excerpt":{"rendered":"<p>Atlas Van Lines International offers the following services for people moving abroad. You can also view a company profile and read reviews below: Personal and Corporate moves: Transportation Services Global door-to-door household goods transportation Ocean &#038; air freight Automobiles and boats Project freight (exhibits and displays) Relocation Services Program administration &#038; support Policy development Consulting [&hellip;]<\/p>\n","protected":false},"author":1,"featured_media":0,"parent":0,"menu_order":0,"comment_status":"closed","ping_status":"closed","template":"","meta":{"_genesis_hide_title":false,"_genesis_hide_breadcrumbs":false,"_genesis_hide_singular_image":false,"_genesis_hide_footer_widgets":false,"_genesis_custom_body_class":"","_genesis_custom_post_class":"","_genesis_layout":"","footnotes":""},"class_list":{"0":"post-246","1":"page","2":"type-page","3":"status-publish","5":"entry"},"_links":{"self":[{"href":"https:\/\/moverdb.com\/fr\/wp-json\/wp\/v2\/pages\/246","targetHints":{"allow":["GET"]}}],"collection":[{"href":"https:\/\/moverdb.com\/fr\/wp-json\/wp\/v2\/pages"}],"about":[{"href":"https:\/\/moverdb.com\/fr\/wp-json\/wp\/v2\/types\/page"}],"author":[{"embeddable":true,"href":"https:\/\/moverdb.com\/fr\/wp-json\/wp\/v2\/users\/1"}],"replies":[{"embeddable":true,"href":"https:\/\/moverdb.com\/fr\/wp-json\/wp\/v2\/comments?post=246"}],"version-history":[{"count":29,"href":"https:\/\/moverdb.com\/fr\/wp-json\/wp\/v2\/pages\/246\/revisions"}],"predecessor-version":[{"id":6178,"href":"https:\/\/moverdb.com\/fr\/wp-json\/wp\/v2\/pages\/246\/revisions\/6178"}],"wp:attachment":[{"href":"https:\/\/moverdb.com\/fr\/wp-json\/wp\/v2\/media?parent=246"}],"curies":[{"name":"wp","href":"https:\/\/api.w.org\/{rel}","templated":true}]}}