{"id":225,"date":"2016-03-28T16:58:52","date_gmt":"2016-03-28T16:58:52","guid":{"rendered":"http:\/\/moverdb.com\/?page_id=225"},"modified":"2026-01-08T14:47:25","modified_gmt":"2026-01-08T14:47:25","slug":"a-propos-de","status":"publish","type":"page","link":"https:\/\/moverdb.com\/fr\/about\/","title":{"rendered":"\u00c0 propos de"},"content":{"rendered":"<p>MoverDB.com a \u00e9t\u00e9 cr\u00e9\u00e9 pour vous donner des informations impartiales sur <a href=\"https:\/\/moverdb.com\/fr\/moving-companies\/\" data-internallinksmanager029f6b8e52c=\"79\" title=\"Les 25 meilleures soci\u00e9t\u00e9s de d\u00e9m\u00e9nagement international en ligne\">soci\u00e9t\u00e9s de d\u00e9m\u00e9nagement international<\/a> et les co\u00fbts associ\u00e9s \u00e0 un d\u00e9m\u00e9nagement \u00e0 l'\u00e9tranger. <\/p>\n<p>Pour vous aider, nous avons cr\u00e9\u00e9 des guides pratiques pour vous aider \u00e0 d\u00e9marrer. Vous pouvez vous renseigner sur :<\/p>\n<ul>\n<li> <a href=\"https:\/\/moverdb.com\/fr\/expedition-par-conteneur\/\">Tarifs d'exp\u00e9dition de conteneurs internationaux<\/a><\/li>\n<li> <a href=\"https:\/\/moverdb.com\/fr\/entreprises-de-demenagement\/\">Les 25 meilleures soci\u00e9t\u00e9s de d\u00e9m\u00e9nagement international en ligne<\/a><\/li>\n<li> <a href=\"https:\/\/moverdb.com\/fr\/compagnies-maritimes\/\">Les 20 meilleures soci\u00e9t\u00e9s d'exp\u00e9dition internationale<\/a><\/li>\n<li> <a href=\"https:\/\/moverdb.com\/fr\/demenagements-internationaux\/\">D\u00e9m\u00e9nagements internationaux : Les 12 meilleures entreprises du Royaume-Uni<\/a><\/li>\n<li> <a href=\"https:\/\/moverdb.com\/fr\/frais-de-demenagement\/\">Co\u00fbts des d\u00e9m\u00e9nagements internationaux : 9 \u00e9l\u00e9ments \u00e0 ne pas n\u00e9gliger<\/a><\/li>\n<li> <a href=\"https:\/\/moverdb.com\/fr\/transporteur-de-marchandises\/\">Guide des co\u00fbts et des entreprises des transitaires et NVOCC internationaux<\/a><\/li>\n<li> <a href=\"https:\/\/moverdb.com\/fr\/citations\/\">Devis de d\u00e9m\u00e9nagement international : 12 fa\u00e7ons de comparer votre d\u00e9m\u00e9nageur<\/a><\/li>\n<\/ul>\n<p>Il convient \u00e9galement de noter que vous pouvez utiliser le formulaire en haut de la page pour demander un devis \u00e0 un maximum de 6 entreprises de d\u00e9m\u00e9nagement international. Nous avons \u00e9tabli un partenariat avec <a href=\"https:\/\/moverdb.com\/fr\/international-removals\/\" data-internallinksmanager029f6b8e52c=\"27\" title=\"36 meilleures entreprises de d\u00e9m\u00e9nagements internationaux au Royaume-Uni\">D\u00e9m\u00e9nagements internationaux<\/a> Direct pour vous assurer d'\u00eatre mis en relation avec certaines des meilleures entreprises du monde. <\/p>\n<p>S'il y a quelque chose que vous aimeriez voir sur notre site, n'h\u00e9sitez pas \u00e0 <a href=\"https:\/\/moverdb.com\/fr\/contactez-nous\/\">contactez-nous<\/a>.<\/p>","protected":false},"excerpt":{"rendered":"<p>MoverDB.com was set-up to give you unbiased information about international moving companies and the costs associated with moving overseas. To help you we&#8217;ve created some handy guides to get you started. You can find out about: International Container Shipping Rates Top 25 International Moving Companies Online Top 20 International Shipping Companies International Removals: Top 12 [&hellip;]<\/p>\n","protected":false},"author":1,"featured_media":0,"parent":0,"menu_order":0,"comment_status":"closed","ping_status":"closed","template":"","meta":{"_genesis_hide_title":false,"_genesis_hide_breadcrumbs":false,"_genesis_hide_singular_image":false,"_genesis_hide_footer_widgets":false,"_genesis_custom_body_class":"","_genesis_custom_post_class":"","_genesis_layout":"","footnotes":""},"class_list":{"0":"post-225","1":"page","2":"type-page","3":"status-publish","5":"entry"},"_links":{"self":[{"href":"https:\/\/moverdb.com\/fr\/wp-json\/wp\/v2\/pages\/225","targetHints":{"allow":["GET"]}}],"collection":[{"href":"https:\/\/moverdb.com\/fr\/wp-json\/wp\/v2\/pages"}],"about":[{"href":"https:\/\/moverdb.com\/fr\/wp-json\/wp\/v2\/types\/page"}],"author":[{"embeddable":true,"href":"https:\/\/moverdb.com\/fr\/wp-json\/wp\/v2\/users\/1"}],"replies":[{"embeddable":true,"href":"https:\/\/moverdb.com\/fr\/wp-json\/wp\/v2\/comments?post=225"}],"version-history":[{"count":4,"href":"https:\/\/moverdb.com\/fr\/wp-json\/wp\/v2\/pages\/225\/revisions"}],"predecessor-version":[{"id":5337,"href":"https:\/\/moverdb.com\/fr\/wp-json\/wp\/v2\/pages\/225\/revisions\/5337"}],"wp:attachment":[{"href":"https:\/\/moverdb.com\/fr\/wp-json\/wp\/v2\/media?parent=225"}],"curies":[{"name":"wp","href":"https:\/\/api.w.org\/{rel}","templated":true}]}}