{"id":17398,"date":"2024-07-03T09:10:49","date_gmt":"2024-07-03T09:10:49","guid":{"rendered":"https:\/\/moverdb.com\/?page_id=17398"},"modified":"2026-01-08T13:18:45","modified_gmt":"2026-01-08T13:18:45","slug":"u-haul-cost","status":"publish","type":"page","link":"https:\/\/moverdb.com\/fr\/u-haul-cost\/","title":{"rendered":"Combien co\u00fbte U-Haul ? Guide des \u00e9conomies 2024"},"content":{"rendered":"<figure class=\"wp-block-image size-full\"><img loading=\"lazy\" decoding=\"async\" width=\"1000\" height=\"667\" src=\"https:\/\/moverdb.com\/wp-content\/uploads\/u-haul-moving-1.jpg\" alt=\"\" class=\"wp-image-11040\" srcset=\"https:\/\/moverdb.com\/wp-content\/uploads\/u-haul-moving-1.jpg 1000w, https:\/\/moverdb.com\/wp-content\/uploads\/u-haul-moving-1-300x200.jpg 300w, https:\/\/moverdb.com\/wp-content\/uploads\/u-haul-moving-1-18x12.jpg 18w, https:\/\/moverdb.com\/wp-content\/uploads\/u-haul-moving-1-600x400.jpg 600w\" sizes=\"auto, (max-width: 1000px) 100vw, 1000px\" \/><\/figure>\r\n\r\n\r\n\r\n<p>U-Haul reste un choix populaire parmi les d\u00e9m\u00e9nageurs bricoleurs, mais combien co\u00fbte-t-il r\u00e9ellement ? Dans cet article, nous allons diss\u00e9quer les mod\u00e8les de tarification de U-Haul, en examinant les diff\u00e9rents facteurs qui contribuent au co\u00fbt global - et nous vous donnerons des conseils sur les d\u00e9m\u00e9nagements les plus rentables et les plus importants.<\/p>\r\n\r\n\r\n\r\n<p>Notre guide couvrira les points suivants :<\/p>\r\n\r\n\r\n\r\n<ul class=\"wp-block-list\">\r\n<li>Combien co\u00fbte U-Haul ?<\/li>\r\n\r\n\r\n\r\n<li>Quels sont les facteurs qui influencent le co\u00fbt de l'U-Haul ?<\/li>\r\n\r\n\r\n\r\n<li>Comment \u00e9conomiser de l'argent sur U-Haul<\/li>\r\n\r\n\r\n\r\n<li>Qu'implique l'utilisation de U-Haul ?<\/li>\r\n\r\n\r\n\r\n<li>Comment savoir si U-Haul est le meilleur choix pour vous ?<\/li>\r\n\r\n\r\n\r\n<li>Comment trouver et embaucher U-Haul<\/li>\r\n<\/ul>\r\n\r\n\r\n\r\n<p>Si vous avez envie de r\u00e9duire les co\u00fbts et de bricoler pour votre d\u00e9m\u00e9nagement, l'utilisation d'une remorque U-Haul peut \u00eatre une bonne id\u00e9e. Commen\u00e7ons.<\/p>\r\n\r\n\r\n\r\n<div id=\"ez-toc-container\" class=\"ez-toc-v2_0_82_2 ez-toc-wrap-left counter-hierarchy ez-toc-counter ez-toc-transparent ez-toc-container-direction\">\n<div class=\"ez-toc-title-container\">\n<p class=\"ez-toc-title\" style=\"cursor:inherit\">Sections<\/p>\n<span class=\"ez-toc-title-toggle\"><a href=\"#\" class=\"ez-toc-pull-right ez-toc-btn ez-toc-btn-xs ez-toc-btn-default ez-toc-toggle\" aria-label=\"Toggle Table des mati\u00e8res\"><span class=\"ez-toc-js-icon-con\"><span class=\"\"><span class=\"eztoc-hide\" style=\"display:none;\">Toggle<\/span><span class=\"ez-toc-icon-toggle-span\"><svg style=\"fill: #999;color:#999\" xmlns=\"http:\/\/www.w3.org\/2000\/svg\" class=\"list-377408\" width=\"20px\" height=\"20px\" viewbox=\"0 0 24 24\" fill=\"none\"><path d=\"M6 6H4v2h2V6zm14 0H8v2h12V6zM4 11h2v2H4v-2zm16 0H8v2h12v-2zM4 16h2v2H4v-2zm16 0H8v2h12v-2z\" fill=\"currentColor\"><\/path><\/svg><svg style=\"fill: #999;color:#999\" class=\"arrow-unsorted-368013\" xmlns=\"http:\/\/www.w3.org\/2000\/svg\" width=\"10px\" height=\"10px\" viewbox=\"0 0 24 24\" version=\"1.2\" baseprofile=\"tiny\"><path d=\"M18.2 9.3l-6.2-6.3-6.2 6.3c-.2.2-.3.4-.3.7s.1.5.3.7c.2.2.4.3.7.3h11c.3 0 .5-.1.7-.3.2-.2.3-.5.3-.7s-.1-.5-.3-.7zM5.8 14.7l6.2 6.3 6.2-6.3c.2-.2.3-.5.3-.7s-.1-.5-.3-.7c-.2-.2-.4-.3-.7-.3h-11c-.3 0-.5.1-.7.3-.2.2-.3.5-.3.7s.1.5.3.7z\"\/><\/svg><\/span><\/span><\/span><\/a><\/span><\/div>\n<nav><ul class='ez-toc-list ez-toc-list-level-1 eztoc-toggle-hide-by-default' ><li class='ez-toc-page-1 ez-toc-heading-level-2'><a class=\"ez-toc-link ez-toc-heading-1\" href=\"https:\/\/moverdb.com\/fr\/u-haul-cost\/#How_Much_Does_U-Haul_Cost\" >Combien co\u00fbte U-Haul ?<\/a><\/li><li class='ez-toc-page-1 ez-toc-heading-level-2'><a class=\"ez-toc-link ez-toc-heading-2\" href=\"https:\/\/moverdb.com\/fr\/u-haul-cost\/#What_Affects_the_Cost_of_U-Haul\" >Qu'est-ce qui influe sur le co\u00fbt de U-Haul ?<\/a><\/li><li class='ez-toc-page-1 ez-toc-heading-level-2'><a class=\"ez-toc-link ez-toc-heading-3\" href=\"https:\/\/moverdb.com\/fr\/u-haul-cost\/#How_Can_I_Save_Money_on_U-Haul\" >Comment puis-je \u00e9conomiser de l'argent sur U-Haul ?<\/a><\/li><li class='ez-toc-page-1 ez-toc-heading-level-2'><a class=\"ez-toc-link ez-toc-heading-4\" href=\"https:\/\/moverdb.com\/fr\/u-haul-cost\/#Whats_Involved_in_Hiring_a_U-Haul\" >Qu'implique la location d'un v\u00e9hicule utilitaire ?<\/a><\/li><li class='ez-toc-page-1 ez-toc-heading-level-2'><a class=\"ez-toc-link ez-toc-heading-5\" href=\"https:\/\/moverdb.com\/fr\/u-haul-cost\/#Is_a_U-Haul_the_Best_Choice_for_Me\" >La remorque est-elle le meilleur choix pour moi ?<\/a><\/li><li class='ez-toc-page-1 ez-toc-heading-level-2'><a class=\"ez-toc-link ez-toc-heading-6\" href=\"https:\/\/moverdb.com\/fr\/u-haul-cost\/#Final_Checklist\" >Liste de contr\u00f4le finale<\/a><\/li><li class='ez-toc-page-1 ez-toc-heading-level-2'><a class=\"ez-toc-link ez-toc-heading-7\" href=\"https:\/\/moverdb.com\/fr\/u-haul-cost\/#Frequently_Asked_Questions\" >Questions fr\u00e9quemment pos\u00e9es<\/a><ul class='ez-toc-list-level-3' ><li class='ez-toc-heading-level-3'><a class=\"ez-toc-link ez-toc-heading-8\" href=\"https:\/\/moverdb.com\/fr\/u-haul-cost\/#How_Do_I_Reserve_a_U-Haul_Truck\" >Comment r\u00e9server un camion U-Haul ?<\/a><\/li><li class='ez-toc-page-1 ez-toc-heading-level-3'><a class=\"ez-toc-link ez-toc-heading-9\" href=\"https:\/\/moverdb.com\/fr\/u-haul-cost\/#What_Do_I_Need_to_Bring_for_Pickup\" >Que dois-je apporter pour l'enl\u00e8vement ?<\/a><\/li><li class='ez-toc-page-1 ez-toc-heading-level-3'><a class=\"ez-toc-link ez-toc-heading-10\" href=\"https:\/\/moverdb.com\/fr\/u-haul-cost\/#Can_I_Extend_My_Rental_Period\" >Puis-je prolonger ma p\u00e9riode de location ?<\/a><\/li><li class='ez-toc-page-1 ez-toc-heading-level-3'><a class=\"ez-toc-link ez-toc-heading-11\" href=\"https:\/\/moverdb.com\/fr\/u-haul-cost\/#What_Should_I_Do_if_I_Encounter_Issues_During_the_Rental\" >Que dois-je faire si je rencontre des probl\u00e8mes pendant la location ?<\/a><\/li><\/ul><\/li><\/ul><\/nav><\/div>\n<h2 class=\"wp-block-heading\"><span class=\"ez-toc-section\" id=\"How_Much_Does_U-Haul_Cost\"><\/span><strong>Combien co\u00fbte U-Haul ?<\/strong><span class=\"ez-toc-section-end\"><\/span><\/h2>\r\n\r\n\r\n\r\n<p>U-Haul, un nom bien connu dans le secteur du d\u00e9m\u00e9nagement, propose des services de d\u00e9m\u00e9nagement par conteneurs ainsi que la location de v\u00e9hicules. Bien qu'il soit associ\u00e9 \u00e0 la location traditionnelle de camions, son service de conteneurs offre une solution alternative au d\u00e9m\u00e9nagement.<\/p>\r\n\r\n\r\n\r\n<p>La reconnaissance de la marque U-Haul et sa disponibilit\u00e9 \u00e0 l'\u00e9chelle nationale contribuent \u00e0 son prix plus \u00e9lev\u00e9 que celui de ses concurrents. Pour commencer, examinons le co\u00fbt moyen d'une location U-Haul.<\/p>\r\n\r\n\r\n\n<table id=\"tablepress-360\" class=\"tablepress tablepress-id-360\">\n<thead>\n<tr class=\"row-1\">\n\t<th class=\"column-1\">Distance<\/th><th class=\"column-2\">Co\u00fbt estim\u00e9<\/th>\n<\/tr>\n<\/thead>\n<tbody class=\"row-striping row-hover\">\n<tr class=\"row-2\">\n\t<td class=\"column-1\">50 milles<\/td><td class=\"column-2\">$25 + $0,99 par kilom\u00e8tre<\/td>\n<\/tr>\n<tr class=\"row-3\">\n\t<td class=\"column-1\">450 milles<\/td><td class=\"column-2\">$600+<\/td>\n<\/tr>\n<tr class=\"row-4\">\n\t<td class=\"column-1\">1 000+ miles<\/td><td class=\"column-2\">$1,600 \u00e0 $2,300+<\/td>\n<\/tr>\n<\/tbody>\n<\/table>\n<!-- #tablepress-360 from cache -->\n\r\n\r\n\r\n<p>Pour un court trajet de 50 miles, le co\u00fbt est d'environ $25 pour la location et $0,99 par mile. Les trajets plus longs, de plus de 1 000 miles, peuvent co\u00fbter de 1 600 \u00e0 2 300 TTP en fonction de la distance totale parcourue.<\/p>\r\n\r\n\r\n\r\n<p>Pour notre comparaison des co\u00fbts, nous examinerons diff\u00e9rents fournisseurs de location de v\u00e9hicules de bricolage et d'unit\u00e9s de stockage afin de comparer leurs prix et de vous donner une id\u00e9e pr\u00e9cise du type de co\u00fbts que vous rencontrerez lorsque vous chercherez \u00e0 faire appel \u00e0 des services de d\u00e9m\u00e9nagement.<\/p>\r\n\r\n\r\n\n<table id=\"tablepress-359\" class=\"tablepress tablepress-id-359\">\n<thead>\n<tr class=\"row-1\">\n\t<th class=\"column-1\">Prestataire de services<\/th><th class=\"column-2\">Prix moyen de location d'un conteneur\/v\u00e9hicule<\/th>\n<\/tr>\n<\/thead>\n<tbody class=\"row-striping row-hover\">\n<tr class=\"row-2\">\n\t<td class=\"column-1\">PODS<\/td><td class=\"column-2\">$6, 100+<\/td>\n<\/tr>\n<tr class=\"row-3\">\n\t<td class=\"column-1\">U-Pack<\/td><td class=\"column-2\">$3,000+<\/td>\n<\/tr>\n<tr class=\"row-4\">\n\t<td class=\"column-1\">1-800-PACK-RAT<\/td><td class=\"column-2\">$3,000+<\/td>\n<\/tr>\n<tr class=\"row-5\">\n\t<td class=\"column-1\">zippyshell<\/td><td class=\"column-2\">$2, 900+<\/td>\n<\/tr>\n<tr class=\"row-6\">\n\t<td class=\"column-1\">U-Haul<\/td><td class=\"column-2\">$3,500+<\/td>\n<\/tr>\n<tr class=\"row-7\">\n\t<td class=\"column-1\">SMARTBOX<\/td><td class=\"column-2\">$3, 100+<\/td>\n<\/tr>\n<tr class=\"row-8\">\n\t<td class=\"column-1\">U-Box<\/td><td class=\"column-2\">$3 700+ (location du v\u00e9hicule et bo\u00eete comprise)<\/td>\n<\/tr>\n<\/tbody>\n<\/table>\n<!-- #tablepress-359 from cache -->\n\r\n\r\n\r\n<p>La fourchette de prix des autres fournisseurs s'\u00e9tend de $2.900 au plus bas \u00e0 $6.100+ au plus haut de l'\u00e9chelle.<\/p>\r\n\r\n\r\n\r\n<h2 class=\"wp-block-heading\"><span class=\"ez-toc-section\" id=\"What_Affects_the_Cost_of_U-Haul\"><\/span><strong>Qu'est-ce qui influe sur le co\u00fbt de U-Haul ?<\/strong><span class=\"ez-toc-section-end\"><\/span><\/h2>\r\n\r\n\r\n\r\n<p>Maintenant que nous connaissons certains des prix associ\u00e9s \u00e0 la location d'un v\u00e9hicule U-Haul, examinons les moyens d'influer sur les co\u00fbts afin d'\u00eatre au courant des faits avant de se lancer.<\/p>\r\n\r\n\r\n\r\n<p><strong>Distance du d\u00e9placement<\/strong><\/p>\r\n\r\n\r\n\r\n<p>Comme on peut s'y attendre, la distance que vous pr\u00e9voyez de parcourir avec le camion U-Haul lou\u00e9 influe consid\u00e9rablement sur le co\u00fbt. Les longues distances entra\u00eenent g\u00e9n\u00e9ralement des tarifs de location plus \u00e9lev\u00e9s en raison de l'augmentation de la consommation d'essence et de l'usure du v\u00e9hicule.<\/p>\r\n\r\n\r\n\r\n<p><strong>Taille et type de camion<\/strong><\/p>\r\n\r\n\r\n\r\n<p>La taille et le type de camion U-Haul que vous choisissez influencent le co\u00fbt de la location. Les camions plus grands, avec plus d'espace de chargement, ont g\u00e9n\u00e9ralement un prix de location plus \u00e9lev\u00e9 que les camions plus petits.<\/p>\r\n\r\n\r\n\r\n<p><strong>Dur\u00e9e de la location<\/strong><\/p>\r\n\r\n\r\n\r\n<p>La dur\u00e9e pendant laquelle vous avez besoin du camion U-Haul joue un r\u00f4le dans les co\u00fbts associ\u00e9s, car les p\u00e9riodes de location plus longues entra\u00eenent des frais globaux plus \u00e9lev\u00e9s. U-Haul propose des options de location pour diff\u00e9rentes dur\u00e9es, de quelques heures \u00e0 plusieurs jours, ce qui vous permet de trouver un service adapt\u00e9 \u00e0 votre situation personnelle.<\/p>\r\n\r\n\r\n\r\n<p><strong>Accessoires et compl\u00e9ments pour le d\u00e9m\u00e9nagement<\/strong><\/p>\r\n\r\n\r\n\r\n<p>La s\u00e9lection de services et d'accessoires de d\u00e9m\u00e9nagement suppl\u00e9mentaires, tels que des fournitures d'emballage, des chariots et des coussins pour meubles, peut augmenter le co\u00fbt de la location. Ces extras peuvent contribuer \u00e0 rationaliser votre d\u00e9m\u00e9nagement, mais ils risquent d'augmenter les d\u00e9penses.<\/p>\r\n\r\n\r\n\r\n<p><strong>Lieux de ramassage et de d\u00e9p\u00f4t<\/strong><\/p>\r\n\r\n\r\n\r\n<p>Les lieux de prise en charge et de restitution de la location U-Haul influencent le co\u00fbt, car les tarifs de location peuvent varier en fonction de la demande et de la disponibilit\u00e9 des camions \u00e0 des endroits sp\u00e9cifiques. Les tarifs peuvent \u00e9galement diff\u00e9rer selon qu'il s'agit d'un aller simple ou d'une location locale, ce qu'il est important de prendre en compte.<\/p>\r\n\r\n\r\n\r\n<h2 class=\"wp-block-heading\"><span class=\"ez-toc-section\" id=\"How_Can_I_Save_Money_on_U-Haul\"><\/span><strong>Comment puis-je \u00e9conomiser de l'argent sur U-Haul ?<\/strong><span class=\"ez-toc-section-end\"><\/span><\/h2>\r\n\r\n\r\n\r\n<figure class=\"wp-block-image size-full\"><img loading=\"lazy\" decoding=\"async\" width=\"1000\" height=\"667\" src=\"https:\/\/moverdb.com\/wp-content\/uploads\/u-haul-moving-2.jpg\" alt=\"\" class=\"wp-image-11041\" srcset=\"https:\/\/moverdb.com\/wp-content\/uploads\/u-haul-moving-2.jpg 1000w, https:\/\/moverdb.com\/wp-content\/uploads\/u-haul-moving-2-300x200.jpg 300w, https:\/\/moverdb.com\/wp-content\/uploads\/u-haul-moving-2-18x12.jpg 18w, https:\/\/moverdb.com\/wp-content\/uploads\/u-haul-moving-2-600x400.jpg 600w\" sizes=\"auto, (max-width: 1000px) 100vw, 1000px\" \/><\/figure>\r\n\r\n\r\n\r\n<p>Nous connaissons maintenant les raisons pour lesquelles les prix des U-Hauls peuvent augmenter - alors controns cela avec quelques astuces astucieuses pour ma\u00eetriser vos d\u00e9penses.<\/p>\r\n\r\n\r\n\r\n<p>Dans la mesure du possible, optez pour un camion plus petit, car le choix d'une taille de camion adapt\u00e9e \u00e0 vos biens, sans espace excessif, peut permettre de r\u00e9duire les co\u00fbts de location. Les camions plus petits sont g\u00e9n\u00e9ralement propos\u00e9s \u00e0 des tarifs de location plus abordables.<\/p>\r\n\r\n\r\n\r\n<p>Si vous louez en fonction du kilom\u00e9trage, planifiez l'itin\u00e9raire le plus efficace jusqu'\u00e0 votre destination afin de minimiser la distance parcourue. \u00c9vitez les d\u00e9tours et les kilom\u00e8tres inutiles afin de ma\u00eetriser les co\u00fbts.<\/p>\r\n\r\n\r\n\r\n<p>De m\u00eame, choisissez une dur\u00e9e de location adapt\u00e9e \u00e0 vos besoins. Si vous pouvez effectuer votre d\u00e9m\u00e9nagement dans un d\u00e9lai plus court, vous paierez moins de frais de location - mais faites attention \u00e0 votre emploi du temps et \u00e0 tout exc\u00e8s d'optimisme, car les frais de retard peuvent \u00eatre aussi pr\u00e9judiciables qu'une p\u00e9riode de location prolong\u00e9e.<\/p>\r\n\r\n\r\n\r\n<p>D\u00e9m\u00e9nager pendant les saisons creuses ou en semaine peut permettre de b\u00e9n\u00e9ficier de tarifs de location moins \u00e9lev\u00e9s. Dans la mesure du possible, \u00e9vitez les week-ends et les mois de forte affluence, comme l'\u00e9t\u00e9, pour b\u00e9n\u00e9ficier de tarifs potentiellement r\u00e9duits.<\/p>\r\n\r\n\r\n\r\n<p>Enfin, bien que U-Haul propose divers accessoires et compl\u00e9ments pour les d\u00e9m\u00e9nagements, ne choisissez que ce qui vous convient. <em>vraiment<\/em> besoin. Le fait de renoncer \u00e0 des extras inutiles, comme des \u00e9quipements sp\u00e9cialis\u00e9s, peut contribuer \u00e0 r\u00e9duire votre co\u00fbt global.<\/p>\r\n\r\n\r\n\r\n<h2 class=\"wp-block-heading\"><span class=\"ez-toc-section\" id=\"Whats_Involved_in_Hiring_a_U-Haul\"><\/span><strong>Qu'est-ce qui est impliqu\u00e9 dans<\/strong> Louer un v\u00e9hicule utilitaire ?<span class=\"ez-toc-section-end\"><\/span><\/h2>\r\n\r\n\r\n\r\n<figure class=\"wp-block-image size-full\"><img loading=\"lazy\" decoding=\"async\" width=\"1000\" height=\"654\" src=\"https:\/\/moverdb.com\/wp-content\/uploads\/u-haul-moving-3.jpg\" alt=\"\" class=\"wp-image-11042\" srcset=\"https:\/\/moverdb.com\/wp-content\/uploads\/u-haul-moving-3.jpg 1000w, https:\/\/moverdb.com\/wp-content\/uploads\/u-haul-moving-3-300x196.jpg 300w, https:\/\/moverdb.com\/wp-content\/uploads\/u-haul-moving-3-18x12.jpg 18w, https:\/\/moverdb.com\/wp-content\/uploads\/u-haul-moving-3-600x392.jpg 600w\" sizes=\"auto, (max-width: 1000px) 100vw, 1000px\" \/><\/figure>\r\n\r\n\r\n\r\n<p>La premi\u00e8re \u00e9tape de la location d'un U-Haul est peut-\u00eatre la plus difficile : vous devez d\u00e9terminer la taille du camion qui convient \u00e0 vos biens et calculer la distance que vous allez parcourir.<\/p>\r\n\r\n\r\n\r\n<p>Une fois que vous avez fait votre choix, vous pouvez r\u00e9server le camion U-Haul en ligne ou par t\u00e9l\u00e9phone, en sp\u00e9cifiant le lieu de prise en charge, la dur\u00e9e de la location et le lieu de restitution.<\/p>\r\n\r\n\r\n\r\n<p>Le jour pr\u00e9vu pour l'enl\u00e8vement, rendez-vous \u00e0 l'agence U-Haul choisie pour r\u00e9cup\u00e9rer le camion de location, en veillant \u00e0 vous munir d'un permis de conduire valide et du mode de paiement que vous avez utilis\u00e9 pour la r\u00e9servation. Apr\u00e8s avoir rempli les formalit\u00e9s administratives, on vous remettra les cl\u00e9s de votre camion U-Haul.<\/p>\r\n\r\n\r\n\r\n<p>De l\u00e0, vous pouvez charger vos biens, conduire jusqu'\u00e0 votre destination et d\u00e9charger \u00e0 votre convenance. Une fois que vous avez fini d'utiliser le camion, il vous suffit de le restituer au lieu de d\u00e9p\u00f4t d\u00e9sign\u00e9 pendant la p\u00e9riode de location convenue.<\/p>\r\n\r\n\r\n\r\n<h2 class=\"wp-block-heading\"><span class=\"ez-toc-section\" id=\"Is_a_U-Haul_the_Best_Choice_for_Me\"><\/span><strong>La remorque est-elle le meilleur choix pour moi ?<\/strong><span class=\"ez-toc-section-end\"><\/span><\/h2>\r\n\r\n\r\n\r\n<p>Il peut \u00eatre tentant d'opter pour un d\u00e9m\u00e9nagement avec services complets afin d'\u00e9viter de devoir soulever des charges lourdes et de conduire \u00e0 l'aller et au retour de votre nouvelle et ancienne maison.<\/p>\r\n\r\n\r\n\n<table id=\"tablepress-344\" class=\"tablepress tablepress-id-344\">\n<thead>\n<tr class=\"row-1\">\n\t<th class=\"column-1\">Avantages de U-Haul<\/th><th class=\"column-2\">Inconv\u00e9nients de U-Haul<\/th>\n<\/tr>\n<\/thead>\n<tbody class=\"row-striping row-hover\">\n<tr class=\"row-2\">\n\t<td class=\"column-1\">Flexibilit\u00e9 en ce qui concerne les horaires et le calendrier des d\u00e9m\u00e9nagements<\/td><td class=\"column-2\">Intensif en main-d'\u0153uvre - vous devez conduire, charger et d\u00e9charger vous-m\u00eame.<\/td>\n<\/tr>\n<tr class=\"row-3\">\n\t<td class=\"column-1\">Moins cher que les options traditionnelles de d\u00e9m\u00e9nagement avec services complets<\/td><td class=\"column-2\">Vous \u00eates responsable de l'assurance pendant le voyage<\/td>\n<\/tr>\n<tr class=\"row-4\">\n\t<td class=\"column-1\">Vous pouvez garder un \u0153il sur vos biens pendant le processus de d\u00e9m\u00e9nagement.<\/td><td class=\"column-2\">Le v\u00e9hicule peut \u00eatre endommag\u00e9 pendant le d\u00e9m\u00e9nagement et vous devrez le r\u00e9parer.<\/td>\n<\/tr>\n<\/tbody>\n<\/table>\n<!-- #tablepress-344 from cache -->\n\r\n\r\n\r\n<p>Le premier avantage de la location d'un U-Haul est tout simplement le contr\u00f4le accru qu'elle vous permet d'exercer sur vos d\u00e9penses. Vous pouvez choisir la taille du camion qui convient \u00e0 vos biens, s\u00e9lectionner la dur\u00e9e de la location et d\u00e9cider d'ajouter ou non des services ou des accessoires suppl\u00e9mentaires.<\/p>\r\n\r\n\r\n\r\n<p>Cependant, le chargement et le d\u00e9chargement de meubles et d'objets lourds peuvent \u00eatre physiquement \u00e9prouvants. Si vous n'\u00eates pas \u00e0 l'aise pour soulever et porter, ou si vous avez besoin d'une assistance professionnelle, vous devrez peut-\u00eatre faire appel \u00e0 une aide suppl\u00e9mentaire.<\/p>\r\n\r\n\r\n\r\n<h2 class=\"wp-block-heading\"><span class=\"ez-toc-section\" id=\"Final_Checklist\"><\/span><strong>Liste de contr\u00f4le finale<\/strong><span class=\"ez-toc-section-end\"><\/span><\/h2>\r\n\r\n\r\n\r\n<p>Si vous pensez qu'il est pr\u00e9f\u00e9rable de faire les choses vous-m\u00eame et d'utiliser une remorque, prenez note de notre liste de contr\u00f4le finale pour vous assurer que tout est en ordre au moment de votre grand d\u00e9m\u00e9nagement.<\/p>\r\n\r\n\r\n\r\n<ul class=\"wp-block-list\">\r\n<li>D\u00e9terminez si vous souhaitez l'aide d'une \u00e9quipe de d\u00e9m\u00e9nageurs offrant des services complets ou si vous pr\u00e9f\u00e9rez vous lancer dans le bricolage.<\/li>\r\n\r\n\r\n\r\n<li>Examinez vos biens - pouvez-vous les r\u00e9duire avant de r\u00e9server votre v\u00e9hicule utilitaire pour \u00e9conomiser de l'argent ?<\/li>\r\n\r\n\r\n\r\n<li>D\u00e9couvrez la gamme de v\u00e9hicules et choisissez celui qui convient \u00e0 votre volume de chargement et \u00e0 vos besoins.<\/li>\r\n\r\n\r\n\r\n<li>Avez-vous besoin de services suppl\u00e9mentaires ? N'oubliez pas de les ajouter avant de r\u00e9server<\/li>\r\n\r\n\r\n\r\n<li>V\u00e9rifiez vos dates et r\u00e9servez votre d\u00e9m\u00e9nagement !<\/li>\r\n<\/ul>\r\n\r\n\r\n\r\n<h2 class=\"wp-block-heading\"><span class=\"ez-toc-section\" id=\"Frequently_Asked_Questions\"><\/span><strong>Questions fr\u00e9quemment pos\u00e9es<\/strong><span class=\"ez-toc-section-end\"><\/span><\/h2>\r\n\r\n\r\n<div id=\"rank-math-faq\" class=\"rank-math-block\">\n<div class=\"rank-math-list\">\n<div id=\"faq-question-1692200957678\" class=\"rank-math-list-item\">\n<h3 class=\"rank-math-question\"><span class=\"ez-toc-section\" id=\"How_Do_I_Reserve_a_U-Haul_Truck\"><\/span><strong>Comment r\u00e9server un camion U-Haul ?<\/strong><span class=\"ez-toc-section-end\"><\/span><\/h3>\n<div class=\"rank-math-answer\">\n\n<p>Vous pouvez facilement r\u00e9server un camion U-Haul en ligne en visitant le site web de U-Haul ou en utilisant leur application. Il vous suffit d'indiquer votre lieu, la date de location et vos pr\u00e9f\u00e9rences en mati\u00e8re de taille de camion pour commencer. <\/p>\n<p>Vous pouvez \u00e9galement appeler le service client\u00e8le de U-Haul pour effectuer une r\u00e9servation par t\u00e9l\u00e9phone et discuter des d\u00e9tails de la r\u00e9servation.<\/p>\n\n<\/div>\n<\/div>\n<div id=\"faq-question-1692201036551\" class=\"rank-math-list-item\">\n<h3 class=\"rank-math-question\"><span class=\"ez-toc-section\" id=\"What_Do_I_Need_to_Bring_for_Pickup\"><\/span><strong>Que dois-je apporter pour l'enl\u00e8vement ?<\/strong><span class=\"ez-toc-section-end\"><\/span><\/h3>\n<div class=\"rank-math-answer\">\n\n<p>Lors de la prise en charge de votre camion U-Haul, munissez-vous d'un permis de conduire valide et du mode de paiement utilis\u00e9 pour la r\u00e9servation. Votre unit\u00e9 de location peut exiger une pi\u00e8ce d'identit\u00e9 suppl\u00e9mentaire, il est donc pr\u00e9f\u00e9rable de v\u00e9rifier au cas par cas aupr\u00e8s de votre fournisseur.<\/p>\n\n<\/div>\n<\/div>\n<div id=\"faq-question-1692201050762\" class=\"rank-math-list-item\">\n<h3 class=\"rank-math-question\"><span class=\"ez-toc-section\" id=\"Can_I_Extend_My_Rental_Period\"><\/span><strong>Puis-je prolonger ma p\u00e9riode de location ?<\/strong><span class=\"ez-toc-section-end\"><\/span><\/h3>\n<div class=\"rank-math-answer\">\n\n<p>Oui, vous pouvez prolonger votre p\u00e9riode de location si n\u00e9cessaire. Contactez le service client\u00e8le de U-Haul ou rendez-vous dans un centre de location local pour discuter de la prolongation et prendre les dispositions n\u00e9cessaires. <\/p>\n<p>N'oubliez pas que des frais de location suppl\u00e9mentaires peuvent s'appliquer pour la p\u00e9riode prolong\u00e9e.<\/p>\n\n<\/div>\n<\/div>\n<div id=\"faq-question-1692201063702\" class=\"rank-math-list-item\">\n<h3 class=\"rank-math-question\"><span class=\"ez-toc-section\" id=\"What_Should_I_Do_if_I_Encounter_Issues_During_the_Rental\"><\/span><strong>Que dois-je faire si je rencontre des probl\u00e8mes pendant la location ?<\/strong><span class=\"ez-toc-section-end\"><\/span><\/h3>\n<div class=\"rank-math-answer\">\n\n<p>Si vous rencontrez des probl\u00e8mes avec votre camion U-Haul pendant la location, tels que des probl\u00e8mes m\u00e9caniques ou des questions sur l'\u00e9quipement, contactez l'assistance routi\u00e8re ou le service client\u00e8le de U-Haul pour obtenir des conseils et de l'aide.<\/p>\n<p>Ils vous aideront \u00e0 r\u00e9soudre les probl\u00e8mes que vous rencontrez lors de l'utilisation du camion de location.<\/p>\n\n<\/div>\n<\/div>\n<\/div>\n<\/div>","protected":false},"excerpt":{"rendered":"<p>U-Haul remains a popular choice among DIY movers, but how much does it actually cost? In this article, we\u2019ll dissect the pricing models of U-Haul, looking at the various factors that contribute to the overall cost &#8211; and leave you with all-important, cost-effective moving tips. Our guide will cover the following: If you fancy keeping [&hellip;]<\/p>\n","protected":false},"author":1,"featured_media":0,"parent":0,"menu_order":0,"comment_status":"closed","ping_status":"closed","template":"","meta":{"_genesis_hide_title":false,"_genesis_hide_breadcrumbs":false,"_genesis_hide_singular_image":false,"_genesis_hide_footer_widgets":false,"_genesis_custom_body_class":"","_genesis_custom_post_class":"","_genesis_layout":"","footnotes":""},"class_list":{"0":"post-17398","1":"page","2":"type-page","3":"status-publish","5":"entry"},"_links":{"self":[{"href":"https:\/\/moverdb.com\/fr\/wp-json\/wp\/v2\/pages\/17398","targetHints":{"allow":["GET"]}}],"collection":[{"href":"https:\/\/moverdb.com\/fr\/wp-json\/wp\/v2\/pages"}],"about":[{"href":"https:\/\/moverdb.com\/fr\/wp-json\/wp\/v2\/types\/page"}],"author":[{"embeddable":true,"href":"https:\/\/moverdb.com\/fr\/wp-json\/wp\/v2\/users\/1"}],"replies":[{"embeddable":true,"href":"https:\/\/moverdb.com\/fr\/wp-json\/wp\/v2\/comments?post=17398"}],"version-history":[{"count":1,"href":"https:\/\/moverdb.com\/fr\/wp-json\/wp\/v2\/pages\/17398\/revisions"}],"predecessor-version":[{"id":17399,"href":"https:\/\/moverdb.com\/fr\/wp-json\/wp\/v2\/pages\/17398\/revisions\/17399"}],"wp:attachment":[{"href":"https:\/\/moverdb.com\/fr\/wp-json\/wp\/v2\/media?parent=17398"}],"curies":[{"name":"wp","href":"https:\/\/api.w.org\/{rel}","templated":true}]}}