{"id":1684,"date":"2017-02-23T19:16:05","date_gmt":"2017-02-23T19:16:05","guid":{"rendered":"http:\/\/moverdb.com\/?page_id=1684"},"modified":"2026-01-08T14:45:54","modified_gmt":"2026-01-08T14:45:54","slug":"1-800-pack-rat","status":"publish","type":"page","link":"https:\/\/moverdb.com\/fr\/1-800-pack-rat\/","title":{"rendered":"1-800-Pack-Rat - Avis sur les d\u00e9m\u00e9nagements internationaux"},"content":{"rendered":"<p>1-800-Pack-Rat offre \u00e0 ses clients une option facile lorsqu'il s'agit de d\u00e9m\u00e9nager. Les d\u00e9tails sont \u00e9num\u00e9r\u00e9s ci-dessous, ainsi qu'un profil de l'entreprise et des critiques.<\/p>\n<p><strong>D\u00e9m\u00e9nagements locaux et longue distance<\/strong><\/p>\n<ul>\n<li> Livrer le conteneur au moins 30 jours avant le d\u00e9m\u00e9nagement<\/li>\n<li> Emballez vous-m\u00eame votre conteneur ou faites appel \u00e0 des emballeurs professionnels<\/li>\n<li> Verrouillage gratuit du conteneur sans coupure<\/li>\n<li> Protection du contenu gratuite $10 000<\/li>\n<li> Possibilit\u00e9 de stockage long et court<\/li>\n<li> Collecte et livraison des conteneurs \u00e0 destination<\/li>\n<\/ul>\n<p><strong>Mouvements militaires<\/strong><\/p>\n<ul>\n<li> Le personnel militaire peut choisir un d\u00e9m\u00e9nagement achet\u00e9 personnellement (PPM).<\/li>\n<li> Le gouvernement remboursera \u00e0 95% les frais professionnels de <a href=\"https:\/\/moverdb.com\/fr\/frais-de-demenagement\/\">co\u00fbts de d\u00e9m\u00e9nagement<\/a><\/li>\n<li> Conteneur livr\u00e9 \u00e0 la porte<\/li>\n<li> 30 jours ou plus pour emballer<\/li>\n<li> <a href=\"https:\/\/moverdb.com\/fr\/expedition-par-conteneur\/\">Transport par conteneurs<\/a> vers un nouvel emplacement<\/li>\n<\/ul>\n<p><strong>Stockage<\/strong><\/p>\n<ul>\n<li> Vid\u00e9osurveillance 24\/7<\/li>\n<li> Arroseurs automatiques<\/li>\n<li> Climat contr\u00f4l\u00e9<\/li>\n<li> Acc\u00e8s facile sur le site<\/li>\n<li> Livraison sans tracas<\/li>\n<\/ul>\n<p><strong>Utilisation des conteneurs<\/strong><\/p>\n<ul>\n<li> Restauration et assainissement<\/li>\n<li> Services aux entrepreneurs<\/li>\n<li> Stockage saisonnier<\/li>\n<li> Services immobiliers<\/li>\n<li> Aide en cas de catastrophe<\/li>\n<li> Stockage des \u00e9v\u00e9nements<\/li>\n<li> Stockage au d\u00e9tail et commercial<\/li>\n<li> Compagnies d'assurance<\/li>\n<li> D\u00e9m\u00e9nagement d'entreprise ou militaire<\/li>\n<li> Solutions de fret et de logistique<\/li>\n<\/ul>\n<h2>Profil de l'entreprise 1-800-Pack-Rat<\/h2>\n<p>1-800-Pack-Rat dispose de nombreuses installations dans les pays suivants <a href=\"https:\/\/moverdb.com\/fr\/moving-to-the-united-states\/\" data-internallinksmanager029f6b8e52c=\"94\" title=\"Vous partez aux \u00c9tats-Unis ? 2026 Co\u00fbt de la vie et conseils de relocalisation\">\u00c9tats-Unis<\/a> et <a href=\"https:\/\/moverdb.com\/fr\/moving-to-canada\/\" data-internallinksmanager029f6b8e52c=\"265\" title=\"D\u00e9m\u00e9nager au Canada ? 2026 Co\u00fbt de la vie et conseils de relocalisation\">Canada<\/a>. L'entreprise a plus de 10 ans d'exp\u00e9rience dans le stockage et le d\u00e9m\u00e9nagement de personnes et d'entreprises au niveau local et \u00e0 longue distance.<\/p>\n<p>1-800-Pack-Rat poss\u00e8de les accr\u00e9ditations et affiliations suivantes :<\/p>\n<ul>\n<li> Aucun ne figure sur le site web, bien que le <a href=\"https:\/\/moverdb.com\/fr\/je-suis\/\" target=\"_blank\" rel=\"noopener\">Association internationale des d\u00e9m\u00e9nageurs<\/a> les r\u00e9pertorie dans leur annuaire des membres.<\/li>\n<\/ul>\n<h2>Critiques de 1-800-Pack-Rat<\/h2>\n<p><strong>Positif :<\/strong><\/p>\n<ul>\n<li> <em>\"C'\u00e9tait merveilleux de ne pas avoir \u00e0 se soucier de cet aspect de notre d\u00e9m\u00e9nagement. Toute l'exp\u00e9rience, depuis mon appel initial jusqu'\u00e0 l'obtention de devis comp\u00e9titifs, en passant par la programmation en ligne, le paiement automatique et le contact avec le personnel comp\u00e9tent et amical lorsque j'avais des questions, a \u00e9t\u00e9 sans stress. Je n'ai pas fini de d\u00e9baller mes affaires, mais pour l'instant, je suis content qu'elles soient arriv\u00e9es saines et sauves.\"<\/em> - Heather via <a href=\"https:\/\/www.1800packrat.com\/reviews\" target=\"_blank\" rel=\"noopener\">t\u00e9moignage d'un client<\/a><\/li>\n<li> <em>\"Nous avons d\u00e9m\u00e9nag\u00e9 tous nos biens avec 1-800-PACK-RAT et l'exp\u00e9rience a \u00e9t\u00e9 formidable. Ils \u00e9taient disponibles pour r\u00e9pondre \u00e0 nos questions, m\u00eame la nuit, et \u00e9taient polis et sympathiques. Ils ont respect\u00e9 tous les d\u00e9lais, nous ont permis d'emballer nous-m\u00eames nos affaires sur quelques jours, puis, dans les 10 jours, les ont transport\u00e9es \u00e0 notre nouvel emplacement.\"<\/em> - via <a href=\"https:\/\/uk.trustpilot.com\/reviews\/58acb46d883cc60a283ce37e\" target=\"_blank\" rel=\"noopener\">TrustPilot<\/a><\/li>\n<li> <em>\"J'ai r\u00e9cemment d\u00e9m\u00e9nag\u00e9 d'une ville \u00e0 l'autre. <a href=\"https:\/\/moverdb.com\/fr\/moving-to-the-united-states\/moving-to-california\/\" data-internallinksmanager029f6b8e52c=\"330\" title=\"D\u00e9m\u00e9nager en Californie ? 2026 Co\u00fbts de la vie et conseils de relocalisation\">Californie<\/a> \u00e0 <a href=\"https:\/\/moverdb.com\/fr\/moving-to-the-united-states\/moving-to-florida\/\" data-internallinksmanager029f6b8e52c=\"331\" title=\"D\u00e9m\u00e9nager en Floride ? 2026 Co\u00fbts de la vie et conseils de relocalisation\">Floride<\/a> en utilisant le service de stockage Pack Rat. Et je les utiliserai \u00e0 nouveau, ils \u00e9taient \u00e0 l'heure du d\u00e9p\u00f4t \u00e0 la livraison et Pack Rat \u00e9tait moins cher que PODS\".<\/em> - Paul via <a href=\"https:\/\/www.yelp.co.uk\/biz\/1-800-pack-rat-tampa?hrid=sQKUV3MPkChipe8OJiZIcQ&#038;utm_campaign=www_review_share_popup&#038;utm_medium=copy_link&#038;utm_source=(direct)\" target=\"_blank\" rel=\"noopener\">Yelp<\/a><\/li>\n<\/ul>\n<p><strong>N\u00e9gatif :<\/strong><\/p>\n<ul>\n<li> <em>\"Ils sont un cauchemar. Personne ne sait ce que fait l'autre.\"<\/em> - Mia via <a href=\"https:\/\/www.yelp.com\/biz\/1-800-pack-rat-fremont?hrid=YhOaE8BWuhGeu6UpKuLVVQ&#038;utm_campaign=www_review_share_popup&#038;utm_medium=copy_link&#038;utm_source=(direct)\" target=\"_blank\" rel=\"noopener\">Yelp<\/a><\/li>\n<li> <em>\"Ils n'ont m\u00eame pas pu ou plut\u00f4t pas voulu livrer le pod chez moi. Le chauffeur n'a rien mesur\u00e9. Il \u00e9tait l\u00e0 pendant 2 minutes et est parti. Quand j'ai appel\u00e9 le service client, ils ont \u00e9t\u00e9 incroyablement impolis !\"<\/em> - Leila via <a href=\"https:\/\/www.bbb.org\/boston\/business-reviews\/storage-units-household-and-commercial\/1-800-pack-rat-in-foxboro-ma-116673\/reviews-and-complaints\" target=\"_blank\" rel=\"noopener\">BBB.org<\/a><\/li>\n<li> <em>\"Tellement en col\u00e8re contre 1-800-PackRat\"<\/em> - via <a href=\"https:\/\/www.pissedconsumer.com\/company\/1800-pack-rat\/so-angry-with-1-800-packrat-20161024942159.html\" target=\"_blank\" rel=\"noopener\">Consommateur m\u00e9content<\/a><\/li>\n<\/ul>\n<div itemprop=\"review\" itemscope itemtype=\"http:\/\/schema.org\/Review\">\n<span itemprop=\"author\" itemscope=\"\" itemtype=\"http:\/\/schema.org\/Organization\"><span itemprop=\"name\">MoverDB.com<\/span><\/span> Examen en ligne du site Web pour <span itemprop=\"itemreviewed\" itemscope=\"\" itemtype=\"http:\/\/schema.org\/Brand\"><span itemprop=\"name\">1-800-Pack-Rat<\/span><\/span>:<\/p>\n<ol>\n<li> Coordonn\u00e9es claires sur le site web (y compris le num\u00e9ro de t\u00e9l\u00e9phone) : <strong>Oui<\/strong><\/li>\n<li> Facile \u00e0 obtenir <a href=\"https:\/\/moverdb.com\/fr\/citations\/\">devis de d\u00e9m\u00e9nagement<\/a>? (Formulaire de demande de devis en ligne) : <strong>Oui<\/strong><\/li>\n<li> Informations claires sur le site web : <strong>Oui,<\/strong> Le site web pr\u00e9sente clairement tous les services propos\u00e9s par l'entreprise.<\/li>\n<li> Adh\u00e9sion \u00e0 des organisations internationales de d\u00e9m\u00e9nagement reconnues : <strong>Oui<\/strong>mais pas sur le site web.<\/li>\n<li> Liste de clients et\/ou t\u00e9moignages de clients pr\u00e9c\u00e9dents : <strong>Oui,<\/strong> mais les avis du reste de l'internet sont tr\u00e8s mitig\u00e9s.<\/li>\n<\/ol>\n<div itemprop=\"reviewRating\" itemscope itemtype=\"http:\/\/schema.org\/Rating\"><meta itemprop=\"worstRating\" content = \"0\" \/><meta itemprop=\"bestRating\" content=\"5\" \/><meta itemprop=\"ratingValue\" content=\"4\"><\/div>\n<p><strong>Note globale : 4\/5<\/strong><br \/>\n<strong>Date de r\u00e9vision :<\/strong> <span itemprop=\"datePublished\" content=\"2017-02-23\">23\/02\/2017<\/span>\n<\/div>\n<p>Plus d'informations sur <a href=\"https:\/\/moverdb.com\/fr\/entreprises-de-demenagement\/\">d\u00e9m\u00e9nageurs internationaux<\/a> et notre <a href=\"https:\/\/moverdb.com\/fr\/revues\/\">processus de r\u00e9vision<\/a>.<\/p>\n<p><strong>Site web :<\/strong> <a href=\"https:\/\/www.1800packrat.com\/\" target=\"_blank\" rel=\"noopener\">https:\/\/www.1800packrat.com\/<\/a><\/p>","protected":false},"excerpt":{"rendered":"<p>1-800-Pack-Rat offers its customers an easy option when it comes to moving. The details are listed below, together with a company profile and reviews. Long Distance and Local Moves Deliver container at least 30 days prior to moving Self-pack container or employ professional packers Complimentary no-cut container lock Complimentary $10,000 contents protection Long and short [&hellip;]<\/p>\n","protected":false},"author":1,"featured_media":0,"parent":0,"menu_order":0,"comment_status":"closed","ping_status":"closed","template":"","meta":{"_genesis_hide_title":false,"_genesis_hide_breadcrumbs":false,"_genesis_hide_singular_image":false,"_genesis_hide_footer_widgets":false,"_genesis_custom_body_class":"","_genesis_custom_post_class":"","_genesis_layout":"","footnotes":""},"class_list":{"0":"post-1684","1":"page","2":"type-page","3":"status-publish","5":"entry"},"_links":{"self":[{"href":"https:\/\/moverdb.com\/fr\/wp-json\/wp\/v2\/pages\/1684","targetHints":{"allow":["GET"]}}],"collection":[{"href":"https:\/\/moverdb.com\/fr\/wp-json\/wp\/v2\/pages"}],"about":[{"href":"https:\/\/moverdb.com\/fr\/wp-json\/wp\/v2\/types\/page"}],"author":[{"embeddable":true,"href":"https:\/\/moverdb.com\/fr\/wp-json\/wp\/v2\/users\/1"}],"replies":[{"embeddable":true,"href":"https:\/\/moverdb.com\/fr\/wp-json\/wp\/v2\/comments?post=1684"}],"version-history":[{"count":3,"href":"https:\/\/moverdb.com\/fr\/wp-json\/wp\/v2\/pages\/1684\/revisions"}],"predecessor-version":[{"id":6165,"href":"https:\/\/moverdb.com\/fr\/wp-json\/wp\/v2\/pages\/1684\/revisions\/6165"}],"wp:attachment":[{"href":"https:\/\/moverdb.com\/fr\/wp-json\/wp\/v2\/media?parent=1684"}],"curies":[{"name":"wp","href":"https:\/\/api.w.org\/{rel}","templated":true}]}}