{"id":1680,"date":"2017-01-25T11:25:11","date_gmt":"2017-01-25T11:25:11","guid":{"rendered":"http:\/\/moverdb.com\/?page_id=1680"},"modified":"2026-01-08T14:47:26","modified_gmt":"2026-01-08T14:47:26","slug":"agilite","status":"publish","type":"page","link":"https:\/\/moverdb.com\/fr\/agility\/","title":{"rendered":"Agility - D\u00e9m\u00e9nagement international et exp\u00e9dition Critiques"},"content":{"rendered":"<p>Agility est la plus grande entreprise de logistique et de <a href=\"https:\/\/moverdb.com\/fr\/moving-companies\/\" data-internallinksmanager029f6b8e52c=\"79\" title=\"Les 25 meilleures soci\u00e9t\u00e9s de d\u00e9m\u00e9nagement international en ligne\">soci\u00e9t\u00e9 de d\u00e9m\u00e9nagement<\/a> au Moyen-Orient. Elle offre \u00e0 ses clients une large gamme de services qui sont \u00e9num\u00e9r\u00e9s ci-dessous, ainsi qu'un profil de l'entreprise et des commentaires. <strong>Notez qu'Agility ne d\u00e9m\u00e9nage pas d'articles m\u00e9nagers ou d'effets personnels pour les particuliers.<\/strong>.<\/p>\n<p><strong>D\u00e9m\u00e9nagements internationaux<\/strong><\/p>\n<ul>\n<li> Service de porte \u00e0 porte<\/li>\n<li> Fret maritime ou a\u00e9rien<\/li>\n<li> Service d'emballage expert<\/li>\n<li> Service expert de d\u00e9ballage<\/li>\n<li> Enl\u00e8vement des d\u00e9bris<\/li>\n<li> Traiter les questions de courtage et de d\u00e9douanement<\/li>\n<li> Supervision sur site du chargement des conteneurs sp\u00e9ciaux<\/li>\n<li> Stockage \u00e0 court et \u00e0 long terme<\/li>\n<li> Assurance<\/li>\n<li> Mise en caisse sp\u00e9cialis\u00e9e<\/li>\n<li> Entretien des appareils \u00e9lectrom\u00e9nagers<\/li>\n<li> Service d'homme \u00e0 tout faire<\/li>\n<li> \u00c9lectricien<\/li>\n<li> D\u00e9montage et remontage de meubles et de marchandises<\/li>\n<li> Manipulation sp\u00e9ciale d'articles volumineux et\/ou fragiles<\/li>\n<\/ul>\n<p><strong>Entreposage et distribution<\/strong><\/p>\n<ul>\n<li> Gestion de services complets<\/li>\n<li> Fret routier, a\u00e9rien et maritime<\/li>\n<li> Flexibilit\u00e9 dans la taille et le type d'installation<\/li>\n<li> G\u00e9rer la planification et le r\u00e9approvisionnement des stocks de bout en bout.<\/li>\n<\/ul>\n<p><strong>Solutions pour l'industrie<\/strong><\/p>\n<ul>\n<li> Mouvements automobiles<\/li>\n<li> D\u00e9placements chimiques s\u00fbrs et fiables<\/li>\n<li> Biens de consommation<\/li>\n<li> D\u00e9placement d'organisations internationales, de gouvernements, de groupes de secours et de militaires<\/li>\n<li> D\u00e9m\u00e9nagements industriels<\/li>\n<li> Solutions logistiques pour le p\u00e9trole et le gaz<\/li>\n<li> Cha\u00eene d'approvisionnement de l'industrie pharmaceutique et des sciences de la vie<\/li>\n<li> Technologie<\/li>\n<li> D\u00e9m\u00e9nagements de foires et d'\u00e9v\u00e9nements<\/li>\n<\/ul>\n<h2>Profil de l'entreprise Agility<\/h2>\n<p>Agility est une entreprise de logistique mondiale bas\u00e9e \u00e0 Sulaibiya, <a href=\"https:\/\/moverdb.com\/fr\/moving-to-kuwait\/\" data-internallinksmanager029f6b8e52c=\"354\" title=\"D\u00e9m\u00e9nager au Kowe\u00eft ? 2026 Co\u00fbts de la vie et conseils de relocalisation\">Kowe\u00eft<\/a>. Agility est au service des entreprises, des gouvernements, des organismes de secours, de l'arm\u00e9e et des organisations internationales en fournissant des services de transport, de stockage et d'entreposage, <a href=\"https:\/\/moverdb.com\/fr\/transporteur-de-marchandises\/\">exp\u00e9dition de fret<\/a> et des solutions logistiques. L'entreprise emploie plus de 22 000 personnes et poss\u00e8de plus de 500 bureaux r\u00e9partis dans 100 pays.<\/p>\n<p>Agility a d\u00e9but\u00e9 en 1979 en tant que soci\u00e9t\u00e9 d'\u00c9tat kowe\u00eftienne - Public Warehousing Co. En 1997, la soci\u00e9t\u00e9 a \u00e9t\u00e9 privatis\u00e9e et Tarek Sultan Al Essa est devenu pr\u00e9sident. Agility a d\u00e9cid\u00e9 de se lancer sur des march\u00e9s inexploit\u00e9s, tels que l'Afrique, l'Asie, le Moyen-Orient et l'Am\u00e9rique latine. La soci\u00e9t\u00e9 s'est d\u00e9velopp\u00e9e rapidement en achetant plus de 40 soci\u00e9t\u00e9s et actifs logistiques dans le monde entier. <\/p>\n<p>En 2004, Agility \u00e9tait le plus grand fournisseur de logistique du Moyen-Orient. Ce n'est qu'en 2006 que PWC s'est fait conna\u00eetre sous le nom d'Agility, avec son nouveau slogan \"A New Logistics Leader\".<\/p>\n<p>Agility a deux branches d'activit\u00e9 - Agility Global Integrated Logistics et Agility Infrastructure. La premi\u00e8re fournit \u00e0 ses clients des solutions de cha\u00eene d'approvisionnement. Agility a effectu\u00e9 2,14 millions d'exp\u00e9ditions, au service de 60 500 clients. La soci\u00e9t\u00e9 a transport\u00e9 372 700 tonnes de fret a\u00e9rien et 513 100 TEU de fret a\u00e9rien. Agility Infrastructure aide les march\u00e9s \u00e9mergents \u00e0 r\u00e9soudre les probl\u00e8mes li\u00e9s \u00e0 la logistique.<\/p>\n<p>Agility donne en retour en fournissant un soutien logistique b\u00e9n\u00e9vole en cas de catastrophes humanitaires. Son personnel soutient \u00e9galement les communaut\u00e9s locales<br \/>\n.<br \/>\nAgility a les affiliations et accr\u00e9ditations suivantes :<\/p>\n<ul>\n<li> Non r\u00e9pertori\u00e9 sur le site web<\/li>\n<\/ul>\n<h2>Critiques sur Agility Moving<\/h2>\n<p><em>Veuillez noter qu'au moment de la r\u00e9daction, nous n'avons pas pu trouver d'avis en ligne sur les services de d\u00e9m\u00e9nagement d'Agility.<\/em> <\/p>\n<div itemprop=\"review\" itemscope itemtype=\"http:\/\/schema.org\/Review\">\n<span itemprop=\"author\" itemscope=\"\" itemtype=\"http:\/\/schema.org\/Organization\"><span itemprop=\"name\">MoverDB.com<\/span><\/span> Examen en ligne du site Web pour <span itemprop=\"itemreviewed\" itemscope=\"\" itemtype=\"http:\/\/schema.org\/Brand\"><span itemprop=\"name\">Agility Moving<\/span><\/span>:<\/p>\n<ol>\n<li> Coordonn\u00e9es claires sur le site web (y compris le num\u00e9ro de t\u00e9l\u00e9phone) : <strong>Oui<\/strong><\/li>\n<li> Facile \u00e0 obtenir <a href=\"https:\/\/moverdb.com\/fr\/citations\/\">devis de d\u00e9m\u00e9nagement international<\/a>? (Formulaire de demande de devis en ligne) : <strong>Oui<\/strong><\/li>\n<li> Informations claires sur le site web : <strong>Oui,<\/strong> La liste des services qu'ils proposent.<\/li>\n<li> Adh\u00e9sion \u00e0 des organisations internationales de d\u00e9m\u00e9nagement reconnues : <strong>Non r\u00e9pertori\u00e9 sur le site web<\/strong><\/li>\n<li> Liste de clients et\/ou t\u00e9moignages de clients pr\u00e9c\u00e9dents. <strong>Oui,<\/strong> Vous trouverez sur le site des comptes rendus d\u00e9taill\u00e9s des diff\u00e9rents mouvements sp\u00e9cialis\u00e9s.<\/li>\n<\/ol>\n<div itemprop=\"reviewRating\" itemscope itemtype=\"http:\/\/schema.org\/Rating\"><meta itemprop=\"worstRating\" content = \"0\" \/><meta itemprop=\"bestRating\" content=\"5\" \/><meta itemprop=\"ratingValue\" content=\"4\"><\/div>\n<p><strong>Note globale : 4\/5<\/strong><br \/>\n<strong>Date de r\u00e9vision :<\/strong> <span itemprop=\"datePublished\" content=\"2017-01-25\">25\/01\/2017<\/span>\n<\/div>\n<p>Plus d'informations sur <a href=\"https:\/\/moverdb.com\/fr\/entreprises-de-demenagement\/\">les meilleurs d\u00e9m\u00e9nageurs internationaux<\/a> et notre <a href=\"https:\/\/moverdb.com\/fr\/revues\/\">processus de r\u00e9vision<\/a>.<\/p>\n<p><strong>Sites web :<\/strong> <a href=\"http:\/\/www.agility.com\/EN\/products-and-services\/Pages\/Household-Goods-Movement.aspx\" target=\"_blank\" rel=\"noopener\">Agilit\u00e9 du mouvement des marchandises domestiques<\/a><\/p>","protected":false},"excerpt":{"rendered":"<p>Agility is the largest logistics and moving company in the Middle East. It offers its customers a wide range of services which are listed below, together with a company profile and reviews. Note that Agility does not move household goods or personal effects for individuals. International Moves Door to door service Sea freight or airfreight [&hellip;]<\/p>\n","protected":false},"author":1,"featured_media":0,"parent":0,"menu_order":0,"comment_status":"closed","ping_status":"closed","template":"","meta":{"_genesis_hide_title":false,"_genesis_hide_breadcrumbs":false,"_genesis_hide_singular_image":false,"_genesis_hide_footer_widgets":false,"_genesis_custom_body_class":"","_genesis_custom_post_class":"","_genesis_layout":"","footnotes":""},"class_list":{"0":"post-1680","1":"page","2":"type-page","3":"status-publish","5":"entry"},"_links":{"self":[{"href":"https:\/\/moverdb.com\/fr\/wp-json\/wp\/v2\/pages\/1680","targetHints":{"allow":["GET"]}}],"collection":[{"href":"https:\/\/moverdb.com\/fr\/wp-json\/wp\/v2\/pages"}],"about":[{"href":"https:\/\/moverdb.com\/fr\/wp-json\/wp\/v2\/types\/page"}],"author":[{"embeddable":true,"href":"https:\/\/moverdb.com\/fr\/wp-json\/wp\/v2\/users\/1"}],"replies":[{"embeddable":true,"href":"https:\/\/moverdb.com\/fr\/wp-json\/wp\/v2\/comments?post=1680"}],"version-history":[{"count":3,"href":"https:\/\/moverdb.com\/fr\/wp-json\/wp\/v2\/pages\/1680\/revisions"}],"predecessor-version":[{"id":6167,"href":"https:\/\/moverdb.com\/fr\/wp-json\/wp\/v2\/pages\/1680\/revisions\/6167"}],"wp:attachment":[{"href":"https:\/\/moverdb.com\/fr\/wp-json\/wp\/v2\/media?parent=1680"}],"curies":[{"name":"wp","href":"https:\/\/api.w.org\/{rel}","templated":true}]}}