{"id":1678,"date":"2017-01-25T12:00:23","date_gmt":"2017-01-25T12:00:23","guid":{"rendered":"http:\/\/moverdb.com\/?page_id=1678"},"modified":"2026-01-08T14:47:27","modified_gmt":"2026-01-08T14:47:27","slug":"aires","status":"publish","type":"page","link":"https:\/\/moverdb.com\/fr\/aires\/","title":{"rendered":"Aires - Revues sur la relocation et le d\u00e9m\u00e9nagement international"},"content":{"rendered":"<p>Aires offre \u00e0 ses clients, particuliers et entreprises, une vari\u00e9t\u00e9 de services de d\u00e9m\u00e9nagement. Ces services sont \u00e9num\u00e9r\u00e9s ci-dessous, accompagn\u00e9s d'un profil de l'entreprise et de commentaires.<\/p>\n<p><strong>D\u00e9m\u00e9nagements internationaux<\/strong><\/p>\n<ul>\n<li> Emballage complet de tous les articles m\u00e9nagers et effets personnels.<\/li>\n<li> Porte \u00e0 porte<\/li>\n<li> Chargement direct des biens m\u00e9nagers dans le conteneur ou le fourgon appropri\u00e9<\/li>\n<li> Pr\u00e9paration de toute la documentation<\/li>\n<li> Livraison normale et directe des r\u00e9sidences et enl\u00e8vement des d\u00e9bris<\/li>\n<li> Retour des conteneurs vides \u00e0 la destination internationale<\/li>\n<li> Suivi complet et communication de l'\u00e9tat des envois<\/li>\n<li> Automobiles<\/li>\n<li> Stockage \u00e0 court et \u00e0 long terme<\/li>\n<li> D\u00e9placement d'un animal de compagnie<\/li>\n<\/ul>\n<p><strong>Services de destination et d'installation<\/strong><\/p>\n<ul>\n<li> Rencontre et accueil<\/li>\n<li> Orientation de la zone<\/li>\n<li> Recherche et inscription dans les \u00e9coles<\/li>\n<li> Aide \u00e0 la recherche de logements locatifs<\/li>\n<li> Aide \u00e0 la n\u00e9gociation des baux<\/li>\n<li> Services d'aide \u00e0 l'installation<\/li>\n<li> Assistance aux conjoints\/partenaires<\/li>\n<li> Service de logement temporaire<\/li>\n<li> Assistance en mati\u00e8re de visas, de passeports et d'immigration<\/li>\n<li> Services de formation culturelle et linguistique<\/li>\n<li> Assistance au rapatriement<\/li>\n<\/ul>\n<p><strong>Services g\u00e9n\u00e9raux<\/strong><\/p>\n<ul>\n<li> Services de gestion des d\u00e9m\u00e9nagements<\/li>\n<li> Gestion du programme de relocalisation<\/li>\n<li> Site des services Web de ReloNet - Outils d'entreprise<\/li>\n<li> R\u00e9vision et d\u00e9veloppement des politiques<\/li>\n<li> Services immobiliers<\/li>\n<li> Gestion des biens et des locations<\/li>\n<li> Services d'inspection<\/li>\n<li> Projections du co\u00fbt de la vie<\/li>\n<li> Gestion des d\u00e9penses<\/li>\n<li> Assurance et gestion des risques<\/li>\n<li> Services de d\u00e9m\u00e9nagement de groupes<\/li>\n<li> Services internationaux de compensation et de collecte de donn\u00e9es<\/li>\n<li> Gestion de la cha\u00eene d'approvisionnement<\/li>\n<\/ul>\n<h2>Profil de la soci\u00e9t\u00e9 Aires<\/h2>\n<p>Aires, ou American International Relocation Solutions LLC, a \u00e9t\u00e9 fond\u00e9e en 1981 par Jim Putt. L'entreprise se concentrait sur les d\u00e9m\u00e9nagements internationaux et le stockage pour les entreprises et leurs employ\u00e9s. Elle s'est d\u00e9velopp\u00e9e pour inclure un service complet de relocalisation, aidant les employ\u00e9s \u00e0 s'installer rapidement dans leur nouvel environnement. Aires est toujours une entreprise familiale priv\u00e9e.<\/p>\n<p>Aires prend ses responsabilit\u00e9s environnementales tr\u00e8s au s\u00e9rieux et \" s'attaque \u00e0 l'\u00e9cologie sous tous les angles \". Leurs syst\u00e8mes enti\u00e8rement automatis\u00e9s r\u00e9duisent consid\u00e9rablement le besoin de paperasserie et tous leurs bureaux et sites sont \u00e9conomes en \u00e9nergie et respectueux de l'environnement.<\/p>\n<p>Aires poss\u00e8de les accr\u00e9ditations et affiliations suivantes :<\/p>\n<ul>\n<li> <a href=\"https:\/\/moverdb.com\/fr\/conseil-de-relocation-des-employes\/\">ERC dans le monde<\/a><\/li>\n<li> CERC (Conseil canadien de relocalisation des employ\u00e9s)<\/li>\n<li> SHRM (Soci\u00e9t\u00e9 pour la gestion des ressources humaines)<\/li>\n<li> <a href=\"https:\/\/moverdb.com\/fr\/je-suis\/\">IAM<\/a> (<a href=\"https:\/\/moverdb.com\/fr\/iam\/\" data-internallinksmanager029f6b8e52c=\"23\" title=\"L&#039;Association internationale des d\u00e9m\u00e9nageurs (IAM) expliqu\u00e9e\">Association internationale des d\u00e9m\u00e9nageurs<\/a>)<\/li>\n<li> OSA (Association des exp\u00e9diteurs d'outre-mer)<\/li>\n<li> <a href=\"https:\/\/moverdb.com\/fr\/fidi-faim\/\">FIDI<\/a> (F\u00e9d\u00e9ration internationale des d\u00e9m\u00e9nageurs de meubles)<\/li>\n<li> <a href=\"https:\/\/moverdb.com\/fr\/eura\/\">EuRA<\/a> (<a href=\"https:\/\/moverdb.com\/fr\/eura\/\" data-internallinksmanager029f6b8e52c=\"13\" title=\"L&#039;Association europ\u00e9enne de relocation (EuRA) expliqu\u00e9e\">EuRA<\/a> D\u00e9m\u00e9nagement)<\/li>\n<li> PAIMA (Association panam\u00e9ricaine des d\u00e9m\u00e9nageurs internationaux)<\/li>\n<li> <a href=\"https:\/\/moverdb.com\/fr\/lacma\/\">LACMA<\/a> (Association des d\u00e9m\u00e9nageurs d'Am\u00e9rique latine et des Cara\u00efbes)<\/li>\n<li> OMNI (Overseas Moving Network International)<\/li>\n<\/ul>\n<h2>Critiques d'Aires<\/h2>\n<p><em>Au moment de la r\u00e9daction, nous n'avons pas pu trouver de commentaires en ligne pour Aires.<\/em><\/p>\n<div itemprop=\"review\" itemscope itemtype=\"http:\/\/schema.org\/Review\">\n<span itemprop=\"author\" itemscope=\"\" itemtype=\"http:\/\/schema.org\/Organization\"><span itemprop=\"name\">MoverDB.com<\/span><\/span> Examen en ligne du site Web pour <span itemprop=\"itemreviewed\" itemscope=\"\" itemtype=\"http:\/\/schema.org\/Brand\"><span itemprop=\"name\">Aires<\/span><\/span>:<\/p>\n<ol>\n<li> Coordonn\u00e9es claires sur le site web (y compris le num\u00e9ro de t\u00e9l\u00e9phone) : <strong>Oui<\/strong><\/li>\n<li> Facile \u00e0 obtenir <a href=\"https:\/\/moverdb.com\/fr\/citations\/\">devis de d\u00e9m\u00e9nagement international<\/a>? (Formulaire de demande de devis en ligne) : <strong>Oui<\/strong><\/li>\n<li> Informations claires sur le site web : <strong>Oui,<\/strong> contient un grand nombre d'informations tr\u00e8s d\u00e9taill\u00e9es sur les services offerts par l'entreprise.<\/li>\n<li> Adh\u00e9sion \u00e0 des organisations internationales de d\u00e9m\u00e9nagement reconnues : <strong>Oui<\/strong>(voir ci-dessus)<\/li>\n<li> Liste de clients et\/ou t\u00e9moignages de clients pr\u00e9c\u00e9dents. <strong>Non,<\/strong> bien qu'ils aient une section sur les prix.<\/li>\n<\/ol>\n<div itemprop=\"reviewRating\" itemscope itemtype=\"http:\/\/schema.org\/Rating\"><meta itemprop=\"worstRating\" content = \"0\" \/><meta itemprop=\"bestRating\" content=\"5\" \/><meta itemprop=\"ratingValue\" content=\"4\"><\/div>\n<p><strong>Note globale : 4\/5<\/strong><br \/>\n<strong>Date de r\u00e9vision :<\/strong> <span itemprop=\"datePublished\" content=\"2017-01-25\">25\/01\/2017<\/span>\n<\/div>\n<p>Plus d'informations sur <a href=\"https:\/\/moverdb.com\/fr\/entreprises-de-demenagement\/\">soci\u00e9t\u00e9s de d\u00e9m\u00e9nagement international<\/a> et notre <a href=\"https:\/\/moverdb.com\/fr\/revues\/\">processus de r\u00e9vision<\/a>.<\/p>\n<p><strong>Sites web :<\/strong> <a href=\"https:\/\/www.aires.com\/\" target=\"_blank\" rel=\"noopener\">https:\/\/www.aires.com\/<\/a><\/p>","protected":false},"excerpt":{"rendered":"<p>Aires offers its clients, both individual and corporate, a variety of moving services. These are listed below together with a company profile and reviews. International Moves Complete packing and wrapping of all household goods and personal effects Door to door Direct loading of household goods into appropriate container or van Preparation of all documentation Normal, [&hellip;]<\/p>\n","protected":false},"author":1,"featured_media":0,"parent":0,"menu_order":0,"comment_status":"closed","ping_status":"closed","template":"","meta":{"_genesis_hide_title":false,"_genesis_hide_breadcrumbs":false,"_genesis_hide_singular_image":false,"_genesis_hide_footer_widgets":false,"_genesis_custom_body_class":"","_genesis_custom_post_class":"","_genesis_layout":"","footnotes":""},"class_list":{"0":"post-1678","1":"page","2":"type-page","3":"status-publish","5":"entry"},"_links":{"self":[{"href":"https:\/\/moverdb.com\/fr\/wp-json\/wp\/v2\/pages\/1678","targetHints":{"allow":["GET"]}}],"collection":[{"href":"https:\/\/moverdb.com\/fr\/wp-json\/wp\/v2\/pages"}],"about":[{"href":"https:\/\/moverdb.com\/fr\/wp-json\/wp\/v2\/types\/page"}],"author":[{"embeddable":true,"href":"https:\/\/moverdb.com\/fr\/wp-json\/wp\/v2\/users\/1"}],"replies":[{"embeddable":true,"href":"https:\/\/moverdb.com\/fr\/wp-json\/wp\/v2\/comments?post=1678"}],"version-history":[{"count":3,"href":"https:\/\/moverdb.com\/fr\/wp-json\/wp\/v2\/pages\/1678\/revisions"}],"predecessor-version":[{"id":6168,"href":"https:\/\/moverdb.com\/fr\/wp-json\/wp\/v2\/pages\/1678\/revisions\/6168"}],"wp:attachment":[{"href":"https:\/\/moverdb.com\/fr\/wp-json\/wp\/v2\/media?parent=1678"}],"curies":[{"name":"wp","href":"https:\/\/api.w.org\/{rel}","templated":true}]}}