{"id":1662,"date":"2017-02-23T10:26:07","date_gmt":"2017-02-23T10:26:07","guid":{"rendered":"http:\/\/moverdb.com\/?page_id=1662"},"modified":"2026-01-08T14:47:48","modified_gmt":"2026-01-08T14:47:48","slug":"bolliger","status":"publish","type":"page","link":"https:\/\/moverdb.com\/fr\/bolliger\/","title":{"rendered":"Bolliger - D\u00e9m\u00e9nagements internationaux et avis de d\u00e9m\u00e9nagement"},"content":{"rendered":"<p>Bolliger offre \u00e0 ses clients une grande vari\u00e9t\u00e9 de services de d\u00e9m\u00e9nagement. Ces services sont \u00e9num\u00e9r\u00e9s ci-dessous, accompagn\u00e9s d'un profil de l'entreprise et de commentaires.<\/p>\n<p><strong>D\u00e9m\u00e9nagement international<\/strong><\/p>\n<ul>\n<li> R\u00e9seau mondial de ressources en mati\u00e8re de d\u00e9m\u00e9nagement<\/li>\n<li> Porte \u00e0 porte<\/li>\n<li> Gestionnaire de d\u00e9m\u00e9nagement avec au moins 5 ans d'exp\u00e9rience<\/li>\n<li> Suivez votre envoi 24\/7<\/li>\n<li> Visite de la maison pour d\u00e9terminer les besoins d'emballage, etc.<\/li>\n<li> Assurance souscrite<\/li>\n<li> Le coordinateur personnel vous aidera \u00e0 r\u00e9unir les documents n\u00e9cessaires<\/li>\n<li> Emballage et chargement<\/li>\n<li> D\u00e9douanement<\/li>\n<li> Livraison et d\u00e9ballage<\/li>\n<li> Tous les articles seront soigneusement d\u00e9charg\u00e9s et v\u00e9rifi\u00e9s par rapport \u00e0 votre liste d'inventaire et seront plac\u00e9s dans les pi\u00e8ces appropri\u00e9es.<\/li>\n<li> Les articles fragiles, tels que le verre et les <a href=\"https:\/\/moverdb.com\/fr\/moving-to-china\/\" data-internallinksmanager029f6b8e52c=\"357\" title=\"D\u00e9m\u00e9nager en Chine ? 2026 Co\u00fbts de la vie et conseils de relocalisation\">chine<\/a>seront d\u00e9ball\u00e9s sur des surfaces planes<\/li>\n<li> Tous les mat\u00e9riaux d'emballage et les d\u00e9bris seront rapidement retir\u00e9s de votre domicile.<\/li>\n<\/ul>\n<p><strong>Services de relocalisation d'entreprises<\/strong><\/p>\n<ul>\n<li> Services d'installation<\/li>\n<li> Recherche d'\u00e9cole et de maison<\/li>\n<li> Informations culturelles<\/li>\n<li> Assistance aux partenaires\/conjoints<\/li>\n<li> Logement \u00e0 court terme<\/li>\n<li> Location de meubles<\/li>\n<\/ul>\n<p><strong>Services de d\u00e9m\u00e9nagement<\/strong><\/p>\n<ul>\n<li> Fourniture de mat\u00e9riel d'emballage<\/li>\n<li> Services complets d'emballage<\/li>\n<li> Emballage sp\u00e9cialis\u00e9<\/li>\n<li> Caisses personnalis\u00e9es<\/li>\n<li> Manipulation de pianos et de coffres-forts<\/li>\n<li> \u00c9chelles motoris\u00e9es<\/li>\n<li> Exp\u00e9dition par route, air et mer<\/li>\n<li> Op\u00e9rations douani\u00e8res<\/li>\n<li> Des agents dans le monde entier.<\/li>\n<\/ul>\n<p><strong>D\u00e9m\u00e9nagement de bureaux<\/strong><\/p>\n<ul>\n<li> Concevoir et planifier les d\u00e9placements<\/li>\n<li> Personnel et \u00e9quipement sp\u00e9cialis\u00e9s<\/li>\n<li> \u00c9chelles et grues motoris\u00e9es<\/li>\n<li> Mise en place de bureaux<\/li>\n<li> Recyclage et \u00e9limination des d\u00e9chets<\/li>\n<li> Op\u00e9rations de jour et de nuit<\/li>\n<\/ul>\n<p><strong>Beaux-arts<\/strong><\/p>\n<ul>\n<li> Conception et construction de bo\u00eetes et de caisses sur mesure<\/li>\n<li> Formalit\u00e9s relatives aux beaux-arts pour l'importation\/exportation d'\u0153uvres d'art modernes et anciennes<\/li>\n<li> Exp\u00e9dition par route \/ mer \/ air<\/li>\n<li> Des agents sp\u00e9cialis\u00e9s dans le monde entier<\/li>\n<li> Mise en place d'espaces d'exposition<\/li>\n<\/ul>\n<p><strong>Stockage<\/strong><\/p>\n<ul>\n<li> Stockage \u00e0 court et \u00e0 long terme<\/li>\n<li> Conteneurs, caisses ou palettes en m\u00e9tal<\/li>\n<li> S\u00e9curit\u00e9 24\/7<\/li>\n<li> D\u00e9tecteurs de fum\u00e9e<\/li>\n<li> Temp\u00e9rature et humidit\u00e9 contr\u00f4l\u00e9es<\/li>\n<li> Archives de documents<\/li>\n<\/ul>\n<h2>Profil de l'entreprise Bolliger<\/h2>\n<p>Arthur Bolliger a ouvert le premier bureau Bolliger \u00e0 Rome en 1909. L'entreprise est aujourd'hui dirig\u00e9e par la quatri\u00e8me g\u00e9n\u00e9ration de Bolliger et poss\u00e8de des bureaux \u00e0 Milan, Lugano et Florence, ainsi qu'un bureau \u00e0 Rome. <a href=\"https:\/\/moverdb.com\/fr\/moving-to-switzerland\/\" data-internallinksmanager029f6b8e52c=\"327\" title=\"D\u00e9m\u00e9nager en Suisse ? 2026 Co\u00fbts de la vie et conseils de relocalisation\">Suisse<\/a>le <a href=\"https:\/\/moverdb.com\/fr\/moving-to-the-uk\/\" data-internallinksmanager029f6b8e52c=\"93\" title=\"Vous partez au Royaume-Uni ? 2026 Co\u00fbt de la vie et conseils de relocalisation\">ROYAUME-UNI<\/a>le <a href=\"https:\/\/moverdb.com\/fr\/moving-to-the-united-states\/\" data-internallinksmanager029f6b8e52c=\"94\" title=\"Vous partez aux \u00c9tats-Unis ? 2026 Co\u00fbt de la vie et conseils de relocalisation\">USA<\/a> et <a href=\"https:\/\/moverdb.com\/fr\/moving-to-spain\/\" data-internallinksmanager029f6b8e52c=\"266\" title=\"Vous partez en Espagne ? 2026 Co\u00fbt de la vie et conseils de relocalisation\">Espagne<\/a>.<\/p>\n<p>Les premiers camions de l'entreprise ont \u00e9t\u00e9 achet\u00e9s en 1919 et ont \u00e9t\u00e9 utilis\u00e9s pendant la Premi\u00e8re Guerre mondiale. L'entreprise g\u00e8re aujourd'hui une flotte de plus de 200 v\u00e9hicules de d\u00e9m\u00e9nagement et exp\u00e9die des marchandises pour des particuliers et des entreprises du monde entier. Bolliger \u00e9tait l'un des membres fondateurs de <a href=\"https:\/\/moverdb.com\/fr\/fidi-faim\/\" data-internallinksmanager029f6b8e52c=\"16\" title=\"Explication de la FIDI et du FAIM (FIDI Accredited International Mover)\">FIDI<\/a>. Aujourd'hui, la FIDI est la plus grande association de ce type au monde, avec 600 agents dans 100 pays. <\/p>\n<p>En 1982, Bolliger est devenu le seul agent italien d'Allied International.<\/p>\n<p>En 1985, Bolliger est devenu l'un des membres fondateurs de l'Overseas Moving Network International (OMNI). En 2002, l'expertise de l'entreprise a \u00e9t\u00e9 r\u00e9compens\u00e9e par la certification ISO 9001 - la premi\u00e8re certification de ce type en Europe. <a href=\"https:\/\/moverdb.com\/fr\/moving-companies\/\" data-internallinksmanager029f6b8e52c=\"79\" title=\"Les 25 meilleures soci\u00e9t\u00e9s de d\u00e9m\u00e9nagement international en ligne\">soci\u00e9t\u00e9 de d\u00e9m\u00e9nagement<\/a> sur <a href=\"https:\/\/moverdb.com\/fr\/moving-to-italy\/\" data-internallinksmanager029f6b8e52c=\"346\" title=\"D\u00e9m\u00e9nager en Italie ? 2026 Co\u00fbts de la vie et conseils de relocalisation\">Italie<\/a> pour y parvenir.<\/p>\n<p>Bollinger s'efforce constamment de r\u00e9duire l'impact environnemental de l'entreprise sur la plan\u00e8te en accordant une attention particuli\u00e8re aux mat\u00e9riaux d'emballage qu'elle utilise, aux v\u00e9hicules qu'elle utilise et en essayant de recycler autant que possible. L'entreprise m\u00e8ne \u00e9galement des programmes caritatifs dans les pays sous-d\u00e9velopp\u00e9s d'Am\u00e9rique du Sud et d'Afrique.<\/p>\n<p>Bolliger poss\u00e8de les accr\u00e9ditations et affiliations suivantes :<\/p>\n<ul>\n<li> <a href=\"https:\/\/moverdb.com\/fr\/allied-van-lines\/\">Allied International<\/a><\/li>\n<li> ISO 9001<\/li>\n<li> <a href=\"https:\/\/moverdb.com\/fr\/fidi-faim\/\">F\u00e9d\u00e9ration internationale des d\u00e9m\u00e9nageurs<\/a> (FIDI)<\/li>\n<li> R\u00e9seau international de d\u00e9m\u00e9nagements outre-mer (OMNI)<\/li>\n<li> <a href=\"https:\/\/moverdb.com\/fr\/fidi-faim\/\">D\u00e9m\u00e9nageur international accr\u00e9dit\u00e9 par la FIDI<\/a> (FAIM)<\/li>\n<li> <a href=\"https:\/\/moverdb.com\/fr\/je-suis\/\">Association internationale des d\u00e9m\u00e9nageurs<\/a> (<a href=\"https:\/\/moverdb.com\/fr\/iam\/\" data-internallinksmanager029f6b8e52c=\"23\" title=\"L&#039;Association internationale des d\u00e9m\u00e9nageurs (IAM) expliqu\u00e9e\">IAM<\/a>)<\/li>\n<li> <a href=\"https:\/\/moverdb.com\/fr\/iata\/\">Association internationale du transport a\u00e9rien<\/a> (<a href=\"https:\/\/moverdb.com\/fr\/iata\/\" data-internallinksmanager029f6b8e52c=\"22\" title=\"L&#039;Association internationale du transport a\u00e9rien (IATA) expliqu\u00e9e\">IATA<\/a>)<\/li>\n<li> <a href=\"https:\/\/moverdb.com\/fr\/fedemac\/\">F\u00e9d\u00e9ration des associations europ\u00e9ennes de d\u00e9m\u00e9nageurs<\/a> (<a href=\"https:\/\/moverdb.com\/fr\/fedemac\/\" data-internallinksmanager029f6b8e52c=\"15\" title=\"Explication de la F\u00e9d\u00e9ration des associations europ\u00e9ennes de d\u00e9m\u00e9nageurs (FEDEMAC)\">FEDEMAC<\/a>)<\/li>\n<\/ul>\n<h2>Critiques de Bolliger<\/h2>\n<p><strong>Positif :<\/strong><\/p>\n<ul>\n<li> \"Notre coordinatrice a \u00e9t\u00e9 extr\u00eamement professionnelle et serviable. Elle a r\u00e9pondu \u00e0 toutes nos questions et a fait en sorte que notre d\u00e9m\u00e9nagement de Rome \u00e0 Paris se passe bien. <a href=\"https:\/\/moverdb.com\/fr\/moving-to-london\/\">Londres<\/a> se sentir bien et en s\u00e9curit\u00e9. Elle s'est occup\u00e9e d'absolument tout. Nous ferons certainement \u00e0 nouveau appel \u00e0 Bolliger pour notre prochain d\u00e9m\u00e9nagement et nous les recommandons \u00e0 tout le monde.\" - Client de Bolliger <a href=\"http:\/\/www.bolliger.co.uk\/testimonials.html\" target=\"_blank\" rel=\"noopener\">T\u00e9moignage<\/a><\/li>\n<li> <em>\"Dans l'ensemble, je suis tr\u00e8s satisfait de cette exp\u00e9rience de d\u00e9m\u00e9nagement. Il s'agissait de tambours et de cymbales, donc de choses assez d\u00e9licates. Tout est arriv\u00e9 sain et sauf et dans les temps. Les contacts et la communication \u00e9taient impeccables et opportuns.\"<\/em> - Andrea via <a href=\"http:\/\/www.removalreviews.co.uk\/movers\/bolliger-352#2761  Read more: http:\/\/www.removalreviews.co.uk\/movers\/bolliger-352\" target=\"_blank\" rel=\"noopener\">Revues de d\u00e9m\u00e9nagement<\/a><\/li>\n<li> <em>\"Je n'\u00e9cris pas souvent ce genre de recommandations ou de critiques, mais je devais juste prendre quelques minutes pour remercier Bolliger pour l'excellent travail qu'il a fait en me d\u00e9m\u00e9nageant de Londres \u00e0 Berlin r\u00e9cemment.\"<\/em> \u2013 davelucas via <a href=\"https:\/\/www.yell.com\/biz\/bolliger-uk-ltd-west-drayton-7150125\/\" target=\"_blank\" rel=\"noopener\">Yell<\/a><\/li>\n<\/ul>\n<p><strong>N\u00e9gatif :<\/strong><\/p>\n<ul>\n<li> <em>\"Ne vous laissez pas berner par le discours commercial de Bolliger et ses pr\u00e9tentions d'excellence...\"<\/em> - M. D Bruce via <a href=\"http:\/\/www.removalreviews.co.uk\/movers\/bolliger-352#10617  Read more: http:\/\/www.removalreviews.co.uk\/movers\/bolliger-352\" target=\"_blank\" rel=\"noopener\">Revues de d\u00e9m\u00e9nagement<\/a><\/li>\n<li> <em>\"Bolliger UK a \u00e9t\u00e9 absolument terrible....... L'\u00e9quipe de l'agence, inexp\u00e9riment\u00e9e et mal embouch\u00e9e, est arriv\u00e9e en retard sans mat\u00e9riel de d\u00e9m\u00e9nagement alors que notre piano \u00e0 queue faisait partie du d\u00e9m\u00e9nagement r\u00e9serv\u00e9.\"<\/em> - Don.Br via <a href=\"http:\/\/www.reviewcentre.com\/Removal-Companies\/Bolliger-www-bolliger-co-uk-reviews_2387554\" target=\"_blank\" rel=\"noopener\">Centre de r\u00e9vision<\/a><\/li>\n<\/ul>\n<div itemprop=\"review\" itemscope itemtype=\"http:\/\/schema.org\/Review\">\n<span itemprop=\"author\" itemscope=\"\" itemtype=\"http:\/\/schema.org\/Organization\"><span itemprop=\"name\">MoverDB.com<\/span><\/span> Examen en ligne du site Web pour <span itemprop=\"itemreviewed\" itemscope=\"\" itemtype=\"http:\/\/schema.org\/Brand\"><span itemprop=\"name\">Bolliger<\/span><\/span>:<\/p>\n<ol>\n<li> Coordonn\u00e9es claires sur le site web (y compris le num\u00e9ro de t\u00e9l\u00e9phone) : <strong>Oui<\/strong><\/li>\n<li> Facile \u00e0 obtenir <a href=\"https:\/\/moverdb.com\/fr\/citations\/\">devis de d\u00e9m\u00e9nagement international<\/a>? (Formulaire de demande de devis en ligne) : <strong>Oui<\/strong><\/li>\n<li> Informations claires sur le site web : <strong>Oui,<\/strong> mais pas toujours tr\u00e8s d\u00e9taill\u00e9es.<\/li>\n<li> Adh\u00e9sion \u00e0 des organisations internationales de d\u00e9m\u00e9nagement reconnues : <strong>Oui<\/strong>(voir ci-dessus)<\/li>\n<li> Liste de clients et\/ou t\u00e9moignages de clients pr\u00e9c\u00e9dents : <strong>Oui,<\/strong> de nombreux t\u00e9moignages positifs de clients et des critiques g\u00e9n\u00e9ralement bonnes sur le reste du web.<\/li>\n<\/ol>\n<div itemprop=\"reviewRating\" itemscope itemtype=\"http:\/\/schema.org\/Rating\"><meta itemprop=\"worstRating\" content = \"0\" \/><meta itemprop=\"bestRating\" content=\"5\" \/><meta itemprop=\"ratingValue\" content=\"4.5\"><\/div>\n<p><strong>Note globale : 4,5\/5<\/strong><br \/>\n<strong>Date de r\u00e9vision :<\/strong> <span itemprop=\"datePublished\" content=\"2017-02-23\">23\/02\/2017<\/span>\n<\/div>\n<p>Plus d'informations sur <a href=\"https:\/\/moverdb.com\/fr\/entreprises-de-demenagement\/\">soci\u00e9t\u00e9s de d\u00e9m\u00e9nagement international<\/a> et notre <a href=\"https:\/\/moverdb.com\/fr\/revues\/\">processus de r\u00e9vision<\/a>.<\/p>\n<p><strong>Sites web :<\/strong> IT : <a href=\"http:\/\/www.bolliger.it\/\" target=\"_blank\" rel=\"noopener\">http:\/\/www.bolliger.it\/<\/a> ROYAUME-UNI : <a href=\"http:\/\/www.bolliger.co.uk\/\" target=\"_blank\" rel=\"noopener\">http:\/\/www.bolliger.co.uk\/<\/a><\/p>","protected":false},"excerpt":{"rendered":"<p>Bolliger offers its customers a wide variety of moving services. These are listed below together with a company profile and reviews. International Moving Worldwide network of moving resources Door to door Move Manager with at least 5 years&#8217; experience Track your shipment 24\/7 House survey to ascertain packing requirements etc Insurance arranged Personal coordinator will [&hellip;]<\/p>\n","protected":false},"author":1,"featured_media":0,"parent":0,"menu_order":0,"comment_status":"closed","ping_status":"closed","template":"","meta":{"_genesis_hide_title":false,"_genesis_hide_breadcrumbs":false,"_genesis_hide_singular_image":false,"_genesis_hide_footer_widgets":false,"_genesis_custom_body_class":"","_genesis_custom_post_class":"","_genesis_layout":"","footnotes":""},"class_list":{"0":"post-1662","1":"page","2":"type-page","3":"status-publish","5":"entry"},"_links":{"self":[{"href":"https:\/\/moverdb.com\/fr\/wp-json\/wp\/v2\/pages\/1662","targetHints":{"allow":["GET"]}}],"collection":[{"href":"https:\/\/moverdb.com\/fr\/wp-json\/wp\/v2\/pages"}],"about":[{"href":"https:\/\/moverdb.com\/fr\/wp-json\/wp\/v2\/types\/page"}],"author":[{"embeddable":true,"href":"https:\/\/moverdb.com\/fr\/wp-json\/wp\/v2\/users\/1"}],"replies":[{"embeddable":true,"href":"https:\/\/moverdb.com\/fr\/wp-json\/wp\/v2\/comments?post=1662"}],"version-history":[{"count":5,"href":"https:\/\/moverdb.com\/fr\/wp-json\/wp\/v2\/pages\/1662\/revisions"}],"predecessor-version":[{"id":6184,"href":"https:\/\/moverdb.com\/fr\/wp-json\/wp\/v2\/pages\/1662\/revisions\/6184"}],"wp:attachment":[{"href":"https:\/\/moverdb.com\/fr\/wp-json\/wp\/v2\/media?parent=1662"}],"curies":[{"name":"wp","href":"https:\/\/api.w.org\/{rel}","templated":true}]}}