{"id":1650,"date":"2017-04-24T10:40:56","date_gmt":"2017-04-24T10:40:56","guid":{"rendered":"http:\/\/moverdb.com\/?page_id=1650"},"modified":"2026-01-08T14:48:05","modified_gmt":"2026-01-08T14:48:05","slug":"cosco-expedition","status":"publish","type":"page","link":"https:\/\/moverdb.com\/fr\/cosco-shipping\/","title":{"rendered":"COSCO Shipping Lines - Services internationaux et commentaires"},"content":{"rendered":"<p>COSCO Shipping Lines (<a href=\"https:\/\/moverdb.com\/fr\/moving-to-china\/\" data-internallinksmanager029f6b8e52c=\"357\" title=\"D\u00e9m\u00e9nager en Chine ? 2026 Co\u00fbts de la vie et conseils de relocalisation\">Chine<\/a> Ocean Shipping (Group) Company) offre \u00e0 ses clients un large \u00e9ventail de services. Ceux-ci sont \u00e9num\u00e9r\u00e9s ci-dessous, accompagn\u00e9s d'un profil de l'entreprise et de commentaires.<\/p>\n<p><strong><a href=\"https:\/\/moverdb.com\/fr\/container-shipping\/\" data-internallinksmanager029f6b8e52c=\"3\" title=\"Graphique des taux d&#039;exp\u00e9dition des conteneurs internationaux : Avril 2026\">Transport par conteneurs<\/a><\/strong><\/p>\n<ul>\n<li> Flotte de navires - 170 porte-conteneurs modernes<\/li>\n<li> Routes de service - 84 routes maritimes internationales et 23 routes domestiques<\/li>\n<li> R\u00e9seau mondial<\/li>\n<li> 22 000 conteneurs r\u00e9frig\u00e9r\u00e9s<\/li>\n<\/ul>\n<p><strong>Transport de cargaisons en vrac sec<\/strong><\/p>\n<ul>\n<li> Flotte de navires - 380 navires, capacit\u00e9 de transport de 34 millions de TPL<\/li>\n<li> Minerai de fer<\/li>\n<li> Charbon<\/li>\n<li> Grain<\/li>\n<li> Acier<\/li>\n<li> Autres cargaisons en vrac<\/li>\n<li> 1,000 <a href=\"https:\/\/moverdb.com\/fr\/top-49-container-ports\/\" data-internallinksmanager029f6b8e52c=\"80\" title=\"Les 49 ports \u00e0 conteneurs les plus importants et les plus fr\u00e9quent\u00e9s en 2025\">ports<\/a> dans plus de 100 pays<\/li>\n<li> Syst\u00e8me de synchronisation navire-terre<\/li>\n<\/ul>\n<p><strong>Transport maritime du p\u00e9trole et du gaz<\/strong><\/p>\n<ul>\n<li> Exp\u00e9dier vers plus de 300 ports dans le monde<\/li>\n<li> P\u00e9trole brut<\/li>\n<li> Huile de produit<\/li>\n<li> GPL et GNL<\/li>\n<\/ul>\n<p><strong>Transport sp\u00e9cialis\u00e9 et g\u00e9n\u00e9ral de marchandises<\/strong><\/p>\n<ul>\n<li> Navires polyvalents de levage lourd<\/li>\n<li> Navires semi-submersibles<\/li>\n<li> Navires en asphalte<\/li>\n<li> Porteurs de bois<\/li>\n<li> Porte-voitures<\/li>\n<\/ul>\n<p><strong>Secteur du financement du transport maritime<\/strong><\/p>\n<ul>\n<li> Affr\u00e8tement de navires<\/li>\n<li> Location de conteneurs<\/li>\n<li> Installations de stockage du terminal<\/li>\n<li> Assurance de l'exp\u00e9dition<\/li>\n<\/ul>\n<p><strong>Services de ligne pour les passagers<\/strong><\/p>\n<ul>\n<li> Littoral int\u00e9rieur chinois<\/li>\n<li> Chine - <a href=\"https:\/\/moverdb.com\/fr\/moving-to-japan\/\" data-internallinksmanager029f6b8e52c=\"342\" title=\"D\u00e9m\u00e9nager au Japon ? 2026 Co\u00fbts de la vie et conseils de relocalisation\">Japon<\/a><\/li>\n<li> Chine - Cor\u00e9e<\/li>\n<li> Taiwan continentale<\/li>\n<\/ul>\n<h2>Profil de la soci\u00e9t\u00e9 COSCO Shipping Lines<\/h2>\n<p>China Ocean Shipping (Group) Company est d\u00e9tenue par le gouvernement chinois et a son si\u00e8ge \u00e0 Shanghai. COSCO est le plus grand transporteur de vrac sec en Chine et se classe parmi les plus grands au monde. Il poss\u00e8de un total de 1 114 navires, d'une capacit\u00e9 de 85,32 millions de DWT. Elle poss\u00e8de \u00e9galement 46 terminaux \u00e0 conteneurs dans le monde entier, avec 190 places d'amarrage.<\/p>\n<p>En f\u00e9vrier 2016, le groupe COSCO a fusionn\u00e9 avec China Shipping Group, formant ainsi China COSCO Shipping Corporation. Il s'agit d'une entreprise diversifi\u00e9e qui fournit des services de transport maritime, de construction et de r\u00e9paration de navires, d'exploitation de terminaux et de fabrication de conteneurs, pour ne citer que quelques-uns de ses int\u00e9r\u00eats.<\/p>\n<p>China COSCO Shipping Corporation Ltd poss\u00e8de les accr\u00e9ditations et affiliations suivantes :<\/p>\n<ul>\n<li> Certificat international de s\u00fbret\u00e9 des navires<\/li>\n<li> Certificat de gestion de la s\u00e9curit\u00e9<\/li>\n<li> Certificat d'accr\u00e9ditation du syst\u00e8me de gestion<\/li>\n<li> Accr\u00e9ditation du syst\u00e8me de gestion environnementale<\/li>\n<li> Accr\u00e9ditation du syst\u00e8me de gestion de la sant\u00e9 et de la s\u00e9curit\u00e9 au travail<\/li>\n<li> Certificat de gestion de l'efficacit\u00e9 \u00e9nerg\u00e9tique de l'entreprise<\/li>\n<\/ul>\n<h2>Critiques sur COSCO Shipping Lines<\/h2>\n<p>Au moment de la publication, nous n'avons pas pu trouver d'avis positifs ou n\u00e9gatifs sur les services de COSCO Shipping Lines.<\/p>\n<div itemprop=\"review\" itemscope itemtype=\"http:\/\/schema.org\/Review\">\n<strong><span itemprop=\"author\" itemscope=\"\" itemtype=\"http:\/\/schema.org\/Organization\"><span itemprop=\"name\">MoverDB.com<\/span><\/span> Examen en ligne du site Web pour <span itemprop=\"itemreviewed\" itemscope=\"\" itemtype=\"http:\/\/schema.org\/Brand\"><span itemprop=\"name\">COSCO Shipping Lines<\/span><\/span>:<\/strong><\/p>\n<ol>\n<li> Coordonn\u00e9es claires sur le site web (y compris le num\u00e9ro de t\u00e9l\u00e9phone) : <strong>Oui<\/strong><\/li>\n<li> Obtenir facilement des devis d'exp\u00e9dition internationale ? (Formulaire de demande de devis en ligne) : <strong>Oui<\/strong>Ils proposent un service de devis en ligne et un service de commerce \u00e9lectronique pour suivre vos envois.<\/li>\n<li> Informations claires sur le site web : <strong>Partiel,<\/strong> le site web contient beaucoup d'informations mais n'est pas des plus conviviaux.<\/li>\n<li> Adh\u00e9sion \u00e0 des organisations maritimes internationales reconnues : <strong>Oui<\/strong><\/li>\n<li> Liste de clients et\/ou t\u00e9moignages de clients pr\u00e9c\u00e9dents. <strong>Non,<\/strong> nous n'avons pas pu en trouver au moment de la publication.<\/li>\n<\/ol>\n<div itemprop=\"reviewRating\" itemscope itemtype=\"http:\/\/schema.org\/Rating\"><meta itemprop=\"worstRating\" content = \"0\" \/><meta itemprop=\"bestRating\" content=\"5\" \/><meta itemprop=\"ratingValue\" content=\"3.5\"><\/div>\n<p><strong>Note globale : 3,5\/5<\/strong><br \/>\n<strong>Date de r\u00e9vision :<\/strong> <span itemprop=\"datePublished\" content=\"2017-04-24\">24\/04\/2017<\/span>\n<\/div>\n<p>Plus sur les autres <a href=\"https:\/\/moverdb.com\/fr\/compagnies-maritimes\/\">soci\u00e9t\u00e9s de transport maritime international<\/a>, <a href=\"https:\/\/moverdb.com\/fr\/expedition-par-conteneur\/\">tarifs d'exp\u00e9dition de conteneurs<\/a> et notre <a href=\"https:\/\/moverdb.com\/fr\/revues\/\">processus de r\u00e9vision<\/a>.<\/p>\n<p><strong>Site web :<\/strong> <a href=\"http:\/\/lines.coscoshipping.com\/home.do\" target=\"_blank\" rel=\"noopener\">http:\/\/lines.coscoshipping.com\/home.do<\/a><\/p>","protected":false},"excerpt":{"rendered":"<p>COSCO Shipping Lines (China Ocean Shipping (Group) Company) offers its clients a wide array of services. These are listed below together with a company profile and reviews. Container Shipping Vessel fleet &#8211; 170 modern container vessels Service routes &#8211; 84 international shipping routes and 23 domestic Global network 22,000 refrigerated containers Dry Bulk Cargo Shipping [&hellip;]<\/p>\n","protected":false},"author":1,"featured_media":0,"parent":0,"menu_order":0,"comment_status":"closed","ping_status":"closed","template":"","meta":{"_genesis_hide_title":false,"_genesis_hide_breadcrumbs":false,"_genesis_hide_singular_image":false,"_genesis_hide_footer_widgets":false,"_genesis_custom_body_class":"","_genesis_custom_post_class":"","_genesis_layout":"","footnotes":""},"class_list":{"0":"post-1650","1":"page","2":"type-page","3":"status-publish","5":"entry"},"_links":{"self":[{"href":"https:\/\/moverdb.com\/fr\/wp-json\/wp\/v2\/pages\/1650","targetHints":{"allow":["GET"]}}],"collection":[{"href":"https:\/\/moverdb.com\/fr\/wp-json\/wp\/v2\/pages"}],"about":[{"href":"https:\/\/moverdb.com\/fr\/wp-json\/wp\/v2\/types\/page"}],"author":[{"embeddable":true,"href":"https:\/\/moverdb.com\/fr\/wp-json\/wp\/v2\/users\/1"}],"replies":[{"embeddable":true,"href":"https:\/\/moverdb.com\/fr\/wp-json\/wp\/v2\/comments?post=1650"}],"version-history":[{"count":3,"href":"https:\/\/moverdb.com\/fr\/wp-json\/wp\/v2\/pages\/1650\/revisions"}],"predecessor-version":[{"id":6196,"href":"https:\/\/moverdb.com\/fr\/wp-json\/wp\/v2\/pages\/1650\/revisions\/6196"}],"wp:attachment":[{"href":"https:\/\/moverdb.com\/fr\/wp-json\/wp\/v2\/media?parent=1650"}],"curies":[{"name":"wp","href":"https:\/\/api.w.org\/{rel}","templated":true}]}}