{"id":1648,"date":"2017-04-21T14:26:25","date_gmt":"2017-04-21T14:26:25","guid":{"rendered":"http:\/\/moverdb.com\/?page_id=1648"},"modified":"2026-01-08T14:47:58","modified_gmt":"2026-01-08T14:47:58","slug":"cma-cgm","status":"publish","type":"page","link":"https:\/\/moverdb.com\/fr\/cma-cgm\/","title":{"rendered":"Groupe CMA CGM - Services de transport maritime international et commentaires"},"content":{"rendered":"<p>Le Groupe CMA CGM offre \u00e0 ses clients une large gamme de solutions de transport maritime et de logistique. Celles-ci sont list\u00e9es ci-dessous, accompagn\u00e9es d'un profil de la soci\u00e9t\u00e9 et de commentaires.<\/p>\n<h3>Exp\u00e9dition internationale<\/h3>\n<p><strong>Conteneurs secs<\/strong><\/p>\n<ul>\n<li> Conteneurs \u00e0 usage g\u00e9n\u00e9ral (20'\/40'\/40\u2032 HC\/45\u2032 HC) ;<\/li>\n<li> Conteneurs de largeur palette (40\u2032 HC PW\/45\u2032 HC PW) ;<\/li>\n<li> Conteneurs sp\u00e9cialis\u00e9s (flat-rack, open-top, open-side, plate-forme, citerne, etc.)<\/li>\n<li> Un service personnalis\u00e9<\/li>\n<\/ul>\n<p><strong>Conteneurs frigorifiques<\/strong><\/p>\n<ul>\n<li> 20\u2032 RE\/40\u2032 RH Conteneurs frigorifiques,<\/li>\n<li> La plus grande flotte de conteneurs de 45\u2032 RH Pallet wide du march\u00e9, d\u00e9di\u00e9e au commerce intra-europ\u00e9en.<\/li>\n<li> D\u00e9partement d\u00e9di\u00e9<\/li>\n<\/ul>\n<p><strong>XXL Cargo<\/strong><\/p>\n<ul>\n<li> Exp\u00e9dier des cargaisons de dimensions et de poids non standards<\/li>\n<li> Voitures de luxe<\/li>\n<li> H\u00e9licopt\u00e8res<\/li>\n<li> Grandes machines<\/li>\n<li> Wagons de chemin de fer<\/li>\n<li> Turbines et g\u00e9n\u00e9rateurs surdimensionn\u00e9s<\/li>\n<li> Expertise dans le transport de marchandises diverses<\/li>\n<\/ul>\n<p><strong>Inland - Services intermodaux - Tous les continents<\/strong><\/p>\n<ul>\n<li> Service complet de porte \u00e0 porte<\/li>\n<li> Solutions terrestres sur mesure (rail, route et rivi\u00e8re)<\/li>\n<li> Optimiser la cha\u00eene d'approvisionnement gr\u00e2ce \u00e0 des possibilit\u00e9s de porte-\u00e0-porte permettant de r\u00e9duire les co\u00fbts.<\/li>\n<li> Retenue et surestaries sp\u00e9cifiques attrayantes<\/li>\n<li> Un suivi pr\u00e9cis pour des livraisons en temps voulu<\/li>\n<li> R\u00e9servation et suivi ais\u00e9s via un<a>plateforme e-business<\/a><\/li>\n<\/ul>\n<p><strong>AQUAVIVA - Exp\u00e9dition de homards vivants<\/strong><\/p>\n<ul>\n<li> Service porte-\u00e0-porte<\/li>\n<li> Nouvelle alternative \u00e0 la cong\u00e9lation et au co\u00fbteux fret a\u00e9rien<\/li>\n<li> Maintien de l'habitat naturel du homard<\/li>\n<li> Garantit la fra\u00eecheur et la qualit\u00e9 du premier jour, m\u00eame sur une longue p\u00e9riode de conservation.<\/li>\n<li> Respectueux de l'environnement<\/li>\n<\/ul>\n<p><strong>RORO (Roll on Roll off)<\/strong><\/p>\n<ul>\n<li> <strong><a href=\"https:\/\/moverdb.com\/fr\/moving-companies\/algeria\/\" data-internallinksmanager029f6b8e52c=\"166\" title=\"3 meilleures soci\u00e9t\u00e9s de d\u00e9m\u00e9nagement international en Alg\u00e9rie\">Alg\u00e9rie<\/a><\/strong>: une desserte de Mostaganem et d'Oran et une desserte de B\u00e9ja<\/li>\n<li> <strong><a href=\"https:\/\/moverdb.com\/fr\/moving-companies\/moving-companies-morocco\/\" data-internallinksmanager029f6b8e52c=\"287\" title=\"4 meilleures entreprises de d\u00e9m\u00e9nagements internationaux au Maroc\">Maroc<\/a><\/strong>: un service \u00e0 destination de Casablanca<\/li>\n<li> <strong>Tunisie<\/strong>: un service \u00e0 Rades et \u00e0 La Goulette<\/li>\n<\/ul>\n<p><strong>Croisi\u00e8res Cargo<\/strong><\/p>\n<ul>\n<li> Partager la vie quotidienne avec l'\u00e9quipage<\/li>\n<li> 170 lignes maritimes, 450 <a href=\"https:\/\/moverdb.com\/fr\/top-49-container-ports\/\" data-internallinksmanager029f6b8e52c=\"80\" title=\"Les 49 ports \u00e0 conteneurs les plus importants et les plus fr\u00e9quent\u00e9s en 2025\">ports<\/a> et 150 pays<\/li>\n<li> R\u00e9servez pour quelques jours ou quelques mois<\/li>\n<li> Descendez \u00e0 terre pour un jour ou une semaine et prenez le prochain bateau.<\/li>\n<\/ul>\n<h2>Profil de l'entreprise du groupe CMA CGM<\/h2>\n<p>Le Groupe CMA CGM a \u00e9t\u00e9 cr\u00e9\u00e9 \u00e0 Marseille par Jacques R. Saad\u00e9 en 1978, qui a fond\u00e9 la Compagnie Maritime d'Affr\u00e8tement (CMA). CMA avait un navire et quatre employ\u00e9s qui travaillaient sur une ligne maritime entre Beyrouth, Lattaqui\u00e9, Marseille et Livourne. <\/p>\n<p>En 1980, la CMA dispose de deux navires, d'un personnel de 65 personnes et a ouvert des bureaux en Europe. En 1983, la CMA lance son service multimodal, qui permet d'exp\u00e9dier des marchandises de porte \u00e0 porte.<\/p>\n<p>En 1999, la CGM et la CMA ont fusionn\u00e9, faisant de la compagnie le num\u00e9ro 12 mondial. En 2003, la compagnie s'est hiss\u00e9e \u00e0 5<sup>th<\/sup> position. En 2006, CMA CGM est devenu le 3\u00e8me groupe mondial de transport de marchandises.<sup>rd<\/sup> le plus grand <a href=\"https:\/\/moverdb.com\/fr\/compagnies-maritimes\/\" target=\"_blank\" rel=\"noopener\">soci\u00e9t\u00e9 d'exp\u00e9dition et de transport de conteneurs<\/a>qu'il reste jusqu'\u00e0 aujourd'hui.<\/p>\n<p>Aujourd'hui, le groupe CMA CGM emploie pr\u00e8s de 25 000 personnes dans le monde et poss\u00e8de 64 bureaux et agences dans le monde entier. Il poss\u00e8de deux si\u00e8ges principaux, l'un \u00e0 Marseille et l'autre \u00e0 Norfolk, <a href=\"https:\/\/moverdb.com\/fr\/moving-to-the-united-states\/moving-to-virginia\/\" data-internallinksmanager029f6b8e52c=\"442\" title=\"D\u00e9m\u00e9nager en Virginie ? 2026 Co\u00fbts de la vie et conseils de relocalisation\">Virginie<\/a>. La compagnie op\u00e8re sur 170 lignes maritimes et fait escale dans 450 ports de 150 pays. Elle est aujourd'hui le troisi\u00e8me plus grand <a href=\"https:\/\/moverdb.com\/fr\/shipping-companies\/\" data-internallinksmanager029f6b8e52c=\"4\" title=\"Les 10 meilleures soci\u00e9t\u00e9s internationales d&#039;exp\u00e9dition de conteneurs\">compagnie de navigation<\/a> dans le monde et poss\u00e8de une flotte de 428 navires.<\/p>\n<p>CMA CGM poss\u00e8de les accr\u00e9ditations et affiliations suivantes :<\/p>\n<ul>\n<li> Certificat international de s\u00fbret\u00e9 des navires (ISSC)<\/li>\n<li> Certificat de gestion de la s\u00e9curit\u00e9 (SMC)<\/li>\n<li> Convention du travail maritime (MLC)<\/li>\n<li> <a href=\"https:\/\/moverdb.com\/fr\/conseil-mondial-des-transports-maritimes\/\">Conseil mondial de la marine marchande<\/a> (<a href=\"https:\/\/moverdb.com\/fr\/world-shipping-council\/\" data-internallinksmanager029f6b8e52c=\"82\" title=\"Le World Shipping Council (WSC) expliqu\u00e9\">CSM<\/a>)<\/li>\n<\/ul>\n<h2>Critiques du groupe CMA CGM<\/h2>\n<p><em>Au moment de la r\u00e9daction de ce document, nous n'avons pas trouv\u00e9 d'avis en ligne sur les services de transport maritime du Groupe CMA CGM.<\/em><\/p>\n<div itemprop=\"review\" itemscope itemtype=\"http:\/\/schema.org\/Review\">\n<strong><span itemprop=\"author\" itemscope=\"\" itemtype=\"http:\/\/schema.org\/Organization\"><span itemprop=\"name\">MoverDB.com<\/span><\/span> Examen en ligne du site Web pour <span itemprop=\"itemreviewed\" itemscope=\"\" itemtype=\"http:\/\/schema.org\/Brand\"><span itemprop=\"name\">Groupe CMA CGM<\/span><\/span>:<\/strong><\/p>\n<ol>\n<li> Coordonn\u00e9es claires sur le site web (y compris le num\u00e9ro de t\u00e9l\u00e9phone) : <strong>Oui<\/strong><\/li>\n<li> Facile \u00e0 obtenir <a href=\"https:\/\/moverdb.com\/fr\/container-shipping\/\" data-internallinksmanager029f6b8e52c=\"3\" title=\"Graphique des taux d&#039;exp\u00e9dition des conteneurs internationaux : Avril 2026\">exp\u00e9dition internationale<\/a> devis ? (Formulaire de demande de devis en ligne) : <strong>Non<\/strong>il semble que vous deviez vous inscrire pour obtenir des devis.<\/li>\n<li> Informations claires sur le site web : <strong>Oui,<\/strong> le site web contient des informations d\u00e9taill\u00e9es sur tous leurs services.<\/li>\n<li> Adh\u00e9sion \u00e0 des organisations maritimes internationales reconnues : <strong>Oui<\/strong><\/li>\n<li> Liste de clients et\/ou t\u00e9moignages de clients pr\u00e9c\u00e9dents. <strong>Non,<\/strong> il n'y en a pas sur leur site web.<\/li>\n<\/ol>\n<div itemprop=\"reviewRating\" itemscope itemtype=\"http:\/\/schema.org\/Rating\"><meta itemprop=\"worstRating\" content = \"0\" \/><meta itemprop=\"bestRating\" content=\"5\" \/><meta itemprop=\"ratingValue\" content=\"3.5\"><\/div>\n<p><strong>Note globale : 3,5\/5<\/strong><br \/>\n<strong>Date de r\u00e9vision :<\/strong> <span itemprop=\"datePublished\" content=\"2017-04-21\">21\/04\/2017<\/span>\n<\/div>\n<p>Plus sur les autres <a href=\"https:\/\/moverdb.com\/fr\/compagnies-maritimes\/\">soci\u00e9t\u00e9s de transport maritime international<\/a>, <a href=\"https:\/\/moverdb.com\/fr\/expedition-par-conteneur\/\">tarifs d'exp\u00e9dition de conteneurs<\/a> et notre <a href=\"https:\/\/moverdb.com\/fr\/revues\/\">processus de r\u00e9vision<\/a>.<\/p>\n<p><strong>Site web :<\/strong> <a href=\"http:\/\/www.cma-cgm.com\/\" target=\"_blank\" rel=\"noopener\">http:\/\/www.cma-cgm.com\/<\/a><\/p>","protected":false},"excerpt":{"rendered":"<p>CMA CGM Group offers its clients a wide range of shipping and logistics solutions. These are listed below together with a company profile and reviews. International Shipping Dry Containers General-use containers (20&#8217;\/40&#8217;\/40&#8242; HC\/45&#8242; HC); Pallet wide containers (40&#8242; HC PW\/45&#8242; HC PW); Specialised containers (flat-rack, open-top, open-side, platform, tank, etc.) Personalised service Reefer Containers 20&#8242; [&hellip;]<\/p>\n","protected":false},"author":1,"featured_media":0,"parent":0,"menu_order":0,"comment_status":"closed","ping_status":"closed","template":"","meta":{"_genesis_hide_title":false,"_genesis_hide_breadcrumbs":false,"_genesis_hide_singular_image":false,"_genesis_hide_footer_widgets":false,"_genesis_custom_body_class":"","_genesis_custom_post_class":"","_genesis_layout":"","footnotes":""},"class_list":{"0":"post-1648","1":"page","2":"type-page","3":"status-publish","5":"entry"},"_links":{"self":[{"href":"https:\/\/moverdb.com\/fr\/wp-json\/wp\/v2\/pages\/1648","targetHints":{"allow":["GET"]}}],"collection":[{"href":"https:\/\/moverdb.com\/fr\/wp-json\/wp\/v2\/pages"}],"about":[{"href":"https:\/\/moverdb.com\/fr\/wp-json\/wp\/v2\/types\/page"}],"author":[{"embeddable":true,"href":"https:\/\/moverdb.com\/fr\/wp-json\/wp\/v2\/users\/1"}],"replies":[{"embeddable":true,"href":"https:\/\/moverdb.com\/fr\/wp-json\/wp\/v2\/comments?post=1648"}],"version-history":[{"count":5,"href":"https:\/\/moverdb.com\/fr\/wp-json\/wp\/v2\/pages\/1648\/revisions"}],"predecessor-version":[{"id":6192,"href":"https:\/\/moverdb.com\/fr\/wp-json\/wp\/v2\/pages\/1648\/revisions\/6192"}],"wp:attachment":[{"href":"https:\/\/moverdb.com\/fr\/wp-json\/wp\/v2\/media?parent=1648"}],"curies":[{"name":"wp","href":"https:\/\/api.w.org\/{rel}","templated":true}]}}