{"id":1644,"date":"2017-02-23T09:28:26","date_gmt":"2017-02-23T09:28:26","guid":{"rendered":"http:\/\/moverdb.com\/?page_id=1644"},"modified":"2026-01-08T14:48:02","modified_gmt":"2026-01-08T14:48:02","slug":"conroy-removals","status":"publish","type":"page","link":"https:\/\/moverdb.com\/fr\/conroy-removals\/","title":{"rendered":"Conroy Removals - Avis sur les d\u00e9m\u00e9nagements internationaux"},"content":{"rendered":"<p>Conroy Removals offre \u00e0 ses clients une grande vari\u00e9t\u00e9 de services de d\u00e9m\u00e9nagement dans les deux pays. <a href=\"https:\/\/moverdb.com\/fr\/moving-to-australia\/living-in-australia\/\" data-internallinksmanager029f6b8e52c=\"240\" title=\"21 secrets sur la vie en Australie \u00e0 conna\u00eetre avant de d\u00e9m\u00e9nager\">Australie<\/a> et <a href=\"https:\/\/moverdb.com\/fr\/moving-to-new-zealand\/\" data-internallinksmanager029f6b8e52c=\"324\" title=\"D\u00e9m\u00e9nager en Nouvelle-Z\u00e9lande ? 2026 Co\u00fbts de la vie et conseils de relocalisation\">Nouvelle-Z\u00e9lande<\/a>. Elles sont \u00e9num\u00e9r\u00e9es ci-dessous, accompagn\u00e9es d'un profil de l'entreprise et de commentaires.<\/p>\n<p><strong><a href=\"https:\/\/moverdb.com\/fr\/international-removals\/\" data-internallinksmanager029f6b8e52c=\"27\" title=\"36 meilleures entreprises de d\u00e9m\u00e9nagements internationaux au Royaume-Uni\">D\u00e9m\u00e9nagements internationaux<\/a><\/strong><\/p>\n<ul>\n<li> Coordinateur personnel de d\u00e9m\u00e9nagement<\/li>\n<li> Porte \u00e0 porte<\/li>\n<li> Service complet d'emballage, d'emballage partiel et d'emballage individuel.<\/li>\n<li> D\u00e9montage et remontage de meubles<\/li>\n<li> <a href=\"https:\/\/moverdb.com\/fr\/voiture-transport-expedition\/\">Exp\u00e9dition de voitures<\/a>les motos, les bateaux et les remorques<\/li>\n<li> Fret maritime - <a href=\"https:\/\/moverdb.com\/fr\/expedition-par-conteneur\/\">Exp\u00e9dition de conteneurs FCL\/LCL<\/a><\/li>\n<li> Fret a\u00e9rien<\/li>\n<li> Possibilit\u00e9 de stockage \u00e0 court et \u00e0 long terme<\/li>\n<li> Service de d\u00e9ballage complet disponible<\/li>\n<li> Enl\u00e8vement des d\u00e9bris<\/li>\n<li> D\u00e9douanement et assistance pour les documents n\u00e9cessaires<\/li>\n<li> Assurance organis\u00e9e<\/li>\n<li> Services de change<\/li>\n<\/ul>\n<p><strong>D\u00e9m\u00e9nagements inter\u00e9tatiques, longue distance et locaux<\/strong><\/p>\n<ul>\n<li> Un expert en d\u00e9m\u00e9nagement d\u00e9di\u00e9<\/li>\n<li> Porte \u00e0 porte<\/li>\n<li> Diverses formules disponibles<\/li>\n<li> Service d'emballage complet, articles fragiles ou emballage de bricolage<\/li>\n<li> D\u00e9montage et remontage de meubles<\/li>\n<li> Possibilit\u00e9 de stockage \u00e0 court et \u00e0 long terme<\/li>\n<li> Service de d\u00e9ballage disponible<\/li>\n<li> Assurance souscrite<\/li>\n<\/ul>\n<p><strong>D\u00e9m\u00e9nagements d'entreprises<\/strong><\/p>\n<ul>\n<li> D\u00e9m\u00e9nagement d'articles m\u00e9nagers<\/li>\n<li> Recherche \u00e0 domicile<\/li>\n<li> Recherche d'\u00e9cole<\/li>\n<li> Orientation<\/li>\n<li> Formation linguistique<\/li>\n<li> Logement \u00e0 court terme<\/li>\n<li> <a href=\"https:\/\/moverdb.com\/fr\/voiture-transport-expedition\/\">Transport et exp\u00e9dition de v\u00e9hicules \u00e0 moteur<\/a><\/li>\n<li> Transport d'animaux<\/li>\n<li> Nettoyage de la maison<\/li>\n<li> D\u00e9ballage par valet<\/li>\n<li> Change \u00e9tranger<\/li>\n<\/ul>\n<h2>Profil de l'entreprise Conroy Removals<\/h2>\n<p>L'entreprise Conroy Removals of Australia and New Zealand a \u00e9t\u00e9 cr\u00e9\u00e9e en 1972. Elle poss\u00e8de des filiales dans toute l'Australie et la Nouvelle-Z\u00e9lande et se consid\u00e8re comme la premi\u00e8re entreprise de d\u00e9m\u00e9nagement de la r\u00e9gion. Conroy dispose d'un vaste r\u00e9seau de partenaires et d'affili\u00e9s nationaux et internationaux, ce qui lui donne acc\u00e8s \u00e0 plus de 350 partenaires internationaux \u00e0 lui seul.<\/p>\n<p>L'entreprise s'attache \u00e0 r\u00e9duire son empreinte carbone en r\u00e9duisant, r\u00e9utilisant et recyclant. Elle est \u00e9galement convaincue que ses employ\u00e9s sont bien form\u00e9s et confiants dans leur capacit\u00e9 \u00e0 fournir un excellent service dans tout ce qu'ils font.<\/p>\n<p>Conroy Removals (Australie et Nouvelle-Z\u00e9lande) poss\u00e8de les accr\u00e9ditations et affiliations suivantes :<\/p>\n<ul>\n<li> <a href=\"https:\/\/moverdb.com\/fr\/je-suis\/\">Association internationale des d\u00e9m\u00e9nageurs<\/a> (<a href=\"https:\/\/moverdb.com\/fr\/iam\/\" data-internallinksmanager029f6b8e52c=\"23\" title=\"L&#039;Association internationale des d\u00e9m\u00e9nageurs (IAM) expliqu\u00e9e\">IAM<\/a>)<\/li>\n<li> <a href=\"https:\/\/moverdb.com\/fr\/british-association-of-removers\/\">Association britannique des d\u00e9m\u00e9nageurs<\/a> (<a href=\"https:\/\/moverdb.com\/fr\/british-association-of-removers\/\" data-internallinksmanager029f6b8e52c=\"9\" title=\"Explication de la British Association of Removers (BAR)\">BAR<\/a>)<\/li>\n<li> <a href=\"https:\/\/moverdb.com\/fr\/afra\/\">Association australienne des d\u00e9m\u00e9nageurs de meubles<\/a> (<a href=\"https:\/\/moverdb.com\/fr\/afra\/\" data-internallinksmanager029f6b8e52c=\"7\" title=\"Explication de l&#039;Association australienne des d\u00e9m\u00e9nageurs (AFRA)\">AFRA<\/a>)<\/li>\n<li> <a href=\"https:\/\/moverdb.com\/fr\/aima\/\">Association australienne des d\u00e9m\u00e9nageurs internationaux<\/a> (<a href=\"https:\/\/moverdb.com\/fr\/aima\/\" data-internallinksmanager029f6b8e52c=\"8\" title=\"Explication de l&#039;Association australienne des d\u00e9m\u00e9nageurs internationaux (AIMA)\">AIMA<\/a>)<\/li>\n<li> Association sud-africaine des d\u00e9m\u00e9nageurs internationaux (SAIMA)<\/li>\n<li> Association panam\u00e9ricaine des d\u00e9m\u00e9nageurs internationaux (PAIMA)<\/li>\n<li> Association n\u00e9o-z\u00e9landaise des d\u00e9m\u00e9nageurs d'outre-mer (NZOMA)<\/li>\n<li> <a href=\"https:\/\/moverdb.com\/fr\/fidi-faim\/\">Alliance mondiale de la FIDI<\/a><\/li>\n<\/ul>\n<p>Ils ont des bureaux en Australie :<\/p>\n<ul>\n<li> <a href=\"https:\/\/moverdb.com\/fr\/moving-to-brisbane\/\" data-internallinksmanager029f6b8e52c=\"255\" title=\"Vous d\u00e9m\u00e9nagez \u00e0 Brisbane ? 2026 Co\u00fbt de la vie et conseils de relocalisation\">Brisbane<\/a><\/li>\n<li> <a href=\"https:\/\/moverdb.com\/fr\/sinstaller-a-sydney\/\">Sydney<\/a><\/li>\n<li> Melbourne<\/li>\n<li> Perth<\/li>\n<li> Townsville<\/li>\n<\/ul>\n<p>Bureaux en Nouvelle-Z\u00e9lande :<\/p>\n<ul>\n<li> Napier<\/li>\n<li> Auckland<\/li>\n<li> Tauranga<\/li>\n<li> Wellington<\/li>\n<li> Christchurch<\/li>\n<li> Nelson<\/li>\n<\/ul>\n<h2>Commentaires sur les d\u00e9m\u00e9nagements de Conroy<\/h2>\n<p><strong>Positif :<\/strong><\/p>\n<ul>\n<li> <em>\"L'emballage de ma maison a \u00e9t\u00e9 fait avec brio, en prenant soin de tous mes biens dans un d\u00e9lai tr\u00e8s court. Tout a \u00e9t\u00e9 catalogu\u00e9 clairement et le d\u00e9ballage a \u00e9t\u00e9 facile avec tous les articles facilement localis\u00e9s et les bo\u00eetes bien nomm\u00e9es pour chaque pi\u00e8ce. Tous les d\u00e9chets ont \u00e9t\u00e9 enlev\u00e9s et m\u00eame certains vieux cartons ont \u00e9t\u00e9 pris pour moi, ce qui a \u00e9t\u00e9 d'une grande aide lors du nettoyage de la maison vide.\"<\/em> - T\u00e9moignage d'un client <a href=\"https:\/\/www.conroy.co.nz\/customer-reviews\/nz-to-overseas\" target=\"_blank\" rel=\"noopener\">via le site web de la NZ<\/a><\/li>\n<li> <em>\"Excellente communication avant la livraison et les deux hommes qui ont livr\u00e9 nos marchandises \u00e9taient polis, amicaux, rapides et tr\u00e8s efficaces.\"<\/em> - Avis du client via <a href=\"https:\/\/www.conroyremovals.com.au\/customer-reviews\/overseas-to-australia\" target=\"_blank\" rel=\"noopener\">Site web de l'UA<\/a><\/li>\n<li> <em>\"J'ai d\u00e9m\u00e9nag\u00e9 25 fois et c'\u00e9tait de loin la meilleure exp\u00e9rience de d\u00e9m\u00e9nagement. Merci Conroys !\"<\/em> - Jackie via <a href=\"http:\/\/www.productreview.com.au\/p\/conroy-removals.html?rating=5#reviews\" target=\"_blank\" rel=\"noopener\">Examen du produit<\/a><\/li>\n<li> <em>\"D\u00e9m\u00e9nager de gros objets en Nouvelle-Z\u00e9lande et en Australie peut \u00eatre difficile, mais ces gars-l\u00e0 ont vraiment rendu les choses faciles.\"<\/em> - Dave via <a href=\"https:\/\/yellow.co.nz\/y\/conroy-removals-airpark-drive#detailsRatingsReviews\" target=\"_blank\" rel=\"noopener\">Jaune<\/a><\/li>\n<\/ul>\n<p><strong>N\u00e9gatif :<\/strong><\/p>\n<ul>\n<li> <em>\"Malgr\u00e9 de multiples appels (tous tomb\u00e9s sur la messagerie vocale) et courriels, je n'ai rien entendu pendant deux semaines entre le moment o\u00f9 mes marchandises ont \u00e9t\u00e9 d\u00e9douan\u00e9es et celui o\u00f9 les livreurs ont appel\u00e9.\"<\/em> - Avis du client via <a href=\"https:\/\/www.conroy.co.nz\/customer-reviews\/overseas-to-nz\" target=\"_blank\" rel=\"noopener\">Site web de la Nouvelle-Z\u00e9lande<\/a><\/li>\n<li> <em>\"Les marchandises ont \u00e9t\u00e9 d\u00e9douan\u00e9es il y a deux semaines. \u00c0 part une demande de paiement de la TPS et des droits de douane (ce que j'ai fait le lendemain), je n'ai pas eu la moindre nouvelle de la date de livraison de mes articles. J'ai laiss\u00e9 des messages vocaux et des courriels, mais toujours rien. Je me suis pratiquement r\u00e9sign\u00e9 au fait que je ne reverrai pas mes articles.\"<\/em> - commentaire du client via <a href=\"https:\/\/www.conroyremovals.com.au\/customer-reviews\/australia-to-overseas\" target=\"_blank\" rel=\"noopener\">Site web de l'UA<\/a><\/li>\n<li> <em>\"Malheureusement, nous n'avons pas eu de chance avec notre d\u00e9m\u00e9nagement, les biens ont \u00e9t\u00e9 endommag\u00e9s en raison d'un emballage inad\u00e9quat et Conroy ne veut prendre aucune responsabilit\u00e9 dans cette affaire.\"<\/em> - Karen via <a href=\"https:\/\/www.mymovingreviews.com\/movers\/conroy-removals-1807#58945\" target=\"_blank\" rel=\"noopener\">Mes avis sur le d\u00e9m\u00e9nagement<\/a><\/li>\n<li> <em>\"Tr\u00e8s en retard, j'ai \u00e9t\u00e9 d\u00e9\u00e7u, mais ils ont gard\u00e9 le contact et c'est tout \u00e0 leur honneur. Le prix est \u00e9galement raisonnable.<\/em> - Jon via <a href=\"https:\/\/www.nocowboys.co.nz\/businesses\/conroy-removals-\" target=\"_blank\" rel=\"noopener\">NoCowboys<\/a><\/li>\n<\/ul>\n<div itemprop=\"review\" itemscope itemtype=\"http:\/\/schema.org\/Review\">\n<span itemprop=\"author\" itemscope=\"\" itemtype=\"http:\/\/schema.org\/Organization\"><span itemprop=\"name\">MoverDB.com<\/span><\/span> Examen en ligne du site Web pour <span itemprop=\"itemreviewed\" itemscope=\"\" itemtype=\"http:\/\/schema.org\/Brand\"><span itemprop=\"name\">D\u00e9m\u00e9nagements Conroy<\/span><\/span>:<\/p>\n<ol>\n<li> Coordonn\u00e9es claires sur le site web (y compris le num\u00e9ro de t\u00e9l\u00e9phone) : <strong>Oui<\/strong><\/li>\n<li> Facile \u00e0 obtenir <a href=\"https:\/\/moverdb.com\/fr\/citations\/\">devis de d\u00e9m\u00e9nagement international<\/a>? (Formulaire de demande de devis en ligne) : <strong>Oui<\/strong><\/li>\n<li> Informations claires sur le site web : <strong>Oui,<\/strong> Le site web contient de nombreuses informations tr\u00e8s d\u00e9taill\u00e9es.<\/li>\n<li> Adh\u00e9sion \u00e0 des organisations internationales de d\u00e9m\u00e9nagement reconnues : <strong>Oui<\/strong>(plusieurs, voir ci-dessus)<\/li>\n<li> Liste de clients et\/ou t\u00e9moignages de clients pr\u00e9c\u00e9dents : <strong>Oui,<\/strong> Le site web de l'entreprise contient des t\u00e9moignages de clients, tant positifs que n\u00e9gatifs, que vous pouvez trier par classement par \u00e9toiles et par type de mouvement.<\/li>\n<\/ol>\n<div itemprop=\"reviewRating\" itemscope itemtype=\"http:\/\/schema.org\/Rating\"><meta itemprop=\"worstRating\" content = \"0\" \/><meta itemprop=\"bestRating\" content=\"5\" \/><meta itemprop=\"ratingValue\" content=\"5\"><\/div>\n<p><strong>Note globale : 5\/5<\/strong><br \/>\n<strong>Date de r\u00e9vision :<\/strong> <span itemprop=\"datePublished\" content=\"2017-02-23\">23\/02\/2017<\/span>\n<\/div>\n<p>Plus d'informations sur <a href=\"https:\/\/moverdb.com\/fr\/entreprises-de-demenagement\/\">soci\u00e9t\u00e9s de d\u00e9m\u00e9nagement international<\/a> et notre <a href=\"https:\/\/moverdb.com\/fr\/revues\/\">processus de r\u00e9vision<\/a>.<\/p>\n<p><strong>Sites web :<\/strong> AU : <a href=\"https:\/\/www.conroyremovals.com.au\/\" target=\"_blank\" rel=\"noopener\">https:\/\/www.conroyremovals.com.au\/<\/a>, NZ : <a href=\"https:\/\/www.conroy.co.nz\/\" target=\"_blank\" rel=\"noopener\">https:\/\/www.conroy.co.nz\/<\/a><\/p>","protected":false},"excerpt":{"rendered":"<p>Conroy Removals offers its customers a wide variety of removal services in both Australia and New Zealand. These are listed below, together with a company profile and reviews. International Removals Personal moving coordinator Door to door Full service packing, partial packing and DIY packing Dismantling and reassembly of furniture Shipping of cars, motorbikes, boats and [&hellip;]<\/p>\n","protected":false},"author":1,"featured_media":0,"parent":0,"menu_order":0,"comment_status":"closed","ping_status":"closed","template":"","meta":{"_genesis_hide_title":false,"_genesis_hide_breadcrumbs":false,"_genesis_hide_singular_image":false,"_genesis_hide_footer_widgets":false,"_genesis_custom_body_class":"","_genesis_custom_post_class":"","_genesis_layout":"","footnotes":""},"class_list":{"0":"post-1644","1":"page","2":"type-page","3":"status-publish","5":"entry"},"_links":{"self":[{"href":"https:\/\/moverdb.com\/fr\/wp-json\/wp\/v2\/pages\/1644","targetHints":{"allow":["GET"]}}],"collection":[{"href":"https:\/\/moverdb.com\/fr\/wp-json\/wp\/v2\/pages"}],"about":[{"href":"https:\/\/moverdb.com\/fr\/wp-json\/wp\/v2\/types\/page"}],"author":[{"embeddable":true,"href":"https:\/\/moverdb.com\/fr\/wp-json\/wp\/v2\/users\/1"}],"replies":[{"embeddable":true,"href":"https:\/\/moverdb.com\/fr\/wp-json\/wp\/v2\/comments?post=1644"}],"version-history":[{"count":10,"href":"https:\/\/moverdb.com\/fr\/wp-json\/wp\/v2\/pages\/1644\/revisions"}],"predecessor-version":[{"id":6194,"href":"https:\/\/moverdb.com\/fr\/wp-json\/wp\/v2\/pages\/1644\/revisions\/6194"}],"wp:attachment":[{"href":"https:\/\/moverdb.com\/fr\/wp-json\/wp\/v2\/media?parent=1644"}],"curies":[{"name":"wp","href":"https:\/\/api.w.org\/{rel}","templated":true}]}}