{"id":1628,"date":"2017-04-24T11:01:52","date_gmt":"2017-04-24T11:01:52","guid":{"rendered":"http:\/\/moverdb.com\/?page_id=1628"},"modified":"2026-01-08T14:48:18","modified_gmt":"2026-01-08T14:48:18","slug":"evergreen-marine","status":"publish","type":"page","link":"https:\/\/moverdb.com\/fr\/evergreen-marine\/","title":{"rendered":"Evergreen Marine (Line) - Services d'exp\u00e9dition internationale et commentaires"},"content":{"rendered":"<p>Evergreen Marine, \u00e9galement connue sous le nom d'Evergreen Line, est une soci\u00e9t\u00e9 ta\u00efwanaise de transport de conteneurs et d'entreposage. <a href=\"https:\/\/moverdb.com\/fr\/shipping-companies\/\" data-internallinksmanager029f6b8e52c=\"4\" title=\"Les 10 meilleures soci\u00e9t\u00e9s internationales d&#039;exp\u00e9dition de conteneurs\">compagnie de navigation<\/a>. Elle offre \u00e0 ses clients un large \u00e9ventail de services. Ceux-ci sont \u00e9num\u00e9r\u00e9s ci-dessous, accompagn\u00e9s d'un profil de l'entreprise et de commentaires.<\/p>\n<h3>Exp\u00e9dition internationale<\/h3>\n<p><strong>Service tout-en-un<\/strong><\/p>\n<ul>\n<li> Aper\u00e7u des exp\u00e9ditions<\/li>\n<li> R\u00e9servation<\/li>\n<li> Instruction B\/L<\/li>\n<li> Relecture B\/L<\/li>\n<li> <a href=\"https:\/\/moverdb.com\/fr\/moving-to-the-united-states\/\" data-internallinksmanager029f6b8e52c=\"94\" title=\"Vous partez aux \u00c9tats-Unis ? 2026 Co\u00fbt de la vie et conseils de relocalisation\">US<\/a> D\u00e9p\u00f4t de garantie de l'importateur (ISF)<\/li>\n<\/ul>\n<p><strong>Services intermodaux<\/strong><\/p>\n<ul>\n<li> Livraison porte \u00e0 porte<\/li>\n<li> Mer, fleuve, route et rail<\/li>\n<\/ul>\n<p><strong>Conteneurs \u00e0 cargaison s\u00e8che<\/strong><\/p>\n<ul>\n<li> Vendeur sp\u00e9cialement d\u00e9sign\u00e9<\/li>\n<li> 20\u2032 conteneur de marchandises s\u00e8ches en acier<\/li>\n<li> 40\u2032 conteneur de marchandises s\u00e8ches en acier<\/li>\n<li> 40\u2032 Conteneur \u00e0 cargaison s\u00e8che Hi-Cube<\/li>\n<li> 45\u2032 Conteneur pour marchandises s\u00e8ches Hi-Cube<\/li>\n<\/ul>\n<p><strong>Conteneur frigorifique<\/strong><\/p>\n<ul>\n<li> 20\u2032 MGSS conteneur r\u00e9frig\u00e9r\u00e9<\/li>\n<li> 20\u2032 conteneur r\u00e9frig\u00e9r\u00e9 en aluminium<\/li>\n<li> 40\u2032 Conteneur r\u00e9frig\u00e9r\u00e9 Hi-Cube<\/li>\n<li> 40\u2032 Conteneur r\u00e9frig\u00e9r\u00e9 Hi-Cube en aluminium<\/li>\n<\/ul>\n<p><strong>Conteneur sp\u00e9cial<\/strong><\/p>\n<ul>\n<li> 20\u2032 conteneur \u00e0 dessus ouvert de pleine hauteur.<\/li>\n<li> Conteneur \u00e0 rack plat de 20\u2032 avec quatre poteaux autoportants.<\/li>\n<li> Conteneur 20\u2032 \u00e0 cr\u00e9maill\u00e8re plate avec extr\u00e9mit\u00e9 pliable.<\/li>\n<li> Conteneur \u00e0 rack plat de 40\u2032 avec quatre poteaux autoportants.<\/li>\n<li> Conteneur 40\u2032 \u00e0 cr\u00e9maill\u00e8re plate avec extr\u00e9mit\u00e9 pliable.<\/li>\n<li> 40\u2032 conteneur \u00e0 dessus ouvert de pleine hauteur.<\/li>\n<li> 40\u2032 Conteneur-hangar Hi-cube<\/li>\n<\/ul>\n<h2>Profil de la soci\u00e9t\u00e9 Evergreen Marine<\/h2>\n<p>La premi\u00e8re soci\u00e9t\u00e9 du groupe Evergreen, Evergreen Marine Corporation, a \u00e9t\u00e9 cr\u00e9\u00e9e \u00e0 Ta\u00efwan le 1er janvier 2007.<sup>st<\/sup> Septembre 1968 par le Dr. Yung-Fa Chang avec un cargo d'occasion. Evergreen a commenc\u00e9 <a href=\"https:\/\/moverdb.com\/fr\/container-shipping\/\" data-internallinksmanager029f6b8e52c=\"3\" title=\"Graphique des taux d&#039;exp\u00e9dition des conteneurs internationaux : Avril 2026\">transport par conteneurs<\/a> en 1975 et, en 1985, la soci\u00e9t\u00e9 \u00e9tait devenue la plus grande entreprise de transport par conteneurs du monde.<\/p>\n<p>Elle op\u00e8re d\u00e9sormais sous la marque \"Evergreen Line\", en collaboration avec Evergreen Marine Corp. (Taiwan) Ltd, Evergreen Marine (<a href=\"https:\/\/moverdb.com\/fr\/moving-to-the-uk\/\" data-internallinksmanager029f6b8e52c=\"93\" title=\"Vous partez au Royaume-Uni ? 2026 Co\u00fbt de la vie et conseils de relocalisation\">ROYAUME-UNI<\/a>) Ltd, Evergreen Marine (<a href=\"https:\/\/moverdb.com\/fr\/moving-to-hong-kong\/\" data-internallinksmanager029f6b8e52c=\"350\" title=\"D\u00e9m\u00e9nager \u00e0 Hong Kong ? 2026 Co\u00fbts de la vie et conseils de relocalisation\">Hong Kong<\/a>) Ltd, Italia Marittima S.p.A. et Evergreen Marine (<a href=\"https:\/\/moverdb.com\/fr\/moving-to-singapore\/\" data-internallinksmanager029f6b8e52c=\"68\" title=\"Vous partez pour Singapour ? 2026 Co\u00fbt de la vie et conseils de relocalisation\">Singapour<\/a>) Pte Ltd.<\/p>\n<p>Evergreen fait honneur \u00e0 son nom, ses plus grands navires \u00e9tant les 7024 EVP de la s\u00e9rie S, sp\u00e9cialement con\u00e7us pour avoir le plus faible impact possible sur l'environnement.<\/p>\n<p>Evergreen Marine poss\u00e8de les accr\u00e9ditations et affiliations suivantes :<\/p>\n<ul>\n<li> ISO 9001 2000<\/li>\n<li> ISO 9002<\/li>\n<li> Gestion internationale de la s\u00e9curit\u00e9 (ISM)<\/li>\n<li> SOLAS<\/li>\n<li> OPA90<\/li>\n<li> IMDG<\/li>\n<li> <a href=\"https:\/\/moverdb.com\/fr\/conseil-mondial-des-transports-maritimes\/\">Conseil mondial de la marine marchande<\/a> (<a href=\"https:\/\/moverdb.com\/fr\/world-shipping-council\/\" data-internallinksmanager029f6b8e52c=\"82\" title=\"Le World Shipping Council (WSC) expliqu\u00e9\">CSM<\/a>)<\/li>\n<li> Mesure des gaz \u00e0 effet de serre dans le Pacifique (PGGM)<\/li>\n<\/ul>\n<h2>Critiques sur Evergreen Marine<\/h2>\n<p>Au moment de la publication, nous n'avons pas pu trouver d'avis positifs ou n\u00e9gatifs sur Evergreen Marine ou Evergreen lines en ligne.<\/p>\n<div itemprop=\"review\" itemscope itemtype=\"http:\/\/schema.org\/Review\">\n<strong><span itemprop=\"author\" itemscope=\"\" itemtype=\"http:\/\/schema.org\/Organization\"><span itemprop=\"name\">MoverDB.com<\/span><\/span> Examen en ligne du site Web pour <span itemprop=\"itemreviewed\" itemscope=\"\" itemtype=\"http:\/\/schema.org\/Brand\"><span itemprop=\"name\">Evergreen Marine<\/span><\/span>:<\/strong><\/p>\n<ol>\n<li> Coordonn\u00e9es claires sur le site web (y compris le num\u00e9ro de t\u00e9l\u00e9phone) : <strong>Oui<\/strong><\/li>\n<li> Obtenir facilement des devis d'exp\u00e9dition internationale ? (Formulaire de demande de devis en ligne) : <strong>Oui<\/strong>Le formulaire de contact permet d'obtenir des informations sur les produits et services de l'entreprise.<\/li>\n<li> Informations claires sur le site web : <strong>Oui,<\/strong> le site web contient des informations d\u00e9taill\u00e9es sur tous leurs services.<\/li>\n<li> Adh\u00e9sion \u00e0 des organisations maritimes internationales reconnues : <strong>Oui<\/strong><\/li>\n<li> Liste de clients et\/ou t\u00e9moignages de clients pr\u00e9c\u00e9dents. <strong>Non,<\/strong> il n'y en a pas sur leur site web.<\/li>\n<\/ol>\n<div itemprop=\"reviewRating\" itemscope itemtype=\"http:\/\/schema.org\/Rating\"><meta itemprop=\"worstRating\" content = \"0\" \/><meta itemprop=\"bestRating\" content=\"5\" \/><meta itemprop=\"ratingValue\" content=\"4\"><\/div>\n<p><strong>Note globale : 4\/5<\/strong><br \/>\n<strong>Date de r\u00e9vision :<\/strong> <span itemprop=\"datePublished\" content=\"2017-04-24\">24\/04\/2017<\/span>\n<\/div>\n<p>Plus sur les autres <a href=\"https:\/\/moverdb.com\/fr\/compagnies-maritimes\/\">soci\u00e9t\u00e9s de transport de conteneurs<\/a>, <a href=\"https:\/\/moverdb.com\/fr\/expedition-par-conteneur\/\">co\u00fbts d'exp\u00e9dition des conteneurs internationaux<\/a> et notre <a href=\"https:\/\/moverdb.com\/fr\/revues\/\">processus de r\u00e9vision<\/a>.<\/p>\n<p><strong>Sites web :<\/strong> <\/p>\n<ul>\n<li> <a href=\"http:\/\/www.evergreen-line.com\/\" target=\"_blank\" rel=\"noopener\">http:\/\/www.evergreen-line.com\/<\/a><\/li>\n<li> <a href=\"http:\/\/www.evergreen-marine.co.uk\/\" target=\"_blank\" rel=\"noopener\">http:\/\/www.evergreen-marine.co.uk\/<\/a><\/li>\n<li> <a href=\"http:\/\/www.evergreen-marine.com\/\" target=\"_blank\" rel=\"noopener\">http:\/\/www.evergreen-marine.com\/<\/a><\/li>\n<li> <a href=\"http:\/\/www.evergreen-marine.com.hk\/\" target=\"_blank\" rel=\"noopener\">http:\/\/www.evergreen-marine.com.hk\/<\/a><\/li>\n<li> <a href=\"http:\/\/www.evergreen-marine.com.sg\/\" target=\"_blank\" rel=\"noopener\">http:\/\/www.evergreen-marine.com.sg\/<\/a><\/li>\n<li> <a href=\"http:\/\/www.italiamarittima.it\/\" target=\"_blank\" rel=\"noopener\">http:\/\/www.italiamarittima.it\/<\/a><\/li>\n<\/ul>","protected":false},"excerpt":{"rendered":"<p>Evergreen Marine, also known as Evergreen Line, is a Taiwanese container transportation and shipping company. It offers its clients a wide array of services. These are listed below together with a company profile and reviews. International Shipping All-in-one Service Shipment overview Booking B\/L instruction B\/L proofreading US importer security filing (ISF) Intermodal Services Door to [&hellip;]<\/p>\n","protected":false},"author":1,"featured_media":0,"parent":0,"menu_order":0,"comment_status":"closed","ping_status":"closed","template":"","meta":{"_genesis_hide_title":false,"_genesis_hide_breadcrumbs":false,"_genesis_hide_singular_image":false,"_genesis_hide_footer_widgets":false,"_genesis_custom_body_class":"","_genesis_custom_post_class":"","_genesis_layout":"","footnotes":""},"class_list":{"0":"post-1628","1":"page","2":"type-page","3":"status-publish","5":"entry"},"_links":{"self":[{"href":"https:\/\/moverdb.com\/fr\/wp-json\/wp\/v2\/pages\/1628","targetHints":{"allow":["GET"]}}],"collection":[{"href":"https:\/\/moverdb.com\/fr\/wp-json\/wp\/v2\/pages"}],"about":[{"href":"https:\/\/moverdb.com\/fr\/wp-json\/wp\/v2\/types\/page"}],"author":[{"embeddable":true,"href":"https:\/\/moverdb.com\/fr\/wp-json\/wp\/v2\/users\/1"}],"replies":[{"embeddable":true,"href":"https:\/\/moverdb.com\/fr\/wp-json\/wp\/v2\/comments?post=1628"}],"version-history":[{"count":3,"href":"https:\/\/moverdb.com\/fr\/wp-json\/wp\/v2\/pages\/1628\/revisions"}],"predecessor-version":[{"id":6206,"href":"https:\/\/moverdb.com\/fr\/wp-json\/wp\/v2\/pages\/1628\/revisions\/6206"}],"wp:attachment":[{"href":"https:\/\/moverdb.com\/fr\/wp-json\/wp\/v2\/media?parent=1628"}],"curies":[{"name":"wp","href":"https:\/\/api.w.org\/{rel}","templated":true}]}}