{"id":1624,"date":"2017-02-24T09:47:42","date_gmt":"2017-02-24T09:47:42","guid":{"rendered":"http:\/\/moverdb.com\/?page_id=1624"},"modified":"2026-01-08T13:18:22","modified_gmt":"2026-01-08T13:18:22","slug":"gil-stauffer","status":"publish","type":"page","link":"https:\/\/moverdb.com\/fr\/gil-stauffer\/","title":{"rendered":"Gil Stauffer - D\u00e9m\u00e9nagements internationaux et revues de d\u00e9m\u00e9nagement"},"content":{"rendered":"<p>Gil Stauffer est un Espagnol <a href=\"https:\/\/moverdb.com\/fr\/international-removals\/\" data-internallinksmanager029f6b8e52c=\"27\" title=\"36 meilleures entreprises de d\u00e9m\u00e9nagements internationaux au Royaume-Uni\">entreprise de d\u00e9m\u00e9nagement<\/a> dont le si\u00e8ge est situ\u00e9 \u00e0 <a href=\"https:\/\/moverdb.com\/fr\/moving-to-spain\/moving-to-madrid\/\" data-internallinksmanager029f6b8e52c=\"413\" title=\"D\u00e9m\u00e9nager \u00e0 Madrid ? 2026 Co\u00fbts de la vie et conseils de relocalisation\">Madrid<\/a>. L'entreprise propose de nombreux services \u00e0 ses clients. Ceux-ci sont \u00e9num\u00e9r\u00e9s ci-dessous, accompagn\u00e9s d'un profil de l'entreprise et de commentaires.<\/p>\n<p><strong>D\u00e9m\u00e9nagements internationaux<\/strong><\/p>\n<ul>\n<li> Plan de d\u00e9m\u00e9nagement personnalis\u00e9<\/li>\n<li> Porte \u00e0 porte<\/li>\n<li> Fret maritime ou a\u00e9rien<\/li>\n<li> Service d'emballage complet, emballage partiel ou auto-emballage.<\/li>\n<li> D\u00e9montage et remontage de meubles<\/li>\n<li> Service de d\u00e9ballage disponible<\/li>\n<li> D\u00e9douanement et assistance pour la documentation<\/li>\n<li> Assurance souscrite<\/li>\n<li> Possibilit\u00e9 de stockage \u00e0 court et \u00e0 long terme<\/li>\n<\/ul>\n<p><strong>D\u00e9m\u00e9nagements nationaux et locaux<\/strong><\/p>\n<ul>\n<li> Plan de d\u00e9m\u00e9nagement personnalis\u00e9<\/li>\n<li> Porte \u00e0 porte<\/li>\n<li> Service d'emballage complet, emballage partiel ou auto-emballage.<\/li>\n<li> Service de d\u00e9ballage disponible<\/li>\n<li> D\u00e9montage et remontage de meubles<\/li>\n<li> Nettoyage des d\u00e9bris<\/li>\n<li> Assurance souscrite<\/li>\n<li> Possibilit\u00e9 de stockage \u00e0 court et \u00e0 long terme<\/li>\n<\/ul>\n<p><strong>D\u00e9m\u00e9nagements commerciaux<\/strong><\/p>\n<ul>\n<li> Plan logistique<\/li>\n<li> D\u00e9m\u00e9nagement apr\u00e8s les heures de travail<\/li>\n<li> Porte \u00e0 porte<\/li>\n<li> D\u00e9montage et remontage de tous les meubles<\/li>\n<li> Suppression et r\u00e9installation d'ordinateurs<\/li>\n<li> Nettoyage des d\u00e9bris<\/li>\n<li> R\u00e9installation du personnel<\/li>\n<\/ul>\n<p><strong>D\u00e9m\u00e9nagement des employ\u00e9s<\/strong><\/p>\n<ul>\n<li> Permis de travail<\/li>\n<li> Recherche d'un logement<\/li>\n<li> Cours de langues<\/li>\n<li> Logement temporaire<\/li>\n<li> Location de meubles<\/li>\n<li> Recherche d'\u00e9cole<\/li>\n<li> R\u00e9servations d'h\u00f4tel<\/li>\n<li> Comptes bancaires<\/li>\n<li> Contrats de cr\u00e9dit-bail et de location<\/li>\n<li> Accords sur les services essentiels<\/li>\n<li> Cours sur la culture et les coutumes<\/li>\n<\/ul>\n<p><strong>Conteneurs et stockage<\/strong><\/p>\n<ul>\n<li> Marchandises stock\u00e9es dans des conteneurs en bois herm\u00e9tiquement ferm\u00e9s<\/li>\n<li> S\u00e9curit\u00e9 24\/7<\/li>\n<li> Climat contr\u00f4l\u00e9<\/li>\n<li> Conteneurs trait\u00e9s pour la lutte contre les parasites<\/li>\n<li> Pr\u00e9cautions prises en cas d'incendie<\/li>\n<\/ul>\n<p><strong>Division des documents<\/strong><\/p>\n<ul>\n<li> Archives des documents<\/li>\n<li> Stockage de la documentation confidentielle<\/li>\n<li> Possibilit\u00e9 de stockage \u00e9lectronique des archives<\/li>\n<li> S\u00e9curit\u00e9 de haut niveau<\/li>\n<li> Climat contr\u00f4l\u00e9<\/li>\n<\/ul>\n<p><strong>Transport des \u0153uvres d'art<\/strong><\/p>\n<ul>\n<li> Expositions en mouvement<\/li>\n<li> Haut niveau d'expertise technique<\/li>\n<li> Techniques sp\u00e9ciales de manutention<\/li>\n<li> Les v\u00e9hicules de d\u00e9m\u00e9nagement sont climatis\u00e9s<\/li>\n<\/ul>\n<p><strong>Service de courrier<\/strong><\/p>\n<ul>\n<li> Local et international<\/li>\n<li> Colis ou documents<\/li>\n<li> Suivi en ligne<\/li>\n<li> Pas de limite de poids<\/li>\n<li> Fret a\u00e9rien, maritime ou terrestre<\/li>\n<\/ul>\n<h2>Profil de l'entreprise Gil Stauffer<\/h2>\n<p>Gil Stauffer est une entreprise de d\u00e9m\u00e9nagement espagnole fond\u00e9e en 1905. Son si\u00e8ge social se trouve \u00e0 Madrid, avec 33 bureaux r\u00e9partis dans toute l'Espagne. <a href=\"https:\/\/moverdb.com\/fr\/moving-to-spain\/\" data-internallinksmanager029f6b8e52c=\"266\" title=\"Vous partez en Espagne ? 2026 Co\u00fbt de la vie et conseils de relocalisation\">Espagne<\/a> et les Bal\u00e9ares. Elle se targue de pouvoir d\u00e9placer ses clients n'importe o\u00f9, n'importe quel jour de l'ann\u00e9e. Elle a des bureaux en Europe, aux <a href=\"https:\/\/moverdb.com\/fr\/moving-to-the-united-states\/\" data-internallinksmanager029f6b8e52c=\"94\" title=\"Vous partez aux \u00c9tats-Unis ? 2026 Co\u00fbt de la vie et conseils de relocalisation\">\u00c9tats-Unis<\/a>l'Oc\u00e9anie, l'Asie et l'Afrique.<\/p>\n<p>Gil Stauffer est fier de son esprit pionnier. Dans les ann\u00e9es 1950, l'entreprise a con\u00e7u le seul camion en Espagne capable de transporter des charges isol\u00e9es jusqu'\u00e0 200 tonnes. Elle a \u00e9galement \u00e9t\u00e9 l'une des premi\u00e8res \u00e0 utiliser le syst\u00e8me de train express pour conteneurs (TECO), il y a plus de 70 ans.<\/p>\n<p>L'entreprise dispose de programmes de formation sp\u00e9cialis\u00e9s et insiste pour que le personnel de sa division internationale parle un excellent anglais, ainsi que d'autres langues. Elle dispose d'un parc de v\u00e9hicules tr\u00e8s impressionnant, qui r\u00e9pond \u00e0 tous les besoins possibles des clients.<\/p>\n<p>La soci\u00e9t\u00e9 propose \u00e0 ses clients des d\u00e9m\u00e9nagements internationaux et nationaux, ainsi que des d\u00e9m\u00e9nagements d'entreprises et de bureaux et la relocalisation d'employ\u00e9s.<br \/>\nGil Stauffer poss\u00e8de les accr\u00e9ditations et affiliations suivantes :<\/p>\n<ul>\n<li> <a href=\"https:\/\/moverdb.com\/fr\/fidi-faim\/\">FIDI<\/a><\/li>\n<li> <a href=\"https:\/\/moverdb.com\/fr\/je-suis\/\">IAM<\/a><\/li>\n<li> <a href=\"https:\/\/moverdb.com\/fr\/amsa\/\">AMSA<\/a><\/li>\n<li> <a href=\"https:\/\/moverdb.com\/fr\/fedemac\/\">FEDEMAC<\/a><\/li>\n<li> <a href=\"https:\/\/moverdb.com\/fr\/lacma\/\">LACMA<\/a><\/li>\n<li> PAIMA<\/li>\n<\/ul>\n<h2>Critiques sur la soci\u00e9t\u00e9 Gil Stauffer<\/h2>\n<p><strong>Positif :<\/strong><\/p>\n<ul>\n<li> Aucun disponible et aucun t\u00e9moignage n'a pu \u00eatre trouv\u00e9 sur place.<\/li>\n<\/ul>\n<p><strong>N\u00e9gatif :<\/strong><\/p>\n<ul>\n<li> <em>\"N'utilisez pas Gil Stauffer pour d\u00e9m\u00e9nager vos affaires. Vous le regretterez.\"<\/em> - Craig Bugden via <a href=\"https:\/\/uk.trustpilot.com\/reviews\/56ec28640000ff00094734c0\" target=\"_blank\" rel=\"noopener\">Trustpilot<\/a><\/li>\n<\/ul>\n<div itemprop=\"review\" itemscope itemtype=\"http:\/\/schema.org\/Review\">\n<span itemprop=\"author\" itemscope=\"\" itemtype=\"http:\/\/schema.org\/Organization\"><span itemprop=\"name\">MoverDB.com<\/span><\/span> Examen en ligne du site Web pour <span itemprop=\"itemreviewed\" itemscope=\"\" itemtype=\"http:\/\/schema.org\/Brand\"><span itemprop=\"name\">Gil Stauffer<\/span><\/span>:<\/p>\n<ol>\n<li> Coordonn\u00e9es claires sur le site web (y compris le num\u00e9ro de t\u00e9l\u00e9phone) : <strong>Oui<\/strong><\/li>\n<li> Facile \u00e0 obtenir <a href=\"https:\/\/moverdb.com\/fr\/citations\/\">devis de d\u00e9m\u00e9nagement international<\/a>? (Formulaire de demande de devis en ligne) : <strong>Oui<\/strong>mais uniquement par e-mail (pas de formulaire)<\/li>\n<li> Informations claires sur le site web : <strong>Certains,<\/strong> Le site web contient une quantit\u00e9 d\u00e9cente d'informations sur leurs services mais n'entre pas dans les d\u00e9tails.<\/li>\n<li> Adh\u00e9sion \u00e0 des organisations internationales de d\u00e9m\u00e9nagement reconnues : <strong>Oui<\/strong>mais ils ne figurent pas sur leur site web<\/li>\n<li> Liste de clients et\/ou t\u00e9moignages de clients pr\u00e9c\u00e9dents : <strong>Non,<\/strong> et la seule critique que nous avons pu trouver \u00e0 leur sujet en anglais \u00e9tait n\u00e9gative.<\/li>\n<\/ol>\n<div itemprop=\"reviewRating\" itemscope itemtype=\"http:\/\/schema.org\/Rating\"><meta itemprop=\"worstRating\" content = \"0\" \/><meta itemprop=\"bestRating\" content=\"5\" \/><meta itemprop=\"ratingValue\" content=\"3.5\"><\/div>\n<p><strong>Note globale : 3,5\/5<\/strong><br \/>\n<strong>Date de r\u00e9vision :<\/strong> <span itemprop=\"datePublished\" content=\"2017-02-24\">24\/02\/2017<\/span>\n<\/div>\n<p>Plus d'informations sur <a href=\"https:\/\/moverdb.com\/fr\/entreprises-de-demenagement\/\">soci\u00e9t\u00e9s de d\u00e9m\u00e9nagement international<\/a> et notre <a href=\"https:\/\/moverdb.com\/fr\/revues\/\">processus de r\u00e9vision<\/a>.<\/p>\n<p><strong>Site web :<\/strong> <a href=\"http:\/\/www.gil-stauffer.com\/?lang=en\" target=\"_blank\" rel=\"noopener\">http:\/\/www.gil-stauffer.com\/<\/a><\/p>","protected":false},"excerpt":{"rendered":"<p>Gil Stauffer is a Spanish removal company with its headquarters in Madrid. The company has many services to offer its customers and these are listed below together with a company profile and reviews. International Moves Personalised moving plan Door to door Sea freight or air freight Full packing service, partial packing or self-packing Disassembly and [&hellip;]<\/p>\n","protected":false},"author":1,"featured_media":0,"parent":0,"menu_order":0,"comment_status":"closed","ping_status":"closed","template":"","meta":{"_genesis_hide_title":false,"_genesis_hide_breadcrumbs":false,"_genesis_hide_singular_image":false,"_genesis_hide_footer_widgets":false,"_genesis_custom_body_class":"","_genesis_custom_post_class":"","_genesis_layout":"","footnotes":""},"class_list":{"0":"post-1624","1":"page","2":"type-page","3":"status-publish","5":"entry"},"_links":{"self":[{"href":"https:\/\/moverdb.com\/fr\/wp-json\/wp\/v2\/pages\/1624","targetHints":{"allow":["GET"]}}],"collection":[{"href":"https:\/\/moverdb.com\/fr\/wp-json\/wp\/v2\/pages"}],"about":[{"href":"https:\/\/moverdb.com\/fr\/wp-json\/wp\/v2\/types\/page"}],"author":[{"embeddable":true,"href":"https:\/\/moverdb.com\/fr\/wp-json\/wp\/v2\/users\/1"}],"replies":[{"embeddable":true,"href":"https:\/\/moverdb.com\/fr\/wp-json\/wp\/v2\/comments?post=1624"}],"version-history":[{"count":3,"href":"https:\/\/moverdb.com\/fr\/wp-json\/wp\/v2\/pages\/1624\/revisions"}],"predecessor-version":[{"id":6215,"href":"https:\/\/moverdb.com\/fr\/wp-json\/wp\/v2\/pages\/1624\/revisions\/6215"}],"wp:attachment":[{"href":"https:\/\/moverdb.com\/fr\/wp-json\/wp\/v2\/media?parent=1624"}],"curies":[{"name":"wp","href":"https:\/\/api.w.org\/{rel}","templated":true}]}}