{"id":1614,"date":"2017-04-27T14:28:26","date_gmt":"2017-04-27T14:28:26","guid":{"rendered":"http:\/\/moverdb.com\/?page_id=1614"},"modified":"2026-01-08T13:18:27","modified_gmt":"2026-01-08T13:18:27","slug":"hambourg-sud","status":"publish","type":"page","link":"https:\/\/moverdb.com\/fr\/hamburg-sud\/","title":{"rendered":"Hamburg S\u00fcd Group - Services d'exp\u00e9dition internationale et commentaires"},"content":{"rendered":"<p>Hamburg S\u00fcd est une entreprise allemande <a href=\"https:\/\/moverdb.com\/fr\/shipping-companies\/\" data-internallinksmanager029f6b8e52c=\"4\" title=\"Les 10 meilleures soci\u00e9t\u00e9s internationales d&#039;exp\u00e9dition de conteneurs\">compagnie de navigation<\/a> qui offre \u00e0 ses clients une gamme de services. Ceux-ci sont \u00e9num\u00e9r\u00e9s ci-dessous, accompagn\u00e9s d'un profil de l'entreprise et de commentaires. (<em><strong>Note :<\/strong> <a href=\"https:\/\/moverdb.com\/fr\/maersk\/\" target=\"_blank\" rel=\"noopener\">Maersk Line<\/a> est en train de racheter la soci\u00e9t\u00e9<\/em>).<\/p>\n<h3>Exp\u00e9dition internationale de conteneurs<\/h3>\n<ul>\n<li> Planification par des experts<\/li>\n<li> Porte \u00e0 porte<\/li>\n<li> Services intermodaux disponibles<\/li>\n<\/ul>\n<p><strong>Cargaison s\u00e8che<\/strong><\/p>\n<p><strong>Cargaison dangereuse<\/strong><\/p>\n<ul>\n<li> Chaque demande est examin\u00e9e par des experts<\/li>\n<li> Doit se conformer aux r\u00e9glementations statutaires<\/li>\n<li> Un conseiller certifi\u00e9 en mati\u00e8re de s\u00e9curit\u00e9 des marchandises dangereuses (DGSA) donne des conseils sur toutes les exp\u00e9ditions.<\/li>\n<li> Des navires modernes pour le transport de marchandises dangereuses<\/li>\n<li> Une attention stricte \u00e0 la conformit\u00e9 de l'arrimage<\/li>\n<\/ul>\n<p><strong>Cargaison frigorifique<\/strong><\/p>\n<ul>\n<li> Fruits, l\u00e9gumes, fleurs, plantes<\/li>\n<li> Viande, poisson et fruits de mer<\/li>\n<li> Produits pharmaceutiques, mat\u00e9riel photographique et produits chimiques<\/li>\n<li> Produits laitiers et jus<\/li>\n<li> <a href=\"https:\/\/moverdb.com\/fr\/expedition-par-conteneur\/\">20\u2032 et 40\u2032 conteneurs<\/a><\/li>\n<li> Une cha\u00eene d'approvisionnement en froid ininterrompue<\/li>\n<li> Gestion de l'atmosph\u00e8re pour les fruits et l\u00e9gumes r\u00e9colt\u00e9s<\/li>\n<li> Mode multi temp\u00e9rature<\/li>\n<li> Mode bulbe<\/li>\n<\/ul>\n<p><strong>Cargaison sp\u00e9ciale<\/strong><\/p>\n<ul>\n<li> Briser la masse<\/li>\n<li> Hors gabarit<\/li>\n<li> Haute densit\u00e9<\/li>\n<\/ul>\n<p><strong>Autres services d'exp\u00e9dition<\/strong><\/p>\n<ul>\n<li> Traitement de tous les documents d'importation et d'exportation pertinents<\/li>\n<li> Stockage temporaire<\/li>\n<li> Fractionnement des envois plus importants en lots individuels<\/li>\n<li> \u00c9tiquetage<\/li>\n<li> D\u00e9douanement pour les importations et les exportations<\/li>\n<\/ul>\n<p><strong>Navires<\/strong><\/p>\n<ul>\n<li> Flotte moderne<\/li>\n<li> <a href=\"https:\/\/moverdb.com\/fr\/compagnies-maritimes\/\">Porte-conteneurs<\/a><\/li>\n<li> Vraquiers<\/li>\n<li> Citerne de produits<\/li>\n<\/ul>\n<p><strong>Vente de conteneurs d'occasion<\/strong><\/p>\n<ul>\n<li> Grande vari\u00e9t\u00e9 de types de conteneurs diff\u00e9rents<\/li>\n<li> Acc\u00e8s aux conteneurs usag\u00e9s dans le monde entier<\/li>\n<li> Des conteneurs de haute qualit\u00e9<\/li>\n<li> Personnel exp\u00e9riment\u00e9<\/li>\n<li> Support de la langue locale<\/li>\n<\/ul>\n<p><strong>eCommerce<\/strong><\/p>\n<ul>\n<li> Des horaires pr\u00e9cis \u00e0 la minute pr\u00e8s<\/li>\n<li> Track &amp; Trace (suivi des conteneurs)<\/li>\n<li> Aper\u00e7u des r\u00e9servations<\/li>\n<li> R\u00e9cup\u00e9ration des r\u00e9servations<\/li>\n<li> Aper\u00e7u des instructions d'exp\u00e9dition<\/li>\n<li> Soumission de nouvelles instructions d'exp\u00e9dition<\/li>\n<li> V\u00e9rification des traites B\/L<\/li>\n<li> Cr\u00e9ation de rapports standardis\u00e9s pour une exp\u00e9dition<\/li>\n<li> Suivi et localisation des marchandises<\/li>\n<\/ul>\n<h2>Profil de la soci\u00e9t\u00e9 Hamburg S\u00fcd<\/h2>\n<p>Hamburg S\u00fcd a \u00e9t\u00e9 cr\u00e9\u00e9e en 1871 par les repr\u00e9sentants de onze maisons de commerce de Hambourg et \u00e9tait connue sous le nom de Hamburg S\u00fcdamerikanische Dampfschifffahrts-Gesellschaft. En 1914, la soci\u00e9t\u00e9 poss\u00e8de 50 navires \u00e0 vapeur, qui ont tous \u00e9t\u00e9 d\u00e9truits pendant la Premi\u00e8re Guerre mondiale. <\/p>\n<p>La soci\u00e9t\u00e9 commence \u00e0 se reconstruire en 1920 et lance une compagnie de croisi\u00e8res. En 1939, Hamburg S\u00fcd poss\u00e8de la plus grande flotte au monde, soit 52 navires au total.<\/p>\n<p>La Seconde Guerre mondiale a de nouveau entra\u00een\u00e9 la perte totale de la flotte de la compagnie. Hamburg S\u00fcd a lentement repris l'activit\u00e9 de croisi\u00e8re et s'est diversifi\u00e9e dans le secteur du tramp. Elle s'est lanc\u00e9e dans le transport de citernes et de produits r\u00e9frig\u00e9r\u00e9s et, en 1971, elle s'est lanc\u00e9e dans le transport de marchandises dangereuses. <a href=\"https:\/\/moverdb.com\/fr\/container-shipping\/\" data-internallinksmanager029f6b8e52c=\"3\" title=\"Graphique des taux d&#039;exp\u00e9dition des conteneurs internationaux : Avril 2026\">transport par conteneurs<\/a>.<\/p>\n<p>La soci\u00e9t\u00e9 est d\u00e9sormais class\u00e9e dans le top 10 des soci\u00e9t\u00e9s de transport par conteneurs au niveau mondial. Elle compte 127 <a href=\"https:\/\/moverdb.com\/fr\/top-10-largest-container-ships-in-2022\/\" data-internallinksmanager029f6b8e52c=\"84\" title=\"Les 10 plus grands porte-conteneurs en 2026\">navires porte-conteneurs<\/a> avec une capacit\u00e9 d'accueil de plus de 600 000 TEU et 50 services de ligne. Hamburg S\u00fcd emploie plus de 6 000 personnes dans 250 bureaux \u00e0 travers le monde.<\/p>\n<p>Hamburg S\u00fcd poss\u00e8de les accr\u00e9ditations et affiliations suivantes :<\/p>\n<ul>\n<li> <a href=\"https:\/\/moverdb.com\/fr\/conseil-mondial-des-transports-maritimes\/\">Conseil mondial de la marine marchande<\/a> (<a href=\"https:\/\/moverdb.com\/fr\/world-shipping-council\/\" data-internallinksmanager029f6b8e52c=\"82\" title=\"Le World Shipping Council (WSC) expliqu\u00e9\">CSM<\/a>)<\/li>\n<li> Groupe de travail sur les cargaisons propres (GTCP)<\/li>\n<li> <a href=\"https:\/\/moverdb.com\/fr\/moving-to-the-united-states\/\" data-internallinksmanager029f6b8e52c=\"94\" title=\"Vous partez aux \u00c9tats-Unis ? 2026 Co\u00fbt de la vie et conseils de relocalisation\">US<\/a> Agence de protection de l'environnement (EPA)<\/li>\n<li> Verband Deutsche Reeder (VDR)<\/li>\n<li> Certificat international de s\u00fbret\u00e9 du transport maritime (ISSC)<\/li>\n<li> Commission consultative des normes EIPP<\/li>\n<\/ul>\n<p><strong>Critiques sur le groupe Hamburg S\u00fcd<\/strong><\/p>\n<p><em>Au moment de la r\u00e9daction de ce document, nous n'avons pas trouv\u00e9 d'avis positifs ou n\u00e9gatifs sur les services d'exp\u00e9dition de Hamburg S\u00fcd en ligne.<\/em><\/p>\n<p><strong><\/p>\n<div itemprop=\"review\" itemscope itemtype=\"http:\/\/schema.org\/Review\">\n<span itemprop=\"author\" itemscope=\"\" itemtype=\"http:\/\/schema.org\/Organization\"><span itemprop=\"name\">MoverDB.com<\/span><\/span> Examen en ligne du site Web pour <span itemprop=\"itemreviewed\" itemscope=\"\" itemtype=\"http:\/\/schema.org\/Brand\"><span itemprop=\"name\">Hambourg S\u00fcd<\/span><\/span>:<\/strong><\/p>\n<ol>\n<li> Coordonn\u00e9es claires sur le site web (y compris le num\u00e9ro de t\u00e9l\u00e9phone) : <strong>Oui<\/strong><\/li>\n<li> Obtenir facilement des devis d'exp\u00e9dition internationale ? (Formulaire de demande de devis en ligne) : <strong>En quelque sorte<\/strong>Il est n\u00e9cessaire de s'inscrire pour effectuer une nouvelle r\u00e9servation.<\/li>\n<li> Informations claires sur le site web : <strong>Oui,<\/strong> Le site web pr\u00e9sente clairement tous les services propos\u00e9s par l'entreprise.<\/li>\n<li> Adh\u00e9sion \u00e0 des organisations maritimes internationales reconnues : <strong>Oui<\/strong>voir ci-dessus.<\/li>\n<li> Liste de clients et\/ou t\u00e9moignages de clients pr\u00e9c\u00e9dents. <strong>Non,<\/strong> mais ils listent les nombreuses r\u00e9compenses qu'ils ont gagn\u00e9es.<\/li>\n<\/ol>\n<div itemprop=\"reviewRating\" itemscope itemtype=\"http:\/\/schema.org\/Rating\"><meta itemprop=\"worstRating\" content = \"0\" \/><meta itemprop=\"bestRating\" content=\"5\" \/><meta itemprop=\"ratingValue\" content=\"4\"><\/div>\n<p><strong>Note globale : 4\/5<\/strong><br \/>\n<strong>Date de r\u00e9vision :<\/strong> <span itemprop=\"datePublished\" content=\"2017-04-27\">27\/04\/2017<\/span>\n<\/div>\n<p>Plus sur les autres <a href=\"https:\/\/moverdb.com\/fr\/compagnies-maritimes\/\">soci\u00e9t\u00e9s de transport maritime international<\/a>, <a href=\"https:\/\/moverdb.com\/fr\/expedition-par-conteneur\/\">tarifs d'exp\u00e9dition de conteneurs<\/a> et notre <a href=\"https:\/\/moverdb.com\/fr\/revues\/\">processus de r\u00e9vision<\/a>.<\/p>\n<p><strong>Site web :<\/strong> <a href=\"http:\/\/www.hamburgsud.com\" target=\"_blank\" rel=\"noopener\">http:\/\/www.hamburgsud.com<\/a><\/p>","protected":false},"excerpt":{"rendered":"<p>Hamburg S\u00fcd is a German shipping company which offers its customers a range of services. These are listed below together with a company profile and reviews. (Note: Maersk Line is in the process of buying the company). International Container Shipping Planning by experts Door to door Intermodal services available Dry Cargo Hazardous Cargo Each request [&hellip;]<\/p>\n","protected":false},"author":1,"featured_media":0,"parent":0,"menu_order":0,"comment_status":"closed","ping_status":"closed","template":"","meta":{"_genesis_hide_title":false,"_genesis_hide_breadcrumbs":false,"_genesis_hide_singular_image":false,"_genesis_hide_footer_widgets":false,"_genesis_custom_body_class":"","_genesis_custom_post_class":"","_genesis_layout":"","footnotes":""},"class_list":{"0":"post-1614","1":"page","2":"type-page","3":"status-publish","5":"entry"},"_links":{"self":[{"href":"https:\/\/moverdb.com\/fr\/wp-json\/wp\/v2\/pages\/1614","targetHints":{"allow":["GET"]}}],"collection":[{"href":"https:\/\/moverdb.com\/fr\/wp-json\/wp\/v2\/pages"}],"about":[{"href":"https:\/\/moverdb.com\/fr\/wp-json\/wp\/v2\/types\/page"}],"author":[{"embeddable":true,"href":"https:\/\/moverdb.com\/fr\/wp-json\/wp\/v2\/users\/1"}],"replies":[{"embeddable":true,"href":"https:\/\/moverdb.com\/fr\/wp-json\/wp\/v2\/comments?post=1614"}],"version-history":[{"count":4,"href":"https:\/\/moverdb.com\/fr\/wp-json\/wp\/v2\/pages\/1614\/revisions"}],"predecessor-version":[{"id":6217,"href":"https:\/\/moverdb.com\/fr\/wp-json\/wp\/v2\/pages\/1614\/revisions\/6217"}],"wp:attachment":[{"href":"https:\/\/moverdb.com\/fr\/wp-json\/wp\/v2\/media?parent=1614"}],"curies":[{"name":"wp","href":"https:\/\/api.w.org\/{rel}","templated":true}]}}