{"id":1610,"date":"2017-04-24T11:17:52","date_gmt":"2017-04-24T11:17:52","guid":{"rendered":"http:\/\/moverdb.com\/?page_id=1610"},"modified":"2026-01-08T13:18:28","modified_gmt":"2026-01-08T13:18:28","slug":"hapag-lloyd","status":"publish","type":"page","link":"https:\/\/moverdb.com\/fr\/hapag-lloyd\/","title":{"rendered":"Hapag-Lloyd - Services d'exp\u00e9dition internationale et commentaires"},"content":{"rendered":"<p>Hapag-Lloyd est un groupe mondial <a href=\"https:\/\/moverdb.com\/fr\/shipping-companies\/\" data-internallinksmanager029f6b8e52c=\"4\" title=\"Les 10 meilleures soci\u00e9t\u00e9s internationales d&#039;exp\u00e9dition de conteneurs\">compagnie de navigation<\/a> dont le si\u00e8ge est \u00e0 Hambourg, <a href=\"https:\/\/moverdb.com\/fr\/moving-to-germany\/\" data-internallinksmanager029f6b8e52c=\"321\" title=\"D\u00e9m\u00e9nager en Allemagne ? 2026 Co\u00fbts de la vie et conseils de relocalisation\">Allemagne<\/a>. Elle offre \u00e0 ses clients une large gamme de solutions d'exp\u00e9dition et de logistique. Celles-ci sont \u00e9num\u00e9r\u00e9es ci-dessous, accompagn\u00e9es d'un profil de l'entreprise et de commentaires.<\/p>\n<h3>Exp\u00e9dition internationale<\/h3>\n<p><strong>Cargaison s\u00e8che<\/strong><\/p>\n<ul>\n<li> Une large gamme de solutions de conteneurs<\/li>\n<li> Des temps de transit rapides<\/li>\n<li> Une fiabilit\u00e9 des horaires irr\u00e9prochable<\/li>\n<li> Service de porte \u00e0 porte offert<\/li>\n<li> Exp\u00e9ditions de produits chimiques, respect des r\u00e9glementations<\/li>\n<\/ul>\n<p><strong>Cargaison frigorifique<\/strong><\/p>\n<ul>\n<li> Fruits, l\u00e9gumes, viande, poisson, fleurs<\/li>\n<li> Produits pharmaceutiques \u00e0 haute valeur ajout\u00e9e<\/li>\n<li> Atmosph\u00e8re contr\u00f4l\u00e9e<\/li>\n<li> Technologie ExtraFresh et EverFresh utilis\u00e9e pour r\u00e9duire la condensation<\/li>\n<li> Manipulateurs professionnels<\/li>\n<\/ul>\n<p><strong>Marchandises dangereuses<\/strong><\/p>\n<ul>\n<li> Des solutions personnalis\u00e9es pour chaque transport complexe de marchandises dangereuses<\/li>\n<li> Assistance 24 heures sur 24 et 7 jours sur 7 par des experts en marchandises dangereuses dans tous les si\u00e8ges sociaux r\u00e9gionaux (Hambourg, Valparaiso, Piscataway et <a href=\"https:\/\/moverdb.com\/fr\/moving-to-singapore\/\" data-internallinksmanager029f6b8e52c=\"68\" title=\"Vous partez pour Singapour ? 2026 Co\u00fbt de la vie et conseils de relocalisation\">Singapour<\/a>)<\/li>\n<li> Plusieurs experts en marchandises dangereuses sur appel pendant les week-ends<\/li>\n<li> V\u00e9rification rapide et fiable des r\u00e9servations pour garantir le respect des exigences l\u00e9gales internationales et le bon d\u00e9roulement du transport des marchandises.<\/li>\n<li> Un arrimage et une s\u00e9gr\u00e9gation appropri\u00e9s \u00e0 bord pour garantir un voyage en mer s\u00fbr pour toutes les cargaisons<\/li>\n<li> Le cas \u00e9ch\u00e9ant, utiliser des mesures de s\u00e9curit\u00e9 pour le transport, m\u00eame au-del\u00e0 des exigences du Code IMDG.<\/li>\n<\/ul>\n<p><strong>Cargaison sp\u00e9ciale<\/strong><\/p>\n<ul>\n<li> \u00c9quipe sp\u00e9cialis\u00e9e<\/li>\n<li> Breakbulk - les experts planifient des projets surdimensionn\u00e9s<\/li>\n<\/ul>\n<p><strong>Conteneurs<\/strong><\/p>\n<ul>\n<li> R\u00e9pondre aux exigences de l'ISO<\/li>\n<li> Cargaison s\u00e8che - Standard, Standard High Cube, Standard Hardtop, Standard High Cube Hardtop<\/li>\n<li> Cargaison frigorifique - Maintien de la temp\u00e9rature de -35\u00b0C \u00e0 +30\u00b0C<\/li>\n<li> Faible poids \u00e0 vide = charge utile \u00e9lev\u00e9e<\/li>\n<li> Cargo sp\u00e9cial - Flatrack\/Platform, Flatrack High Cube, Open Top\/Hard Top, Open Top High Cube, Hardtop High Cube.<\/li>\n<\/ul>\n<p><strong>Croisi\u00e8res<\/strong><\/p>\n<ul>\n<li> 125 ans d'exp\u00e9rience<\/li>\n<li> Croisi\u00e8res mondiales<\/li>\n<\/ul>\n<h2>Profil de la soci\u00e9t\u00e9 Hapag-Lloyd<\/h2>\n<p>Hapag-Lloyd a \u00e9t\u00e9 fond\u00e9e en 1970 lorsque Hamburg-Amerikanische Packetfahrt-Actien-Gesellschaft (Hapag) et Norddeutscher Lloyd ont fusionn\u00e9. Ces deux soci\u00e9t\u00e9s ont vu le jour au milieu du XIXe si\u00e8cle, lorsque l'\u00e9migration de l'Europe vers les \u00c9tats-Unis a commenc\u00e9. <a href=\"https:\/\/moverdb.com\/fr\/moving-to-the-united-states\/\" data-internallinksmanager029f6b8e52c=\"94\" title=\"Vous partez aux \u00c9tats-Unis ? 2026 Co\u00fbt de la vie et conseils de relocalisation\">\u00c9tats-Unis<\/a> a commenc\u00e9 pour de bon.<\/p>\n<p>Aujourd'hui, Hapag-Lloyd dessert des march\u00e9s et des clients dans le monde entier et dispose d'un vaste r\u00e9seau de services de ligne qui relie le monde entier. Elle poss\u00e8de plus de 190 navires qui transportent en moyenne 7,4 EVP par an. La soci\u00e9t\u00e9 emploie environ 9 300 personnes et dispose de plus de 600 bureaux situ\u00e9s dans 120 pays du monde entier. <\/p>\n<p>La flotte de Hapag-Lloyd a une capacit\u00e9 totale de 955 000 TEU et un stock de conteneurs de 1,5 million de TEU. Elle poss\u00e8de l'une des flottes de conteneurs frigorifiques les plus importantes et les plus modernes au monde.<\/p>\n<p>Hapag-Lloyd poss\u00e8de les accr\u00e9ditations et affiliations suivantes :<\/p>\n<ul>\n<li> Certificat international de s\u00fbret\u00e9 des navires (ISSC)<\/li>\n<li> Certificat de gestion de la s\u00e9curit\u00e9 (SMC)<\/li>\n<li> Convention du travail maritime (MLC)<\/li>\n<li> <a href=\"https:\/\/moverdb.com\/fr\/conseil-mondial-des-transports-maritimes\/\">Conseil mondial de la marine marchande<\/a> (<a href=\"https:\/\/moverdb.com\/fr\/world-shipping-council\/\" data-internallinksmanager029f6b8e52c=\"82\" title=\"Le World Shipping Council (WSC) expliqu\u00e9\">CSM<\/a>)<\/li>\n<\/ul>\n<h2>Critiques sur la navigation de Hapag-Lloyd<\/h2>\n<p><em>Au moment de la r\u00e9daction de ce document, nous n'avons pas pu trouver d'avis en ligne sur les services de transport maritime de Hapag-Lloyd.<\/em>  <\/p>\n<p><strong><\/p>\n<div itemprop=\"review\" itemscope itemtype=\"http:\/\/schema.org\/Review\">\n<span itemprop=\"author\" itemscope=\"\" itemtype=\"http:\/\/schema.org\/Organization\"><span itemprop=\"name\">MoverDB.com<\/span><\/span> Examen en ligne du site Web pour <span itemprop=\"itemreviewed\" itemscope=\"\" itemtype=\"http:\/\/schema.org\/Brand\"><span itemprop=\"name\">Hapag-Lloyd<\/span><\/span>:<\/strong><\/p>\n<ol>\n<li> Coordonn\u00e9es claires sur le site web (y compris le num\u00e9ro de t\u00e9l\u00e9phone) : <strong>Oui<\/strong><\/li>\n<li> Facile \u00e0 obtenir <a href=\"https:\/\/moverdb.com\/fr\/container-shipping\/\" data-internallinksmanager029f6b8e52c=\"3\" title=\"Graphique des taux d&#039;exp\u00e9dition des conteneurs internationaux : Avril 2026\">exp\u00e9dition internationale<\/a> devis ? (Formulaire de demande de devis en ligne) : <strong>Oui<\/strong><\/li>\n<li> Informations claires sur le site web : <strong>Oui,<\/strong> Le site web est extr\u00eamement d\u00e9taill\u00e9 et bien con\u00e7u.<\/li>\n<li> Adh\u00e9sion \u00e0 des organisations maritimes internationales reconnues : <strong>Oui<\/strong>(voir ci-dessus).<\/li>\n<li> Liste de clients et\/ou t\u00e9moignages de clients pr\u00e9c\u00e9dents. <strong>Non,<\/strong> mais ils listent les prix et les certifications.<\/li>\n<\/ol>\n<div itemprop=\"reviewRating\" itemscope itemtype=\"http:\/\/schema.org\/Rating\"><meta itemprop=\"worstRating\" content = \"0\" \/><meta itemprop=\"bestRating\" content=\"5\" \/><meta itemprop=\"ratingValue\" content=\"4.5\"><\/div>\n<p><strong>Note globale : 4,5\/5<\/strong><br \/>\n<strong>Date de r\u00e9vision :<\/strong> <span itemprop=\"datePublished\" content=\"2017-04-24\">24\/04\/2017<\/span>\n<\/div>\n<p>Plus sur les autres <a href=\"https:\/\/moverdb.com\/fr\/compagnies-maritimes\/\">soci\u00e9t\u00e9s de transport maritime international<\/a>, <a href=\"https:\/\/moverdb.com\/fr\/expedition-par-conteneur\/\">co\u00fbts d'exp\u00e9dition par conteneur<\/a> et notre <a href=\"https:\/\/moverdb.com\/fr\/revues\/\">processus de r\u00e9vision<\/a>.<\/p>\n<p><strong>Site web :<\/strong> <a href=\"https:\/\/www.hapag-lloyd.com\/en\/home.html\" target=\"_blank\" rel=\"noopener\">https:\/\/www.hapag-lloyd.com\/en\/home.html<\/a><\/p>","protected":false},"excerpt":{"rendered":"<p>Hapag-Lloyd is a global shipping company with its head office in Hamburg, Germany. It offers its clients a wide range of shipping and logistics solutions. These are listed below together with a company profile and reviews. International Shipping Dry Cargo Broad range of container solutions Fast transit times On point schedule reliability Door to door [&hellip;]<\/p>\n","protected":false},"author":1,"featured_media":0,"parent":0,"menu_order":0,"comment_status":"closed","ping_status":"closed","template":"","meta":{"_genesis_hide_title":false,"_genesis_hide_breadcrumbs":false,"_genesis_hide_singular_image":false,"_genesis_hide_footer_widgets":false,"_genesis_custom_body_class":"","_genesis_custom_post_class":"","_genesis_layout":"","footnotes":""},"class_list":{"0":"post-1610","1":"page","2":"type-page","3":"status-publish","5":"entry"},"_links":{"self":[{"href":"https:\/\/moverdb.com\/fr\/wp-json\/wp\/v2\/pages\/1610","targetHints":{"allow":["GET"]}}],"collection":[{"href":"https:\/\/moverdb.com\/fr\/wp-json\/wp\/v2\/pages"}],"about":[{"href":"https:\/\/moverdb.com\/fr\/wp-json\/wp\/v2\/types\/page"}],"author":[{"embeddable":true,"href":"https:\/\/moverdb.com\/fr\/wp-json\/wp\/v2\/users\/1"}],"replies":[{"embeddable":true,"href":"https:\/\/moverdb.com\/fr\/wp-json\/wp\/v2\/comments?post=1610"}],"version-history":[{"count":3,"href":"https:\/\/moverdb.com\/fr\/wp-json\/wp\/v2\/pages\/1610\/revisions"}],"predecessor-version":[{"id":6218,"href":"https:\/\/moverdb.com\/fr\/wp-json\/wp\/v2\/pages\/1610\/revisions\/6218"}],"wp:attachment":[{"href":"https:\/\/moverdb.com\/fr\/wp-json\/wp\/v2\/media?parent=1610"}],"curies":[{"name":"wp","href":"https:\/\/api.w.org\/{rel}","templated":true}]}}