{"id":1592,"date":"2017-04-21T13:39:38","date_gmt":"2017-04-21T13:39:38","guid":{"rendered":"http:\/\/moverdb.com\/?page_id=1592"},"modified":"2026-01-08T14:40:07","modified_gmt":"2026-01-08T14:40:07","slug":"maersk","status":"publish","type":"page","link":"https:\/\/moverdb.com\/fr\/maersk\/","title":{"rendered":"Maersk Line - Services d'exp\u00e9dition internationale et commentaires"},"content":{"rendered":"<p>Maersk Line, fait partie du groupe A.P. Moller-Maersk, un groupe mondial de transport de marchandises. <a href=\"https:\/\/moverdb.com\/fr\/shipping-companies\/\" data-internallinksmanager029f6b8e52c=\"4\" title=\"Les 10 meilleures soci\u00e9t\u00e9s internationales d&#039;exp\u00e9dition de conteneurs\">compagnie de navigation<\/a> bas\u00e9 \u00e0 Copenhague, <a href=\"https:\/\/moverdb.com\/fr\/moving-to-denmark\/\" data-internallinksmanager029f6b8e52c=\"335\" title=\"D\u00e9m\u00e9nager au Danemark ? 2026 Co\u00fbts de la vie et conseils de relocalisation\">Danemark<\/a>. Elle offre \u00e0 ses clients une large gamme de services qui sont \u00e9num\u00e9r\u00e9s ci-dessous, ainsi qu'un profil de l'entreprise et des commentaires.<\/p>\n<p><strong>Services de fret et d'exp\u00e9dition internationaux<\/strong><\/p>\n<ul>\n<li> Cargaison s\u00e8che<\/li>\n<li> Porte \u00e0 porte<\/li>\n<li> Conteneurs 20\u2032 avec une charge utile allant jusqu'\u00e0 28,2 tonnes m\u00e9triques.<\/li>\n<li> Conteneurs 40\u2032 8\u2032 6\u2033 avec une charge utile jusqu'\u00e0 28,8 tonnes m\u00e9triques.<\/li>\n<li> 45\u2032 9\u2032 6\u2033 de hauteur avec une capacit\u00e9 totale de 85 m\u00e8tres cubes.<\/li>\n<li> Poutrelles de cintres qui permettent de transporter des v\u00eatements sur cintres sans emballage suppl\u00e9mentaire.<\/li>\n<li> Barres d'arrimage et anneaux d'arrimage pour donner \u00e0 votre cargaison une s\u00e9curit\u00e9 suppl\u00e9mentaire.<\/li>\n<li> Stockage disponible<\/li>\n<li> D\u00e9douanement<\/li>\n<\/ul>\n<p><strong>Cargaison frigorifique<\/strong><\/p>\n<ul>\n<li> Conteneurs d'exp\u00e9dition r\u00e9frig\u00e9r\u00e9s<\/li>\n<li> Porte \u00e0 porte<\/li>\n<li> Manipulation m\u00e9ticuleuse des cargaisons pour garantir la fra\u00eecheur des produits<\/li>\n<li> La conception unique du conteneur permet de maximiser la charge utile<\/li>\n<li> R\u00e9duction des \u00e9missions de CO2<\/li>\n<li> Temp\u00e9rature optimale du produit<\/li>\n<li> R\u00e9duction de la consommation d'\u00e9nergie<\/li>\n<li> 3 types de conteneurs frigorifiques, allant de 27 \u00e0 67 CBM d'espace de chargement<\/li>\n<li> D\u00e9douanement<\/li>\n<\/ul>\n<p><strong>Cargaison sp\u00e9ciale<\/strong><\/p>\n<ul>\n<li> Livraison en temps voulu de marchandises hors gabarit, dans le gabarit et en vrac.<\/li>\n<li> Livraison ponctuelle de vos marchandises sp\u00e9ciales dans le monde entier<\/li>\n<li> Des experts en fret sp\u00e9cial dans tous les fuseaux horaires pour une r\u00e9ponse et une assistance instantan\u00e9es.<\/li>\n<li> Une flotte ultramoderne de rayonnages plats et de plateaux ouverts, disponibles o\u00f9 et quand vous en avez besoin.<\/li>\n<li> Porte \u00e0 porte<\/li>\n<li> Stockage disponible<\/li>\n<li> D\u00e9douanement<\/li>\n<\/ul>\n<p><strong>Services de transport int\u00e9rieur<\/strong><\/p>\n<ul>\n<li> Solution de transport \u00e0 service complet<\/li>\n<li> Porte \u00e0 porte<\/li>\n<li> Enl\u00e8vement et livraison dans les d\u00e9lais<\/li>\n<li> Large r\u00e9seau de prestataires de transport de qualit\u00e9<\/li>\n<li> Un guichet unique combinant vos besoins en mati\u00e8re de transport terrestre et maritime<\/li>\n<li> Suivi constant et assurance qualit\u00e9<\/li>\n<li> Assurance souscrite<\/li>\n<\/ul>\n<p><strong>Conteneurs d'occasion \u00e0 vendre<\/strong><\/p>\n<ul>\n<li> Utilisation pour le stockage, un bureau, une maison, m\u00eame une piscine.<\/li>\n<li> Acc\u00e8s au stock pour r\u00e9pondre \u00e0 vos besoins<\/li>\n<li> Un r\u00e9seau \u00e9tendu de conteneurs d'occasion<\/li>\n<li> Des syst\u00e8mes simples sont en place pour respecter votre calendrier de ramassage.<\/li>\n<li> Qualit\u00e9 garantie des conteneurs<\/li>\n<\/ul>\n<h2>Maersk Line<\/h2>\n<p>Maersk Line a \u00e9t\u00e9 fond\u00e9e en 1928. Maersk Line, qui appartient au groupe A.P. Moller-Maersk, est l'un des plus grands transporteurs maritimes au monde. <a href=\"https:\/\/moverdb.com\/fr\/compagnies-maritimes\/\">la plus grande soci\u00e9t\u00e9 de transport par conteneurs<\/a>connu pour sa flexibilit\u00e9, sa fiabilit\u00e9 et ses services \u00e9co-efficaces. <\/p>\n<p>Son si\u00e8ge social se trouve \u00e0 Copenhague, au Danemark. La soci\u00e9t\u00e9 poss\u00e8de plus de 630 navires d'une capacit\u00e9 de 3,3 millions d'EVP qui desservent 59 000 clients dans le monde entier.<\/p>\n<p>L'ann\u00e9e derni\u00e8re, Maersk a exp\u00e9di\u00e9 environ 12 millions de conteneurs dans le monde entier, faisant 46 000 escales dans 343 ports. <a href=\"https:\/\/moverdb.com\/fr\/top-49-container-ports\/\" data-internallinksmanager029f6b8e52c=\"80\" title=\"Les 49 ports \u00e0 conteneurs les plus importants et les plus fr\u00e9quent\u00e9s en 2025\">ports<\/a> dans 121 pays. Maersk propose de nombreuses travers\u00e9es quotidiennes sur toutes les grandes routes maritimes. Pour que tout se passe bien, la soci\u00e9t\u00e9 emploie 7 000 marins et 25 000 employ\u00e9s \u00e0 terre dans 374 bureaux \u00e0 travers le monde.<\/p>\n<p>Maersk s'est engag\u00e9 \u00e0 redonner \u00e0 la communaut\u00e9 et soutient des projets dans le monde entier qui s'inscrivent dans trois programmes mondiaux : secours et pr\u00e9paration aux catastrophes, protection de l'environnement et encouragement de l'esprit d'entreprise dans les communaut\u00e9s d\u00e9favoris\u00e9es.<\/p>\n<p>Maersk Line poss\u00e8de les accr\u00e9ditations et affiliations suivantes :<\/p>\n<ul>\n<li> Association internationale du transport a\u00e9rien et maritime (IASA)<\/li>\n<li> <a href=\"https:\/\/moverdb.com\/fr\/international-chamber-shipping\/\">La Chambre internationale de la marine marchande<\/a> (<a href=\"https:\/\/moverdb.com\/fr\/international-chamber-shipping\/\" data-internallinksmanager029f6b8e52c=\"78\" title=\"La Chambre internationale de la marine marchande (ICS) expliqu\u00e9e\">ICS<\/a>)<\/li>\n<li> L'Alliance mondiale pour la facilitation des \u00e9changes de l'OMC<\/li>\n<li> S\u00e9curit\u00e9 de la vie en mer (SOLAS)<\/li>\n<li> La F\u00e9d\u00e9ration des associations nationales de courtiers et d'agents maritimes (FONASBA)<\/li>\n<\/ul>\n<h2>Critiques sur la compagnie Maersk Line<\/h2>\n<p><em>Au moment de la r\u00e9daction de ce document, nous n'avons pas pu trouver d'avis en ligne sur les services de transport maritime de Maersk Line.<\/em><\/p>\n<p><strong><\/p>\n<div itemprop=\"review\" itemscope itemtype=\"http:\/\/schema.org\/Review\">\n<span itemprop=\"author\" itemscope=\"\" itemtype=\"http:\/\/schema.org\/Organization\"><span itemprop=\"name\">MoverDB.com<\/span><\/span> Examen en ligne du site Web pour <span itemprop=\"itemreviewed\" itemscope=\"\" itemtype=\"http:\/\/schema.org\/Brand\"><span itemprop=\"name\">Maersk Line<\/span><\/span>:<\/strong><\/p>\n<ol>\n<li> Coordonn\u00e9es claires sur le site web (y compris le num\u00e9ro de t\u00e9l\u00e9phone) : <strong>Oui<\/strong><\/li>\n<li> Facile \u00e0 obtenir <a href=\"https:\/\/moverdb.com\/fr\/container-shipping\/\" data-internallinksmanager029f6b8e52c=\"3\" title=\"Graphique des taux d&#039;exp\u00e9dition des conteneurs internationaux : Avril 2026\">exp\u00e9dition internationale<\/a> devis ? (Formulaire de demande de devis en ligne) : <strong>Oui<\/strong><\/li>\n<li> Informations claires sur le site web : <strong>Oui,<\/strong> Le site web pr\u00e9sente clairement tous les services propos\u00e9s par l'entreprise.<\/li>\n<li> Adh\u00e9sion \u00e0 des organisations maritimes internationales reconnues : <strong>Oui<\/strong>mais peu d'entre eux sont r\u00e9pertori\u00e9s sur leur site web.<\/li>\n<li> Liste de clients et\/ou t\u00e9moignages de clients pr\u00e9c\u00e9dents. <strong>Non,<\/strong> il n'y en a pas sur leur site web.<\/li>\n<\/ol>\n<div itemprop=\"reviewRating\" itemscope itemtype=\"http:\/\/schema.org\/Rating\"><meta itemprop=\"worstRating\" content = \"0\" \/><meta itemprop=\"bestRating\" content=\"5\" \/><meta itemprop=\"ratingValue\" content=\"4\"><\/div>\n<p><strong>Note globale : 4\/5<\/strong><br \/>\n<strong>Date de r\u00e9vision :<\/strong> <span itemprop=\"datePublished\" content=\"2017-04-21\">21\/04\/2017<\/span>\n<\/div>\n<p>Plus sur les autres <a href=\"https:\/\/moverdb.com\/fr\/compagnies-maritimes\/\">soci\u00e9t\u00e9s de transport maritime international<\/a>, <a href=\"https:\/\/moverdb.com\/fr\/expedition-par-conteneur\/\">tarifs d'exp\u00e9dition de conteneurs<\/a> et notre <a href=\"https:\/\/moverdb.com\/fr\/revues\/\">processus de r\u00e9vision<\/a>.<\/p>\n<p><strong>Site web :<\/strong> <a href=\"https:\/\/www2.maerskline.com\/\" target=\"_blank\" rel=\"noopener\">https:\/\/www2.maerskline.com\/<\/a><\/p>","protected":false},"excerpt":{"rendered":"<p>Maersk Line, is part of A.P. Moller\u2013Maersk Group, a worldwide shipping company based in Copenhagen, Denmark. It offers its customers a wide range of services which are listed below, together with a company profile and reviews. International Freight and Shipping Services Dry Cargo Door to door 20&#8242; containers with payload up to 28.2 metric tons [&hellip;]<\/p>\n","protected":false},"author":1,"featured_media":0,"parent":0,"menu_order":0,"comment_status":"closed","ping_status":"closed","template":"","meta":{"_genesis_hide_title":false,"_genesis_hide_breadcrumbs":false,"_genesis_hide_singular_image":false,"_genesis_hide_footer_widgets":false,"_genesis_custom_body_class":"","_genesis_custom_post_class":"","_genesis_layout":"","footnotes":""},"class_list":{"0":"post-1592","1":"page","2":"type-page","3":"status-publish","5":"entry"},"_links":{"self":[{"href":"https:\/\/moverdb.com\/fr\/wp-json\/wp\/v2\/pages\/1592","targetHints":{"allow":["GET"]}}],"collection":[{"href":"https:\/\/moverdb.com\/fr\/wp-json\/wp\/v2\/pages"}],"about":[{"href":"https:\/\/moverdb.com\/fr\/wp-json\/wp\/v2\/types\/page"}],"author":[{"embeddable":true,"href":"https:\/\/moverdb.com\/fr\/wp-json\/wp\/v2\/users\/1"}],"replies":[{"embeddable":true,"href":"https:\/\/moverdb.com\/fr\/wp-json\/wp\/v2\/comments?post=1592"}],"version-history":[{"count":7,"href":"https:\/\/moverdb.com\/fr\/wp-json\/wp\/v2\/pages\/1592\/revisions"}],"predecessor-version":[{"id":13172,"href":"https:\/\/moverdb.com\/fr\/wp-json\/wp\/v2\/pages\/1592\/revisions\/13172"}],"wp:attachment":[{"href":"https:\/\/moverdb.com\/fr\/wp-json\/wp\/v2\/media?parent=1592"}],"curies":[{"name":"wp","href":"https:\/\/api.w.org\/{rel}","templated":true}]}}