{"id":1590,"date":"2017-01-25T12:24:31","date_gmt":"2017-01-25T12:24:31","guid":{"rendered":"http:\/\/moverdb.com\/?page_id=1590"},"modified":"2026-01-08T15:20:28","modified_gmt":"2026-01-08T15:20:28","slug":"nippon-express","status":"publish","type":"page","link":"https:\/\/moverdb.com\/fr\/nippon-express\/","title":{"rendered":"Nippon Express - Revues sur la relocalisation et le d\u00e9m\u00e9nagement international"},"content":{"rendered":"<p>Nippon Express est bas\u00e9 \u00e0 Tokyo, <a href=\"https:\/\/moverdb.com\/fr\/moving-to-japan\/\" data-internallinksmanager029f6b8e52c=\"342\" title=\"D\u00e9m\u00e9nager au Japon ? 2026 Co\u00fbts de la vie et conseils de relocalisation\">Japon<\/a>. Elle offre \u00e0 ses clients une vari\u00e9t\u00e9 de services de d\u00e9m\u00e9nagement. Ceux-ci sont \u00e9num\u00e9r\u00e9s ci-dessous, accompagn\u00e9s d'un profil de l'entreprise et de commentaires.<\/p>\n<p><strong>D\u00e9m\u00e9nagements internationaux<\/strong><\/p>\n<ul>\n<li> Gestionnaire de d\u00e9m\u00e9nagement personnel<\/li>\n<li> Service de porte \u00e0 porte<\/li>\n<li> Assistance en mati\u00e8re de douane et de documentation<\/li>\n<li> Service d'emballage complet, articles fragiles uniquement ou emballage \u00e0 faire soi-m\u00eame<\/li>\n<li> D\u00e9montage et remontage de meubles<\/li>\n<li> Service de d\u00e9ballage<\/li>\n<li> Enl\u00e8vement des d\u00e9bris<\/li>\n<li> Stockage \u00e0 court et \u00e0 long terme<\/li>\n<li> D\u00e9m\u00e9nagement d'automobiles<\/li>\n<li> Motos<\/li>\n<li> Pianos<\/li>\n<\/ul>\n<p><strong>Services de relocalisation - vers le Japon<\/strong><\/p>\n<ul>\n<li> Consultation sur le d\u00e9m\u00e9nagement<\/li>\n<li> Orientation<\/li>\n<li> Recherche \u00e0 domicile<\/li>\n<li> D\u00e9m\u00e9nagement international domestique<\/li>\n<li> Recherche d'\u00e9cole<\/li>\n<li> Service de d\u00e9part, c'est-\u00e0-dire r\u00e9siliation du bail, d\u00e9branchement du t\u00e9l\u00e9phone et des services publics, r\u00e9exp\u00e9dition du courrier.<\/li>\n<\/ul>\n<p><strong>D\u00e9m\u00e9nagements nationaux - au Japon<\/strong><\/p>\n<ul>\n<li> Service de porte \u00e0 porte<\/li>\n<li> Emballage complet, partiel ou bricol\u00e9.<\/li>\n<li> D\u00e9montage et remontage de meubles<\/li>\n<li> Service de d\u00e9ballage<\/li>\n<li> Enl\u00e8vement des d\u00e9bris<\/li>\n<li> Possibilit\u00e9 de stockage \u00e0 court et \u00e0 long terme<\/li>\n<li> Assurance souscrite<\/li>\n<\/ul>\n<p><strong>Exp\u00e9dition de fret<\/strong><\/p>\n<ul>\n<li> Produits g\u00e9n\u00e9raux et composants<\/li>\n<li> Beaux-arts et antiquit\u00e9s<\/li>\n<li> Salons professionnels et expositions<\/li>\n<\/ul>\n<h2>Profil de la soci\u00e9t\u00e9 Nippon Express<\/h2>\n<p>Nippon Express est l'un des principaux <a href=\"https:\/\/moverdb.com\/fr\/moving-companies\/\" data-internallinksmanager029f6b8e52c=\"79\" title=\"Les 25 meilleures soci\u00e9t\u00e9s de d\u00e9m\u00e9nagement international en ligne\">entreprises de d\u00e9m\u00e9nagement<\/a> pour le d\u00e9m\u00e9nagement de particuliers et d'entreprises au Japon et dans les environs. Elle est sp\u00e9cialis\u00e9e dans les d\u00e9m\u00e9nagements d'entreprises et de gouvernements pour les employ\u00e9s et leurs familles arrivant et quittant le Japon. Nippon Express est \u00e9galement connu pour ses services de transport internationaux. <a href=\"https:\/\/moverdb.com\/fr\/transporteur-de-marchandises\/\">exp\u00e9dition de fret<\/a> expertise, l'exp\u00e9dition de marchandises dans le monde entier.<\/p>\n<p>Nippon Express a \u00e9t\u00e9 cr\u00e9\u00e9e en 1937 et appartenait au gouvernement. Apr\u00e8s la seconde guerre mondiale, la soci\u00e9t\u00e9 a \u00e9t\u00e9 privatis\u00e9e. En 1949, la soci\u00e9t\u00e9 s'est lanc\u00e9e dans l'exp\u00e9dition de fret international, agissant en tant qu'agent pour diverses compagnies a\u00e9riennes internationales. En 1958, Nippon Express a ouvert son premier bureau \u00e0 l'\u00e9tranger, \u00e0 l'adresse suivante <a href=\"https:\/\/moverdb.com\/fr\/demenagement-a-nyc\/\">New York<\/a>En 1991, on comptait 97 bureaux dans l'UE. <a href=\"https:\/\/moverdb.com\/fr\/moving-to-the-united-states\/\" data-internallinksmanager029f6b8e52c=\"94\" title=\"Vous partez aux \u00c9tats-Unis ? 2026 Co\u00fbt de la vie et conseils de relocalisation\">\u00c9tats-Unis<\/a>. <\/p>\n<p>En 1973, la soci\u00e9t\u00e9 a achet\u00e9 son premier <a href=\"https:\/\/moverdb.com\/fr\/compagnies-maritimes\/\">porte-conteneurs<\/a> et a commenc\u00e9 un service de fret entre Tokyo et Tomakomai.<\/p>\n<p>Aujourd'hui, Nippon Express poss\u00e8de des bureaux et des installations dans 260 villes de 42 pays et emploie 36 700 personnes au Japon et 16 000 autres \u00e0 l'\u00e9tranger.<\/p>\n<p>Nippon Express poss\u00e8de les accr\u00e9ditations et affiliations suivantes :<\/p>\n<ul>\n<li> <a href=\"https:\/\/moverdb.com\/fr\/fidi-faim\/\">FIDI<\/a><\/li>\n<li> <a href=\"https:\/\/moverdb.com\/fr\/je-suis\/\">Association internationale des d\u00e9m\u00e9nageurs<\/a> (<a href=\"https:\/\/moverdb.com\/fr\/iam\/\" data-internallinksmanager029f6b8e52c=\"23\" title=\"L&#039;Association internationale des d\u00e9m\u00e9nageurs (IAM) expliqu\u00e9e\">IAM<\/a>)<\/li>\n<li> ISO 9001<\/li>\n<li> <a href=\"https:\/\/moverdb.com\/fr\/iata\/\">IATA<\/a><\/li>\n<\/ul>\n<h2>Critiques de Nippon Express<\/h2>\n<p><strong>Positif :<\/strong><\/p>\n<ul>\n<li> <em>\"Dans le plus pur style japonais, ils sont polis et respectueux - ils enl\u00e8vent m\u00eame leurs chaussures pour apporter vos affaires dans la maison ! Il n'y a pas d'absurdit\u00e9 - ils travaillent comme des fous, s'arr\u00eatent pour une pause minut\u00e9e, puis se remettent directement au travail et ne s'arr\u00eatent pas tant que le travail n'est pas termin\u00e9.\"<\/em> \u2013 KK W via <a href=\"https:\/\/www.yelp.co.uk\/biz\/nippon-express-usa-el-segundo?hrid=ilixQzfFmyj3IAX32d0E-A&#038;utm_campaign=www_review_share_popup&#038;utm_medium=copy_link&#038;utm_source=(direct)\" target=\"_blank\" rel=\"noopener\">Yelp<\/a><\/li>\n<\/ul>\n<p><strong>N\u00e9gatif :<\/strong><\/p>\n<p><em>Nous n'avons trouv\u00e9 aucun avis n\u00e9gatif sur Nippon Express en ligne.<\/em><\/p>\n<div itemprop=\"review\" itemscope itemtype=\"http:\/\/schema.org\/Review\">\n<span itemprop=\"author\" itemscope=\"\" itemtype=\"http:\/\/schema.org\/Organization\"><span itemprop=\"name\">MoverDB.com<\/span><\/span> Examen en ligne du site Web pour <span itemprop=\"itemreviewed\" itemscope=\"\" itemtype=\"http:\/\/schema.org\/Brand\"><span itemprop=\"name\">Nippon Express<\/span><\/span>:<\/p>\n<ol>\n<li> Coordonn\u00e9es claires sur le site web (y compris le num\u00e9ro de t\u00e9l\u00e9phone) : <strong>Oui<\/strong><\/li>\n<li> Facile \u00e0 obtenir <a href=\"https:\/\/moverdb.com\/fr\/citations\/\">devis de d\u00e9m\u00e9nagement international<\/a>? (Formulaire de demande de devis en ligne) : <strong>Oui<\/strong><\/li>\n<li> Informations claires sur le site web : <strong>Oui,<\/strong> Bien que leurs sites web semblent un peu d\u00e9pass\u00e9s, ils pr\u00e9sentent tous leurs services.<\/li>\n<li> Adh\u00e9sion \u00e0 des organisations internationales de d\u00e9m\u00e9nagement reconnues : <strong>Oui<\/strong>(voir ci-dessus)<\/li>\n<li> Liste de clients et\/ou t\u00e9moignages de clients pr\u00e9c\u00e9dents. <strong>Non,<\/strong> mais ils ont une tr\u00e8s bonne r\u00e9putation si l'on en croit leurs avis en ligne.<\/li>\n<\/ol>\n<div itemprop=\"reviewRating\" itemscope itemtype=\"http:\/\/schema.org\/Rating\"><meta itemprop=\"worstRating\" content = \"0\" \/><meta itemprop=\"bestRating\" content=\"5\" \/><meta itemprop=\"ratingValue\" content=\"4.5\"><\/div>\n<p><strong>Note globale : 4,5\/5<\/strong><br \/>\n<strong>Date de r\u00e9vision :<\/strong> <span itemprop=\"datePublished\" content=\"2017-01-25\">25\/01\/2017<\/span>\n<\/div>\n<p>Plus d'informations sur <a href=\"https:\/\/moverdb.com\/fr\/entreprises-de-demenagement\/\">soci\u00e9t\u00e9s de d\u00e9m\u00e9nagement international<\/a>et notre <a href=\"https:\/\/moverdb.com\/fr\/revues\/\">processus de r\u00e9vision<\/a>.<\/p>\n<p><strong>Sites web :<\/strong> Mondial : <a href=\"http:\/\/www.nipponexpress.com\/\" target=\"_blank\" rel=\"noopener\">http:\/\/www.nipponexpress.com\/<\/a>, US : <a href=\"https:\/\/nipponexpressusa.com\/\" target=\"_blank\" rel=\"noopener\">https:\/\/nipponexpressusa.com\/<\/a> et <a href=\"https:\/\/moverdb.com\/fr\/moving-to-the-uk\/\" data-internallinksmanager029f6b8e52c=\"93\" title=\"Vous partez au Royaume-Uni ? 2026 Co\u00fbt de la vie et conseils de relocalisation\">ROYAUME-UNI<\/a>: <a href=\"http:\/\/www.nipponexpress.co.uk\/\" target=\"_blank\" rel=\"noopener\">http:\/\/www.nipponexpress.co.uk\/<\/a><\/p>","protected":false},"excerpt":{"rendered":"<p>Nippon Express is based in Tokyo, Japan. It offers its clients a variety of moving services. These are listed below together with a company profile and reviews. International Moves Personal move manager Door to door service Assistance with customs and documentation Full packing service, fragile items only or do-it-yourself packing Disassembly and reassembly of furniture [&hellip;]<\/p>\n","protected":false},"author":1,"featured_media":0,"parent":0,"menu_order":0,"comment_status":"closed","ping_status":"closed","template":"","meta":{"_genesis_hide_title":false,"_genesis_hide_breadcrumbs":false,"_genesis_hide_singular_image":false,"_genesis_hide_footer_widgets":false,"_genesis_custom_body_class":"","_genesis_custom_post_class":"","_genesis_layout":"","footnotes":""},"class_list":{"0":"post-1590","1":"page","2":"type-page","3":"status-publish","5":"entry"},"_links":{"self":[{"href":"https:\/\/moverdb.com\/fr\/wp-json\/wp\/v2\/pages\/1590","targetHints":{"allow":["GET"]}}],"collection":[{"href":"https:\/\/moverdb.com\/fr\/wp-json\/wp\/v2\/pages"}],"about":[{"href":"https:\/\/moverdb.com\/fr\/wp-json\/wp\/v2\/types\/page"}],"author":[{"embeddable":true,"href":"https:\/\/moverdb.com\/fr\/wp-json\/wp\/v2\/users\/1"}],"replies":[{"embeddable":true,"href":"https:\/\/moverdb.com\/fr\/wp-json\/wp\/v2\/comments?post=1590"}],"version-history":[{"count":4,"href":"https:\/\/moverdb.com\/fr\/wp-json\/wp\/v2\/pages\/1590\/revisions"}],"predecessor-version":[{"id":6226,"href":"https:\/\/moverdb.com\/fr\/wp-json\/wp\/v2\/pages\/1590\/revisions\/6226"}],"wp:attachment":[{"href":"https:\/\/moverdb.com\/fr\/wp-json\/wp\/v2\/media?parent=1590"}],"curies":[{"name":"wp","href":"https:\/\/api.w.org\/{rel}","templated":true}]}}