{"id":1578,"date":"2017-04-21T14:09:10","date_gmt":"2017-04-21T14:09:10","guid":{"rendered":"http:\/\/moverdb.com\/?page_id=1578"},"modified":"2026-01-08T14:40:13","modified_gmt":"2026-01-08T14:40:13","slug":"societe-de-transport-mediterraneen","status":"publish","type":"page","link":"https:\/\/moverdb.com\/fr\/mediterranean-shipping-company\/","title":{"rendered":"Mediterranean Shipping Company - Services internationaux et commentaires"},"content":{"rendered":"<p>M\u00e9diterran\u00e9e <a href=\"https:\/\/moverdb.com\/fr\/shipping-companies\/\" data-internallinksmanager029f6b8e52c=\"4\" title=\"Les 10 meilleures soci\u00e9t\u00e9s internationales d&#039;exp\u00e9dition de conteneurs\">Soci\u00e9t\u00e9 d'exp\u00e9dition<\/a> (MSC) offre \u00e0 ses clients une large gamme de services de transport maritime et autres. Ces services sont \u00e9num\u00e9r\u00e9s ci-dessous, accompagn\u00e9s d'un profil de l'entreprise et de commentaires.<\/p>\n<h3>Exp\u00e9dition internationale<\/h3>\n<p><strong>Cargaison s\u00e8che<\/strong><\/p>\n<ul>\n<li> Conteneurs cubes standard de 20 pieds, 40 pieds ou 40 pieds de haut<\/li>\n<li> Fret surdimensionn\u00e9 et marchandises diverses<\/li>\n<li> Services d'exp\u00e9dition hebdomadaires et r\u00e9guliers vers des destinations mondiales<\/li>\n<li> D\u00e9douanement et documentation<\/li>\n<\/ul>\n<p><strong>Cargaison frigorifique<\/strong><\/p>\n<ul>\n<li> Des solutions de transport de bout en bout sur mesure<\/li>\n<li> Services d'exp\u00e9dition hebdomadaires et r\u00e9guliers vers des destinations mondiales<\/li>\n<li> Expertise dans le transport de produits r\u00e9frig\u00e9r\u00e9s et congel\u00e9s<\/li>\n<li> Inspection avant le voyage : <\/li>\n<li> Veillez \u00e0 ce que le r\u00e9cipient soit nettoy\u00e9 pour \u00e9liminer la salet\u00e9 et les odeurs.<\/li>\n<li> V\u00e9rifie que l'int\u00e9rieur du conteneur est conforme aux normes alimentaires.<\/li>\n<li> V\u00e9rifier que les machines fonctionnent conform\u00e9ment aux normes industrielles.<\/li>\n<li> Assurez-vous que la temp\u00e9rature du conteneur est abaiss\u00e9e au point correct choisi.<\/li>\n<li> D\u00e9douanement et documentation<\/li>\n<\/ul>\n<p><strong>Services hors gabarit et services de rupture de charge<\/strong><\/p>\n<ul>\n<li> \u00c9quipe experte en logistique de fret de projet<\/li>\n<li> Chargement, arrimage et s\u00e9curisation de la cargaison \u00e0 votre point d'origine. <a href=\"https:\/\/moverdb.com\/fr\/top-49-container-ports\/\" data-internallinksmanager029f6b8e52c=\"80\" title=\"Les 49 ports \u00e0 conteneurs les plus importants et les plus fr\u00e9quent\u00e9s en 2025\">port<\/a> ou un d\u00e9p\u00f4t proche<\/li>\n<li> Collecte et livraisons int\u00e9rieures \u00e0 l'aide de divers \u00e9quipements<\/li>\n<li> Organisation des notifications de police\/transport int\u00e9rieur si n\u00e9cessaire<\/li>\n<li> Arrimage, arrimage portuaire et installations de stockage portuaire<\/li>\n<li> \u00c9quipement sp\u00e9cialis\u00e9<\/li>\n<li> Tarifs comp\u00e9titifs<\/li>\n<li> D\u00e9douanement et documentation<\/li>\n<\/ul>\n<p><strong>Transport intermodal<\/strong><\/p>\n<ul>\n<li> Porte \u00e0 porte<\/li>\n<li> De l'usine au consommateur<\/li>\n<li> Combinaison des moyens de transport disponibles pour remplir les obligations de livraison<\/li>\n<\/ul>\n<p><strong>Stockage de conteneurs et de cargaisons<\/strong><\/p>\n<ul>\n<li> R\u00e9seau mondial et entreposage et stockage<\/li>\n<li> Aide \u00e0 la mise en r\u00e9seau de la distribution<\/li>\n<li> Services et installations complets de ramassage\/emballage, de d\u00e9sempilage\/palettisation et de stockage en vrac.<\/li>\n<\/ul>\n<p><strong>Commerce crois\u00e9<\/strong><\/p>\n<ul>\n<li> Exp\u00e9dier de n'importe quelle origine vers n'importe quelle destination<\/li>\n<li> Cargaison s\u00e8che<\/li>\n<li> Cargo frigorifique<\/li>\n<li> Hors gabarit<\/li>\n<li> Cargaisons pr\u00e9cieuses et dangereuses<\/li>\n<li> Traitement de la documentation<\/li>\n<li> Suivi du site<\/li>\n<li> D\u00e9douanement<\/li>\n<\/ul>\n<p><strong>Remorques \u00e0 cargaison<\/strong><\/p>\n<ul>\n<li> Rigide<\/li>\n<li> Plate-forme<\/li>\n<li> Benne<\/li>\n<li> Chargeur bas<\/li>\n<li> Remorque porte-conteneurs<\/li>\n<li> Remorque du groupe \u00e9lectrog\u00e8ne<\/li>\n<\/ul>\n<p><strong>\u00c9quipement pour conteneurs<\/strong><\/p>\n<ul>\n<li> Conteneurs 20ft \/ 40ft standard et high cube<\/li>\n<li> Conteneurs \u00e0 toit ouvert 20ft \/ 40ft<\/li>\n<li> Conteneurs frigorifiques 20ft \/ 40ft et high cube<\/li>\n<li> 20ft \/ 40ft flatracks<\/li>\n<li> Plateformes 20ft \/ 40ft<\/li>\n<li> Conteneurs \u00e0 toit ouvert 20ft \/ 40ft<\/li>\n<\/ul>\n<h2>Compagnie maritime de la M\u00e9diterran\u00e9e (MSC)<\/h2>\n<p>Mediterranean Shipping Company est une soci\u00e9t\u00e9 priv\u00e9e d'envergure mondiale <a href=\"https:\/\/moverdb.com\/fr\/compagnies-maritimes\/\">soci\u00e9t\u00e9 de transport maritime international<\/a> qui existe depuis plus de 40 ans. Elle a \u00e9t\u00e9 fond\u00e9e \u00e0 Naples par Gianluigi Aponte et est toujours dirig\u00e9e par la famille Aponte. Son si\u00e8ge mondial se trouve \u00e0 <a href=\"https:\/\/moverdb.com\/fr\/moving-to-switzerland\/moving-to-geneva\/\" data-internallinksmanager029f6b8e52c=\"416\" title=\"D\u00e9m\u00e9nager \u00e0 Gen\u00e8ve ? 2026 Co\u00fbts de la vie et conseils de relocalisation\">Gen\u00e8ve<\/a> Elle poss\u00e8de 480 bureaux dans 150 pays et emploie plus de 60 000 personnes dans le monde.<\/p>\n<p>La flotte de MSC se compose de 500 porte-conteneurs d'une capacit\u00e9 d'environ 3,0 millions d'EVP. Chaque ann\u00e9e, la compagnie fait escale dans 315 ports du monde entier, livrant des marchandises de toutes sortes.<\/p>\n<p>Mediterranean Shipping Company poss\u00e8de les accr\u00e9ditations et affiliations suivantes :<\/p>\n<ul>\n<li> S\u00e9curit\u00e9 de la vie en mer (SOLAS)<\/li>\n<li> Association internationale du transport a\u00e9rien et maritime (IASA)<\/li>\n<li> <a href=\"https:\/\/moverdb.com\/fr\/international-chamber-shipping\/\">La Chambre internationale de la marine marchande<\/a> (<a href=\"https:\/\/moverdb.com\/fr\/international-chamber-shipping\/\" data-internallinksmanager029f6b8e52c=\"78\" title=\"La Chambre internationale de la marine marchande (ICS) expliqu\u00e9e\">ICS<\/a>)<\/li>\n<li> La F\u00e9d\u00e9ration des associations nationales de courtiers et d'agents maritimes (FONASBA)<\/li>\n<\/ul>\n<p><strong>Critiques sur la compagnie maritime m\u00e9diterran\u00e9enne<\/strong><\/p>\n<p><em>Au moment de la r\u00e9daction de ce document, nous n'avons pas pu trouver d'avis en ligne sur les services d'exp\u00e9dition de Mediterranean Shipping Company.<\/em> <\/p>\n<div itemprop=\"review\" itemscope itemtype=\"http:\/\/schema.org\/Review\">\n<strong><span itemprop=\"author\" itemscope=\"\" itemtype=\"http:\/\/schema.org\/Organization\"><span itemprop=\"name\">MoverDB.com<\/span><\/span> Examen en ligne du site Web pour <span itemprop=\"itemreviewed\" itemscope=\"\" itemtype=\"http:\/\/schema.org\/Brand\"><span itemprop=\"name\">Compagnie maritime m\u00e9diterran\u00e9enne<\/span><\/span>:<\/strong><\/p>\n<ol>\n<li> Coordonn\u00e9es claires sur le site web (y compris le num\u00e9ro de t\u00e9l\u00e9phone) : <strong>Oui<\/strong><\/li>\n<li> Facile \u00e0 obtenir <a href=\"https:\/\/moverdb.com\/fr\/container-shipping\/\" data-internallinksmanager029f6b8e52c=\"3\" title=\"Graphique des taux d&#039;exp\u00e9dition des conteneurs internationaux : Avril 2026\">exp\u00e9dition internationale<\/a> devis ? (Formulaire de demande de devis en ligne) : <strong>Oui<\/strong><\/li>\n<li> Informations claires sur le site web : <strong>Oui,<\/strong> Le site web contient une multitude d'informations sur les exp\u00e9ditions internationales.<\/li>\n<li> Adh\u00e9sion \u00e0 des organisations maritimes internationales reconnues : <strong>Oui<\/strong>.<\/li>\n<li> Liste de clients et\/ou t\u00e9moignages de clients pr\u00e9c\u00e9dents. <strong>Oui,<\/strong> ils ont un nombre limit\u00e9 d'\u00e9tudes de cas sur leur site web.<\/li>\n<\/ol>\n<div itemprop=\"reviewRating\" itemscope itemtype=\"http:\/\/schema.org\/Rating\"><meta itemprop=\"worstRating\" content = \"0\" \/><meta itemprop=\"bestRating\" content=\"5\" \/><meta itemprop=\"ratingValue\" content=\"5\"><\/div>\n<p><strong>Note globale : 5\/5<\/strong><br \/>\n<strong>Date de r\u00e9vision :<\/strong> <span itemprop=\"datePublished\" content=\"2017-04-21\">21\/04\/2017<\/span>\n<\/div>\n<p>Plus sur les autres <a href=\"https:\/\/moverdb.com\/fr\/compagnies-maritimes\/\">soci\u00e9t\u00e9s de transport maritime international<\/a>, <a href=\"https:\/\/moverdb.com\/fr\/expedition-par-conteneur\/\">tarifs d'exp\u00e9dition de conteneurs<\/a> et notre <a href=\"https:\/\/moverdb.com\/fr\/revues\/\">processus de r\u00e9vision<\/a>.<\/p>\n<p><strong>Site web :<\/strong> <a href=\"https:\/\/www.msc.com\/\" target=\"_blank\" rel=\"noopener\">https:\/\/www.msc.com\/<\/a><\/p>","protected":false},"excerpt":{"rendered":"<p>Mediterranean Shipping Company (MSC) offers its customers a wide range of shipping and other services. These are listed below, together with a company profile and reviews. International Shipping Dry Cargo Standard 20ft, 40ft or 40ft high cube containers Oversized and breakbulk cargo Weekly and regular shipping services to global destinations Customs clearance and documentation Reefer [&hellip;]<\/p>\n","protected":false},"author":1,"featured_media":0,"parent":0,"menu_order":0,"comment_status":"closed","ping_status":"closed","template":"","meta":{"_genesis_hide_title":false,"_genesis_hide_breadcrumbs":false,"_genesis_hide_singular_image":false,"_genesis_hide_footer_widgets":false,"_genesis_custom_body_class":"","_genesis_custom_post_class":"","_genesis_layout":"","footnotes":""},"class_list":{"0":"post-1578","1":"page","2":"type-page","3":"status-publish","5":"entry"},"_links":{"self":[{"href":"https:\/\/moverdb.com\/fr\/wp-json\/wp\/v2\/pages\/1578","targetHints":{"allow":["GET"]}}],"collection":[{"href":"https:\/\/moverdb.com\/fr\/wp-json\/wp\/v2\/pages"}],"about":[{"href":"https:\/\/moverdb.com\/fr\/wp-json\/wp\/v2\/types\/page"}],"author":[{"embeddable":true,"href":"https:\/\/moverdb.com\/fr\/wp-json\/wp\/v2\/users\/1"}],"replies":[{"embeddable":true,"href":"https:\/\/moverdb.com\/fr\/wp-json\/wp\/v2\/comments?post=1578"}],"version-history":[{"count":6,"href":"https:\/\/moverdb.com\/fr\/wp-json\/wp\/v2\/pages\/1578\/revisions"}],"predecessor-version":[{"id":13177,"href":"https:\/\/moverdb.com\/fr\/wp-json\/wp\/v2\/pages\/1578\/revisions\/13177"}],"wp:attachment":[{"href":"https:\/\/moverdb.com\/fr\/wp-json\/wp\/v2\/media?parent=1578"}],"curies":[{"name":"wp","href":"https:\/\/api.w.org\/{rel}","templated":true}]}}