{"id":1570,"date":"2017-02-24T09:05:40","date_gmt":"2017-02-24T09:05:40","guid":{"rendered":"http:\/\/moverdb.com\/?page_id=1570"},"modified":"2026-01-08T15:20:24","modified_gmt":"2026-01-08T15:20:24","slug":"mudanzas-gou","status":"publish","type":"page","link":"https:\/\/moverdb.com\/fr\/mudanzas-gou\/","title":{"rendered":"Mudanzas Gou - Avis sur les d\u00e9m\u00e9nagements internationaux"},"content":{"rendered":"<p>Mudanzas Gou est un Mexicain <a href=\"https:\/\/moverdb.com\/fr\/moving-companies\/\" data-internallinksmanager029f6b8e52c=\"79\" title=\"Les 25 meilleures soci\u00e9t\u00e9s de d\u00e9m\u00e9nagement international en ligne\">soci\u00e9t\u00e9 de d\u00e9m\u00e9nagement<\/a> qui offre \u00e0 ses clients un large \u00e9ventail de services, \u00e9num\u00e9r\u00e9s ci-dessous, ainsi qu'un profil de l'entreprise et des commentaires.<\/p>\n<p><strong>D\u00e9m\u00e9nagements internationaux<\/strong><\/p>\n<ul>\n<li> Porte \u00e0 porte<\/li>\n<li> Service complet d'emballage, emballage fragile ou emballage bricol\u00e9.<\/li>\n<li> D\u00e9montage et remontage de meubles<\/li>\n<li> D\u00e9douanement et assistance pour la documentation<\/li>\n<li> Assurance souscrite<\/li>\n<li> Service de d\u00e9ballage disponible<\/li>\n<li> Possibilit\u00e9 de stockage \u00e0 court et \u00e0 long terme<\/li>\n<\/ul>\n<p><strong>D\u00e9m\u00e9nagements nationaux et longue distance<\/strong><\/p>\n<ul>\n<li> Porte \u00e0 porte<\/li>\n<li> Service complet d'emballage, emballage fragile ou emballage bricol\u00e9.<\/li>\n<li> D\u00e9montage et remontage de meubles<\/li>\n<li> Assurance souscrite<\/li>\n<li> Service de d\u00e9ballage disponible<\/li>\n<li> Possibilit\u00e9 de stockage \u00e0 court et \u00e0 long terme<\/li>\n<\/ul>\n<p><strong>D\u00e9m\u00e9nagements commerciaux<\/strong><\/p>\n<ul>\n<li> D\u00e9m\u00e9nagement apr\u00e8s les heures de travail<\/li>\n<li> Plan logistique<\/li>\n<li> D\u00e9m\u00e9nagement informatique<\/li>\n<li> D\u00e9montage et remontage de tous les meubles<\/li>\n<\/ul>\n<p><strong>Transport sp\u00e9cial et exp\u00e9dition<\/strong><\/p>\n<ul>\n<li> <a href=\"https:\/\/moverdb.com\/fr\/voiture-transport-expedition\/\">Automobiles<\/a><\/li>\n<li> Vans<\/li>\n<li> Motos<\/li>\n<li> V\u00e9hicules blind\u00e9s<\/li>\n<li> V\u00e9hicules de collecte<\/li>\n<li> Des machines vari\u00e9es<\/li>\n<li> Bateaux \u00e0 moteur<\/li>\n<li> Bateaux \u00e0 voile<\/li>\n<li> Fournitures m\u00e9dicales et h\u00f4pitaux<\/li>\n<li> Institutions d'enseignement<\/li>\n<li> Art et antiquit\u00e9s<\/li>\n<li> Mat\u00e9riel sp\u00e9cialis\u00e9<\/li>\n<\/ul>\n<p><strong>Stockage<\/strong><\/p>\n<ul>\n<li> Long et court terme<\/li>\n<li> S\u00e9curit\u00e9 24\/7<\/li>\n<li> Syst\u00e8me d'inventaire<\/li>\n<li> Climatisation disponible<\/li>\n<li> Lutte contre les parasites<\/li>\n<li> Syst\u00e8me d'incendie<\/li>\n<li> Stockage des archives<\/li>\n<\/ul>\n<h2>Profil de l'entreprise Mudanzas Gou<\/h2>\n<p>Mudanzas Gou est l'un des plus anciens <a href=\"https:\/\/moverdb.com\/fr\/moving-companies\/moving-companies-mexico\/\" data-internallinksmanager029f6b8e52c=\"288\" title=\"18 Meilleures entreprises de d\u00e9m\u00e9nagements internationaux au Mexique\">entreprises de d\u00e9m\u00e9nagement au Mexique<\/a>o\u00f9 elle a vu le jour en 1900. Elle poss\u00e8de aujourd'hui dix bureaux au Mexique et entretient des liens avec des agents dans le monde entier. M. Gou a \u00e9t\u00e9 l'un des membres fondateurs de <a href=\"https:\/\/moverdb.com\/fr\/fidi-faim\/\" data-internallinksmanager029f6b8e52c=\"16\" title=\"Explication de la FIDI et du FAIM (FIDI Accredited International Mover)\">FIDI<\/a>, OMNI, <a href=\"https:\/\/moverdb.com\/fr\/lacma\/\" data-internallinksmanager029f6b8e52c=\"28\" title=\"Association des d\u00e9m\u00e9nageurs internationaux d&#039;Am\u00e9rique latine et des Cara\u00efbes (LACMA)\">LACMA<\/a>AMI et <a href=\"https:\/\/moverdb.com\/fr\/amsa\/\" data-internallinksmanager029f6b8e52c=\"5\" title=\"Explication de l&#039;Association am\u00e9ricaine de d\u00e9m\u00e9nagement et d&#039;entreposage (AMSA)\">AMSA<\/a>.<\/p>\n<p>Gou est fi\u00e8re de son service personnalis\u00e9 et insiste pour parler \u00e0 chaque client en face \u00e0 face afin de lui offrir le meilleur service possible. Tous ses v\u00e9hicules sont suivis par satellite et sont charg\u00e9s et conduits par son propre personnel.<\/p>\n<p>Mudanzas Gou poss\u00e8de les accr\u00e9ditations et affiliations suivantes :<\/p>\n<ul>\n<li> <a href=\"https:\/\/moverdb.com\/fr\/fidi-faim\/\">F\u00e9d\u00e9ration Internationale des D\u00e9m\u00e9nageurs Internationaux<\/a> (FIDI)<\/li>\n<li> R\u00e9seau international de d\u00e9m\u00e9nagements outre-mer (OMNI)<\/li>\n<li> <a href=\"https:\/\/moverdb.com\/fr\/lacma\/\">Association des d\u00e9m\u00e9nageurs internationaux d'Am\u00e9rique latine et des Cara\u00efbes<\/a> (LACMA)<\/li>\n<li> <a href=\"https:\/\/moverdb.com\/fr\/hgfaa\/\">Association am\u00e9ricaine des transitaires d'articles m\u00e9nagers<\/a> (HHGFA)<\/li>\n<li> <a href=\"https:\/\/moverdb.com\/fr\/amsa\/\" target=\"_blank\" rel=\"noopener\">Association am\u00e9ricaine de d\u00e9m\u00e9nagement et de stockage<\/a> (AMSA)<\/li>\n<li> Association panam\u00e9ricaine des d\u00e9m\u00e9nageurs internationaux (PAIMA)<\/li>\n<li> <a href=\"https:\/\/moverdb.com\/fr\/fidi-faim\/\">FAIM<\/a><\/li>\n<li> Partenariat douanier et commercial contre le terrorisme (C-PAT)<\/li>\n<\/ul>\n<h2>Critiques de Mudanzas Gou<\/h2>\n<p>Nous n'avons trouv\u00e9 aucun commentaire en anglais pour Mudanzas Gou en ligne, et ils ne semblent pas avoir de t\u00e9moignages de clients sur le site.<\/p>\n<div itemprop=\"review\" itemscope itemtype=\"http:\/\/schema.org\/Review\">\n<span itemprop=\"author\" itemscope=\"\" itemtype=\"http:\/\/schema.org\/Organization\"><span itemprop=\"name\">MoverDB.com<\/span><\/span> Examen en ligne du site Web pour <span itemprop=\"itemreviewed\" itemscope=\"\" itemtype=\"http:\/\/schema.org\/Brand\"><span itemprop=\"name\">Mudanzas Gou<\/span><\/span>:<\/p>\n<ol>\n<li> Coordonn\u00e9es claires sur le site web (y compris le num\u00e9ro de t\u00e9l\u00e9phone) : <strong>Oui<\/strong><\/li>\n<li> Facile \u00e0 obtenir <a href=\"https:\/\/moverdb.com\/fr\/citations\/\">devis de d\u00e9m\u00e9nagement<\/a>? (Formulaire de demande de devis en ligne) : <strong>Oui<\/strong><\/li>\n<li> Informations claires sur le site web : <strong>Oui,<\/strong> bien que basique, il pr\u00e9sente ses services en anglais et en espagnol.<\/li>\n<li> Adh\u00e9sion \u00e0 des organisations internationales de d\u00e9m\u00e9nagement reconnues : <strong>Oui<\/strong>(voir ci-dessus)<\/li>\n<li> Liste de clients et\/ou t\u00e9moignages de clients pr\u00e9c\u00e9dents : <strong>Non,<\/strong> nous n'avons pas trouv\u00e9 d'avis ou de t\u00e9moignages de clients.<\/li>\n<\/ol>\n<div itemprop=\"reviewRating\" itemscope itemtype=\"http:\/\/schema.org\/Rating\"><meta itemprop=\"worstRating\" content = \"0\" \/><meta itemprop=\"bestRating\" content=\"5\" \/><meta itemprop=\"ratingValue\" content=\"4\"><\/div>\n<p><strong>Note globale : 4\/5<\/strong><br \/>\n<strong>Date de r\u00e9vision :<\/strong> <span itemprop=\"datePublished\" content=\"2017-02-24\">24\/02\/2017<\/span>\n<\/div>\n<p>Plus d'informations sur <a href=\"https:\/\/moverdb.com\/fr\/entreprises-de-demenagement\/\">soci\u00e9t\u00e9s de d\u00e9m\u00e9nagement international<\/a> et notre <a href=\"https:\/\/moverdb.com\/fr\/revues\/\">processus de r\u00e9vision<\/a>.<\/p>\n<p><strong>Sites web :<\/strong> Espagnol : <a href=\"http:\/\/www.mudanzasgou.com.mx\/\" target=\"_blank\" rel=\"noopener\">http:\/\/www.mudanzasgou.com.mx\/<\/a> Anglais : <a href=\"http:\/\/www.mudanzasgou.com\/\" target=\"_blank\" rel=\"noopener\">http:\/\/www.mudanzasgou.com\/<\/a><\/p>","protected":false},"excerpt":{"rendered":"<p>Mudanzas Gou is a Mexican moving company which offers its clients a wide range of services which are listed below, together with a company profile and reviews. International Moves Door to door Full packing service, fragile packing or DIY packing Disassembly and reassembly of furniture Customs clearance and assistance with documentation Insurance arranged Unpacking service [&hellip;]<\/p>\n","protected":false},"author":1,"featured_media":0,"parent":0,"menu_order":0,"comment_status":"closed","ping_status":"closed","template":"","meta":{"_genesis_hide_title":false,"_genesis_hide_breadcrumbs":false,"_genesis_hide_singular_image":false,"_genesis_hide_footer_widgets":false,"_genesis_custom_body_class":"","_genesis_custom_post_class":"","_genesis_layout":"","footnotes":""},"class_list":{"0":"post-1570","1":"page","2":"type-page","3":"status-publish","5":"entry"},"_links":{"self":[{"href":"https:\/\/moverdb.com\/fr\/wp-json\/wp\/v2\/pages\/1570","targetHints":{"allow":["GET"]}}],"collection":[{"href":"https:\/\/moverdb.com\/fr\/wp-json\/wp\/v2\/pages"}],"about":[{"href":"https:\/\/moverdb.com\/fr\/wp-json\/wp\/v2\/types\/page"}],"author":[{"embeddable":true,"href":"https:\/\/moverdb.com\/fr\/wp-json\/wp\/v2\/users\/1"}],"replies":[{"embeddable":true,"href":"https:\/\/moverdb.com\/fr\/wp-json\/wp\/v2\/comments?post=1570"}],"version-history":[{"count":4,"href":"https:\/\/moverdb.com\/fr\/wp-json\/wp\/v2\/pages\/1570\/revisions"}],"predecessor-version":[{"id":6222,"href":"https:\/\/moverdb.com\/fr\/wp-json\/wp\/v2\/pages\/1570\/revisions\/6222"}],"wp:attachment":[{"href":"https:\/\/moverdb.com\/fr\/wp-json\/wp\/v2\/media?parent=1570"}],"curies":[{"name":"wp","href":"https:\/\/api.w.org\/{rel}","templated":true}]}}