{"id":1568,"date":"2017-02-01T16:22:03","date_gmt":"2017-02-01T16:22:03","guid":{"rendered":"http:\/\/moverdb.com\/?page_id=1568"},"modified":"2026-01-08T14:40:03","modified_gmt":"2026-01-08T14:40:03","slug":"leo-packers-movers","status":"publish","type":"page","link":"https:\/\/moverdb.com\/fr\/leo-packers-movers\/","title":{"rendered":"Leo Packers and Movers - Avis sur les d\u00e9m\u00e9nagements internationaux"},"content":{"rendered":"<p>Leo Packers and Movers est bas\u00e9 \u00e0 Bangalore, <a href=\"https:\/\/moverdb.com\/fr\/moving-to-india\/\" data-internallinksmanager029f6b8e52c=\"356\" title=\"D\u00e9m\u00e9nager en Inde ? 2026 Co\u00fbts de la vie et conseils de relocalisation\">Inde<\/a>. L'entreprise offre \u00e0 ses clients une large gamme de services qui sont \u00e9num\u00e9r\u00e9s ci-dessous, ainsi qu'un profil de l'entreprise et des commentaires.<\/p>\n<p><strong>D\u00e9m\u00e9nagements internationaux<\/strong><\/p>\n<ul>\n<li> Porte \u00e0 porte<\/li>\n<li> Porte \u00e0 la borne<\/li>\n<li> Service d'emballage complet, articles fragiles ou emballage de bricolage<\/li>\n<li> D\u00e9montage et remontage de meubles<\/li>\n<li> Service de d\u00e9ballage complet disponible<\/li>\n<li> Enl\u00e8vement des d\u00e9bris<\/li>\n<li> Possibilit\u00e9 de stockage \u00e0 court et \u00e0 long terme<\/li>\n<li> D\u00e9douanement et assistance en mati\u00e8re de documentation\".<\/li>\n<li> Fret a\u00e9rien<\/li>\n<li> Fret maritime<\/li>\n<li> Assurance souscrite<\/li>\n<\/ul>\n<p><strong>D\u00e9m\u00e9nagements r\u00e9sidentiels<\/strong><\/p>\n<ul>\n<li> Porte \u00e0 porte<\/li>\n<li> Service d'emballage complet disponible<\/li>\n<li> D\u00e9montage et remontage de meubles<\/li>\n<li> Service de d\u00e9ballage disponible<\/li>\n<li> Enl\u00e8vement des d\u00e9bris<\/li>\n<li> V\u00e9hicules conteneuris\u00e9s sur mesure<\/li>\n<li> Stockage \u00e0 court et \u00e0 long terme<\/li>\n<li> Assurance souscrite<\/li>\n<\/ul>\n<p><strong>D\u00e9m\u00e9nagement d'entreprise<\/strong><\/p>\n<ul>\n<li> Service de porte \u00e0 porte<\/li>\n<li> D\u00e9montage et remontage de meubles<\/li>\n<li> Service complet d'emballage<\/li>\n<li> \u00c9tiquetage correct<\/li>\n<li> Mise en place des postes de travail<\/li>\n<li> D\u00e9m\u00e9nagements apr\u00e8s les heures de travail et le week-end<\/li>\n<li> Enl\u00e8vement des d\u00e9bris<\/li>\n<\/ul>\n<p><strong>Stockage<\/strong><\/p>\n<ul>\n<li> Cabines individuelles sur mesure<\/li>\n<li> Sans poussi\u00e8re, sans termites, sans odeurs (contr\u00f4le des nuisibles).<\/li>\n<li> B\u00e2timent RCC avec installations au premier \u00e9tage<\/li>\n<li> Entrep\u00f4ts ind\u00e9pendants<\/li>\n<li> S\u00e9curit\u00e9 24 heures sur 24<\/li>\n<li> Surveillance<\/li>\n<\/ul>\n<h2>Profil de la soci\u00e9t\u00e9 Leo Packers and Movers<\/h2>\n<p>Leo Packers and Movers a ouvert ses portes en 1975 \u00e0 Bangalore, en Inde. L'entreprise est toujours dirig\u00e9e par la famille fondatrice, les Shah, et compte aujourd'hui trois g\u00e9n\u00e9rations \u00e0 son service. Il s'agit d'une soci\u00e9t\u00e9 de relocalisation ind\u00e9pendante, connue en Inde comme l'une des meilleures soci\u00e9t\u00e9s pour les d\u00e9m\u00e9nagements de m\u00e9nages et d'entreprises, tant au niveau local que r\u00e9gional et international.<\/p>\n<p>L'entreprise croit en la n\u00e9cessit\u00e9 de favoriser et de maintenir une bonne relation avec ses clients. Elle sait que le co\u00fbt est un facteur important et s'efforce de maintenir des prix bas, tout en offrant un excellent service. Leo Packers and Movers affirme que chaque d\u00e9m\u00e9nagement est diff\u00e9rent, c'est pourquoi chaque d\u00e9m\u00e9nagement est personnalis\u00e9 en fonction du client.<\/p>\n<p>Leo Packers and Movers poss\u00e8de les accr\u00e9ditations et affiliations suivantes : -<\/p>\n<ul>\n<li> Non mentionn\u00e9 sur le site web de l'entreprise<\/li>\n<\/ul>\n<h2>Commentaires sur Leo Packers and Movers<\/h2>\n<p><strong>Positif :<\/strong><\/p>\n<ul>\n<li> <em>\"Les membres de l'\u00e9quipe se sont non seulement bien comport\u00e9s, mais se sont \u00e9galement attel\u00e9s \u00e0 leur t\u00e2che et ont fait preuve de concentration et de patience dans l'accomplissement de leur travail.\"<\/em> rarami20000 via <a href=\"http:\/\/www.mouthshut.com\/review\/Leo-Packers-and-Movers-Hyderabad-review-mmqtqrslsnm\" target=\"_blank\" rel=\"noopener\">MouthShut.com<\/a>\n<\/ul>\n<p><strong>N\u00e9gatif :<\/strong><\/p>\n<ul>\n<li> <em>\"Ces gens sont les pires, d'abord ils vous prennent l'argent et apr\u00e8s ils ne vous \u00e9coutent jamais.\"<\/em> subbu2001978 via <a href=\"http:\/\/www.mouthshut.com\/review\/Leo-Packers-and-Movers-Hyderabad-review-sqtrrrmoqqm\" target=\"_blank\" rel=\"noopener\">MouthShut.com<\/a><\/li>\n<\/ul>\n<div itemprop=\"review\" itemscope itemtype=\"http:\/\/schema.org\/Review\">\n<span itemprop=\"author\" itemscope=\"\" itemtype=\"http:\/\/schema.org\/Organization\"><span itemprop=\"name\">MoverDB.com<\/span><\/span> Examen en ligne du site Web pour <span itemprop=\"itemreviewed\" itemscope=\"\" itemtype=\"http:\/\/schema.org\/Brand\"><span itemprop=\"name\">Leo Packers and Movers<\/span><\/span>:<\/p>\n<ol>\n<li> Coordonn\u00e9es claires sur le site web (y compris le num\u00e9ro de t\u00e9l\u00e9phone) : <strong>Oui<\/strong><\/li>\n<li> Facile \u00e0 obtenir <a href=\"https:\/\/moverdb.com\/fr\/citations\/\">devis de d\u00e9m\u00e9nagement international<\/a>? (Formulaire de demande de devis en ligne) : <strong>Oui<\/strong><\/li>\n<li> Informations claires sur le site web : <strong>Limit\u00e9e<\/strong> le site web ne propose que des informations limit\u00e9es sur leurs services.<\/li>\n<li> Adh\u00e9sion \u00e0 des organisations internationales de d\u00e9m\u00e9nagement reconnues : <strong>Non r\u00e9pertori\u00e9<\/strong><\/li>\n<li> Liste de clients et\/ou t\u00e9moignages de clients pr\u00e9c\u00e9dents. <strong>Non,<\/strong> mais ils ont une galerie de photos.<\/li>\n<\/ol>\n<div itemprop=\"reviewRating\" itemscope itemtype=\"http:\/\/schema.org\/Rating\"><meta itemprop=\"worstRating\" content = \"0\" \/><meta itemprop=\"bestRating\" content=\"5\" \/><meta itemprop=\"ratingValue\" content=\"3\"><\/div>\n<p><strong>Note globale : 3\/5<\/strong><br \/>\n<strong>Date de r\u00e9vision :<\/strong> <span itemprop=\"datePublished\" content=\"2017-02-01\">01\/02\/2017<\/span>\n<\/div>\n<p>Plus d'informations sur <a href=\"https:\/\/moverdb.com\/fr\/entreprises-de-demenagement\/\">soci\u00e9t\u00e9s de d\u00e9m\u00e9nagement international<\/a> et notre <a href=\"https:\/\/moverdb.com\/fr\/revues\/\">processus de r\u00e9vision<\/a>.<\/p>\n<p><strong>Site web :<\/strong> <a href=\"http:\/\/www.leopackersindia.com\/\" target=\"_blank\" rel=\"noopener\">http:\/\/www.leopackersindia.com\/<\/a><\/p>","protected":false},"excerpt":{"rendered":"<p>Leo Packers and Movers is based in Bangalore, India. The company offers its customers a wide range of services which are listed below, together with a company profile and reviews. International Moves Door to door Door to terminal Full packing service, fragile items or DIY packing Dismantling and reassembly of furniture Full unpacking service available [&hellip;]<\/p>\n","protected":false},"author":1,"featured_media":0,"parent":0,"menu_order":0,"comment_status":"closed","ping_status":"closed","template":"","meta":{"_genesis_hide_title":false,"_genesis_hide_breadcrumbs":false,"_genesis_hide_singular_image":false,"_genesis_hide_footer_widgets":false,"_genesis_custom_body_class":"","_genesis_custom_post_class":"","_genesis_layout":"","footnotes":""},"class_list":{"0":"post-1568","1":"page","2":"type-page","3":"status-publish","5":"entry"},"_links":{"self":[{"href":"https:\/\/moverdb.com\/fr\/wp-json\/wp\/v2\/pages\/1568","targetHints":{"allow":["GET"]}}],"collection":[{"href":"https:\/\/moverdb.com\/fr\/wp-json\/wp\/v2\/pages"}],"about":[{"href":"https:\/\/moverdb.com\/fr\/wp-json\/wp\/v2\/types\/page"}],"author":[{"embeddable":true,"href":"https:\/\/moverdb.com\/fr\/wp-json\/wp\/v2\/users\/1"}],"replies":[{"embeddable":true,"href":"https:\/\/moverdb.com\/fr\/wp-json\/wp\/v2\/comments?post=1568"}],"version-history":[{"count":3,"href":"https:\/\/moverdb.com\/fr\/wp-json\/wp\/v2\/pages\/1568\/revisions"}],"predecessor-version":[{"id":13170,"href":"https:\/\/moverdb.com\/fr\/wp-json\/wp\/v2\/pages\/1568\/revisions\/13170"}],"wp:attachment":[{"href":"https:\/\/moverdb.com\/fr\/wp-json\/wp\/v2\/media?parent=1568"}],"curies":[{"name":"wp","href":"https:\/\/api.w.org\/{rel}","templated":true}]}}