{"id":1558,"date":"2017-07-10T10:38:01","date_gmt":"2017-07-10T10:38:01","guid":{"rendered":"http:\/\/moverdb.com\/?page_id=1558"},"modified":"2026-01-08T15:20:30","modified_gmt":"2026-01-08T15:20:30","slug":"packimpex","status":"publish","type":"page","link":"https:\/\/moverdb.com\/fr\/packimpex\/","title":{"rendered":"Packimpex - Revues sur la relocalisation et le d\u00e9m\u00e9nagement international"},"content":{"rendered":"<p>Packimpex est une soci\u00e9t\u00e9 de relocalisation et de <a href=\"https:\/\/moverdb.com\/fr\/international-removals\/\" data-internallinksmanager029f6b8e52c=\"27\" title=\"36 meilleures entreprises de d\u00e9m\u00e9nagements internationaux au Royaume-Uni\">entreprise de d\u00e9m\u00e9nagement<\/a> bas\u00e9 \u00e0 <a href=\"https:\/\/moverdb.com\/fr\/moving-to-bern\/\" data-internallinksmanager029f6b8e52c=\"262\" title=\"Vous d\u00e9m\u00e9nagez \u00e0 Berne ? 2026 Co\u00fbt de la vie et conseils de relocalisation\">Berne<\/a>, <a href=\"https:\/\/moverdb.com\/fr\/moving-to-switzerland\/\" data-internallinksmanager029f6b8e52c=\"327\" title=\"D\u00e9m\u00e9nager en Suisse ? 2026 Co\u00fbts de la vie et conseils de relocalisation\">Suisse<\/a>. Elle offre \u00e0 ses clients une gamme de services qui sont \u00e9num\u00e9r\u00e9s ci-dessous, ainsi qu'un profil de l'entreprise et des commentaires.<\/p>\n<p><strong>D\u00e9m\u00e9nagements internationaux<\/strong><\/p>\n<ul>\n<li> Un responsable du d\u00e9m\u00e9nagement d\u00e9di\u00e9<\/li>\n<li> Service d'emballage complet, emballage partiel ou emballage individuel.<\/li>\n<li> Emballeurs multilingues<\/li>\n<li> Emballage r\u00e9utilisable et recyclable dans la mesure du possible.<\/li>\n<li> Transport a\u00e9rien, routier ou maritime<\/li>\n<li> D\u00e9placement d'un animal de compagnie<\/li>\n<li> <a href=\"https:\/\/moverdb.com\/fr\/voiture-transport-expedition\/\">Voitures<\/a><\/li>\n<li> Stockage \u00e0 court et \u00e0 long terme<\/li>\n<li> Assistance pour le d\u00e9douanement et la documentation<\/li>\n<li> Service de d\u00e9ballage complet disponible<\/li>\n<li> Assurance souscrite<\/li>\n<\/ul>\n<p><strong>Services de destination - Suisse<\/strong><\/p>\n<ul>\n<li> Consultancy<\/li>\n<li> Services d'immigration<\/li>\n<li> Tour d'orientation<\/li>\n<li> Service d'arriv\u00e9e<\/li>\n<li> Logement temporaire organis\u00e9<\/li>\n<li> Recherche \u00e0 domicile<\/li>\n<li> Aide \u00e0 l'\u00e9ducation et \u00e0 la garde d'enfants<\/li>\n<li> Services d'installation<\/li>\n<li> Programme d'aide \u00e0 l'int\u00e9gration<\/li>\n<li> Voitures - importation ou achat<\/li>\n<li> D\u00e9placements de groupes<\/li>\n<li> Services de d\u00e9part<\/li>\n<\/ul>\n<p><strong>Services de logement des entreprises<\/strong><\/p>\n<ul>\n<li> Gestion des r\u00e9servations<\/li>\n<li> Gestion des appartements<\/li>\n<li> Gestion des d\u00e9penses<\/li>\n<li> Aide au changement de locataire<\/li>\n<li> Mise en commun d'appartements d'entreprise<\/li>\n<li> Location de meubles<\/li>\n<li> Gestion du mobilier<\/li>\n<li> Appartements meubl\u00e9s de Packimpex<\/li>\n<\/ul>\n<p><strong>D\u00e9m\u00e9nagements locaux<\/strong><\/p>\n<ul>\n<li> Porte \u00e0 porte<\/li>\n<li> Service complet de d\u00e9m\u00e9nagement<\/li>\n<li> D\u00e9m\u00e9nagement de service limit\u00e9<\/li>\n<li> Stockage \u00e0 court et \u00e0 long terme<\/li>\n<li> Service de d\u00e9ballage disponible<\/li>\n<li> Assurance fournie<\/li>\n<li> Enl\u00e8vement des d\u00e9bris<\/li>\n<\/ul>\n<h2>Profil de l'entreprise Packimpex<\/h2>\n<p>Packimpex a commenc\u00e9 \u00e0 se concentrer sur les d\u00e9m\u00e9nagements internationaux en 1977 et est maintenant le pr\u00e9curseur en mati\u00e8re de d\u00e9m\u00e9nagement et de relocalisation internationaux en Suisse. La soci\u00e9t\u00e9 dispose de dix bureaux dans diff\u00e9rents endroits en Suisse et d'un bureau en Suisse. <a href=\"https:\/\/moverdb.com\/fr\/moving-to-germany\/\" data-internallinksmanager029f6b8e52c=\"321\" title=\"D\u00e9m\u00e9nager en Allemagne ? 2026 Co\u00fbts de la vie et conseils de relocalisation\">Allemagne<\/a>. Packimpex emploie plus de 300 personnes, toutes consid\u00e9r\u00e9es comme des experts dans leur propre domaine. La soci\u00e9t\u00e9 dispose de sa propre acad\u00e9mie de formation afin de rester \u00e0 la pointe des derni\u00e8res innovations dans le secteur de la relocalisation et du d\u00e9m\u00e9nagement.<\/p>\n<p>Plus de 60% des 100 premi\u00e8res entreprises suisses utilisent Packimpex pour leurs d\u00e9m\u00e9nagements locaux et la relocalisation de leur personnel. Packimpex fait partie du r\u00e9seau de relocation UniGroup, ce qui lui donne acc\u00e8s \u00e0 des d\u00e9m\u00e9nageurs dans 63 pays et 1200 sites. La soci\u00e9t\u00e9 poss\u00e8de \u00e9galement 40 appartements meubl\u00e9s dans les principales villes de Suisse, qu'elle loue \u00e0 des entreprises et \u00e0 leur personnel \u00e0 l'\u00e9tranger.<\/p>\n<p>Packimpex est fi\u00e8re de son mod\u00e8le commercial respectueux de l'environnement et recycle ses emballages dans la mesure du possible. Elle a plusieurs projets de compensation du carbone en cours \u00e0 tout moment afin de r\u00e9duire l'empreinte carbone de la soci\u00e9t\u00e9.<\/p>\n<p>Packimpex poss\u00e8de les accr\u00e9ditations et affiliations suivantes :<\/p>\n<ul>\n<li> <a href=\"https:\/\/moverdb.com\/fr\/fidi-faim\/\">FIDI<\/a><\/li>\n<li> <a href=\"https:\/\/moverdb.com\/fr\/fidi-faim\/\" data-internallinksmanager029f6b8e52c=\"16\" title=\"Explication de la FIDI et du FAIM (FIDI Accredited International Mover)\">FAIM<\/a>-ISO<\/li>\n<li> R\u00e9seau de relocation UniGroup<\/li>\n<li> OMNI<\/li>\n<li> <a href=\"https:\/\/moverdb.com\/fr\/conseil-de-relocation-des-employes\/\">Conseil de relocalisation de l'emploi<\/a> (<a href=\"https:\/\/moverdb.com\/fr\/employee-relocation-council\/\" data-internallinksmanager029f6b8e52c=\"83\" title=\"Le Conseil mondial de relocalisation des employ\u00e9s (ERC) expliqu\u00e9\">ERC<\/a>)<\/li>\n<li> <a href=\"https:\/\/moverdb.com\/fr\/eura\/\">Association europ\u00e9enne de relocation<\/a> (<a href=\"https:\/\/moverdb.com\/fr\/eura\/\" data-internallinksmanager029f6b8e52c=\"13\" title=\"L&#039;Association europ\u00e9enne de relocation (EuRA) expliqu\u00e9e\">EURA<\/a>)<\/li>\n<li> ISO 9001<\/li>\n<li> ISO 14001<\/li>\n<li> ISO 27001<\/li>\n<\/ul>\n<h2>Critiques sur Packimpex<\/h2>\n<p><strong>Positif :<\/strong><\/p>\n<p><em>\"Ces gars-l\u00e0 ont \u00e9t\u00e9 formidables. Je n'ai aucune id\u00e9e de la <a href=\"https:\/\/moverdb.com\/fr\/frais-de-demenagement\/\" target=\"_blank\" rel=\"noopener\">co\u00fbt<\/a> L'entreprise s'en est occup\u00e9e, mais le soin qu'ils ont apport\u00e9 \u00e0 l'emballage de ma maison \u00e0 l'a\u00e9roport d'Amsterdam a \u00e9t\u00e9 remarquable. <a href=\"https:\/\/moverdb.com\/fr\/moving-to-london\/\" target=\"_blank\" rel=\"noopener\">Londres<\/a> et le soin qu'ils ont mis \u00e0 tout r\u00e9assembler de ce c\u00f4t\u00e9 \u00e9tait formidable.\"<\/em> - via <a href=\"https:\/\/www.englishforum.ch\/housing-general\/131431-packimpex-review.html\" target=\"_blank\" rel=\"noopener\">Forum anglais Suisse<\/a><\/p>\n<p><strong>N\u00e9gatif : <\/strong><\/p>\n<p><em>\"Gestion extr\u00eamement m\u00e9diocre des arrangements de d\u00e9part\".<\/em> - Anu via <a href=\"https:\/\/www.facebook.com\/pg\/packimpex\/reviews\/?ref=page_internal\" target=\"_blank\" rel=\"noopener\">Facebook<\/a><\/p>\n<div itemprop=\"review\" itemscope itemtype=\"http:\/\/schema.org\/Review\">\n<span itemprop=\"author\" itemscope=\"\" itemtype=\"http:\/\/schema.org\/Organization\"><span itemprop=\"name\">MoverDB.com<\/span><\/span> Examen en ligne du site Web pour <span itemprop=\"itemreviewed\" itemscope=\"\" itemtype=\"http:\/\/schema.org\/Brand\"><span itemprop=\"name\">Packimpex<\/span><\/span>:<\/p>\n<ol>\n<li> Coordonn\u00e9es claires sur le site web (y compris le num\u00e9ro de t\u00e9l\u00e9phone) : <strong>Oui<\/strong><\/li>\n<li> Facile \u00e0 obtenir <a href=\"https:\/\/moverdb.com\/fr\/citations\/\">devis de d\u00e9m\u00e9nagement international<\/a>? (Formulaire de demande de devis en ligne) : <strong>Oui<\/strong><\/li>\n<li> Informations claires sur le site web : <strong>Oui,<\/strong> Le site web pr\u00e9sente clairement tous les services qu'ils proposent.<\/li>\n<li> Adh\u00e9sion \u00e0 des organisations internationales de d\u00e9m\u00e9nagement reconnues : <strong>Oui<\/strong>(voir ci-dessus)<\/li>\n<li> Liste de clients et\/ou t\u00e9moignages de clients pr\u00e9c\u00e9dents. <strong>Non,<\/strong> mais la plupart des avis en ligne sur la soci\u00e9t\u00e9 semblent \u00eatre positifs.<\/li>\n<\/ol>\n<div itemprop=\"reviewRating\" itemscope itemtype=\"http:\/\/schema.org\/Rating\"><meta itemprop=\"worstRating\" content = \"0\" \/><meta itemprop=\"bestRating\" content=\"5\" \/><meta itemprop=\"ratingValue\" content=\"4.5\"><\/div>\n<p><strong>Note globale : 4,5\/5<\/strong><br \/>\n<strong>Date de r\u00e9vision :<\/strong> <span itemprop=\"datePublished\" content=\"2017-07-10\">10\/07\/2017<\/span>\n<\/div>\n<p>Plus d'informations sur <a href=\"https:\/\/moverdb.com\/fr\/entreprises-de-demenagement\/\">soci\u00e9t\u00e9s de d\u00e9m\u00e9nagement international<\/a> et notre <a href=\"https:\/\/moverdb.com\/fr\/revues\/\">le processus de r\u00e9vision expliqu\u00e9<\/a>.<\/p>\n<p><strong>Site web :<\/strong> <a href=\"http:\/\/www.packimpex.ch\/\" target=\"_blank\" rel=\"noopener\">http:\/\/www.packimpex.ch\/<\/a><\/p>","protected":false},"excerpt":{"rendered":"<p>Packimpex is a relocation and removal company based in Bern, Switzerland. It offers its clients a range of services which are listed below, together with a company profile and reviews. International Moves Dedicated move manager Full packing service, partial packing or DIY packing Multilingual packers Reusable and recyclable packing where possible Air, road or sea [&hellip;]<\/p>\n","protected":false},"author":1,"featured_media":0,"parent":0,"menu_order":0,"comment_status":"closed","ping_status":"closed","template":"","meta":{"_genesis_hide_title":false,"_genesis_hide_breadcrumbs":false,"_genesis_hide_singular_image":false,"_genesis_hide_footer_widgets":false,"_genesis_custom_body_class":"","_genesis_custom_post_class":"","_genesis_layout":"","footnotes":""},"class_list":{"0":"post-1558","1":"page","2":"type-page","3":"status-publish","5":"entry"},"_links":{"self":[{"href":"https:\/\/moverdb.com\/fr\/wp-json\/wp\/v2\/pages\/1558","targetHints":{"allow":["GET"]}}],"collection":[{"href":"https:\/\/moverdb.com\/fr\/wp-json\/wp\/v2\/pages"}],"about":[{"href":"https:\/\/moverdb.com\/fr\/wp-json\/wp\/v2\/types\/page"}],"author":[{"embeddable":true,"href":"https:\/\/moverdb.com\/fr\/wp-json\/wp\/v2\/users\/1"}],"replies":[{"embeddable":true,"href":"https:\/\/moverdb.com\/fr\/wp-json\/wp\/v2\/comments?post=1558"}],"version-history":[{"count":4,"href":"https:\/\/moverdb.com\/fr\/wp-json\/wp\/v2\/pages\/1558\/revisions"}],"predecessor-version":[{"id":6228,"href":"https:\/\/moverdb.com\/fr\/wp-json\/wp\/v2\/pages\/1558\/revisions\/6228"}],"wp:attachment":[{"href":"https:\/\/moverdb.com\/fr\/wp-json\/wp\/v2\/media?parent=1558"}],"curies":[{"name":"wp","href":"https:\/\/api.w.org\/{rel}","templated":true}]}}