{"id":1548,"date":"2017-02-01T15:00:53","date_gmt":"2017-02-01T15:00:53","guid":{"rendered":"http:\/\/moverdb.com\/?page_id=1548"},"modified":"2026-01-08T15:20:43","modified_gmt":"2026-01-08T15:20:43","slug":"sirva","status":"publish","type":"page","link":"https:\/\/moverdb.com\/fr\/sirva\/","title":{"rendered":"SIRVA - D\u00e9m\u00e9nagement et relocalisation \u00e0 l'\u00e9chelle internationale - Commentaires"},"content":{"rendered":"<p>SIRVA est une soci\u00e9t\u00e9 de relocation globale dont le si\u00e8ge est situ\u00e9 \u00e0 <a href=\"https:\/\/moverdb.com\/fr\/moving-to-the-united-states\/moving-to-illinois\/\" data-internallinksmanager029f6b8e52c=\"401\" title=\"D\u00e9m\u00e9nager en Illinois ? 2026 Co\u00fbts de la vie et conseils de relocalisation\">Illinois<\/a>. Elle offre \u00e0 ses clients, entreprises et particuliers, une vari\u00e9t\u00e9 de services de d\u00e9m\u00e9nagement. Ceux-ci sont \u00e9num\u00e9r\u00e9s ci-dessous, accompagn\u00e9s d'un profil de l'entreprise et de commentaires.<\/p>\n<p><strong>D\u00e9m\u00e9nagement international<\/strong><\/p>\n<ul>\n<li> R\u00e9seau mondial de ressources en mati\u00e8re de d\u00e9m\u00e9nagement<\/li>\n<li> Suivez votre envoi 24\/7<\/li>\n<li> Visite de la maison pour d\u00e9terminer les besoins d'emballage, etc.<\/li>\n<li> Assurance souscrite<\/li>\n<li> Le coordinateur personnel vous aidera \u00e0 r\u00e9unir les documents n\u00e9cessaires<\/li>\n<li> Emballage et chargement<\/li>\n<li> D\u00e9douanement<\/li>\n<li> Livraison et d\u00e9ballage<\/li>\n<li> Des chefs d'\u00e9quipe parlant anglais seront disponibles pour vous aider \u00e0 la livraison.<\/li>\n<li> Tous les articles seront soigneusement d\u00e9charg\u00e9s et v\u00e9rifi\u00e9s par rapport \u00e0 votre liste d'inventaire et seront plac\u00e9s dans les pi\u00e8ces appropri\u00e9es.<\/li>\n<li> Les articles fragiles, tels que le verre et les <a href=\"https:\/\/moverdb.com\/fr\/moving-to-china\/\" data-internallinksmanager029f6b8e52c=\"357\" title=\"D\u00e9m\u00e9nager en Chine ? 2026 Co\u00fbts de la vie et conseils de relocalisation\">chine<\/a>seront d\u00e9ball\u00e9s sur des surfaces planes<\/li>\n<li> Tous les mat\u00e9riaux d'emballage et les d\u00e9bris seront rapidement retir\u00e9s de votre domicile.<\/li>\n<\/ul>\n<p><strong>Services de relocalisation d'entreprises<\/strong><\/p>\n<ul>\n<li> Services d'installation<\/li>\n<li> Visas et permis de travail<\/li>\n<li> Recherche d'\u00e9cole et de maison<\/li>\n<li> Informations culturelles<\/li>\n<li> Assistance aux partenaires\/conjoints<\/li>\n<li> Emballage sp\u00e9cialis\u00e9<\/li>\n<\/ul>\n<p><strong>Services de d\u00e9m\u00e9nagement<\/strong><\/p>\n<ul>\n<li> D\u00e9m\u00e9nagement du m\u00e9nage<\/li>\n<li> D\u00e9m\u00e9nagement d'entreprise<\/li>\n<li> D\u00e9placement local<\/li>\n<li> D\u00e9m\u00e9nagement inter\u00e9tatique<\/li>\n<li> D\u00e9m\u00e9nagement international<\/li>\n<li> Plan de d\u00e9m\u00e9nagement personnel<\/li>\n<\/ul>\n<h2>Profil de l'entreprise SIRVA<\/h2>\n<p>Sirva Inc a \u00e9t\u00e9 constitu\u00e9e en 1997 et est une soci\u00e9t\u00e9 qui fournit des services de d\u00e9m\u00e9nagement et de relocalisation aux entreprises et aux particuliers. Elle est pr\u00e9sente dans plus de 170 pays, dans plus de 1 400 villes, et ses marques nord-am\u00e9ricaines sont les suivantes <a href=\"https:\/\/moverdb.com\/fr\/allied-van-lines\/\">Allied Van Lines<\/a> et <a href=\"https:\/\/moverdb.com\/fr\/north-american-van-lines\/\">North American Van Lines<\/a>.<\/p>\n<p>Sirva effectue environ 385 000 relocalisations par an dans 43 pays du monde. Il s'agit notamment de clients d'entreprise ainsi que de personnel militaire et gouvernemental.<\/p>\n<p>Sirva poss\u00e8de les accr\u00e9ditations et affiliations suivantes :<\/p>\n<ul>\n<li> <a href=\"https:\/\/moverdb.com\/fr\/je-suis\/\">Association internationale des d\u00e9m\u00e9nageurs<\/a> (<a href=\"https:\/\/moverdb.com\/fr\/iam\/\" data-internallinksmanager029f6b8e52c=\"23\" title=\"L&#039;Association internationale des d\u00e9m\u00e9nageurs (IAM) expliqu\u00e9e\">IAM<\/a>)<\/li>\n<\/ul>\n<h2>Critiques de SIRVA<\/h2>\n<p><strong>Positif :<\/strong><\/p>\n<ul>\n<li> <em>\"Mon mari et moi avons eu une merveilleuse exp\u00e9rience en utilisant le pr\u00eat hypoth\u00e9caire Sirva pour notre r\u00e9cente relocalisation.\"<\/em> Karlee via <a href=\"https:\/\/www.reputada.com\/company\/sirva.com\" target=\"_blank\" rel=\"noopener\">Reputada<\/a>.\n<\/ul>\n<p><strong>N\u00e9gatif :<\/strong><\/p>\n<ul>\n<li> <em>\"Pour que ma r\u00e9ponse ne soit pas consid\u00e9r\u00e9e comme une sorte de \"diffamation\", je vais m'efforcer de d\u00e9crire ce qui s'est pass\u00e9, en essayant d'utiliser le moins de mots enthousiastes possible\". <\/em> \u2013 Lilaora via <a href=\"https:\/\/www.trulia.com\/voices\/Home_Selling\/Has_anyone_dealt_with_a_relocation_firm_called_SIR-29232\" target=\"_blank\" rel=\"noopener\">Trulia<\/a>.\n<\/ul>\n<p>Pour les marques SIRVA, vous devriez \u00e9galement lire <a href=\"https:\/\/moverdb.com\/fr\/allied-van-lines\/\">Avis sur Allied Van Lines<\/a> et <a href=\"https:\/\/moverdb.com\/fr\/north-american-van-lines\/\">Avis sur North American Van Lines<\/a>.<\/p>\n<div itemprop=\"review\" itemscope itemtype=\"http:\/\/schema.org\/Review\">\n<span itemprop=\"author\" itemscope=\"\" itemtype=\"http:\/\/schema.org\/Organization\"><span itemprop=\"name\">MoverDB.com<\/span><\/span> Examen en ligne du site Web pour <span itemprop=\"itemreviewed\" itemscope=\"\" itemtype=\"http:\/\/schema.org\/Brand\"><span itemprop=\"name\">SIRVA<\/span><\/span>:<\/p>\n<ol>\n<li> Coordonn\u00e9es claires sur le site web (y compris le num\u00e9ro de t\u00e9l\u00e9phone) : <strong>Oui<\/strong><\/li>\n<li> Facile \u00e0 obtenir <a href=\"https:\/\/moverdb.com\/fr\/citations\/\">devis de d\u00e9m\u00e9nagement international<\/a>? (Formulaire de demande de devis en ligne) : <strong>Oui<\/strong><\/li>\n<li> Informations claires sur le site web : <strong>Oui,<\/strong> Le site web pr\u00e9sente clairement tous les services qu'ils proposent.<\/li>\n<li> Adh\u00e9sion \u00e0 des organisations internationales de d\u00e9m\u00e9nagement reconnues : <strong>Oui<\/strong>(mais seulement IAM)<\/li>\n<li> Liste de clients et\/ou t\u00e9moignages de clients pr\u00e9c\u00e9dents. <strong>Oui,<\/strong> Ils ont une section d'\u00e9tudes de cas sur leur site web. Cependant, il y a un nombre limit\u00e9 de commentaires sur le web, la plupart \u00e9tant neutres ou n\u00e9gatifs.<\/li>\n<\/ol>\n<div itemprop=\"reviewRating\" itemscope itemtype=\"http:\/\/schema.org\/Rating\"><meta itemprop=\"worstRating\" content = \"0\" \/><meta itemprop=\"bestRating\" content=\"5\" \/><meta itemprop=\"ratingValue\" content=\"4.5\"><\/div>\n<p><strong>Note globale : 4,5\/5<\/strong><br \/>\n<strong>Date de r\u00e9vision :<\/strong> <span itemprop=\"datePublished\" content=\"2016-02-01\">01\/02\/2017<\/span>\n<\/div>\n<p>Plus d'informations sur <a href=\"https:\/\/moverdb.com\/fr\/entreprises-de-demenagement\/\">d\u00e9m\u00e9nageurs internationaux<\/a> et notre <a href=\"https:\/\/moverdb.com\/fr\/revues\/\">processus de r\u00e9vision<\/a>.<\/p>\n<p><strong>Site web :<\/strong> <a href=\"https:\/\/www.sirva.com\/\" target=\"_blank\" rel=\"noopener\">https:\/\/www.sirva.com\/<\/a> <\/p>","protected":false},"excerpt":{"rendered":"<p>SIRVA is a global relocation company with its head office in Illinois. It offers its corporate and individual clients a variety of moving services. These are listed below together with a company profile and reviews. International Moving Worldwide network of moving resources Track your shipment 24\/7 House survey to ascertain packing requirements etc Insurance arranged [&hellip;]<\/p>\n","protected":false},"author":1,"featured_media":0,"parent":0,"menu_order":0,"comment_status":"closed","ping_status":"closed","template":"","meta":{"_genesis_hide_title":false,"_genesis_hide_breadcrumbs":false,"_genesis_hide_singular_image":false,"_genesis_hide_footer_widgets":false,"_genesis_custom_body_class":"","_genesis_custom_post_class":"","_genesis_layout":"","footnotes":""},"class_list":{"0":"post-1548","1":"page","2":"type-page","3":"status-publish","5":"entry"},"_links":{"self":[{"href":"https:\/\/moverdb.com\/fr\/wp-json\/wp\/v2\/pages\/1548","targetHints":{"allow":["GET"]}}],"collection":[{"href":"https:\/\/moverdb.com\/fr\/wp-json\/wp\/v2\/pages"}],"about":[{"href":"https:\/\/moverdb.com\/fr\/wp-json\/wp\/v2\/types\/page"}],"author":[{"embeddable":true,"href":"https:\/\/moverdb.com\/fr\/wp-json\/wp\/v2\/users\/1"}],"replies":[{"embeddable":true,"href":"https:\/\/moverdb.com\/fr\/wp-json\/wp\/v2\/comments?post=1548"}],"version-history":[{"count":5,"href":"https:\/\/moverdb.com\/fr\/wp-json\/wp\/v2\/pages\/1548\/revisions"}],"predecessor-version":[{"id":6239,"href":"https:\/\/moverdb.com\/fr\/wp-json\/wp\/v2\/pages\/1548\/revisions\/6239"}],"wp:attachment":[{"href":"https:\/\/moverdb.com\/fr\/wp-json\/wp\/v2\/media?parent=1548"}],"curies":[{"name":"wp","href":"https:\/\/api.w.org\/{rel}","templated":true}]}}