{"id":1542,"date":"2017-02-01T16:45:14","date_gmt":"2017-02-01T16:45:14","guid":{"rendered":"http:\/\/moverdb.com\/?page_id=1542"},"modified":"2026-01-08T15:30:38","modified_gmt":"2026-01-08T15:30:38","slug":"vip-transport","status":"publish","type":"page","link":"https:\/\/moverdb.com\/fr\/vip-transport\/","title":{"rendered":"VIP Transport - Avis sur les d\u00e9m\u00e9nagements internationaux"},"content":{"rendered":"<p>Le si\u00e8ge social de VIP Transport est situ\u00e9 \u00e0 Corona, CA. L'entreprise offre \u00e0 ses clients une vari\u00e9t\u00e9 de services de d\u00e9m\u00e9nagement qui sont \u00e9num\u00e9r\u00e9s ci-dessous, ainsi qu'un profil de l'entreprise et des critiques.<\/p>\n<p><strong>D\u00e9m\u00e9nagements internationaux<\/strong><\/p>\n<p>Services de pr\u00e9-affectation<\/p>\n<ul>\n<li>Services de visa et d'immigration<\/li>\n<li>Voyage pr\u00e9liminaire et orientation de la r\u00e9gion<\/li>\n<li>Informations sur les pays et les cultures<\/li>\n<\/ul>\n<p>Services de d\u00e9m\u00e9nagement<\/p>\n<ul>\n<li>Planification pr\u00e9alable au d\u00e9m\u00e9nagement<\/li>\n<li>Transport des biens<\/li>\n<li>G\u00e9rer le d\u00e9m\u00e9nagement<\/li>\n<li>Suivi des exp\u00e9ditions<\/li>\n<\/ul>\n<p>Services de destination internationale<\/p>\n<ul>\n<li>Formation culturelle et linguistique<\/li>\n<li>Assistance scolaire<\/li>\n<li>Soutien du partenaire\/conjoint<\/li>\n<li>S'installer dans le service<\/li>\n<li>Assistance au d\u00e9part<\/li>\n<\/ul>\n<p>Services de protection<\/p>\n<ul>\n<li>Multiplicateur de poids<\/li>\n<li>Inventaire de grande valeur<\/li>\n<li>Inventaire d\u00e9taill\u00e9 et valoris\u00e9<\/li>\n<\/ul>\n<p>Aide au logement<\/p>\n<ul>\n<li>Services de recherche de logement<\/li>\n<li>Logement temporaire<\/li>\n<li>Gestion des biens et des locations<\/li>\n<\/ul>\n<p><strong>D\u00e9m\u00e9nagements de maisons<\/strong><\/p>\n<ul>\n<li>D\u00e9m\u00e9nagement local, longue distance et international<\/li>\n<li>Stockage et entreposage climatis\u00e9<\/li>\n<li>Mise en caisse personnalis\u00e9e<\/li>\n<li>Services d'emballage et de d\u00e9ballage<\/li>\n<li>Transport de voitures<\/li>\n<li>Connexion r\u00e9seau, PC et th\u00e9\u00e2tre<\/li>\n<li>Services immobiliers<\/li>\n<li>Services en gants blancs<\/li>\n<\/ul>\n<p><strong>D\u00e9m\u00e9nagement d'entreprise<\/strong><\/p>\n<ul>\n<li>Coordinateur personnel<\/li>\n<li>Porte \u00e0 porte<\/li>\n<li>Service complet d'emballage et de d\u00e9ballage<\/li>\n<li>Stockage \u00e0 court et \u00e0 long terme<\/li>\n<li>Suivi complet des rapports et des d\u00e9penses<\/li>\n<li>Offres de services \u00e0 plusieurs niveaux<\/li>\n<li>Des services flexibles pour les d\u00e9penses bas\u00e9es sur les allocations<\/li>\n<li>D\u00e9pliants de bienvenue personnalis\u00e9s<\/li>\n<li>Suivi en ligne<\/li>\n<li>Un gestionnaire de compte d\u00e9di\u00e9 exclusivement aux employ\u00e9s<\/li>\n<li>Logement temporaire<\/li>\n<\/ul>\n<p><strong>Services sp\u00e9cialis\u00e9s<\/strong><\/p>\n<ul>\n<li>Services de d\u00e9m\u00e9nagement et d'exp\u00e9dition de vin<\/li>\n<li>Mise en caisse sur mesure<\/li>\n<li>Service en gants blancs<\/li>\n<li>Pi\u00e8ces de collection de grande valeur<\/li>\n<li>Transport de mat\u00e9riel m\u00e9dical<\/li>\n<li>\u00c9lectronique et robotique<\/li>\n<li>H\u00f4tellerie et soins de sant\u00e9<\/li>\n<li>Musique et divertissement<\/li>\n<li>Logistique a\u00e9rospatiale<\/li>\n<li>Relocalisation des athl\u00e8tes et des \u00e9quipes sportives<\/li>\n<li>Service aux \u00eeles hawa\u00efennes<\/li>\n<li>D\u00e9m\u00e9nagement du laboratoire<\/li>\n<li>Beaux-arts et antiquit\u00e9s<\/li>\n<li>Militaire et GSA<\/li>\n<li>D\u00e9localisations universitaires et acad\u00e9miques<\/li>\n<\/ul>\n<p><strong>Logistique<\/strong><\/p>\n<ul>\n<li>Logistique\/ LTL\/ Truckload<\/li>\n<li>Entreposage et distribution<\/li>\n<li>Capacit\u00e9s de la flotte<\/li>\n<li>Services de salons professionnels<\/li>\n<li>D\u00e9m\u00e9nagement commercial<\/li>\n<li>Services \u00e0 plateau<\/li>\n<li>Services de gr\u00e9ement<\/li>\n<li><a href=\"https:\/\/moverdb.com\/fr\/container-shipping\/\" data-internallinksmanager029f6b8e52c=\"3\" title=\"Graphique des taux d&#039;exp\u00e9dition des conteneurs internationaux : Avril 2026\">Exp\u00e9dition internationale<\/a><\/li>\n<\/ul>\n<p><strong>Stockage<\/strong><\/p>\n<ul>\n<li>Long et court terme<\/li>\n<li>Climat contr\u00f4l\u00e9 avec un \u00e9clairage UV minimal<\/li>\n<li>Cave \u00e0 vin priv\u00e9e<\/li>\n<li>S\u00e9curit\u00e9 24 heures sur 24<\/li>\n<li>Des tests stricts en mati\u00e8re d'incendie, d'alarme et de s\u00e9curit\u00e9<\/li>\n<li>Chambres priv\u00e9es climatis\u00e9es disponibles avec des syst\u00e8mes d'entr\u00e9e s\u00e9curis\u00e9s par code<\/li>\n<\/ul>\n<h2>Profil de l'entreprise VIP Transport<\/h2>\n<p>VIP Transport fait partie de l'UniGroup, qui est la soci\u00e9t\u00e9 m\u00e8re de <a href=\"https:\/\/moverdb.com\/fr\/mayflower-transit\/\">Mayflower Transit<\/a> et <a href=\"https:\/\/moverdb.com\/fr\/united-van-lines\/\">United Van Lines<\/a>. La soci\u00e9t\u00e9, qui a vu le jour en 1982, transporte des personnes et des marchandises dans le monde entier, en s'appuyant sur le r\u00e9seau d'agences d'UniGroup. <\/p>\n<p>Dans le <a href=\"https:\/\/moverdb.com\/fr\/moving-to-the-united-states\/\" data-internallinksmanager029f6b8e52c=\"94\" title=\"Vous partez aux \u00c9tats-Unis ? 2026 Co\u00fbt de la vie et conseils de relocalisation\">\u00c9tats-Unis<\/a> \u00c0 elle seule, elle compte 1 100 agents auxquels elle peut faire appel et, \u00e0 l'\u00e9chelle internationale, elle compte plus de 1 350 agents. VIP Transport a \u00e9galement acc\u00e8s \u00e0 46 millions de pieds carr\u00e9s d'entrep\u00f4ts, dont 7 millions sont climatis\u00e9s.<\/p>\n<p>VIP Transport dispose d'un parc de v\u00e9hicules sp\u00e9cialis\u00e9s comprenant des remorques climatis\u00e9es, des fourgons de laboratoire aliment\u00e9s par un g\u00e9n\u00e9rateur et des plates-formes dot\u00e9es de capacit\u00e9s de chargement sp\u00e9ciales. L'entreprise suit un programme \u00e9cologique strict afin de minimiser son empreinte carbone.<br \/>\nVIP Transport poss\u00e8de les accr\u00e9ditations et affiliations suivantes :<\/p>\n<ul>\n<li> <a href=\"https:\/\/moverdb.com\/fr\/amsa\/\">Association am\u00e9ricaine de d\u00e9m\u00e9nagement et de stockage<\/a> (<a href=\"https:\/\/moverdb.com\/fr\/amsa\/\" data-internallinksmanager029f6b8e52c=\"5\" title=\"Explication de l&#039;Association am\u00e9ricaine de d\u00e9m\u00e9nagement et d&#039;entreposage (AMSA)\">AMSA<\/a>)<\/li>\n<li> <a href=\"https:\/\/moverdb.com\/fr\/jante-promoteur\/\">ProMover<\/a><\/li>\n<li> Better Business Bureau (BBB) A+<\/li>\n<li> Certifi\u00e9 WBENC<\/li>\n<li> ISO 9001<\/li>\n<\/ul>\n<h2>Commentaires sur VIP Transport<\/h2>\n<p><strong>Positif :<\/strong><\/p>\n<ul>\n<li> <em>\" Le <a href=\"https:\/\/moverdb.com\/fr\/sinstaller-a-los-angeles\/\">Los Angeles<\/a> Les Clippers et VIP Transport ont entretenu une merveilleuse relation au fil des ans. Ils ont toujours \u00e9t\u00e9 pr\u00eats \u00e0 nous aider pour les d\u00e9m\u00e9nagements de plusieurs joueurs cl\u00e9s et l'ont fait sans qu'aucun des joueurs ne se plaigne.\"<\/em> - via <a href=\"http:\/\/www.viptransport.com\/testimonials\/\" target=\"_blank\" rel=\"noopener\">t\u00e9moignage de l'entreprise<\/a> page.<\/li>\n<li> <em>\"Ces gars-l\u00e0 obtiennent un 10 sur 10.  Depuis le premier contact jusqu'\u00e0 l'ach\u00e8vement du travail, nous avons re\u00e7u un \"service A-1\".  \"<\/em> - Robert via <a href=\"https:\/\/www.yelp.com\/biz\/vip-transport-corona-6?hrid=nuC3r_2wy6HRLOm4owqitg&#038;utm_campaign=www_review_share_popup&#038;utm_medium=copy_link&#038;utm_source=(direct)\" target=\"_blank\" rel=\"noopener\">Yelp<\/a><\/li>\n<li> <em>\"J'ai eu une excellente exp\u00e9rience avec VIP !\"<\/em> - Michelle via <a href=\"https:\/\/www.mymovingreviews.com\/movers\/vip-transport-781#53376\" target=\"_blank\" rel=\"noopener\">MyMovingReviews<\/a><\/li>\n<\/ul>\n<p><strong>N\u00e9gatif :<\/strong><\/p>\n<ul>\n<li><em>\"J'aimerais pouvoir leur donner z\u00e9ro \u00e9toile.\"<\/em> \u2013 Nancy T via <a href=\"https:\/\/www.yelp.com\/biz\/vip-transport-corona-6?hrid=DvJSu2LKWnFvj2WuqZXtoQ&#038;utm_campaign=www_review_share_popup&#038;utm_medium=copy_link&#038;utm_source=(direct)\" target=\"_blank\" rel=\"noopener\">Yelp<\/a><\/li>\n<li> <em>\"J'ai choisi Mayflower\/VIP Transport en raison du repr\u00e9sentant qui est venu faire un devis sur place. Ses explications m'ont paru les plus logiques par rapport aux autres devis. Cependant, il s'est av\u00e9r\u00e9 que son estimation de poids \u00e9tait de 6 000 livres sup\u00e9rieure \u00e0 ce que mon poids r\u00e9el s'est av\u00e9r\u00e9 \u00eatre.\"<\/em> - Ruthie via <a href=\"https:\/\/www.mymovingreviews.com\/movers\/vip-transport-781#50382\" target=\"_blank\" rel=\"noopener\">MyMovingReviews<\/a><\/li>\n<\/ul>\n<div itemprop=\"review\" itemscope itemtype=\"http:\/\/schema.org\/Review\">\n<span itemprop=\"author\" itemscope=\"\" itemtype=\"http:\/\/schema.org\/Organization\"><span itemprop=\"name\">MoverDB.com<\/span><\/span> Examen en ligne du site Web pour <span itemprop=\"itemreviewed\" itemscope=\"\" itemtype=\"http:\/\/schema.org\/Brand\"><span itemprop=\"name\">Transport VIP<\/span><\/span>:<\/p>\n<ol>\n<li> Coordonn\u00e9es claires sur le site web (y compris le num\u00e9ro de t\u00e9l\u00e9phone) : <strong>Oui<\/strong><\/li>\n<li> Facile \u00e0 obtenir <a href=\"https:\/\/moverdb.com\/fr\/citations\/\">devis de d\u00e9m\u00e9nagement international<\/a>? (Formulaire de demande de devis en ligne) : <strong>Oui<\/strong><\/li>\n<li> Informations claires sur le site web : <strong>Oui,<\/strong> le site web contient beaucoup d'informations d\u00e9taill\u00e9es sur le d\u00e9m\u00e9nagement.<\/li>\n<li> Adh\u00e9sion \u00e0 des organisations internationales de d\u00e9m\u00e9nagement reconnues : <strong>Oui<\/strong>(voir ci-dessus)<\/li>\n<li> Liste de clients et\/ou t\u00e9moignages de clients pr\u00e9c\u00e9dents. <strong>Oui,<\/strong> De nombreux t\u00e9moignages positifs de clients peuvent \u00eatre trouv\u00e9s sur leur site web et ils ont des critiques majoritairement positives ailleurs sur le web.<\/li>\n<\/ol>\n<div itemprop=\"reviewRating\" itemscope itemtype=\"http:\/\/schema.org\/Rating\"><meta itemprop=\"worstRating\" content = \"0\" \/><meta itemprop=\"bestRating\" content=\"5\" \/><meta itemprop=\"ratingValue\" content=\"5\"><\/div>\n<p><strong>Note globale : 5\/5<\/strong><br \/>\n<strong>Date de r\u00e9vision :<\/strong> <span itemprop=\"datePublished\" content=\"2017-02-01\">01\/02\/2017<\/span>\n<\/div>\n<p>Plus d'informations sur <a href=\"https:\/\/moverdb.com\/fr\/entreprises-de-demenagement\/\">soci\u00e9t\u00e9s de d\u00e9m\u00e9nagement international<\/a> et notre <a href=\"https:\/\/moverdb.com\/fr\/revues\/\">processus de r\u00e9vision<\/a>.<\/p>\n<p><strong>Sites web :<\/strong> <a href=\"http:\/\/www.viptransport.com\/\" target=\"_blank\" rel=\"noopener\">http:\/\/www.viptransport.com\/<\/a><\/p>","protected":false},"excerpt":{"rendered":"<p>VIP Transport&#8217;s head office is in Corona, CA. The company offers its clients a variety of moving services which are listed below, together with a company profile and reviews. International Moves Pre-assignment Services Visa and immigration services Preview trip and area orientation Country and culture information Moving Services Pre-move planning Transportation of belongings Managing the [&hellip;]<\/p>\n","protected":false},"author":1,"featured_media":0,"parent":0,"menu_order":0,"comment_status":"closed","ping_status":"closed","template":"","meta":{"_genesis_hide_title":false,"_genesis_hide_breadcrumbs":false,"_genesis_hide_singular_image":false,"_genesis_hide_footer_widgets":false,"_genesis_custom_body_class":"","_genesis_custom_post_class":"","_genesis_layout":"","footnotes":""},"class_list":{"0":"post-1542","1":"page","2":"type-page","3":"status-publish","5":"entry"},"_links":{"self":[{"href":"https:\/\/moverdb.com\/fr\/wp-json\/wp\/v2\/pages\/1542","targetHints":{"allow":["GET"]}}],"collection":[{"href":"https:\/\/moverdb.com\/fr\/wp-json\/wp\/v2\/pages"}],"about":[{"href":"https:\/\/moverdb.com\/fr\/wp-json\/wp\/v2\/types\/page"}],"author":[{"embeddable":true,"href":"https:\/\/moverdb.com\/fr\/wp-json\/wp\/v2\/users\/1"}],"replies":[{"embeddable":true,"href":"https:\/\/moverdb.com\/fr\/wp-json\/wp\/v2\/comments?post=1542"}],"version-history":[{"count":5,"href":"https:\/\/moverdb.com\/fr\/wp-json\/wp\/v2\/pages\/1542\/revisions"}],"predecessor-version":[{"id":6250,"href":"https:\/\/moverdb.com\/fr\/wp-json\/wp\/v2\/pages\/1542\/revisions\/6250"}],"wp:attachment":[{"href":"https:\/\/moverdb.com\/fr\/wp-json\/wp\/v2\/media?parent=1542"}],"curies":[{"name":"wp","href":"https:\/\/api.w.org\/{rel}","templated":true}]}}