{"id":1540,"date":"2017-02-26T17:21:37","date_gmt":"2017-02-26T17:21:37","guid":{"rendered":"http:\/\/moverdb.com\/?page_id=1540"},"modified":"2026-01-08T15:20:37","modified_gmt":"2026-01-08T15:20:37","slug":"royal-hawaiian-movers","status":"publish","type":"page","link":"https:\/\/moverdb.com\/fr\/royal-hawaiian-movers\/","title":{"rendered":"Royal Hawaiian Movers - Avis sur les d\u00e9m\u00e9nagements internationaux"},"content":{"rendered":"<p>Royal Hawaiian Movers propose \u00e0 ses clients divers d\u00e9m\u00e9nagements locaux, inter-\u00eeles et continentaux. Leurs services sont \u00e9num\u00e9r\u00e9s ci-dessous, ainsi qu'un profil de l'entreprise et des critiques.<\/p>\n<p><strong>D\u00e9m\u00e9nagements internationaux, continentaux et interinsulaires<\/strong><\/p>\n<ul>\n<li> Porte \u00e0 porte<\/li>\n<li >Service d'emballage complet, articles fragiles uniquement ou emballage bricol\u00e9<\/li>\n<li> D\u00e9montage et remontage de meubles<\/li>\n<li> D\u00e9m\u00e9nagement et installation de l'informatique<\/li>\n<li> Service de d\u00e9ballage<\/li>\n<li> Stockage \u00e0 court et long terme organis\u00e9<\/li>\n<li> Fret a\u00e9rien ou maritime<\/li>\n<li> Assurance souscrite<\/li>\n<\/ul>\n<p><strong>D\u00e9m\u00e9nagements locaux et militaires<\/strong><\/p>\n<ul>\n<li> Porte \u00e0 porte<\/li>\n<li> Mat\u00e9riel d'emballage fourni<\/li>\n<li> Stockage \u00e0 court et \u00e0 long terme<\/li>\n<li> Service complet d'emballage disponible ou emballage individuel.<\/li>\n<li> D\u00e9montage et remontage de meubles<\/li>\n<li> Service de d\u00e9ballage<\/li>\n<li> Assurance souscrite<\/li>\n<\/ul>\n<p><strong>Services de d\u00e9m\u00e9nagement sp\u00e9cialis\u00e9s<\/strong><\/p>\n<ul>\n<li> Machines lourdes<\/li>\n<li> Services de d\u00e9m\u00e9nagement m\u00e9dical<\/li>\n<li> \u00c9quipement surdimensionn\u00e9<\/li>\n<\/ul>\n<p><strong>Installation<\/strong><\/p>\n<ul>\n<li> H\u00f4tel<\/li>\n<li> FF&amp;E (mobilier, agencements et \u00e9quipements)<\/li>\n<li> Bureau<\/li>\n<li> Sp\u00e9cialit\u00e9<\/li>\n<\/ul>\n<h2>Profil de la soci\u00e9t\u00e9 Royal Hawaiian Movers<\/h2>\n<p>Royal Hawaiian Movers a \u00e9t\u00e9 cr\u00e9\u00e9e par Richard L. DeWitt en 1982. La soci\u00e9t\u00e9 a d\u00e9but\u00e9 avec un bureau \u00e0 Honolulu, au service des militaires de l'\u00eele d'Oahu. Aujourd'hui encore, les militaires constituent le c\u0153ur de Royal Hawaiian Movers. \u00c0 la fin des ann\u00e9es 1980, la soci\u00e9t\u00e9 a d\u00e9cid\u00e9 de se d\u00e9velopper et de se lancer dans le camionnage et le fret. La soci\u00e9t\u00e9 dispose d\u00e9sormais d'une flotte de plus de 60 v\u00e9hicules de d\u00e9m\u00e9nagement.<\/p>\n<p>Depuis, Royal Hawaiian Movers a \u00e9tendu ses activit\u00e9s aux d\u00e9m\u00e9nagements r\u00e9sidentiels, commerciaux et militaires au niveau local, interinsulaire et international. Le groupe de soci\u00e9t\u00e9s DeWitt d\u00e9m\u00e9nage des personnes et des entreprises dans le monde entier depuis plus de 80 ans et les Royal Hawaiian Movers sont heureux de transmettre l'expertise acquise au fil des d\u00e9cennies. <\/p>\n<p>Leur philosophie est de d\u00e9velopper des relations de confiance avec leurs clients afin qu'ils reviennent pour chaque d\u00e9m\u00e9nagement.<\/p>\n<p>Royal Hawaiian Movers poss\u00e8de les accr\u00e9ditations et affiliations suivantes :<\/p>\n<ul>\n<li> <a href=\"https:\/\/moverdb.com\/fr\/jante-promoteur\/\">AMSA Pro Movers<\/a><\/li>\n<li> Conseillers en d\u00e9m\u00e9nagement certifi\u00e9s<\/li>\n<li> Conducteurs certifi\u00e9s pour les mati\u00e8res dangereuses<\/li>\n<li> Carte d'identit\u00e9 de travailleur du transport<\/li>\n<li> Bureau d'\u00e9thique commerciale (BBB)<\/li>\n<li> DeWitt Move Worldwide - un membre de la <a href=\"https:\/\/moverdb.com\/fr\/je-suis\/\">IAM<\/a><\/li>\n<li> Licence DOT #227698<\/li>\n<li> Licence de transporteur routier DOT #165352<\/li>\n<li> DOT <a href=\"https:\/\/moverdb.com\/fr\/freight-forwarder\/\" data-internallinksmanager029f6b8e52c=\"17\" title=\"Guide des co\u00fbts et des entreprises des transitaires et NVOCC internationaux\">Transporteur de fret<\/a> Licence #003549<\/li>\n<\/ul>\n<h2>Commentaires sur Royal Hawaiian Movers<\/h2>\n<p><strong>Positif :<\/strong><\/p>\n<ul>\n<li> <em>\"D\u00e9m\u00e9nagement d'Honolulu \u00e0 <a href=\"https:\/\/moverdb.com\/fr\/moving-to-the-united-states\/moving-to-california\/\" data-internallinksmanager029f6b8e52c=\"330\" title=\"D\u00e9m\u00e9nager en Californie ? 2026 Co\u00fbts de la vie et conseils de relocalisation\">Californie<\/a>, l'arm\u00e9e a mis en place <a href=\"https:\/\/moverdb.com\/fr\/moving-to-the-united-states\/\" data-internallinksmanager029f6b8e52c=\"94\" title=\"Vous partez aux \u00c9tats-Unis ? 2026 Co\u00fbt de la vie et conseils de relocalisation\">nous<\/a> avec Royal Hawaiian Movers... Service client ***AMAZING***.... Ils \u00e9taient informatifs, courtois, soign\u00e9s et efficaces. Royal Hawaiian Movers est tout ce dont vous avez besoin pour vos probl\u00e8mes de d\u00e9m\u00e9nagement et d'exp\u00e9dition ! !!\"<\/em> - Kelly G <a href=\"http:\/\/royalhawaiianmovers.com\/our-difference\/what-customers-say\/\" target=\"_blank\" rel=\"noopener\">t\u00e9moignage d'un client<\/a><\/li>\n<li> <em>\"Professionnel et a pris grand soin de mes biens. J'ai d\u00e9m\u00e9nag\u00e9 sur le continent... mais ils m'ont facilit\u00e9 la t\u00e2che en partant. <a href=\"https:\/\/moverdb.com\/fr\/moving-to-the-united-states\/moving-to-hawaii\/\" data-internallinksmanager029f6b8e52c=\"403\" title=\"Vous d\u00e9m\u00e9nagez \u00e0 Hawa\u00ef ? 2026 Co\u00fbts de la vie et conseils de relocalisation\">Hawa\u00ef<\/a>.\"<\/em> - Robin via <a href=\"https:\/\/www.facebook.com\/pg\/RoyalHawaiianMV\/reviews\/\" target=\"_blank\" rel=\"noopener\">Facebook<\/a><\/li>\n<li> <em>\"Dans l'ensemble, je les recommanderais en fonction du prix et de la qualit\u00e9 du service.\"<\/em> - Ryan via <a href=\"https:\/\/www.yelp.com\/biz\/royal-hawaiian-movers-honolulu-2?hrid=ClTUD764MZQoXt6f0DBLoA&#038;utm_campaign=www_review_share_popup&#038;utm_medium=copy_link&#038;utm_source=(direct)\" target=\"_blank\" rel=\"noopener\">Yelp<\/a><\/li>\n<\/ul>\n<p><strong>N\u00e9gatif :<\/strong><\/p>\n<ul>\n<li> <em>\"Je suis d\u00e9sol\u00e9 de dire que les d\u00e9m\u00e9nageurs de Royal Hawaiian sont des d\u00e9m\u00e9nageurs horribles ! Ils ont cass\u00e9 nos affaires, certaines des affaires de mes grands-parents ont disparu.\"<\/em> - Sharon via <a href=\"https:\/\/www.facebook.com\/pg\/RoyalHawaiianMV\/reviews\/\" target=\"_blank\" rel=\"noopener\">Facebook<\/a><\/li>\n<li> <em>\"Ils se sont empress\u00e9s de nous emballer, et ont fait un travail affreux. Un tas de nos affaires sont arriv\u00e9es cass\u00e9es, et compl\u00e8tement ruin\u00e9es.\"<\/em> - Meghan via <a href=\"https:\/\/www.yelp.com\/biz\/royal-hawaiian-movers-honolulu-2?hrid=2GCVIxDDbA41_6OusJ2KIQ&#038;utm_campaign=www_review_share_popup&#038;utm_medium=copy_link&#038;utm_source=(direct)\" target=\"_blank\" rel=\"noopener\">Yelp<\/a><\/li>\n<\/ul>\n<div itemprop=\"review\" itemscope itemtype=\"http:\/\/schema.org\/Review\">\n<span itemprop=\"author\" itemscope=\"\" itemtype=\"http:\/\/schema.org\/Organization\"><span itemprop=\"name\">MoverDB.com<\/span><\/span> Examen en ligne du site Web pour <span itemprop=\"itemreviewed\" itemscope=\"\" itemtype=\"http:\/\/schema.org\/Brand\"><span itemprop=\"name\">D\u00e9m\u00e9nageurs Royal Hawaiian<\/span><\/span>:<\/p>\n<ol>\n<li> Coordonn\u00e9es claires sur le site web (y compris le num\u00e9ro de t\u00e9l\u00e9phone) : <strong>Oui<\/strong><\/li>\n<li> Facile \u00e0 obtenir <a href=\"https:\/\/moverdb.com\/fr\/citations\/\">devis de d\u00e9m\u00e9nagement international<\/a>? (Formulaire de demande de devis en ligne) : <strong>Oui<\/strong><\/li>\n<li> Informations claires sur le site web : <strong>Oui,<\/strong> d\u00e9crit tous les services, mais sans trop entrer dans les d\u00e9tails.<\/li>\n<li> Adh\u00e9sion \u00e0 des organisations internationales de d\u00e9m\u00e9nagement reconnues : <strong>Oui<\/strong>(voir ci-dessus)<\/li>\n<li> Liste de clients et\/ou t\u00e9moignages de clients pr\u00e9c\u00e9dents : <strong>Oui,<\/strong> et bien qu'il y ait quelques critiques n\u00e9gatives sur le web, les critiques les plus r\u00e9centes sont pour la plupart positives.<\/li>\n<\/ol>\n<div itemprop=\"reviewRating\" itemscope itemtype=\"http:\/\/schema.org\/Rating\"><meta itemprop=\"worstRating\" content = \"0\" \/><meta itemprop=\"bestRating\" content=\"5\" \/><meta itemprop=\"ratingValue\" content=\"4.5\"><\/div>\n<p><strong>Note globale : 4,5\/5<\/strong><br \/>\n<strong>Date de r\u00e9vision :<\/strong> <span itemprop=\"datePublished\" content=\"2017-02-26\">26\/02\/2017<\/span>\n<\/div>\n<p>Plus d'informations sur <a href=\"https:\/\/moverdb.com\/fr\/entreprises-de-demenagement\/\">soci\u00e9t\u00e9s de d\u00e9m\u00e9nagement international<\/a> et notre <a href=\"https:\/\/moverdb.com\/fr\/revues\/\">processus de r\u00e9vision<\/a>.<\/p>\n<p><strong>Site web :<\/strong> <a href=\"http:\/\/royalhawaiianmovers.com\/\" target=\"_blank\" rel=\"noopener\">http:\/\/royalhawaiianmovers.com\/<\/a><\/p>","protected":false},"excerpt":{"rendered":"<p>Royal Hawaiian Movers offers its customers various local, inter island and mainland moves. Their services are listed below, together with a company profile and reviews. International, Mainland and Inter Island Moves Door to door Full packing service, fragile items only or DIY packing Disassembly and reassembly of furniture IT removal and set up Unpacking service [&hellip;]<\/p>\n","protected":false},"author":1,"featured_media":0,"parent":0,"menu_order":0,"comment_status":"closed","ping_status":"closed","template":"","meta":{"_genesis_hide_title":false,"_genesis_hide_breadcrumbs":false,"_genesis_hide_singular_image":false,"_genesis_hide_footer_widgets":false,"_genesis_custom_body_class":"","_genesis_custom_post_class":"","_genesis_layout":"","footnotes":""},"class_list":{"0":"post-1540","1":"page","2":"type-page","3":"status-publish","5":"entry"},"_links":{"self":[{"href":"https:\/\/moverdb.com\/fr\/wp-json\/wp\/v2\/pages\/1540","targetHints":{"allow":["GET"]}}],"collection":[{"href":"https:\/\/moverdb.com\/fr\/wp-json\/wp\/v2\/pages"}],"about":[{"href":"https:\/\/moverdb.com\/fr\/wp-json\/wp\/v2\/types\/page"}],"author":[{"embeddable":true,"href":"https:\/\/moverdb.com\/fr\/wp-json\/wp\/v2\/users\/1"}],"replies":[{"embeddable":true,"href":"https:\/\/moverdb.com\/fr\/wp-json\/wp\/v2\/comments?post=1540"}],"version-history":[{"count":7,"href":"https:\/\/moverdb.com\/fr\/wp-json\/wp\/v2\/pages\/1540\/revisions"}],"predecessor-version":[{"id":6234,"href":"https:\/\/moverdb.com\/fr\/wp-json\/wp\/v2\/pages\/1540\/revisions\/6234"}],"wp:attachment":[{"href":"https:\/\/moverdb.com\/fr\/wp-json\/wp\/v2\/media?parent=1540"}],"curies":[{"name":"wp","href":"https:\/\/api.w.org\/{rel}","templated":true}]}}