{"id":1538,"date":"2017-02-23T08:47:51","date_gmt":"2017-02-23T08:47:51","guid":{"rendered":"http:\/\/moverdb.com\/?page_id=1538"},"modified":"2026-01-08T15:20:39","modified_gmt":"2026-01-08T15:20:39","slug":"settelen","status":"publish","type":"page","link":"https:\/\/moverdb.com\/fr\/settelen\/","title":{"rendered":"Settelen - D\u00e9m\u00e9nagements internationaux et revues de d\u00e9m\u00e9nagement"},"content":{"rendered":"<p>Settelen est une entreprise suisse bas\u00e9e \u00e0 <a href=\"https:\/\/moverdb.com\/fr\/moving-to-basel\/\" data-internallinksmanager029f6b8e52c=\"263\" title=\"Vous d\u00e9m\u00e9nagez \u00e0 B\u00e2le ? 2026 Co\u00fbt de la vie et conseils de relocalisation\">B\u00e2le<\/a>. Elle offre \u00e0 ses clients une gamme de services de d\u00e9m\u00e9nagement qui sont \u00e9num\u00e9r\u00e9s ci-dessous, ainsi qu'un profil de l'entreprise et des commentaires.<\/p>\n<p><strong>D\u00e9m\u00e9nagement international<\/strong><\/p>\n<ul>\n<li> Un coordinateur d\u00e9di\u00e9 au d\u00e9m\u00e9nagement<\/li>\n<li> Porte \u00e0 porte<\/li>\n<li> Service d'emballage complet, articles fragiles uniquement ou emballage bricol\u00e9<\/li>\n<li> D\u00e9montage et remontage de meubles, etc.<\/li>\n<li> Caisses personnalis\u00e9es<\/li>\n<li> Magasin de d\u00e9m\u00e9nagement pour les besoins d'emballage<\/li>\n<li> Service de d\u00e9ballage complet disponible<\/li>\n<li> Assistance en mati\u00e8re de douane et de documentation<\/li>\n<li> Assurance souscrite<\/li>\n<li> Stockage \u00e0 court et \u00e0 long terme<\/li>\n<\/ul>\n<p><strong>D\u00e9m\u00e9nagements locaux et longue distance<\/strong><\/p>\n<ul>\n<li> Un coordinateur d\u00e9di\u00e9 au d\u00e9m\u00e9nagement<\/li>\n<li> Porte \u00e0 porte<\/li>\n<li> Service d'emballage complet disponible si n\u00e9cessaire<\/li>\n<li> D\u00e9montage et remontage de meubles, etc.<\/li>\n<li> Service de d\u00e9ballage complet disponible si n\u00e9cessaire<\/li>\n<li> Assurance souscrite<\/li>\n<li> Possibilit\u00e9 de stockage \u00e0 court et \u00e0 long terme<\/li>\n<li> Un magasin de d\u00e9m\u00e9nagement enti\u00e8rement \u00e9quip\u00e9 pour tous les articles d'emballage.<\/li>\n<\/ul>\n<p><strong>D\u00e9m\u00e9nagements d'entreprises<\/strong><\/p>\n<ul>\n<li> Une \u00e9quipe d\u00e9di\u00e9e au d\u00e9m\u00e9nagement<\/li>\n<li> Porte \u00e0 porte<\/li>\n<li> Une initiative pour \u00e9viter les interruptions de travail<\/li>\n<li> D\u00e9montage et remontage de meubles<\/li>\n<li> Suppression et r\u00e9installation de l'informatique<\/li>\n<li> Service d'emballage complet ou service d'emballage partiel<\/li>\n<li> Assurance souscrite<\/li>\n<li> Possibilit\u00e9 de stockage \u00e0 court et \u00e0 long terme<\/li>\n<li> Mise en caisse sp\u00e9cialis\u00e9e<\/li>\n<li> D\u00e9m\u00e9nagement de machines lourdes<\/li>\n<li> Ascenseur externe<\/li>\n<\/ul>\n<p><strong>D\u00e9m\u00e9nagements sp\u00e9ciaux<\/strong><\/p>\n<ul>\n<li> Foires et expositions<\/li>\n<li> Art et antiquit\u00e9s<\/li>\n<li> Machines lourdes<\/li>\n<li> Produits fragiles<\/li>\n<li> Pianos et autres instruments de musique<\/li>\n<li> Produits d'exportation<\/li>\n<\/ul>\n<p><strong>Transport sp\u00e9cial<\/strong><\/p>\n<ul>\n<li> Pour les objets et lieux lourds et inhabituels<\/li>\n<li> Logistique et organisation<\/li>\n<li> Choix du v\u00e9hicule<\/li>\n<li> Cartographier un itin\u00e9raire<\/li>\n<li> Obtention des licences n\u00e9cessaires<\/li>\n<\/ul>\n<p><strong>Stockage<\/strong><\/p>\n<ul>\n<li> Conteneurs en bois<\/li>\n<li> S\u00e9curit\u00e9 24\/7<\/li>\n<li> Contr\u00f4les r\u00e9guliers des conteneurs<\/li>\n<li> Emballage et conditionnement sp\u00e9ciaux disponibles<\/li>\n<\/ul>\n<p><strong>Location de voitures \u00e0 Settelen<\/strong><\/p>\n<ul>\n<li> V\u00e9hicules de tourisme<\/li>\n<li> Fourgonnettes et camionnettes<\/li>\n<li> Minibus<\/li>\n<li> V\u00e9hicules \u00e0 usage sp\u00e9cial<\/li>\n<\/ul>\n<h2>Profil de l'entreprise Settelen<\/h2>\n<p>Settelen AG a son si\u00e8ge \u00e0 B\u00e2le, <a href=\"https:\/\/moverdb.com\/fr\/moving-to-switzerland\/\" data-internallinksmanager029f6b8e52c=\"327\" title=\"D\u00e9m\u00e9nager en Suisse ? 2026 Co\u00fbts de la vie et conseils de relocalisation\">Suisse<\/a>. Cette soci\u00e9t\u00e9 priv\u00e9e a \u00e9t\u00e9 fond\u00e9e en 1883. Son activit\u00e9 principale est le transport et la logistique, avec des int\u00e9r\u00eats subsidiaires dans la location de v\u00e9hicules, les voyages en autocar et les services d'entretien et de r\u00e9paration de v\u00e9hicules \u00e0 moteur.<\/p>\n<p>Settelen organise des d\u00e9m\u00e9nagements internationaux, longue distance et locaux pour les particuliers et les entreprises.<\/p>\n<p>Settelen poss\u00e8de les accr\u00e9ditations et affiliations suivantes :<\/p>\n<ul>\n<li> <a href=\"https:\/\/moverdb.com\/fr\/fidi-faim\/\">F\u00e9d\u00e9ration internationale des soci\u00e9t\u00e9s de d\u00e9m\u00e9nagement<\/a> (<a href=\"https:\/\/moverdb.com\/fr\/fidi-faim\/\" data-internallinksmanager029f6b8e52c=\"16\" title=\"Explication de la FIDI et du FAIM (FIDI Accredited International Mover)\">FIDI<\/a>)<\/li>\n<li> Association suisse des transports routiers (ASTAG)<\/li>\n<li> AGVS<\/li>\n<\/ul>\n<h2>Critiques sur la soci\u00e9t\u00e9 Settelen<\/h2>\n<p>Il n'y a pas d'avis en anglais actuellement en ligne pour Settelen, bien qu'il obtienne 4,1 \u00e9toiles sur Google Reviews.<\/p>\n<div itemprop=\"review\" itemscope itemtype=\"http:\/\/schema.org\/Review\">\n<span itemprop=\"author\" itemscope=\"\" itemtype=\"http:\/\/schema.org\/Organization\"><span itemprop=\"name\">MoverDB.com<\/span><\/span> Examen en ligne du site Web pour <span itemprop=\"itemreviewed\" itemscope=\"\" itemtype=\"http:\/\/schema.org\/Brand\"><span itemprop=\"name\">Settelen<\/span><\/span>:<\/p>\n<ol>\n<li> Coordonn\u00e9es claires sur le site web (y compris le num\u00e9ro de t\u00e9l\u00e9phone) : <strong>Oui<\/strong><\/li>\n<li> Facile \u00e0 obtenir <a href=\"https:\/\/moverdb.com\/fr\/citations\/\">devis de d\u00e9m\u00e9nagement international<\/a>? (Formulaire de demande de devis en ligne) : <strong>Oui<\/strong><\/li>\n<li> Informations claires sur le site web : <strong>Limit\u00e9e<\/strong> Le site web \u00e9num\u00e8re les services propos\u00e9s, mais ne donne pas beaucoup de d\u00e9tails.<\/li>\n<li> Adh\u00e9sion \u00e0 des organisations internationales de d\u00e9m\u00e9nagement reconnues : <strong>Oui<\/strong>(voir ci-dessus)<\/li>\n<li> Liste de clients et\/ou t\u00e9moignages de clients pr\u00e9c\u00e9dents : <strong>Non,<\/strong> et il n'y a qu'une quantit\u00e9 limit\u00e9e d'informations \u00e0 leur sujet disponibles ailleurs.<\/li>\n<\/ol>\n<div itemprop=\"reviewRating\" itemscope itemtype=\"http:\/\/schema.org\/Rating\"><meta itemprop=\"worstRating\" content = \"0\" \/><meta itemprop=\"bestRating\" content=\"5\" \/><meta itemprop=\"ratingValue\" content=\"4\"><\/div>\n<p><strong>Note globale : 4\/5<\/strong><br \/>\n<strong>Date de r\u00e9vision :<\/strong> <span itemprop=\"datePublished\" content=\"2017-02-23\">23\/02\/2017<\/span>\n<\/div>\n<p>Plus d'informations sur <a href=\"https:\/\/moverdb.com\/fr\/entreprises-de-demenagement\/\">soci\u00e9t\u00e9s de d\u00e9m\u00e9nagement international<\/a> et notre <a href=\"https:\/\/moverdb.com\/fr\/revues\/\">processus de r\u00e9vision<\/a>.<\/p>\n<p><strong>Sites web :<\/strong> <a href=\"http:\/\/www.settelen.ch\/\" target=\"_blank\" rel=\"noopener\">http:\/\/www.settelen.ch\/<\/a><\/p>","protected":false},"excerpt":{"rendered":"<p>Settelen is Swiss company based in Basel. It offers its customers a range of moving services which are listed below, together with a company profile and reviews. International Moving &#038; Removals Dedicated move coordinator Door to door Full packing service, fragile items only or DIY packing Disassembly and reassembly of furniture etc Customised crates Removal [&hellip;]<\/p>\n","protected":false},"author":1,"featured_media":0,"parent":0,"menu_order":0,"comment_status":"closed","ping_status":"closed","template":"","meta":{"_genesis_hide_title":false,"_genesis_hide_breadcrumbs":false,"_genesis_hide_singular_image":false,"_genesis_hide_footer_widgets":false,"_genesis_custom_body_class":"","_genesis_custom_post_class":"","_genesis_layout":"","footnotes":""},"class_list":{"0":"post-1538","1":"page","2":"type-page","3":"status-publish","5":"entry"},"_links":{"self":[{"href":"https:\/\/moverdb.com\/fr\/wp-json\/wp\/v2\/pages\/1538","targetHints":{"allow":["GET"]}}],"collection":[{"href":"https:\/\/moverdb.com\/fr\/wp-json\/wp\/v2\/pages"}],"about":[{"href":"https:\/\/moverdb.com\/fr\/wp-json\/wp\/v2\/types\/page"}],"author":[{"embeddable":true,"href":"https:\/\/moverdb.com\/fr\/wp-json\/wp\/v2\/users\/1"}],"replies":[{"embeddable":true,"href":"https:\/\/moverdb.com\/fr\/wp-json\/wp\/v2\/comments?post=1538"}],"version-history":[{"count":3,"href":"https:\/\/moverdb.com\/fr\/wp-json\/wp\/v2\/pages\/1538\/revisions"}],"predecessor-version":[{"id":6236,"href":"https:\/\/moverdb.com\/fr\/wp-json\/wp\/v2\/pages\/1538\/revisions\/6236"}],"wp:attachment":[{"href":"https:\/\/moverdb.com\/fr\/wp-json\/wp\/v2\/media?parent=1538"}],"curies":[{"name":"wp","href":"https:\/\/api.w.org\/{rel}","templated":true}]}}