{"id":1536,"date":"2017-07-10T10:48:14","date_gmt":"2017-07-10T10:48:14","guid":{"rendered":"http:\/\/moverdb.com\/?page_id=1536"},"modified":"2026-01-08T15:20:49","modified_gmt":"2026-01-08T15:20:49","slug":"teletrans","status":"publish","type":"page","link":"https:\/\/moverdb.com\/fr\/teletrans\/","title":{"rendered":"Teletrans - Revues sur la relocation et le d\u00e9m\u00e9nagement international"},"content":{"rendered":"<p>Teletrans est situ\u00e9 en Attique <a href=\"https:\/\/moverdb.com\/fr\/moving-to-greece\/\" data-internallinksmanager029f6b8e52c=\"353\" title=\"D\u00e9m\u00e9nager en Gr\u00e8ce ? 2026 Co\u00fbts de la vie et conseils de relocalisation\">Gr\u00e8ce<\/a>. Il s'agit d'une entreprise de d\u00e9m\u00e9nagement et de relocalisation qui offre \u00e0 ses clients un large \u00e9ventail de services. Ceux-ci sont \u00e9num\u00e9r\u00e9s ci-dessous, accompagn\u00e9s d'un profil de l'entreprise et de commentaires.<\/p>\n<p><strong>D\u00e9m\u00e9nagements internationaux<\/strong><\/p>\n<ul>\n<li> Un responsable du d\u00e9m\u00e9nagement d\u00e9di\u00e9<\/li>\n<li> Emballage complet, partiel ou bricol\u00e9.<\/li>\n<li> Possibilit\u00e9 de stockage \u00e0 court et \u00e0 long terme<\/li>\n<li> D\u00e9montage et remontage de meubles<\/li>\n<li> Transfert terrestre, maritime ou a\u00e9rien<\/li>\n<li> Assistance en mati\u00e8re de douane et de documentation<\/li>\n<li> Service de d\u00e9ballage disponible<\/li>\n<li> Enl\u00e8vement des d\u00e9bris<\/li>\n<\/ul>\n<p><strong>Services de relocalisation<\/strong><\/p>\n<ul>\n<li> Programme du voyage<\/li>\n<li> R\u00e9servation de billets et d'h\u00f4tels<\/li>\n<li> Informations concernant la proc\u00e9dure de d\u00e9livrance d'un VISA dans le pays de destination<\/li>\n<li> Informations sur les \u00e9coles<\/li>\n<li> Informations sur le logement<\/li>\n<li> Informations sur le transfert des animaux de compagnie<\/li>\n<li> Constatation de la r\u00e9sidence temporaire<\/li>\n<li> Cours de langue locale organis\u00e9s<\/li>\n<li> Suggestions pour se divertir et \"apprendre \u00e0 conna\u00eetre la r\u00e9gion\" : visites de mus\u00e9es et de sites touristiques, \u00e9v\u00e9nements culturels, excursions, etc.<\/li>\n<li>Assistance pour les services d'emm\u00e9nagement (\u00e9lectricien, plombier, services de nettoyage, etc.)<\/li>\n<\/ul>\n<p><strong>D\u00e9m\u00e9nagement d'entreprise<\/strong><\/p>\n<ul>\n<li>Inspection et planification<\/li>\n<li>Emballage<\/li>\n<li>Stockage<\/li>\n<li>D\u00e9douanement si n\u00e9cessaire<\/li>\n<li>Assurance<\/li>\n<li>Livraison et d\u00e9ballage \u00e0 destination<\/li>\n<\/ul>\n<p><strong>Mouvements sp\u00e9ciaux<\/strong><\/p>\n<ul>\n<li>\u00c9quipements et v\u00e9hicules militaires<\/li>\n<li>Machines lourdes<\/li>\n<li>Cargaison surdimensionn\u00e9e et exc\u00e9dentaire<\/li>\n<li>\u0152uvres d'art dans des caisses fabriqu\u00e9es sur mesure<\/li>\n<li>\u00c9tablissements d'enseignement<\/li>\n<li>Spas et gymnases<\/li>\n<\/ul>\n<p><strong>Expositions<\/strong><\/p>\n<ul>\n<li>ExpositionMat\u00e9riel d'emballage<\/li>\n<li>Pr\u00e9paration de la documentation pour l'exportation<\/li>\n<li>Identifier le mode d'exp\u00e9dition le plus appropri\u00e9<\/li>\n<li>Livraison<\/li>\n<li>Installation du mat\u00e9riel d'exposition<\/li>\n<li>Reconditionnement du mat\u00e9riel et exp\u00e9dition vers son lieu d'origine.<\/li>\n<\/ul>\n<p><strong>Stockage<\/strong><\/p>\n<ul>\n<li>Long et court terme<\/li>\n<li>Surveillance 24\/7<\/li>\n<li>Climatisation disponible<\/li>\n<\/ul>\n<h2>Profil de la soci\u00e9t\u00e9 Teletrans<\/h2>\n<p>Teletrans a \u00e9t\u00e9 cr\u00e9\u00e9 en 1979 en Attique, en Gr\u00e8ce, par Ria Stergiopoulou, dans le but initial de d\u00e9placer des personnes et des marchandises en Gr\u00e8ce. Aujourd'hui, l'entreprise est l'un des leaders grecs du transport de personnes, d'entreprises et d'\u0153uvres d'art dans le monde entier.<\/p>\n<p>Teletrans dispose de sa propre flotte de v\u00e9hicules, conduits par des employ\u00e9s de la soci\u00e9t\u00e9. Elle dispose \u00e9galement d'un entrep\u00f4t de pointe en Attique, \u00e9quip\u00e9 pour stocker les marchandises les plus sensibles avant et apr\u00e8s leur exp\u00e9dition. Teletrans dispose d'un r\u00e9seau d'agents soigneusement s\u00e9lectionn\u00e9s qui l'assistent pour les exp\u00e9ditions \u00e0 l'int\u00e9rieur et \u00e0 l'ext\u00e9rieur de la Gr\u00e8ce.<\/p>\n<p>Teletrans tient \u00e0 r\u00e9duire son empreinte carbone et choisit d\u00e9lib\u00e9r\u00e9ment des mat\u00e9riaux d'emballage recycl\u00e9s. Elle utilise \u00e9galement l'\u00e9nergie solaire lorsque cela est possible. L'entreprise a d\u00e9sormais ouvert un bureau \u00e0 Bruxelles qui met \u00e9galement en \u0153uvre des pratiques respectueuses de l'environnement.<\/p>\n<p>Teletrans poss\u00e8de les accr\u00e9ditations et affiliations suivantes :<\/p>\n<ul>\n<li>EN ISO 9001:2008<\/li>\n<li><a href=\"https:\/\/moverdb.com\/fr\/je-suis\/\" target=\"_blank\" rel=\"noopener\">Association internationale des d\u00e9m\u00e9nageurs<\/a> (<a href=\"https:\/\/moverdb.com\/fr\/iam\/\" data-internallinksmanager029f6b8e52c=\"23\" title=\"L&#039;Association internationale des d\u00e9m\u00e9nageurs (IAM) expliqu\u00e9e\">IAM<\/a>)<\/li>\n<li><a href=\"https:\/\/moverdb.com\/fr\/fedemac\/\" target=\"_blank\" rel=\"noopener\">F\u00e9d\u00e9ration des associations europ\u00e9ennes de d\u00e9m\u00e9nageurs<\/a> (<a href=\"https:\/\/moverdb.com\/fr\/fedemac\/\" data-internallinksmanager029f6b8e52c=\"15\" title=\"Explication de la F\u00e9d\u00e9ration des associations europ\u00e9ennes de d\u00e9m\u00e9nageurs (FEDEMAC)\">FEDEMAC<\/a>)<\/li>\n<li>Association des entreprises de transport et de logistique de Gr\u00e8ce (SYNDDEL)<\/li>\n<\/ul>\n<h2>Commentaires sur Teletrans<\/h2>\n<p>Au moment de la r\u00e9daction de ce document, nous n'avons pas pu trouver d'avis positifs ou n\u00e9gatifs sur Teletrans en ligne en anglais. <\/p>\n<div itemprop=\"review\" itemscope itemtype=\"http:\/\/schema.org\/Review\">\n<span itemprop=\"author\" itemscope=\"\" itemtype=\"http:\/\/schema.org\/Organization\"><span itemprop=\"name\">MoverDB.com<\/span><\/span> Examen en ligne du site Web pour <span itemprop=\"itemreviewed\" itemscope=\"\" itemtype=\"http:\/\/schema.org\/Brand\"><span itemprop=\"name\">Teletrans<\/span><\/span>:<\/p>\n<ol>\n<li> Coordonn\u00e9es claires sur le site web (y compris le num\u00e9ro de t\u00e9l\u00e9phone) : <strong>Oui<\/strong><\/li>\n<li> Facile \u00e0 obtenir <a href=\"https:\/\/moverdb.com\/fr\/citations\/\">devis de d\u00e9m\u00e9nagement international<\/a>? (Formulaire de demande de devis en ligne) : <strong>Oui<\/strong><\/li>\n<li> Informations claires sur le site web : <strong>Oui,<\/strong> Le site web est clairement pr\u00e9sent\u00e9 et raisonnablement informatif.<\/li>\n<li> Adh\u00e9sion \u00e0 des organisations internationales de d\u00e9m\u00e9nagement reconnues : <strong>Oui<\/strong>(voir ci-dessus)<\/li>\n<li> Liste de clients et\/ou t\u00e9moignages de clients pr\u00e9c\u00e9dents. <strong>Non,<\/strong>Il y a une liste de clients, mais pas de t\u00e9moignages ou de critiques de clients.<\/li>\n<\/ol>\n<div itemprop=\"reviewRating\" itemscope itemtype=\"http:\/\/schema.org\/Rating\"><meta itemprop=\"worstRating\" content = \"0\" \/><meta itemprop=\"bestRating\" content=\"5\" \/><meta itemprop=\"ratingValue\" content=\"4.5\"><\/div>\n<p><strong>Note globale : 4,5\/5<\/strong><br \/>\n<strong>Date de r\u00e9vision :<\/strong> <span itemprop=\"datePublished\" content=\"2017-07-10\">10\/07\/2017<\/span>\n<\/div>\n<p>Plus d'informations sur <a href=\"https:\/\/moverdb.com\/fr\/entreprises-de-demenagement\/\">soci\u00e9t\u00e9s de d\u00e9m\u00e9nagement international<\/a> et notre <a href=\"https:\/\/moverdb.com\/fr\/revues\/\">le processus de r\u00e9vision expliqu\u00e9<\/a>.<\/p>\n<p><strong>Site web :<\/strong> <a href=\"http:\/\/www.teletranseu.com\/\" target=\"_blank\" rel=\"noopener\">http:\/\/www.teletranseu.com\/<\/a><\/p>","protected":false},"excerpt":{"rendered":"<p>Teletrans is located in Attica Greece. It is a moving and relocation company that offers its clients a wide range of services. These are listed below, together with a company profile and reviews. International Moves Dedicated move manager Full service packing, partial packing or DIY packing Short and long term storage available Disassembly and reassembly [&hellip;]<\/p>\n","protected":false},"author":1,"featured_media":0,"parent":0,"menu_order":0,"comment_status":"closed","ping_status":"closed","template":"","meta":{"_genesis_hide_title":false,"_genesis_hide_breadcrumbs":false,"_genesis_hide_singular_image":false,"_genesis_hide_footer_widgets":false,"_genesis_custom_body_class":"","_genesis_custom_post_class":"","_genesis_layout":"","footnotes":""},"class_list":{"0":"post-1536","1":"page","2":"type-page","3":"status-publish","5":"entry"},"_links":{"self":[{"href":"https:\/\/moverdb.com\/fr\/wp-json\/wp\/v2\/pages\/1536","targetHints":{"allow":["GET"]}}],"collection":[{"href":"https:\/\/moverdb.com\/fr\/wp-json\/wp\/v2\/pages"}],"about":[{"href":"https:\/\/moverdb.com\/fr\/wp-json\/wp\/v2\/types\/page"}],"author":[{"embeddable":true,"href":"https:\/\/moverdb.com\/fr\/wp-json\/wp\/v2\/users\/1"}],"replies":[{"embeddable":true,"href":"https:\/\/moverdb.com\/fr\/wp-json\/wp\/v2\/comments?post=1536"}],"version-history":[{"count":4,"href":"https:\/\/moverdb.com\/fr\/wp-json\/wp\/v2\/pages\/1536\/revisions"}],"predecessor-version":[{"id":6244,"href":"https:\/\/moverdb.com\/fr\/wp-json\/wp\/v2\/pages\/1536\/revisions\/6244"}],"wp:attachment":[{"href":"https:\/\/moverdb.com\/fr\/wp-json\/wp\/v2\/media?parent=1536"}],"curies":[{"name":"wp","href":"https:\/\/api.w.org\/{rel}","templated":true}]}}