{"id":1528,"date":"2017-02-01T16:05:53","date_gmt":"2017-02-01T16:05:53","guid":{"rendered":"http:\/\/moverdb.com\/?page_id=1528"},"modified":"2026-01-08T15:20:40","modified_gmt":"2026-01-08T15:20:40","slug":"shipco-transport","status":"publish","type":"page","link":"https:\/\/moverdb.com\/fr\/shipco-transport\/","title":{"rendered":"Shipco Transport - Avis sur les d\u00e9m\u00e9nagements internationaux"},"content":{"rendered":"<p>Shipco Transport offre des services de fret maritime et a\u00e9rien aux d\u00e9m\u00e9nageurs professionnels d'articles m\u00e9nagers et aux soci\u00e9t\u00e9s de relocation, et non aux particuliers. Ses services sont \u00e9num\u00e9r\u00e9s ci-dessous, ainsi qu'un profil de l'entreprise et des commentaires.<\/p>\n<p><strong>Mouvement international des biens m\u00e9nagers<\/strong><\/p>\n<ul>\n<li> <a href=\"https:\/\/moverdb.com\/fr\/expedition-par-conteneur\/\">Transport international par conteneurs<\/a><\/li>\n<li>Par le biais de d\u00e9m\u00e9nageurs professionnels de biens m\u00e9nagers<\/li>\n<li>Par le biais d'entreprises de relocalisation professionnelles<\/li>\n<li>LCL<\/li>\n<li>FCL<\/li>\n<li>Fret a\u00e9rien<\/li>\n<li>Possibilit\u00e9 de collecte \u00e0 l'entrep\u00f4t de l'emballeur<\/li>\n<\/ul>\n<p><strong>Fret maritime LCL<\/strong><\/p>\n<ul>\n<li>Garantie de consolidations neutres directes intactes avec une manipulation minimale du fret.<\/li>\n<li>Un service client\u00e8le d\u00e9vou\u00e9 offrant des solutions sur mesure<\/li>\n<li>Des transporteurs de premier ordre et des tarifs comp\u00e9titifs li\u00e9s aux horaires de navigation mondiaux en temps r\u00e9el.<\/li>\n<\/ul>\n<p><strong>Fret maritime FCL<\/strong><\/p>\n<ul>\n<li> Des services diversifi\u00e9s gr\u00e2ce \u00e0 plus de 40 contrats de services de transporteurs maritimes<\/li>\n<li> Couverture compl\u00e8te des transports terrestres dans la <a href=\"https:\/\/moverdb.com\/fr\/moving-to-the-united-states\/\" data-internallinksmanager029f6b8e52c=\"94\" title=\"Vous partez aux \u00c9tats-Unis ? 2026 Co\u00fbt de la vie et conseils de relocalisation\">US<\/a> \u00e0 partir de plus de 44 000 codes postaux<\/li>\n<li> D\u00e9lai d'ex\u00e9cution rapide des tarifs pour les portes, les rampes d'acc\u00e8s et les syst\u00e8mes d'alarme. <a href=\"https:\/\/moverdb.com\/fr\/top-49-container-ports\/\" data-internallinksmanager029f6b8e52c=\"80\" title=\"Les 49 ports \u00e0 conteneurs les plus importants et les plus fr\u00e9quent\u00e9s en 2025\">port<\/a> services. Des milliers d'itin\u00e9raires en quelques instants<\/li>\n<\/ul>\n<p><strong>Projets oc\u00e9aniques et fret sp\u00e9cialis\u00e9<\/strong><\/p>\n<ul>\n<li>Service de rupture de charge en vrac, RoRo, hors gabarit et frigorifique<\/li>\n<li>Transport national de marchandises hors gabarit, de charges autoris\u00e9es et de conteneurs.<\/li>\n<li>Chargement, emballage et arrimage<\/li>\n<li>Tarifs comp\u00e9titifs gr\u00e2ce \u00e0 notre vaste r\u00e9seau de transporteurs maritimes et a\u00e9riens, d'entrep\u00f4ts, de soci\u00e9t\u00e9s de camionnage et de grues.<\/li>\n<li>Charters a\u00e9riens fractionn\u00e9s\/complets et exp\u00e9ditions OAG<\/li>\n<\/ul>\n<p><strong>Fret a\u00e9rien<\/strong><\/p>\n<ul>\n<li>Contrats avec plus de 100 compagnies a\u00e9riennes<\/li>\n<li>Pickup<\/li>\n<li>Entreposage<\/li>\n<li>Services d'\u00e9tiquetage et de documentation<\/li>\n<li>Suivi des bons de commande<\/li>\n<\/ul>\n<h2>Profil de la soci\u00e9t\u00e9 Shipco Transport<\/h2>\n<p>Shipco Transport Inc. est une filiale de Scan Group A\/S, Copenhague, et a commenc\u00e9 \u00e0 op\u00e9rer en septembre 1988 dans la ville d'Amsterdam. <a href=\"https:\/\/moverdb.com\/fr\/demenagement-a-nyc\/\">Ville de New York<\/a>. Il s'agit d'un leader <a href=\"https:\/\/moverdb.com\/fr\/transporteur-de-marchandises\/\">NVOCC<\/a>. Son objectif initial \u00e9tait de recevoir des marchandises FCL en provenance d'Asie. Aujourd'hui, la soci\u00e9t\u00e9 se concentre principalement sur le groupage des LCL.<\/p>\n<p>Aujourd'hui, Shipco poss\u00e8de plus de 75 bureaux dans 30 pays du monde et emploie plus de 2 200 personnes. Shipco offre \u00e0 ses clients des services de fret maritime LCL et FCL et de fret a\u00e9rien.<\/p>\n<p>Shipco Transport poss\u00e8de les accr\u00e9ditations et affiliations suivantes : -<\/p>\n<ul>\n<li><a href=\"https:\/\/moverdb.com\/fr\/je-suis\/\" target=\"_blank\" rel=\"noopener\">Association internationale des d\u00e9m\u00e9nageurs<\/a> (<a href=\"https:\/\/moverdb.com\/fr\/iam\/\" data-internallinksmanager029f6b8e52c=\"23\" title=\"L&#039;Association internationale des d\u00e9m\u00e9nageurs (IAM) expliqu\u00e9e\">IAM<\/a>)<\/li>\n<li>Groupe de balayage<\/li>\n<li>World Wide Alliance (WWA)<\/li>\n<li>Groupe Air Cargo<\/li>\n<\/ul>\n<h2>Critiques sur Shipco Transport<\/h2>\n<p><strong>Positif :<\/strong><\/p>\n<ul>\n<li><em>\"J'exp\u00e9diais tout ce que je poss\u00e9dais de San Diego \u00e0 <a href=\"https:\/\/moverdb.com\/fr\/moving-companies\/moving-companies-honduras\/\" data-internallinksmanager029f6b8e52c=\"233\" title=\"2 meilleures soci\u00e9t\u00e9s de d\u00e9m\u00e9nagement international au Honduras\">Honduras<\/a>Shipco a \u00e9t\u00e9 formidable.\" <\/em>Madison K via <a href=\"https:\/\/www.yelp.co.uk\/biz\/shipco-transport-long-beach?hrid=hfrOGEwsoHzhivf1ODT9DQ&#038;utm_campaign=www_review_share_popup&#038;utm_medium=copy_link&#038;utm_source=(direct)\" target=\"_blank\" rel=\"noopener\">Yelp<\/a>.\n<li><em>\"Service vraiment bon. Pas de probl\u00e8me du tout.\"<\/em> \u2013 Dawn C via <a href=\"https:\/\/www.tryfleet.com\/freight-forwarder-profile\/shipco-transport-inc\" target=\"_blank\" rel=\"noopener\">Flotte<\/a><\/li>\n<\/ul>\n<p><strong>N\u00e9gatif :<\/strong><\/p>\n<ul>\n<li><em>\"La pire soci\u00e9t\u00e9 avec laquelle j'ai jamais trait\u00e9. Elle a gard\u00e9 mon envoi pendant 2 semaines alors qu'elle avait pay\u00e9 en totalit\u00e9 et ne voulait pas lib\u00e9rer l'envoi.\" <\/em>Houman M via <a href=\"https:\/\/www.yelp.co.uk\/biz\/shipco-transport-long-beach?hrid=0lZOxg3aNnePXUGvOv7fxw&#038;utm_campaign=www_review_share_popup&#038;utm_medium=copy_link&#038;utm_source=(direct)\" target=\"_blank\" rel=\"noopener\">Yelp<\/a><\/li>\n<\/ul>\n<div itemprop=\"review\" itemscope itemtype=\"http:\/\/schema.org\/Review\">\n<span itemprop=\"author\" itemscope=\"\" itemtype=\"http:\/\/schema.org\/Organization\"><span itemprop=\"name\">MoverDB.com<\/span><\/span> Examen en ligne du site Web pour <span itemprop=\"itemreviewed\" itemscope=\"\" itemtype=\"http:\/\/schema.org\/Brand\"><span itemprop=\"name\">Shipco Transport<\/span><\/span>:<\/p>\n<ol>\n<li> Coordonn\u00e9es claires sur le site web (y compris le num\u00e9ro de t\u00e9l\u00e9phone) : <strong>Oui<\/strong><\/li>\n<li> Facile \u00e0 obtenir <a href=\"https:\/\/moverdb.com\/fr\/citations\/\">devis de d\u00e9m\u00e9nagement international<\/a>? (Formulaire de demande de devis en ligne) : <strong>Oui<\/strong><\/li>\n<li> Informations claires sur le site web : <strong>Oui,<\/strong> le site web pr\u00e9sente tous leurs services de fret et d'exp\u00e9dition.<\/li>\n<li> Adh\u00e9sion \u00e0 des organisations internationales de d\u00e9m\u00e9nagement reconnues : <strong>Oui<\/strong>(voir ci-dessus)<\/li>\n<li> Liste de clients et\/ou t\u00e9moignages de clients pr\u00e9c\u00e9dents. <strong>Non,<\/strong> pas sur leur site web mais ils ont g\u00e9n\u00e9ralement des critiques positives.<\/li>\n<\/ol>\n<div itemprop=\"reviewRating\" itemscope itemtype=\"http:\/\/schema.org\/Rating\"><meta itemprop=\"worstRating\" content = \"0\" \/><meta itemprop=\"bestRating\" content=\"5\" \/><meta itemprop=\"ratingValue\" content=\"4\"><\/div>\n<p><strong>Note globale : 4\/5<\/strong><br \/>\n<strong>Date de r\u00e9vision :<\/strong> <span itemprop=\"datePublished\" content=\"2017-02-01\">01\/02\/2017<\/span>\n<\/div>\n<p>Plus d'informations sur <a href=\"https:\/\/moverdb.com\/fr\/entreprises-de-demenagement\/\">soci\u00e9t\u00e9s de d\u00e9m\u00e9nagement international<\/a>, <a href=\"https:\/\/moverdb.com\/fr\/compagnies-maritimes\/\">soci\u00e9t\u00e9s de transport de conteneurs<\/a> et notre <a href=\"https:\/\/moverdb.com\/fr\/revues\/\">processus de r\u00e9vision<\/a>.<\/p>\n<p><strong>Site web :<\/strong> <a href=\"https:\/\/www.shipco.com\/\" target=\"_blank\" rel=\"noopener\">https:\/\/www.shipco.com\/<\/a><\/p>","protected":false},"excerpt":{"rendered":"<p>Shipco Transport offers ocean and air freight services to professional household goods movers and relocation companies, not individuals. Its services are listed below, together with a company profile and reviews. International Movement of Household Goods International container shipping Through professional household goods movers Through professional relocation companies LCL FCL Airfreight Collection from packer&#8217;s warehouse available [&hellip;]<\/p>\n","protected":false},"author":1,"featured_media":0,"parent":0,"menu_order":0,"comment_status":"closed","ping_status":"closed","template":"","meta":{"_genesis_hide_title":false,"_genesis_hide_breadcrumbs":false,"_genesis_hide_singular_image":false,"_genesis_hide_footer_widgets":false,"_genesis_custom_body_class":"","_genesis_custom_post_class":"","_genesis_layout":"","footnotes":""},"class_list":{"0":"post-1528","1":"page","2":"type-page","3":"status-publish","5":"entry"},"_links":{"self":[{"href":"https:\/\/moverdb.com\/fr\/wp-json\/wp\/v2\/pages\/1528","targetHints":{"allow":["GET"]}}],"collection":[{"href":"https:\/\/moverdb.com\/fr\/wp-json\/wp\/v2\/pages"}],"about":[{"href":"https:\/\/moverdb.com\/fr\/wp-json\/wp\/v2\/types\/page"}],"author":[{"embeddable":true,"href":"https:\/\/moverdb.com\/fr\/wp-json\/wp\/v2\/users\/1"}],"replies":[{"embeddable":true,"href":"https:\/\/moverdb.com\/fr\/wp-json\/wp\/v2\/comments?post=1528"}],"version-history":[{"count":7,"href":"https:\/\/moverdb.com\/fr\/wp-json\/wp\/v2\/pages\/1528\/revisions"}],"predecessor-version":[{"id":6237,"href":"https:\/\/moverdb.com\/fr\/wp-json\/wp\/v2\/pages\/1528\/revisions\/6237"}],"wp:attachment":[{"href":"https:\/\/moverdb.com\/fr\/wp-json\/wp\/v2\/media?parent=1528"}],"curies":[{"name":"wp","href":"https:\/\/api.w.org\/{rel}","templated":true}]}}