{"id":14660,"date":"2023-11-22T15:45:02","date_gmt":"2023-11-22T15:45:02","guid":{"rendered":"https:\/\/moverdb.com\/?page_id=14660"},"modified":"2026-01-08T15:30:23","modified_gmt":"2026-01-08T15:30:23","slug":"moving-companies-usa","status":"publish","type":"page","link":"https:\/\/moverdb.com\/fr\/moving-companies\/moving-companies-usa\/","title":{"rendered":"Meilleures entreprises de d\u00e9m\u00e9nagement international aux \u00c9tats-Unis par ville et par \u00c9tat"},"content":{"rendered":"<h2>Par \u00c9tat<\/h2>\n<ul>\n<li> <a href=\"https:\/\/moverdb.com\/fr\/entreprises-de-demenagement\/moving-companies-alabama\/\">Alabama<\/a><\/li>\n<li> <a href=\"https:\/\/moverdb.com\/fr\/entreprises-de-demenagement\/moving-companies-us-alaska\/\">Alaska<\/a><\/li>\n<li> <a href=\"https:\/\/moverdb.com\/fr\/entreprises-de-demenagement\/moving-companies-us-arizona\/\">Arizona<\/a><\/li>\n<li> <a href=\"https:\/\/moverdb.com\/fr\/entreprises-de-demenagement\/moving-companies-us-california\/\">Californie<\/a><\/li>\n<li> <a href=\"https:\/\/moverdb.com\/fr\/entreprises-de-demenagement\/moving-companies-us-colorado\/\">Colorado<\/a><\/li>\n<li> <a href=\"https:\/\/moverdb.com\/fr\/entreprises-de-demenagement\/moving-companies-us-connecticut\/\">Connecticut<\/a><\/li>\n<li> <a href=\"https:\/\/moverdb.com\/fr\/entreprises-de-demenagement\/moving-companies-us-florida\/\">Floride<\/a><\/li>\n<li> <a href=\"https:\/\/moverdb.com\/fr\/entreprises-de-demenagement\/moving-companies-us-georgia\/\">G\u00e9orgie<\/a><\/li>\n<li> <a href=\"https:\/\/moverdb.com\/fr\/entreprises-de-demenagement\/moving-companies-idaho\/\">Idaho<\/a><\/li>\n<li> <a href=\"https:\/\/moverdb.com\/fr\/entreprises-de-demenagement\/moving-companies-us-indiana\/\">Indiana<\/a><\/li>\n<li> <a href=\"https:\/\/moverdb.com\/fr\/entreprises-de-demenagement\/moving-companies-us-hawaii\/\">Hawa\u00ef<\/a><\/li>\n<li> <a href=\"https:\/\/moverdb.com\/fr\/entreprises-de-demenagement\/moving-companies-us-illinois\/\">Illinois<\/a><\/li>\n<li> <a href=\"https:\/\/moverdb.com\/fr\/entreprises-de-demenagement\/moving-companies-maryland\/\">Maryland<\/a><\/li>\n<li> <a href=\"https:\/\/moverdb.com\/fr\/entreprises-de-demenagement\/moving-companies-massachusetts\/\">Massachusetts<\/a><\/li>\n<li> <a href=\"https:\/\/moverdb.com\/fr\/entreprises-de-demenagement\/moving-companies-us-michigan\/\">Michigan<\/a><\/li>\n<li> <a href=\"https:\/\/moverdb.com\/fr\/entreprises-de-demenagement\/moving-companies-us-minnesota\/\">Minnesota<\/a><\/li>\n<li> <a href=\"https:\/\/moverdb.com\/fr\/entreprises-de-demenagement\/moving-companies-us-missouri\/\">Missouri<\/a><\/li>\n<li> <a href=\"https:\/\/moverdb.com\/fr\/entreprises-de-demenagement\/moving-companies-montana\/\">Montana<\/a><\/li>\n<li> <a href=\"https:\/\/moverdb.com\/fr\/entreprises-de-demenagement\/moving-companies-nevada\/\">Nevada<\/a><\/li>\n<li> <a href=\"https:\/\/moverdb.com\/fr\/entreprises-de-demenagement\/moving-companies-us-new-jersey\/\">New Jersey<\/a><\/li>\n<li> <a href=\"https:\/\/moverdb.com\/fr\/entreprises-de-demenagement\/moving-company-us-new-mexico\/\">Nouveau Mexique<\/a><\/li>\n<li> <a href=\"https:\/\/moverdb.com\/fr\/entreprises-de-demenagement\/moving-companies-us-new-york\/\">New York<\/a><\/li>\n<li> <a href=\"https:\/\/moverdb.com\/fr\/entreprises-de-demenagement\/moving-companies-us-north-carolina\/\">Caroline du Nord<\/a><\/li>\n<li> <a href=\"https:\/\/moverdb.com\/fr\/entreprises-de-demenagement\/moving-companies-us-ohio\/\">Ohio<\/a><\/li>\n<li> <a href=\"https:\/\/moverdb.com\/fr\/entreprises-de-demenagement\/moving-companies-us-pennsylvania\/\">Pennsylvanie<\/a><\/li>\n<li> <a href=\"https:\/\/moverdb.com\/fr\/entreprises-de-demenagement\/moving-companies-us-south-carolina\/\">Caroline du Sud<\/a><\/li>\n<li> <a href=\"https:\/\/moverdb.com\/fr\/entreprises-de-demenagement\/moving-companies-us-tennessee\/\">Tennessee<\/a><\/li>\n<li> <a href=\"https:\/\/moverdb.com\/fr\/entreprises-de-demenagement\/moving-companies-us-texas\/\">Texas<\/a><\/li>\n<li> <a href=\"https:\/\/moverdb.com\/fr\/entreprises-de-demenagement\/moving-companies-us-utah\/\">Utah<\/a><\/li>\n<li> <a href=\"https:\/\/moverdb.com\/fr\/entreprises-de-demenagement\/moving-companies-us-virginia\/\">Virginie<\/a><\/li>\n<li> <a href=\"https:\/\/moverdb.com\/fr\/entreprises-de-demenagement\/moving-companies-washington-state\/\">Washington<\/a><\/li>\n<\/ul>\n<h2>Par ville<\/h2>\n<ul>\n<li> <a href=\"https:\/\/moverdb.com\/fr\/entreprises-de-demenagement\/moving-companies-us-alexandria\/\">Alexandrie<\/a><\/li>\n<li> <a href=\"https:\/\/moverdb.com\/fr\/entreprises-de-demenagement\/moving-companies-us-danbury\/\">Danbury<\/a><\/li>\n<li> <a href=\"https:\/\/moverdb.com\/fr\/entreprises-de-demenagement\/moving-companies-in-el-paso-usa\/\">El Paso<\/a><\/li>\n<li> <a href=\"https:\/\/moverdb.com\/fr\/entreprises-de-demenagement\/moving-companies-us-gaithersburg\/\">Gaithersburg<\/a><\/li>\n<li> <a href=\"https:\/\/moverdb.com\/fr\/entreprises-de-demenagement\/moving-companies-in-honolulu-usa\/\">Honolulu<\/a><\/li>\n<li> <a href=\"https:\/\/moverdb.com\/fr\/entreprises-de-demenagement\/moving-companies-houston\/\">Houston<\/a><\/li>\n<li> <a href=\"https:\/\/moverdb.com\/fr\/entreprises-de-demenagement\/moving-companies-us-jacksonville\/\">Jacksonville<\/a><\/li>\n<li> <a href=\"https:\/\/moverdb.com\/fr\/entreprises-de-demenagement\/moving-companies-los-angeles\/\">Los Angeles<\/a><\/li>\n<li> <a href=\"https:\/\/moverdb.com\/fr\/entreprises-de-demenagement\/moving-companies-us-miami\/\">Miami<\/a><\/li>\n<li> <a href=\"https:\/\/moverdb.com\/fr\/entreprises-de-demenagement\/moving-companies-us-san-diego\/\">San Diego<\/a><\/li>\n<li> <a href=\"https:\/\/moverdb.com\/fr\/entreprises-de-demenagement\/moving-companies-us-seattle\/\">Seattle<\/a><\/li>\n<li> <a href=\"https:\/\/moverdb.com\/fr\/entreprises-de-demenagement\/moving-companies-us-sterling\/\">Sterling<\/a><\/li>\n<\/ul>","protected":false},"excerpt":{"rendered":"<p>Par \u00c9tat Alabama Alaska Arizona Californie Colorado Connecticut Floride G\u00e9orgie Idaho Indiana Hawa\u00ef Illinois Maryland Massachusetts Michigan Minnesota Missouri Montana Nevada New Jersey New Mexico New York Caroline du Nord Ohio Pennsylvanie Caroline du Sud Tennessee Texas Utah Virginie Washington Par ville Alexandria Danbury El Paso Gaithersburg Honolulu Houston Jacksonville Los Angeles Miami San Diego Seattle Sterling<\/p>","protected":false},"author":1,"featured_media":0,"parent":190,"menu_order":0,"comment_status":"closed","ping_status":"closed","template":"","meta":{"_genesis_hide_title":false,"_genesis_hide_breadcrumbs":false,"_genesis_hide_singular_image":false,"_genesis_hide_footer_widgets":false,"_genesis_custom_body_class":"","_genesis_custom_post_class":"","_genesis_layout":"","footnotes":""},"class_list":{"0":"post-14660","1":"page","2":"type-page","3":"status-publish","5":"entry"},"_links":{"self":[{"href":"https:\/\/moverdb.com\/fr\/wp-json\/wp\/v2\/pages\/14660","targetHints":{"allow":["GET"]}}],"collection":[{"href":"https:\/\/moverdb.com\/fr\/wp-json\/wp\/v2\/pages"}],"about":[{"href":"https:\/\/moverdb.com\/fr\/wp-json\/wp\/v2\/types\/page"}],"author":[{"embeddable":true,"href":"https:\/\/moverdb.com\/fr\/wp-json\/wp\/v2\/users\/1"}],"replies":[{"embeddable":true,"href":"https:\/\/moverdb.com\/fr\/wp-json\/wp\/v2\/comments?post=14660"}],"version-history":[{"count":40,"href":"https:\/\/moverdb.com\/fr\/wp-json\/wp\/v2\/pages\/14660\/revisions"}],"predecessor-version":[{"id":15078,"href":"https:\/\/moverdb.com\/fr\/wp-json\/wp\/v2\/pages\/14660\/revisions\/15078"}],"up":[{"embeddable":true,"href":"https:\/\/moverdb.com\/fr\/wp-json\/wp\/v2\/pages\/190"}],"wp:attachment":[{"href":"https:\/\/moverdb.com\/fr\/wp-json\/wp\/v2\/media?parent=14660"}],"curies":[{"name":"wp","href":"https:\/\/api.w.org\/{rel}","templated":true}]}}