{"id":14486,"date":"2023-11-08T15:57:24","date_gmt":"2023-11-08T15:57:24","guid":{"rendered":"https:\/\/moverdb.com\/freight-forwarder\/freight-forwarding-uk\/barnsley-freight-forwarder\/"},"modified":"2026-01-08T14:50:46","modified_gmt":"2026-01-08T14:50:46","slug":"barnsley-freight-forwarder","status":"publish","type":"page","link":"https:\/\/moverdb.com\/fr\/freight-forwarder\/freight-forwarding-uk\/barnsley-freight-forwarder\/","title":{"rendered":"1 Les meilleurs transitaires de Barnsley (2024)"},"content":{"rendered":"<p>Ci-dessous, nous examinons les 1 <em>\"meilleur\"<\/em> Entreprises de transport de marchandises \u00e0 Barnsley sur 1.<\/p>\n<p>Pour en savoir plus sur la mani\u00e8re dont nous avons choisi les meilleurs, veuillez consulter notre section FAQ \u00e0 la fin.<\/p>\n<p><em>Veuillez noter que les listes suivantes ne sont pas class\u00e9es dans un ordre particulier et que nous ne recommandons aucune entreprise en particulier.<\/em><\/p>\n<h2>512 (Wakefield) Limited<\/h2>\n<p><img decoding=\"async\" src=\"https:\/\/moverdb.com\/wp-content\/uploads\/AF1QipPaIpgmPejBSgiOHrBplnQMFk3ZQHRLQWfRPwyDw408-h544-k-no.jpg\" alt='512 (Wakefield) Limited' class=\"aligncenter\"><\/p>\n<p><strong>Description de l'entreprise : <\/strong>512 est l'un des principaux transitaires du Royaume-Uni.<\/p>\n<p> Nous transportons des marchandises dans le monde entier depuis plus de<br \/>\n26 ans \u00e0 partir de nos bureaux de <a href=\"\" data-internallinksmanager029f6b8e52c=\"66\" title=\"Sheffield\">Sheffield<\/a>Les nouveaux bureaux de Nottingham et de Wakefield sont en cours d'ouverture.<br \/>\n<a href=\"\" data-internallinksmanager029f6b8e52c=\"52\" title=\"Manchester\">Manchester<\/a>.<\/p>\n<p> Notre \u00e9quipe d'experts a tout exp\u00e9di\u00e9, des dinosaures aux dongles, et est toujours pr\u00eate \u00e0 r\u00e9soudre les probl\u00e8mes.<br \/>\nvos d\u00e9fis en mati\u00e8re d'exp\u00e9dition.<\/p>\n<p> Vous avez besoin de d\u00e9placer 600 palettes en quelques jours ? Nous avons tout fait<\/p>\n<p><strong>Services suppl\u00e9mentaires :<\/strong><\/p>\n<p>Service de messagerie<\/p>\n<p>Courtier en douane<\/p>\n<p>Soci\u00e9t\u00e9 d'import-export<\/p>\n<p>Service de transport<\/p>\n<p>Entrep\u00f4t<\/p>\n<p><strong>Adresse :<\/strong> Wharncliffe Business Park, longfields court, Middlewoods Way, Carlton, Barnsley S71 3GN<\/p>\n<p><a href=\"http:\/\/www.5-1-2.com\/\" target=\"_new\" rel=\"noopener\">Site web de 512 (Wakefield) Limited<\/a><\/p>\n<p><strong>Note d'examen : <\/strong>5<br \/> <strong>Nombre d'\u00e9valuations :<\/strong> 3<br \/><a href=\"https:\/\/www.google.co.uk\/maps?cid=6246970246238845507&#038;hl=en&#038;gl=GB\" target=\"_new\" rel=\"noopener\">Lire les commentaires<\/a><\/p>\n<h2>Comment nous avons s\u00e9lectionn\u00e9 les meilleurs transitaires de Barnsley<\/h2>\n<p>Nous avons commenc\u00e9 avec un ensemble de donn\u00e9es de 1 soci\u00e9t\u00e9s de transport de Barnsley que nous avons pu trouver via Google Maps et nous avons r\u00e9duit le nombre \u00e0 1.<\/p>\n<p>Pour ce faire, nous avons supprim\u00e9 toutes les entreprises qui<\/p>\n<ul>\n<li> N'avait pas de site web<\/li>\n<li> N'a fait l'objet d'aucune critique<\/li>\n<li> A obtenu une note moyenne inf\u00e9rieure \u00e0 2,0<\/li>\n<\/ul>\n<p>\u00c0 ce stade, si nous avions 17 transitaires ou moins, nous les avons tous r\u00e9pertori\u00e9s.<\/p>\n<p>Pour les villes o\u00f9 il restait plus de 17 transitaires, nous avons proc\u00e9d\u00e9 \u00e0 d'autres r\u00e9visions en augmentant la note requise (par exemple, en passant d'un minimum de 2,0 \u00e0 4,0) et\/ou en augmentant le nombre minimum d'\u00e9valuations requises (par exemple, en passant d'au moins 1 \u00e9valuation \u00e0 au moins 10).<\/p>\n<p>Il est \u00e0 noter que nous n'avons utilis\u00e9 que les donn\u00e9es d'\u00e9valuation de Google Maps et pas celles d'autres sites web tiers.<\/p>\n<p>Plus de villes :<\/p>\n<p><a href=\"https:\/\/moverdb.com\/fr\/transporteur-de-marchandises\/freight-forwarding-uk\/london-freight-forwarder\/\">Londres<\/a><br \/><a href=\"https:\/\/moverdb.com\/fr\/transporteur-de-marchandises\/freight-forwarding-uk\/liverpool-freight-forwarder\/\">Transitaire de Liverpool<\/a><br \/><a href=\"https:\/\/moverdb.com\/fr\/transporteur-de-marchandises\/freight-forwarding-uk\/ipswich-freight-forwarder\/\">Transitaire Ipswich<\/a><br \/><a href=\"https:\/\/moverdb.com\/fr\/transporteur-de-marchandises\/freight-forwarding-uk\/feltham-freight-forwarder\/\">Transitaire Feltham<\/a><br \/><a href=\"https:\/\/moverdb.com\/fr\/transporteur-de-marchandises\/freight-forwarding-uk\/felixstowe-freight-forwarder\/\">Transitaire Felixstowe<\/a><br \/><a href=\"https:\/\/moverdb.com\/fr\/transporteur-de-marchandises\/freight-forwarding-uk\/southampton-freight-forwarder\/\">Transitaire de Southampton<\/a><\/p>","protected":false},"excerpt":{"rendered":"<p>Below we look at the 1 &#8220;best&#8221; Freight Forwarding companies in Barnsley out of 1. To learn more about how we chose the best please consult our FAQ section at the end. Please not the following listings are in no particular order and we are not making any recommendations for any particular company. 512 (Wakefield) [&hellip;]<\/p>\n","protected":false},"author":1,"featured_media":0,"parent":13427,"menu_order":0,"comment_status":"open","ping_status":"open","template":"","meta":{"_genesis_hide_title":false,"_genesis_hide_breadcrumbs":false,"_genesis_hide_singular_image":false,"_genesis_hide_footer_widgets":false,"_genesis_custom_body_class":"","_genesis_custom_post_class":"","_genesis_layout":"","footnotes":""},"class_list":{"0":"post-14486","1":"page","2":"type-page","3":"status-publish","5":"entry"},"_links":{"self":[{"href":"https:\/\/moverdb.com\/fr\/wp-json\/wp\/v2\/pages\/14486","targetHints":{"allow":["GET"]}}],"collection":[{"href":"https:\/\/moverdb.com\/fr\/wp-json\/wp\/v2\/pages"}],"about":[{"href":"https:\/\/moverdb.com\/fr\/wp-json\/wp\/v2\/types\/page"}],"author":[{"embeddable":true,"href":"https:\/\/moverdb.com\/fr\/wp-json\/wp\/v2\/users\/1"}],"replies":[{"embeddable":true,"href":"https:\/\/moverdb.com\/fr\/wp-json\/wp\/v2\/comments?post=14486"}],"version-history":[{"count":1,"href":"https:\/\/moverdb.com\/fr\/wp-json\/wp\/v2\/pages\/14486\/revisions"}],"predecessor-version":[{"id":15530,"href":"https:\/\/moverdb.com\/fr\/wp-json\/wp\/v2\/pages\/14486\/revisions\/15530"}],"up":[{"embeddable":true,"href":"https:\/\/moverdb.com\/fr\/wp-json\/wp\/v2\/pages\/13427"}],"wp:attachment":[{"href":"https:\/\/moverdb.com\/fr\/wp-json\/wp\/v2\/media?parent=14486"}],"curies":[{"name":"wp","href":"https:\/\/api.w.org\/{rel}","templated":true}]}}