{"id":14442,"date":"2023-11-08T15:57:06","date_gmt":"2023-11-08T15:57:06","guid":{"rendered":"https:\/\/moverdb.com\/freight-forwarder\/freight-forwarding-uk\/redhill-freight-forwarder\/"},"modified":"2026-01-08T14:54:28","modified_gmt":"2026-01-08T14:54:28","slug":"redhill-freight-forwarder","status":"publish","type":"page","link":"https:\/\/moverdb.com\/fr\/freight-forwarder\/freight-forwarding-uk\/redhill-freight-forwarder\/","title":{"rendered":"1 Meilleur transitaire de Redhill (2024)"},"content":{"rendered":"<p>Ci-dessous, nous examinons les 1 <em>\"meilleur\"<\/em> Entreprises de transport de marchandises \u00e0 Redhill sur 2.<\/p>\n<p>Pour en savoir plus sur la mani\u00e8re dont nous avons choisi les meilleurs, veuillez consulter notre section FAQ \u00e0 la fin.<\/p>\n<p><em>Veuillez noter que les listes suivantes ne sont pas class\u00e9es dans un ordre particulier et que nous ne recommandons aucune entreprise en particulier.<\/em><\/p>\n<h2>Lexington Freight Forwarding<\/h2>\n<p><img decoding=\"async\" src=\"https:\/\/moverdb.com\/wp-content\/uploads\/thumbnailpanoidqT6veKzsnXp0L1svqeVppgcb_clientsearch.gws-prod.gpsw408h240yaw53.jpg\" alt='Lexington Freight Forwarding' class=\"aligncenter\"><\/p>\n<p><strong>Description de l'entreprise : <\/strong>Depuis notre bureau principal situ\u00e9 \u00e0 proximit\u00e9 de Redhill, nous mettons au point des solutions de fret sur mesure pour toutes les tailles d'entreprises. Nous proposons une gamme d'options de fret a\u00e9rien, maritime et routier \u00e0 nos clients locaux de Crawley, Reigate, Gatwick et des environs, ainsi qu'\u00e0 nos clients de toute la r\u00e9gion de l'Europe. <a href=\"https:\/\/moverdb.com\/fr\/moving-to-the-uk\/\" data-internallinksmanager029f6b8e52c=\"93\" title=\"Vous partez au Royaume-Uni ? 2026 Co\u00fbt de la vie et conseils de relocalisation\">ROYAUME-UNI<\/a>.<\/p>\n<p> Vous pouvez compter sur Lexington Freight Forwarding pour traiter vos marchandises avec soin et les livrer rapidement.<\/p>\n<p> Ayant ouvert nos portes en 1998, nous sommes bien \u00e9tablis comme l'une des principales organisations de fret maritime, a\u00e9rien et routier du Sud-Est.<\/p>\n<p> Avec des milliers de clients satisfaits couvrant tous les secteurs industriels du pays, nous continuons \u00e0 nous renforcer.<\/p>\n<p><strong>Services suppl\u00e9mentaires :<\/strong><\/p>\n<p>Aucune liste<\/p>\n<p><strong>Adresse :<\/strong> Fairlawn Enterprise Park, Bonehurst Rd, Salfords, Redhill RH1 5GH<\/p>\n<p><a href=\"http:\/\/www.lexingtonfreight.com\/\" target=\"_new\" rel=\"noopener\">Site web de Lexington Freight Forwarding<\/a><\/p>\n<p><strong>Note d'examen : <\/strong>4.3<br \/> <strong>Nombre d'\u00e9valuations :<\/strong> 3<br \/><a href=\"https:\/\/www.google.co.uk\/maps?cid=3629856542565258832&#038;hl=en&#038;gl=GB\" target=\"_new\" rel=\"noopener\">Lire les commentaires<\/a><\/p>\n<h2>Comment nous avons s\u00e9lectionn\u00e9 les meilleurs transitaires de Redhill<\/h2>\n<p>Nous avons commenc\u00e9 avec un ensemble de donn\u00e9es de 2 soci\u00e9t\u00e9s de transport de fret de Redhill que nous avons pu trouver via Google Maps et nous avons r\u00e9duit le nombre \u00e0 la meilleure 1.<\/p>\n<p>Pour ce faire, nous avons supprim\u00e9 toutes les entreprises qui<\/p>\n<ul>\n<li> N'avait pas de site web<\/li>\n<li> N'a fait l'objet d'aucune critique<\/li>\n<li> A obtenu une note moyenne inf\u00e9rieure \u00e0 2,0<\/li>\n<\/ul>\n<p>\u00c0 ce stade, si nous avions 17 transitaires ou moins, nous les avons tous r\u00e9pertori\u00e9s.<\/p>\n<p>Pour les villes o\u00f9 il restait plus de 17 transitaires, nous avons proc\u00e9d\u00e9 \u00e0 d'autres r\u00e9visions en augmentant la note requise (par exemple, en passant d'un minimum de 2,0 \u00e0 4,0) et\/ou en augmentant le nombre minimum d'\u00e9valuations requises (par exemple, en passant d'au moins 1 \u00e9valuation \u00e0 au moins 10).<\/p>\n<p>Il est \u00e0 noter que nous n'avons utilis\u00e9 que les donn\u00e9es d'\u00e9valuation de Google Maps et pas celles d'autres sites web tiers.<\/p>\n<p>Plus de villes :<\/p>\n<p><a href=\"https:\/\/moverdb.com\/fr\/transporteur-de-marchandises\/freight-forwarding-uk\/wellingborough-freight-forwarder\/\">Transitaire de Wellingborough<\/a><br \/><a href=\"https:\/\/moverdb.com\/fr\/transporteur-de-marchandises\/freight-forwarding-uk\/barnet-freight-forwarder\/\">Barnet Freight Forwarder<\/a><br \/><a href=\"https:\/\/moverdb.com\/fr\/transporteur-de-marchandises\/freight-forwarding-uk\/accrington-freight-forwarder\/\">Transitaire Accrington<\/a><br \/><a href=\"https:\/\/moverdb.com\/fr\/transporteur-de-marchandises\/freight-forwarding-uk\/rickmansworth-freight-forwarder\/\">Transitaire Rickmansworth<\/a><br \/><a href=\"https:\/\/moverdb.com\/fr\/transporteur-de-marchandises\/freight-forwarding-uk\/horsham-freight-forwarder\/\">Transitaire Horsham<\/a><\/p>","protected":false},"excerpt":{"rendered":"<p>Below we look at the 1 &#8220;best&#8221; Freight Forwarding companies in Redhill out of 2. To learn more about how we chose the best please consult our FAQ section at the end. Please not the following listings are in no particular order and we are not making any recommendations for any particular company. Lexington Freight [&hellip;]<\/p>\n","protected":false},"author":1,"featured_media":0,"parent":13427,"menu_order":0,"comment_status":"open","ping_status":"open","template":"","meta":{"_genesis_hide_title":false,"_genesis_hide_breadcrumbs":false,"_genesis_hide_singular_image":false,"_genesis_hide_footer_widgets":false,"_genesis_custom_body_class":"","_genesis_custom_post_class":"","_genesis_layout":"","footnotes":""},"class_list":{"0":"post-14442","1":"page","2":"type-page","3":"status-publish","5":"entry"},"_links":{"self":[{"href":"https:\/\/moverdb.com\/fr\/wp-json\/wp\/v2\/pages\/14442","targetHints":{"allow":["GET"]}}],"collection":[{"href":"https:\/\/moverdb.com\/fr\/wp-json\/wp\/v2\/pages"}],"about":[{"href":"https:\/\/moverdb.com\/fr\/wp-json\/wp\/v2\/types\/page"}],"author":[{"embeddable":true,"href":"https:\/\/moverdb.com\/fr\/wp-json\/wp\/v2\/users\/1"}],"replies":[{"embeddable":true,"href":"https:\/\/moverdb.com\/fr\/wp-json\/wp\/v2\/comments?post=14442"}],"version-history":[{"count":1,"href":"https:\/\/moverdb.com\/fr\/wp-json\/wp\/v2\/pages\/14442\/revisions"}],"predecessor-version":[{"id":15623,"href":"https:\/\/moverdb.com\/fr\/wp-json\/wp\/v2\/pages\/14442\/revisions\/15623"}],"up":[{"embeddable":true,"href":"https:\/\/moverdb.com\/fr\/wp-json\/wp\/v2\/pages\/13427"}],"wp:attachment":[{"href":"https:\/\/moverdb.com\/fr\/wp-json\/wp\/v2\/media?parent=14442"}],"curies":[{"name":"wp","href":"https:\/\/api.w.org\/{rel}","templated":true}]}}