{"id":14416,"date":"2023-11-08T15:56:48","date_gmt":"2023-11-08T15:56:48","guid":{"rendered":"https:\/\/moverdb.com\/freight-forwarder\/freight-forwarding-uk\/hertford-freight-forwarder\/"},"modified":"2026-01-08T14:51:42","modified_gmt":"2026-01-08T14:51:42","slug":"hertford-freight-forwarder","status":"publish","type":"page","link":"https:\/\/moverdb.com\/fr\/freight-forwarder\/freight-forwarding-uk\/hertford-freight-forwarder\/","title":{"rendered":"1 Meilleures entreprises de transport de marchandises de Hertford (2024)"},"content":{"rendered":"<p>Ci-dessous, nous examinons les 1 <em>\"meilleur\"<\/em> Entreprises de transport de marchandises \u00e0 Hertford sur 2.<\/p>\n<p>Pour en savoir plus sur la mani\u00e8re dont nous avons choisi les meilleurs, veuillez consulter notre section FAQ \u00e0 la fin.<\/p>\n<p><em>Veuillez noter que les listes suivantes ne sont pas class\u00e9es dans un ordre particulier et que nous ne recommandons aucune entreprise en particulier.<\/em><\/p>\n<h2>MATTHEWS HAULAGE LTD<\/h2>\n<p><img decoding=\"async\" src=\"https:\/\/moverdb.com\/wp-content\/uploads\/AF1QipPwh_X9ZHgiMWLtp7OUwS2ViaYQBJWPuuf2ncbHw408-h306-k-no.jpg\" alt='MATTHEWS HAULAGE LTD' class=\"aligncenter\"><\/p>\n<p><strong>Description de l'entreprise : <\/strong>Si vous \u00eates une entreprise de produits B2B bas\u00e9e \u00e0 Hertfordshire et distribuant des produits \u00e0 l'\u00e9chelle nationale, qui souhaite am\u00e9liorer le service \u00e0 la client\u00e8le, la rotation des stocks et la rentabilit\u00e9, mais qui n'est pas satisfaite pour l'instant.<\/p>\n<p> Vous pouvez compter sur <a href=\"https:\/\/moverdb.com\/fr\/moving-to-the-united-states\/\" data-internallinksmanager029f6b8e52c=\"94\" title=\"Vous partez aux \u00c9tats-Unis ? 2026 Co\u00fbt de la vie et conseils de relocalisation\">nous<\/a>.<\/p>\n<p>Matthews Haulage Ltd a \u00e9t\u00e9 cr\u00e9\u00e9e en 1975 et est bas\u00e9e \u00e0 Hertford depuis 1977.<\/p>\n<p>Matthews Haulage Ltd s'est m\u00e9ticuleusement d\u00e9velopp\u00e9e pour devenir la soci\u00e9t\u00e9 \"Rolls Royce\" qu'elle est aujourd'hui.<\/p>\n<p> Nous sommes fiers d'aller plus loin (sans jeu de mots) pour assurer la satisfaction de tous nos clients, grands ou petits.<\/p>\n<p> Nous fournissons un service de premi\u00e8re classe \u00e0 un prix comp\u00e9titif en utilisant une flotte moderne et intelligente avec des chauffeurs intelligents et consciencieux.<\/p>\n<p> Nous avons une \u00e9quipe de gestion tr\u00e8s motiv\u00e9e qui vous aidera \u00e0 r\u00e9pondre \u00e0 tous vos besoins. Vous n'aurez pas \u00e0 r\u00e9fl\u00e9chir par vous-m\u00eame !<\/p>\n<p><strong>Services suppl\u00e9mentaires :<\/strong><\/p>\n<p>Aucune liste<\/p>\n<p><strong>Adresse :<\/strong> Mead Ln, Hertford SG13 7AX<\/p>\n<p><a href=\"http:\/\/www.matthewshaulage.co.uk\/\" target=\"_new\" rel=\"noopener\">Site web de MATTHEWS HAULAGE LTD<\/a><\/p>\n<p><strong>Note d'examen : <\/strong>4.9<br \/> <strong>Nombre d'\u00e9valuations :<\/strong> 10<br \/><a href=\"https:\/\/www.google.co.uk\/maps?cid=15518358092684340918&#038;hl=en&#038;gl=GB\" target=\"_new\" rel=\"noopener\">Lire les commentaires<\/a><\/p>\n<h2>Comment nous avons s\u00e9lectionn\u00e9 les meilleurs transitaires de Hertford<\/h2>\n<p>Nous avons commenc\u00e9 par un ensemble de donn\u00e9es de 2 soci\u00e9t\u00e9s de transport de marchandises de Hertford que nous avons trouv\u00e9es sur Google Maps et nous avons r\u00e9duit le nombre de soci\u00e9t\u00e9s \u00e0 la meilleure.<\/p>\n<p>Pour ce faire, nous avons supprim\u00e9 toutes les entreprises qui<\/p>\n<ul>\n<li> N'avait pas de site web<\/li>\n<li> N'a fait l'objet d'aucune critique<\/li>\n<li> A obtenu une note moyenne inf\u00e9rieure \u00e0 2,0<\/li>\n<\/ul>\n<p>\u00c0 ce stade, si nous avions 17 transitaires ou moins, nous les avons tous r\u00e9pertori\u00e9s.<\/p>\n<p>Pour les villes o\u00f9 il restait plus de 17 transitaires, nous avons proc\u00e9d\u00e9 \u00e0 d'autres r\u00e9visions en augmentant la note requise (par exemple, en passant d'un minimum de 2,0 \u00e0 4,0) et\/ou en augmentant le nombre minimum d'\u00e9valuations requises (par exemple, en passant d'au moins 1 \u00e9valuation \u00e0 au moins 10).<\/p>\n<p>Il est \u00e0 noter que nous n'avons utilis\u00e9 que les donn\u00e9es d'\u00e9valuation de Google Maps et pas celles d'autres sites web tiers.<\/p>\n<p>Plus de villes :<\/p>\n<p><a href=\"https:\/\/moverdb.com\/fr\/transporteur-de-marchandises\/freight-forwarding-uk\/edenbridge-freight-forwarder\/\">Transitaire Edenbridge<\/a><br \/><a href=\"https:\/\/moverdb.com\/fr\/transporteur-de-marchandises\/freight-forwarding-uk\/towcester-freight-forwarder\/\">Towcester Freight Forwarder<\/a><br \/><a href=\"https:\/\/moverdb.com\/fr\/transporteur-de-marchandises\/freight-forwarding-uk\/pulborough-freight-forwarder\/\">Transitaire Pulborough<\/a><br \/><a href=\"https:\/\/moverdb.com\/fr\/transporteur-de-marchandises\/freight-forwarding-uk\/upminster-freight-forwarder\/\">Transitaire Upminster<\/a><br \/><a href=\"https:\/\/moverdb.com\/fr\/transporteur-de-marchandises\/freight-forwarding-uk\/bala-freight-forwarder\/\">Transitaire Bala<\/a><\/p>","protected":false},"excerpt":{"rendered":"<p>Below we look at the 1 &#8220;best&#8221; Freight Forwarding companies in Hertford out of 2. To learn more about how we chose the best please consult our FAQ section at the end. Please not the following listings are in no particular order and we are not making any recommendations for any particular company. MATTHEWS HAULAGE [&hellip;]<\/p>\n","protected":false},"author":1,"featured_media":0,"parent":13427,"menu_order":0,"comment_status":"open","ping_status":"open","template":"","meta":{"_genesis_hide_title":false,"_genesis_hide_breadcrumbs":false,"_genesis_hide_singular_image":false,"_genesis_hide_footer_widgets":false,"_genesis_custom_body_class":"","_genesis_custom_post_class":"","_genesis_layout":"","footnotes":""},"class_list":{"0":"post-14416","1":"page","2":"type-page","3":"status-publish","5":"entry"},"_links":{"self":[{"href":"https:\/\/moverdb.com\/fr\/wp-json\/wp\/v2\/pages\/14416","targetHints":{"allow":["GET"]}}],"collection":[{"href":"https:\/\/moverdb.com\/fr\/wp-json\/wp\/v2\/pages"}],"about":[{"href":"https:\/\/moverdb.com\/fr\/wp-json\/wp\/v2\/types\/page"}],"author":[{"embeddable":true,"href":"https:\/\/moverdb.com\/fr\/wp-json\/wp\/v2\/users\/1"}],"replies":[{"embeddable":true,"href":"https:\/\/moverdb.com\/fr\/wp-json\/wp\/v2\/comments?post=14416"}],"version-history":[{"count":1,"href":"https:\/\/moverdb.com\/fr\/wp-json\/wp\/v2\/pages\/14416\/revisions"}],"predecessor-version":[{"id":15586,"href":"https:\/\/moverdb.com\/fr\/wp-json\/wp\/v2\/pages\/14416\/revisions\/15586"}],"up":[{"embeddable":true,"href":"https:\/\/moverdb.com\/fr\/wp-json\/wp\/v2\/pages\/13427"}],"wp:attachment":[{"href":"https:\/\/moverdb.com\/fr\/wp-json\/wp\/v2\/media?parent=14416"}],"curies":[{"name":"wp","href":"https:\/\/api.w.org\/{rel}","templated":true}]}}