{"id":14400,"date":"2023-11-08T15:56:48","date_gmt":"2023-11-08T15:56:48","guid":{"rendered":"https:\/\/moverdb.com\/freight-forwarder\/freight-forwarding-uk\/andover-freight-forwarder\/"},"modified":"2026-01-08T14:50:40","modified_gmt":"2026-01-08T14:50:40","slug":"andover-freight-forwarder","status":"publish","type":"page","link":"https:\/\/moverdb.com\/fr\/freight-forwarder\/freight-forwarding-uk\/andover-freight-forwarder\/","title":{"rendered":"1 Meilleures entreprises de transport de marchandises d'Andover (2024)"},"content":{"rendered":"<p>Ci-dessous, nous examinons les 1 <em>\"meilleur\"<\/em> Entreprises de transport de marchandises \u00e0 Andover sur 2.<\/p>\n<p>Pour en savoir plus sur la mani\u00e8re dont nous avons choisi les meilleurs, veuillez consulter notre section FAQ \u00e0 la fin.<\/p>\n<p><em>Veuillez noter que les listes suivantes ne sont pas class\u00e9es dans un ordre particulier et que nous ne recommandons aucune entreprise en particulier.<\/em><\/p>\n<h2>Logistique Browny<\/h2>\n<p><img decoding=\"async\" src=\"https:\/\/moverdb.com\/wp-content\/uploads\/AF1QipPIWz-QgfHIUl0P63LL_9BttnR70ST-qWSRFZYFw408-h340-k-no.jpg\" alt='Logistique Browny' class=\"aligncenter\"><\/p>\n<p><strong>Description de l'entreprise : <\/strong>Nous sommes une entreprise familiale bas\u00e9e dans le sud de l'Angleterre. <a href=\"https:\/\/moverdb.com\/fr\/moving-to-the-uk\/\" data-internallinksmanager029f6b8e52c=\"93\" title=\"Vous partez au Royaume-Uni ? 2026 Co\u00fbt de la vie et conseils de relocalisation\">Royaume-Uni<\/a> (UK) qui fournit des services d'exp\u00e9dition de porte \u00e0 porte du Royaume-Uni vers les pays suivants <a href=\"https:\/\/moverdb.com\/fr\/moving-companies\/moving-companies-ghana\/\" data-internallinksmanager029f6b8e52c=\"228\" title=\"2 meilleures soci\u00e9t\u00e9s de d\u00e9m\u00e9nagement international au Ghana\">Ghana<\/a>.<\/p>\n<p>Nous fournissons \u00e9galement des services aux personnes vivant au Ghana qui souhaitent acheter des articles au Royaume-Uni pour les faire livrer au Ghana.<\/p>\n<p> Nous pouvons fournir des d\u00e9tails sur demande.<\/p>\n<p> Pas besoin de se pr\u00e9occuper de l'emballage.<\/p>\n<p> Nous fournissons des bo\u00eetes d'emballage et des tambours de qualit\u00e9 mais abordables pour vos envois de porte \u00e0 porte vers le Ghana.<\/p>\n<p>Nous offrons des services complets et flexibles de d\u00e9m\u00e9nagements \u00e0 Andover et dans tout le Royaume-Uni.<\/p>\n<p><strong>Services suppl\u00e9mentaires :<\/strong><\/p>\n<p>Aucune liste<\/p>\n<p><strong>Adresse :<\/strong> Walworth Business Park, Unit 4 Regents Court, South Way, Andover SP10 5NX<\/p>\n<p><a href=\"https:\/\/www.brownylogistics.co.uk\/\" target=\"_new\" rel=\"noopener\">Site web de Browny Logistics<\/a><\/p>\n<p><strong>Note d'examen : <\/strong>4.9<br \/> <strong>Nombre d'\u00e9valuations :<\/strong> 55<br \/><a href=\"https:\/\/www.google.co.uk\/maps?cid=2485740031970754535&#038;hl=en&#038;gl=GB\" target=\"_new\" rel=\"noopener\">Lire les commentaires<\/a><\/p>\n<h2>Comment nous avons s\u00e9lectionn\u00e9 les meilleurs transitaires d'Andover<\/h2>\n<p>Nous avons commenc\u00e9 avec un ensemble de donn\u00e9es de 2 soci\u00e9t\u00e9s de transport de fret d'Andover que nous avons pu trouver via Google Maps et nous avons r\u00e9duit le nombre de soci\u00e9t\u00e9s \u00e0 la meilleure 1.<\/p>\n<p>Pour ce faire, nous avons supprim\u00e9 toutes les entreprises qui<\/p>\n<ul>\n<li> N'avait pas de site web<\/li>\n<li> N'a fait l'objet d'aucune critique<\/li>\n<li> A obtenu une note moyenne inf\u00e9rieure \u00e0 2,0<\/li>\n<\/ul>\n<p>\u00c0 ce stade, si nous avions 17 transitaires ou moins, nous les avons tous r\u00e9pertori\u00e9s.<\/p>\n<p>Pour les villes o\u00f9 il restait plus de 17 transitaires, nous avons proc\u00e9d\u00e9 \u00e0 d'autres r\u00e9visions en augmentant la note requise (par exemple, en passant d'un minimum de 2,0 \u00e0 4,0) et\/ou en augmentant le nombre minimum d'\u00e9valuations requises (par exemple, en passant d'au moins 1 \u00e9valuation \u00e0 au moins 10).<\/p>\n<p>Il est \u00e0 noter que nous n'avons utilis\u00e9 que les donn\u00e9es d'\u00e9valuation de Google Maps et pas celles d'autres sites web tiers.<\/p>\n<p>Plus de villes :<\/p>\n<p><a href=\"https:\/\/moverdb.com\/fr\/transporteur-de-marchandises\/freight-forwarding-uk\/port-of-tilbury-freight-forwarder\/\">Transitaire du port de Tilbury<\/a><br \/><a href=\"https:\/\/moverdb.com\/fr\/transporteur-de-marchandises\/freight-forwarding-uk\/hereford-freight-forwarder\/\">Transitaire Hereford<\/a><br \/><a href=\"https:\/\/moverdb.com\/fr\/transporteur-de-marchandises\/freight-forwarding-uk\/durham-freight-forwarder\/\">Transitaire Durham<\/a><br \/><a href=\"https:\/\/moverdb.com\/fr\/transporteur-de-marchandises\/freight-forwarding-uk\/thatcham-freight-forwarder\/\">Transitaire de Thatcham<\/a><br \/><a href=\"https:\/\/moverdb.com\/fr\/transporteur-de-marchandises\/freight-forwarding-uk\/bracknell-freight-forwarder\/\">Transitaire Bracknell<\/a><\/p>","protected":false},"excerpt":{"rendered":"<p>Below we look at the 1 &#8220;best&#8221; Freight Forwarding companies in Andover out of 2. To learn more about how we chose the best please consult our FAQ section at the end. Please not the following listings are in no particular order and we are not making any recommendations for any particular company. Browny Logistics [&hellip;]<\/p>\n","protected":false},"author":1,"featured_media":0,"parent":13427,"menu_order":0,"comment_status":"open","ping_status":"open","template":"","meta":{"_genesis_hide_title":false,"_genesis_hide_breadcrumbs":false,"_genesis_hide_singular_image":false,"_genesis_hide_footer_widgets":false,"_genesis_custom_body_class":"","_genesis_custom_post_class":"","_genesis_layout":"","footnotes":""},"class_list":{"0":"post-14400","1":"page","2":"type-page","3":"status-publish","5":"entry"},"_links":{"self":[{"href":"https:\/\/moverdb.com\/fr\/wp-json\/wp\/v2\/pages\/14400","targetHints":{"allow":["GET"]}}],"collection":[{"href":"https:\/\/moverdb.com\/fr\/wp-json\/wp\/v2\/pages"}],"about":[{"href":"https:\/\/moverdb.com\/fr\/wp-json\/wp\/v2\/types\/page"}],"author":[{"embeddable":true,"href":"https:\/\/moverdb.com\/fr\/wp-json\/wp\/v2\/users\/1"}],"replies":[{"embeddable":true,"href":"https:\/\/moverdb.com\/fr\/wp-json\/wp\/v2\/comments?post=14400"}],"version-history":[{"count":1,"href":"https:\/\/moverdb.com\/fr\/wp-json\/wp\/v2\/pages\/14400\/revisions"}],"predecessor-version":[{"id":15524,"href":"https:\/\/moverdb.com\/fr\/wp-json\/wp\/v2\/pages\/14400\/revisions\/15524"}],"up":[{"embeddable":true,"href":"https:\/\/moverdb.com\/fr\/wp-json\/wp\/v2\/pages\/13427"}],"wp:attachment":[{"href":"https:\/\/moverdb.com\/fr\/wp-json\/wp\/v2\/media?parent=14400"}],"curies":[{"name":"wp","href":"https:\/\/api.w.org\/{rel}","templated":true}]}}