{"id":14364,"date":"2023-11-08T15:56:30","date_gmt":"2023-11-08T15:56:30","guid":{"rendered":"https:\/\/moverdb.com\/freight-forwarder\/freight-forwarding-uk\/south-croydon-freight-forwarder\/"},"modified":"2026-01-08T14:54:44","modified_gmt":"2026-01-08T14:54:44","slug":"south-croydon-freight-forwarder","status":"publish","type":"page","link":"https:\/\/moverdb.com\/fr\/freight-forwarder\/freight-forwarding-uk\/south-croydon-freight-forwarder\/","title":{"rendered":"1 Meilleures entreprises de transport de marchandises de South Croydon (2024)"},"content":{"rendered":"<p>Ci-dessous, nous examinons les 1 <em>\"meilleur\"<\/em> Entreprises de transport de marchandises \u00e0 South Croydon sur 1.<\/p>\n<p>Pour en savoir plus sur la mani\u00e8re dont nous avons choisi les meilleurs, veuillez consulter notre section FAQ \u00e0 la fin.<\/p>\n<p><em>Veuillez noter que les listes suivantes ne sont pas class\u00e9es dans un ordre particulier et que nous ne recommandons aucune entreprise en particulier.<\/em><\/p>\n<h2>121 Air Sea Cargo Ltd<\/h2>\n<p><img decoding=\"async\" src=\"https:\/\/moverdb.com\/wp-content\/uploads\/AF1QipO-BHiiheZx1sU8Zjnq3ruO0ujUx8bFvSr9OF5gw408-h252-k-no.png\" alt='121 Air Sea Cargo Ltd' class=\"aligncenter\"><\/p>\n<p><strong>Description de l'entreprise : <\/strong>Nous sommes une organisation de transport multilingue, multiculturelle et \u00e0 multiples facettes qui fournit des services sp\u00e9cialis\u00e9s de classe mondiale dans le monde en constante \u00e9volution du transport international de marchandises et de la logistique.<\/p>\n<p> Notre port\u00e9e mondiale s'\u00e9tend sur tous les continents gr\u00e2ce \u00e0 un r\u00e9seau de bureaux propres et de partenaires strat\u00e9giques.<\/p>\n<p>Que vous exp\u00e9diiez une petite enveloppe, un exc\u00e9dent de bagages, un conteneur rempli de marchandises ou que vous d\u00e9m\u00e9nagiez \u00e0 l'\u00e9tranger, 121 Air Sea Cargo vous offre des services logistiques de premier ordre.<\/p>\n<p> Nous sommes fiers d'offrir \u00e0 nos clients un SERVICE DE PREMI\u00c8RE CLASSE, une FIABILIT\u00c9 et des \u00c9CONOMIES INCROYABLES sur notre gamme vari\u00e9e de services de gestion du fret international.<\/p>\n<p><strong>Services suppl\u00e9mentaires :<\/strong><\/p>\n<p>Aucune liste<\/p>\n<p><strong>Adresse :<\/strong> 18-24 Brighton Rd, South Croydon CR2 6AA<\/p>\n<p><a href=\"https:\/\/www.121airseacargo.com\/\" target=\"_new\" rel=\"noopener\">Site web de 121 Air Sea Cargo Ltd<\/a><\/p>\n<p><strong>Note d'examen : <\/strong>4.6<br \/> <strong>Nombre d'\u00e9valuations :<\/strong> 9<br \/><a href=\"https:\/\/www.google.co.uk\/maps?cid=11818412571019939437&#038;hl=en&#038;gl=GB\" target=\"_new\" rel=\"noopener\">Lire les commentaires<\/a><\/p>\n<h2>Comment nous avons s\u00e9lectionn\u00e9 les meilleurs transitaires de South Croydon<\/h2>\n<p>Nous avons commenc\u00e9 avec un ensemble de donn\u00e9es de 1 entreprises de transport de fret de South Croydon que nous avons pu trouver via Google Maps et nous avons r\u00e9duit le nombre \u00e0 1.<\/p>\n<p>Pour ce faire, nous avons supprim\u00e9 toutes les entreprises qui<\/p>\n<ul>\n<li> N'avait pas de site web<\/li>\n<li> N'a fait l'objet d'aucune critique<\/li>\n<li> A obtenu une note moyenne inf\u00e9rieure \u00e0 2,0<\/li>\n<\/ul>\n<p>\u00c0 ce stade, si nous avions 17 transitaires ou moins, nous les avons tous r\u00e9pertori\u00e9s.<\/p>\n<p>Pour les villes o\u00f9 il restait plus de 17 transitaires, nous avons proc\u00e9d\u00e9 \u00e0 d'autres r\u00e9visions en augmentant la note requise (par exemple, en passant d'un minimum de 2,0 \u00e0 4,0) et\/ou en augmentant le nombre minimum d'\u00e9valuations requises (par exemple, en passant d'au moins 1 \u00e9valuation \u00e0 au moins 10).<\/p>\n<p>Il est \u00e0 noter que nous n'avons utilis\u00e9 que les donn\u00e9es d'\u00e9valuation de Google Maps et pas celles d'autres sites web tiers.<\/p>\n<p>Plus de villes :<\/p>\n<p><a href=\"https:\/\/moverdb.com\/fr\/transporteur-de-marchandises\/freight-forwarding-uk\/oakham-freight-forwarder\/\">Transitaire Oakham<\/a><br \/><a href=\"https:\/\/moverdb.com\/fr\/transporteur-de-marchandises\/freight-forwarding-uk\/bedford-freight-forwarder\/\">Transitaire Bedford<\/a><br \/><a href=\"https:\/\/moverdb.com\/fr\/transporteur-de-marchandises\/freight-forwarding-uk\/doncaster-freight-forwarder\/\">Transitaire Doncaster<\/a><br \/><a href=\"https:\/\/moverdb.com\/fr\/transporteur-de-marchandises\/freight-forwarding-uk\/camberley-freight-forwarder\/\">Transitaire Camberley<\/a><br \/><a href=\"https:\/\/moverdb.com\/fr\/transporteur-de-marchandises\/freight-forwarding-uk\/oldham-freight-forwarder\/\">Transitaire Oldham<\/a><\/p>","protected":false},"excerpt":{"rendered":"<p>Below we look at the 1 &#8220;best&#8221; Freight Forwarding companies in South Croydon out of 1. To learn more about how we chose the best please consult our FAQ section at the end. Please not the following listings are in no particular order and we are not making any recommendations for any particular company. 121 [&hellip;]<\/p>\n","protected":false},"author":1,"featured_media":0,"parent":13427,"menu_order":0,"comment_status":"open","ping_status":"open","template":"","meta":{"_genesis_hide_title":false,"_genesis_hide_breadcrumbs":false,"_genesis_hide_singular_image":false,"_genesis_hide_footer_widgets":false,"_genesis_custom_body_class":"","_genesis_custom_post_class":"","_genesis_layout":"","footnotes":""},"class_list":{"0":"post-14364","1":"page","2":"type-page","3":"status-publish","5":"entry"},"_links":{"self":[{"href":"https:\/\/moverdb.com\/fr\/wp-json\/wp\/v2\/pages\/14364","targetHints":{"allow":["GET"]}}],"collection":[{"href":"https:\/\/moverdb.com\/fr\/wp-json\/wp\/v2\/pages"}],"about":[{"href":"https:\/\/moverdb.com\/fr\/wp-json\/wp\/v2\/types\/page"}],"author":[{"embeddable":true,"href":"https:\/\/moverdb.com\/fr\/wp-json\/wp\/v2\/users\/1"}],"replies":[{"embeddable":true,"href":"https:\/\/moverdb.com\/fr\/wp-json\/wp\/v2\/comments?post=14364"}],"version-history":[{"count":1,"href":"https:\/\/moverdb.com\/fr\/wp-json\/wp\/v2\/pages\/14364\/revisions"}],"predecessor-version":[{"id":15640,"href":"https:\/\/moverdb.com\/fr\/wp-json\/wp\/v2\/pages\/14364\/revisions\/15640"}],"up":[{"embeddable":true,"href":"https:\/\/moverdb.com\/fr\/wp-json\/wp\/v2\/pages\/13427"}],"wp:attachment":[{"href":"https:\/\/moverdb.com\/fr\/wp-json\/wp\/v2\/media?parent=14364"}],"curies":[{"name":"wp","href":"https:\/\/api.w.org\/{rel}","templated":true}]}}