{"id":14325,"date":"2023-11-08T15:56:13","date_gmt":"2023-11-08T15:56:13","guid":{"rendered":"https:\/\/moverdb.com\/freight-forwarder\/freight-forwarding-uk\/chesterfield-freight-forwarder\/"},"modified":"2026-01-08T14:51:09","modified_gmt":"2026-01-08T14:51:09","slug":"chesterfield-freight-forwarder","status":"publish","type":"page","link":"https:\/\/moverdb.com\/fr\/freight-forwarder\/freight-forwarding-uk\/chesterfield-freight-forwarder\/","title":{"rendered":"1 Les meilleurs transitaires de Chesterfield (2024)"},"content":{"rendered":"<p>Ci-dessous, nous examinons les 1 <em>\"meilleur\"<\/em> Entreprises de transport de marchandises \u00e0 Chesterfield sur 2.<\/p>\n<p>Pour en savoir plus sur la mani\u00e8re dont nous avons choisi les meilleurs, veuillez consulter notre section FAQ \u00e0 la fin.<\/p>\n<p><em>Veuillez noter que les listes suivantes ne sont pas class\u00e9es dans un ordre particulier et que nous ne recommandons aucune entreprise en particulier.<\/em><\/p>\n<h2>Elite Shipping UK Ltd<\/h2>\n<p><img decoding=\"async\" src=\"https:\/\/moverdb.com\/wp-content\/uploads\/AF1QipN1Z9sM10elCmp5bVyr3GDPtofJ65vXL1zS_EEmw408-h306-k-no.jpg\" alt='Elite Shipping UK Ltd' class=\"aligncenter\"><\/p>\n<p><strong>Description de l'entreprise : <\/strong>Aucune n'est fournie<\/p>\n<p><strong>Services suppl\u00e9mentaires :<\/strong><\/p>\n<p>Service de conteneurs<\/p>\n<p>Soci\u00e9t\u00e9 de livraison<\/p>\n<p>Industrie des \u00e9quipements de transport maritime<\/p>\n<p>Service d'exp\u00e9dition<\/p>\n<p><a href=\"https:\/\/moverdb.com\/fr\/car-transport-shipping\/\" data-internallinksmanager029f6b8e52c=\"2\" title=\"2026 Devis pour le transport international de voitures et l&#039;exp\u00e9dition de v\u00e9hicules\">Exp\u00e9dition de v\u00e9hicules<\/a> agent<\/p>\n<p><strong>Adresse :<\/strong> 1 Stand Rd, Whittington Moor, Chesterfield S41 8SW<\/p>\n<p><a href=\"http:\/\/www.eliteshipping.co.uk\/\" target=\"_new\" rel=\"noopener\">Site web d'Elite Shipping UK Ltd<\/a><\/p>\n<p><strong>Note d'examen : <\/strong>4.8<br \/> <strong>Nombre d'\u00e9valuations :<\/strong> 4<br \/><a href=\"https:\/\/www.google.co.uk\/maps?cid=12435735595027552047&#038;hl=en&#038;gl=GB\" target=\"_new\" rel=\"noopener\">Lire les commentaires<\/a><\/p>\n<h2>Comment nous avons s\u00e9lectionn\u00e9 les meilleurs transitaires de Chesterfield<\/h2>\n<p>Nous avons commenc\u00e9 avec un ensemble de donn\u00e9es de 2 entreprises de transport de marchandises de Chesterfield que nous avons pu trouver via Google Maps et nous avons r\u00e9duit le nombre \u00e0 la meilleure 1.<\/p>\n<p>Pour ce faire, nous avons supprim\u00e9 toutes les entreprises qui<\/p>\n<ul>\n<li> N'avait pas de site web<\/li>\n<li> N'a fait l'objet d'aucune critique<\/li>\n<li> A obtenu une note moyenne inf\u00e9rieure \u00e0 2,0<\/li>\n<\/ul>\n<p>\u00c0 ce stade, si nous avions 17 transitaires ou moins, nous les avons tous r\u00e9pertori\u00e9s.<\/p>\n<p>Pour les villes o\u00f9 il restait plus de 17 transitaires, nous avons proc\u00e9d\u00e9 \u00e0 d'autres r\u00e9visions en augmentant la note requise (par exemple, en passant d'un minimum de 2,0 \u00e0 4,0) et\/ou en augmentant le nombre minimum d'\u00e9valuations requises (par exemple, en passant d'au moins 1 \u00e9valuation \u00e0 au moins 10).<\/p>\n<p>Il est \u00e0 noter que nous n'avons utilis\u00e9 que les donn\u00e9es d'\u00e9valuation de Google Maps et pas celles d'autres sites web tiers.<\/p>\n<p>Plus de villes :<\/p>\n<p><a href=\"https:\/\/moverdb.com\/fr\/transporteur-de-marchandises\/freight-forwarding-uk\/cupar-freight-forwarder\/\">Transitaire Cupar<\/a><br \/><a href=\"https:\/\/moverdb.com\/fr\/transporteur-de-marchandises\/freight-forwarding-uk\/wythenshawe,-freight-forwarder\/\">Wythenshawe, Transitaire<\/a><br \/><a href=\"https:\/\/moverdb.com\/fr\/transporteur-de-marchandises\/freight-forwarding-uk\/bishop%26\/#039;s-stortford-freight-forwarder\/\">Transitaire de Bishop's Stortford<\/a><br \/><a href=\"https:\/\/moverdb.com\/fr\/transporteur-de-marchandises\/freight-forwarding-uk\/saint-neots-freight-forwarder\/\">Saint Neots Freight Forwarder<\/a><br \/><a href=\"https:\/\/moverdb.com\/fr\/transporteur-de-marchandises\/freight-forwarding-uk\/blackburn-freight-forwarder\/\">Transitaire Blackburn<\/a><\/p>","protected":false},"excerpt":{"rendered":"<p>Below we look at the 1 &#8220;best&#8221; Freight Forwarding companies in Chesterfield out of 2. To learn more about how we chose the best please consult our FAQ section at the end. Please not the following listings are in no particular order and we are not making any recommendations for any particular company. Elite Shipping [&hellip;]<\/p>\n","protected":false},"author":1,"featured_media":0,"parent":13427,"menu_order":0,"comment_status":"open","ping_status":"open","template":"","meta":{"_genesis_hide_title":false,"_genesis_hide_breadcrumbs":false,"_genesis_hide_singular_image":false,"_genesis_hide_footer_widgets":false,"_genesis_custom_body_class":"","_genesis_custom_post_class":"","_genesis_layout":"","footnotes":""},"class_list":{"0":"post-14325","1":"page","2":"type-page","3":"status-publish","5":"entry"},"_links":{"self":[{"href":"https:\/\/moverdb.com\/fr\/wp-json\/wp\/v2\/pages\/14325","targetHints":{"allow":["GET"]}}],"collection":[{"href":"https:\/\/moverdb.com\/fr\/wp-json\/wp\/v2\/pages"}],"about":[{"href":"https:\/\/moverdb.com\/fr\/wp-json\/wp\/v2\/types\/page"}],"author":[{"embeddable":true,"href":"https:\/\/moverdb.com\/fr\/wp-json\/wp\/v2\/users\/1"}],"replies":[{"embeddable":true,"href":"https:\/\/moverdb.com\/fr\/wp-json\/wp\/v2\/comments?post=14325"}],"version-history":[{"count":1,"href":"https:\/\/moverdb.com\/fr\/wp-json\/wp\/v2\/pages\/14325\/revisions"}],"predecessor-version":[{"id":15553,"href":"https:\/\/moverdb.com\/fr\/wp-json\/wp\/v2\/pages\/14325\/revisions\/15553"}],"up":[{"embeddable":true,"href":"https:\/\/moverdb.com\/fr\/wp-json\/wp\/v2\/pages\/13427"}],"wp:attachment":[{"href":"https:\/\/moverdb.com\/fr\/wp-json\/wp\/v2\/media?parent=14325"}],"curies":[{"name":"wp","href":"https:\/\/api.w.org\/{rel}","templated":true}]}}