{"id":14266,"date":"2023-11-08T15:55:37","date_gmt":"2023-11-08T15:55:37","guid":{"rendered":"https:\/\/moverdb.com\/freight-forwarder\/freight-forwarding-uk\/ludlow-freight-forwarder\/"},"modified":"2026-01-08T14:52:02","modified_gmt":"2026-01-08T14:52:02","slug":"ludlow-freight-forwarder","status":"publish","type":"page","link":"https:\/\/moverdb.com\/fr\/freight-forwarder\/freight-forwarding-uk\/ludlow-freight-forwarder\/","title":{"rendered":"1 Les meilleurs transitaires de Ludlow (2024)"},"content":{"rendered":"<p>Ci-dessous, nous examinons les 1 <em>\"meilleur\"<\/em> Entreprises de transport de marchandises \u00e0 Ludlow sur 1.<\/p>\n<p>Pour en savoir plus sur la mani\u00e8re dont nous avons choisi les meilleurs, veuillez consulter notre section FAQ \u00e0 la fin.<\/p>\n<p><em>Veuillez noter que les listes suivantes ne sont pas class\u00e9es dans un ordre particulier et que nous ne recommandons aucune entreprise en particulier.<\/em><\/p>\n<h2>Holland &amp; Stockford Ltd<\/h2>\n<p><img decoding=\"async\" src=\"https:\/\/moverdb.com\/wp-content\/uploads\/AF1QipMM62ITFScyuGEv4X48Ny0uRb_q-gcbhUgIp_TXw408-h271-k-no.jpg\" alt='Holland &amp; Stockford Ltd' class=\"aligncenter\"><\/p>\n<p><strong>Description de l'entreprise : <\/strong>FRET ROUTIER<br \/>\nToutes les destinations sont couvertes par tous les types de v\u00e9hicules et d'\u00e9quipements ; nous pouvons fournir des chargements complets, des chargements consolid\u00e9s ou des fourgonnettes express.<\/p>\n<p> Si vous avez besoin de services suppl\u00e9mentaires pour vos envois, par exemple des hayons \u00e9l\u00e9vateurs, des ADR d\u00e9di\u00e9s, pr\u00e9cisez-le.<\/p>\n<p>Nous proposons \u00e9galement un service de remorque sans escale, de porte \u00e0 porte, sur les itin\u00e9raires d'importation et d'exportation.<\/p>\n<p> Ils sont disponibles 24 heures sur 24 pour garantir le respect des d\u00e9lais.<\/p>\n<p>Les envois hors gabarit peuvent \u00eatre pris en charge dans toute l'Europe.<\/p>\n<p> Cela comprend les permis de construire des routes et des ponts et les escortes polici\u00e8res, le cas \u00e9ch\u00e9ant.<\/p>\n<p> Nous organisons ce service depuis la demande initiale jusqu'\u00e0 la livraison finale, en obtenant toutes les autorisations l\u00e9gales n\u00e9cessaires et en veillant \u00e0 ce que l'itin\u00e9raire choisi tienne compte de la longueur, de la largeur et de la hauteur de la cargaison.<\/p>\n<p><strong>Services suppl\u00e9mentaires :<\/strong><\/p>\n<p>Aucune liste<\/p>\n<p><strong>Adresse :<\/strong> Orleton Rd, Ludlow SY8 1XF<\/p>\n<p><a href=\"https:\/\/hollandandstockfordltd.co.uk\/\" target=\"_new\" rel=\"noopener\">Site web de Holland &amp; Stockford Ltd<\/a><\/p>\n<p><strong>Note d'examen : <\/strong>3.7<br \/> <strong>Nombre d'\u00e9valuations :<\/strong> 3<br \/><a href=\"https:\/\/www.google.co.uk\/maps?cid=10598703875824514720&#038;hl=en&#038;gl=GB\" target=\"_new\" rel=\"noopener\">Lire les commentaires<\/a><\/p>\n<h2>Comment nous avons s\u00e9lectionn\u00e9 les meilleurs transitaires de Ludlow<\/h2>\n<p>Nous avons commenc\u00e9 avec un ensemble de donn\u00e9es de 1 entreprises de transport de Ludlow que nous avons pu trouver via Google Maps et nous avons r\u00e9duit le nombre \u00e0 1.<\/p>\n<p>Pour ce faire, nous avons supprim\u00e9 toutes les entreprises qui<\/p>\n<ul>\n<li> N'avait pas de site web<\/li>\n<li> N'a fait l'objet d'aucune critique<\/li>\n<li> A obtenu une note moyenne inf\u00e9rieure \u00e0 2,0<\/li>\n<\/ul>\n<p>\u00c0 ce stade, si nous avions 17 transitaires ou moins, nous les avons tous r\u00e9pertori\u00e9s.<\/p>\n<p>Pour les villes o\u00f9 il restait plus de 17 transitaires, nous avons proc\u00e9d\u00e9 \u00e0 d'autres r\u00e9visions en augmentant la note requise (par exemple, en passant d'un minimum de 2,0 \u00e0 4,0) et\/ou en augmentant le nombre minimum d'\u00e9valuations requises (par exemple, en passant d'au moins 1 \u00e9valuation \u00e0 au moins 10).<\/p>\n<p>Il est \u00e0 noter que nous n'avons utilis\u00e9 que les donn\u00e9es d'\u00e9valuation de Google Maps et pas celles d'autres sites web tiers.<\/p>\n<p>Plus de villes :<\/p>\n<p><a href=\"https:\/\/moverdb.com\/fr\/transporteur-de-marchandises\/freight-forwarding-uk\/skipton-freight-forwarder\/\">Transitaire Skipton<\/a><br \/><a href=\"https:\/\/moverdb.com\/fr\/transporteur-de-marchandises\/freight-forwarding-uk\/corby-freight-forwarder\/\">Transitaire Corby<\/a><br \/><a href=\"https:\/\/moverdb.com\/fr\/transporteur-de-marchandises\/freight-forwarding-uk\/batley-freight-forwarder\/\">Transitaire Batley<\/a><br \/><a href=\"https:\/\/moverdb.com\/fr\/transporteur-de-marchandises\/freight-forwarding-uk\/lutterworth-freight-forwarder\/\">Transitaire Lutterworth<\/a><br \/><a href=\"https:\/\/moverdb.com\/fr\/transporteur-de-marchandises\/freight-forwarding-uk\/stallingborough-freight-forwarder\/\">Transitaire Stallingborough<\/a><\/p>","protected":false},"excerpt":{"rendered":"<p>Below we look at the 1 &#8220;best&#8221; Freight Forwarding companies in Ludlow out of 1. To learn more about how we chose the best please consult our FAQ section at the end. Please not the following listings are in no particular order and we are not making any recommendations for any particular company. Holland &#038; [&hellip;]<\/p>\n","protected":false},"author":1,"featured_media":0,"parent":13427,"menu_order":0,"comment_status":"open","ping_status":"open","template":"","meta":{"_genesis_hide_title":false,"_genesis_hide_breadcrumbs":false,"_genesis_hide_singular_image":false,"_genesis_hide_footer_widgets":false,"_genesis_custom_body_class":"","_genesis_custom_post_class":"","_genesis_layout":"","footnotes":""},"class_list":{"0":"post-14266","1":"page","2":"type-page","3":"status-publish","5":"entry"},"_links":{"self":[{"href":"https:\/\/moverdb.com\/fr\/wp-json\/wp\/v2\/pages\/14266","targetHints":{"allow":["GET"]}}],"collection":[{"href":"https:\/\/moverdb.com\/fr\/wp-json\/wp\/v2\/pages"}],"about":[{"href":"https:\/\/moverdb.com\/fr\/wp-json\/wp\/v2\/types\/page"}],"author":[{"embeddable":true,"href":"https:\/\/moverdb.com\/fr\/wp-json\/wp\/v2\/users\/1"}],"replies":[{"embeddable":true,"href":"https:\/\/moverdb.com\/fr\/wp-json\/wp\/v2\/comments?post=14266"}],"version-history":[{"count":1,"href":"https:\/\/moverdb.com\/fr\/wp-json\/wp\/v2\/pages\/14266\/revisions"}],"predecessor-version":[{"id":15603,"href":"https:\/\/moverdb.com\/fr\/wp-json\/wp\/v2\/pages\/14266\/revisions\/15603"}],"up":[{"embeddable":true,"href":"https:\/\/moverdb.com\/fr\/wp-json\/wp\/v2\/pages\/13427"}],"wp:attachment":[{"href":"https:\/\/moverdb.com\/fr\/wp-json\/wp\/v2\/media?parent=14266"}],"curies":[{"name":"wp","href":"https:\/\/api.w.org\/{rel}","templated":true}]}}