{"id":14210,"date":"2023-11-08T15:55:21","date_gmt":"2023-11-08T15:55:21","guid":{"rendered":"https:\/\/moverdb.com\/freight-forwarder\/freight-forwarding-uk\/knutsford-freight-forwarder\/"},"modified":"2026-01-08T14:51:55","modified_gmt":"2026-01-08T14:51:55","slug":"knutsford-freight-forwarder","status":"publish","type":"page","link":"https:\/\/moverdb.com\/fr\/freight-forwarder\/freight-forwarding-uk\/knutsford-freight-forwarder\/","title":{"rendered":"1 Les meilleurs transitaires de Knutsford (2024)"},"content":{"rendered":"<p>Ci-dessous, nous examinons les 1 <em>\"meilleur\"<\/em> Entreprises de transport de marchandises \u00e0 Knutsford sur 2.<\/p>\n<p>Pour en savoir plus sur la mani\u00e8re dont nous avons choisi les meilleurs, veuillez consulter notre section FAQ \u00e0 la fin.<\/p>\n<p><em>Veuillez noter que les listes suivantes ne sont pas class\u00e9es dans un ordre particulier et que nous ne recommandons aucune entreprise en particulier.<\/em><\/p>\n<h2>Neon Freight Ltd<\/h2>\n<p><img decoding=\"async\" src=\"https:\/\/moverdb.com\/wp-content\/uploads\/AF1QipPlGhATaSacGz_Qy9SANSviq5_q3rfvLiSTUEzEw408-h306-k-no.jpg\" alt='Neon Freight Ltd' class=\"aligncenter\"><\/p>\n<p><strong>Description de l'entreprise : <\/strong>FRET A\u00c9RIEN FRET MARITIME FRET ROUTIER LOGISTIQUE TRANSPORT MARITIME IMPORTATIONS EXPORTATIONS<\/p>\n<p><strong>Services suppl\u00e9mentaires :<\/strong><\/p>\n<p>Aucune liste<\/p>\n<p><strong>Adresse :<\/strong> Suite 8, Hurstwood House, Haig Rd, Parkgate Industrial Estate, Cheshire, Knutsford WA16 8DX<\/p>\n<p><a href=\"http:\/\/www.neonfreight.co.uk\/\" target=\"_new\" rel=\"noopener\">Site web de Neon Freight Ltd<\/a><\/p>\n<p><strong>Note d'examen : <\/strong>5<br \/> <strong>Nombre d'\u00e9valuations :<\/strong> 9<br \/><a href=\"https:\/\/www.google.co.uk\/maps?cid=13482928577082529870&#038;hl=en&#038;gl=GB\" target=\"_new\" rel=\"noopener\">Lire les commentaires<\/a><\/p>\n<h2>Comment nous avons s\u00e9lectionn\u00e9 les meilleurs transitaires de Knutsford<\/h2>\n<p>Nous avons commenc\u00e9 par un ensemble de donn\u00e9es de 2 soci\u00e9t\u00e9s de transport de Knutsford que nous avons trouv\u00e9es sur Google Maps et nous avons r\u00e9duit le nombre \u00e0 la meilleure 1.<\/p>\n<p>Pour ce faire, nous avons supprim\u00e9 toutes les entreprises qui<\/p>\n<ul>\n<li> N'avait pas de site web<\/li>\n<li> N'a fait l'objet d'aucune critique<\/li>\n<li> A obtenu une note moyenne inf\u00e9rieure \u00e0 2,0<\/li>\n<\/ul>\n<p>\u00c0 ce stade, si nous avions 17 transitaires ou moins, nous les avons tous r\u00e9pertori\u00e9s.<\/p>\n<p>Pour les villes o\u00f9 il restait plus de 17 transitaires, nous avons proc\u00e9d\u00e9 \u00e0 d'autres r\u00e9visions en augmentant la note requise (par exemple, en passant d'un minimum de 2,0 \u00e0 4,0) et\/ou en augmentant le nombre minimum d'\u00e9valuations requises (par exemple, en passant d'au moins 1 \u00e9valuation \u00e0 au moins 10).<\/p>\n<p>Il est \u00e0 noter que nous n'avons utilis\u00e9 que les donn\u00e9es d'\u00e9valuation de Google Maps et pas celles d'autres sites web tiers.<\/p>\n<p>Plus de villes :<\/p>\n<p><a href=\"https:\/\/moverdb.com\/fr\/transporteur-de-marchandises\/freight-forwarding-uk\/woking-freight-forwarder\/\">Transitaire de Woking<\/a><br \/><a href=\"https:\/\/moverdb.com\/fr\/transporteur-de-marchandises\/freight-forwarding-uk\/launceston-freight-forwarder\/\">Transitaire Launceston<\/a><br \/><a href=\"https:\/\/moverdb.com\/fr\/transporteur-de-marchandises\/freight-forwarding-uk\/saltash-freight-forwarder\/\">Transitaire Saltash<\/a><br \/><a href=\"https:\/\/moverdb.com\/fr\/transporteur-de-marchandises\/freight-forwarding-uk\/coalville-freight-forwarder\/\">Transitaire Coalville<\/a><br \/><a href=\"https:\/\/moverdb.com\/fr\/transporteur-de-marchandises\/freight-forwarding-uk\/sidcup-freight-forwarder\/\">Transitaire Sidcup<\/a><\/p>","protected":false},"excerpt":{"rendered":"<p>Below we look at the 1 &#8220;best&#8221; Freight Forwarding companies in Knutsford out of 2. To learn more about how we chose the best please consult our FAQ section at the end. Please not the following listings are in no particular order and we are not making any recommendations for any particular company. Neon Freight [&hellip;]<\/p>\n","protected":false},"author":1,"featured_media":0,"parent":13427,"menu_order":0,"comment_status":"open","ping_status":"open","template":"","meta":{"_genesis_hide_title":false,"_genesis_hide_breadcrumbs":false,"_genesis_hide_singular_image":false,"_genesis_hide_footer_widgets":false,"_genesis_custom_body_class":"","_genesis_custom_post_class":"","_genesis_layout":"","footnotes":""},"class_list":{"0":"post-14210","1":"page","2":"type-page","3":"status-publish","5":"entry"},"_links":{"self":[{"href":"https:\/\/moverdb.com\/fr\/wp-json\/wp\/v2\/pages\/14210","targetHints":{"allow":["GET"]}}],"collection":[{"href":"https:\/\/moverdb.com\/fr\/wp-json\/wp\/v2\/pages"}],"about":[{"href":"https:\/\/moverdb.com\/fr\/wp-json\/wp\/v2\/types\/page"}],"author":[{"embeddable":true,"href":"https:\/\/moverdb.com\/fr\/wp-json\/wp\/v2\/users\/1"}],"replies":[{"embeddable":true,"href":"https:\/\/moverdb.com\/fr\/wp-json\/wp\/v2\/comments?post=14210"}],"version-history":[{"count":1,"href":"https:\/\/moverdb.com\/fr\/wp-json\/wp\/v2\/pages\/14210\/revisions"}],"predecessor-version":[{"id":15596,"href":"https:\/\/moverdb.com\/fr\/wp-json\/wp\/v2\/pages\/14210\/revisions\/15596"}],"up":[{"embeddable":true,"href":"https:\/\/moverdb.com\/fr\/wp-json\/wp\/v2\/pages\/13427"}],"wp:attachment":[{"href":"https:\/\/moverdb.com\/fr\/wp-json\/wp\/v2\/media?parent=14210"}],"curies":[{"name":"wp","href":"https:\/\/api.w.org\/{rel}","templated":true}]}}