{"id":14177,"date":"2023-11-08T15:55:01","date_gmt":"2023-11-08T15:55:01","guid":{"rendered":"https:\/\/moverdb.com\/freight-forwarder\/freight-forwarding-uk\/salford-freight-forwarder\/"},"modified":"2026-01-08T14:58:30","modified_gmt":"2026-01-08T14:58:30","slug":"salford-freight-forwarder","status":"publish","type":"page","link":"https:\/\/moverdb.com\/fr\/freight-forwarder\/freight-forwarding-uk\/salford-freight-forwarder\/","title":{"rendered":"2 Meilleures entreprises de transport de marchandises de Salford (2024)"},"content":{"rendered":"<p>Ci-dessous, nous examinons les 2 <em>\"meilleur\"<\/em> Entreprises de transport de marchandises \u00e0 Salford sur 4.<\/p>\n<p>Pour en savoir plus sur la mani\u00e8re dont nous avons choisi les meilleurs, veuillez consulter notre section FAQ \u00e0 la fin.<\/p>\n<p><em>Veuillez noter que les listes suivantes ne sont pas class\u00e9es dans un ordre particulier et que nous ne recommandons aucune entreprise en particulier.<\/em><\/p>\n<h2>Warton Freight Services Northern Ltd<\/h2>\n<p><img decoding=\"async\" src=\"https:\/\/moverdb.com\/wp-content\/uploads\/AF1QipP5vg9UtVRKnaktzJ7hZaMYUqmdNda2n3M2IC0Pw408-h408-k-no.jpg\" alt='Warton Freight Services Northern Ltd' class=\"aligncenter\"><\/p>\n<p><strong>Description de l'entreprise : <\/strong>Aucune n'est fournie<\/p>\n<p><strong>Services suppl\u00e9mentaires :<\/strong><\/p>\n<p>Aucune liste<\/p>\n<p><strong>Adresse :<\/strong> 9 Worrall St, Salford M5 4TH<\/p>\n<p><a href=\"https:\/\/wartonfreightnorthern.co.uk\/\" target=\"_new\" rel=\"noopener\">Site web de Warton Freight Services Northern Ltd<\/a><\/p>\n<p><strong>Note d'examen : <\/strong>4.2<br \/> <strong>Nombre d'\u00e9valuations :<\/strong> 6<br \/><a href=\"https:\/\/www.google.co.uk\/maps?cid=13341298722638209777&#038;hl=en&#038;gl=GB\" target=\"_new\" rel=\"noopener\">Lire les commentaires<\/a><\/p>\n<h2>Connexions BSM<\/h2>\n<p><img decoding=\"async\" src=\"https:\/\/moverdb.com\/wp-content\/uploads\/AF1QipPEdmQkHU9nn4ji6Sh3iybPqilGKaZv378SEG1Hw408-h285-k-no.jpg\" alt='Connexions BSM' class=\"aligncenter\"><\/p>\n<p><strong>Description de l'entreprise : <\/strong>Une solution \u00e0 guichet unique.<\/p>\n<p> Notre personnel amical est l\u00e0 pour veiller \u00e0 ce que votre envoi soit effectu\u00e9 dans les d\u00e9lais et dans le respect du budget.<\/p>\n<p>BSM Connections s'engage dans le transport a\u00e9rien et maritime professionnel et s'efforce de fournir \u00e0 ses clients des services d'excellente qualit\u00e9 et d'une grande efficacit\u00e9.<\/p>\n<p> Nous avons \u00e9tabli des relations de coop\u00e9ration \u00e0 long terme avec de nombreuses grandes compagnies maritimes et a\u00e9riennes, de sorte que nous pouvons non seulement vous assurer un prix avantageux, mais aussi garantir la stabilit\u00e9 des horaires d'exp\u00e9dition et de l'espace de fret.<\/p>\n<p><strong>Services suppl\u00e9mentaires :<\/strong><\/p>\n<p>Aucune liste<\/p>\n<p><strong>Adresse :<\/strong> 21 Whitsun Ave, Salford M7 1AJ<\/p>\n<p><a href=\"https:\/\/www.bsmconnections.com\/\" target=\"_new\" rel=\"noopener\">Site web de BSM Connections<\/a><\/p>\n<p><strong>Note d'examen : <\/strong>5<br \/> <strong>Nombre d'\u00e9valuations :<\/strong> 7<br \/><a href=\"https:\/\/www.google.co.uk\/maps?cid=16767173844370242721&#038;hl=en&#038;gl=GB\" target=\"_new\" rel=\"noopener\">Lire les commentaires<\/a><\/p>\n<h2>Comment nous avons s\u00e9lectionn\u00e9 les meilleurs transitaires de Salford<\/h2>\n<p>Nous avons commenc\u00e9 par un ensemble de donn\u00e9es de 4 entreprises de transport de fret de Salford que nous avons pu trouver sur Google Maps et nous avons r\u00e9duit le nombre de ces entreprises aux 2 meilleures.<\/p>\n<p>Pour ce faire, nous avons supprim\u00e9 toutes les entreprises qui<\/p>\n<ul>\n<li> N'avait pas de site web<\/li>\n<li> N'a fait l'objet d'aucune critique<\/li>\n<li> A obtenu une note moyenne inf\u00e9rieure \u00e0 2,0<\/li>\n<\/ul>\n<p>\u00c0 ce stade, si nous avions 17 transitaires ou moins, nous les avons tous r\u00e9pertori\u00e9s.<\/p>\n<p>Pour les villes o\u00f9 il restait plus de 17 transitaires, nous avons proc\u00e9d\u00e9 \u00e0 d'autres r\u00e9visions en augmentant la note requise (par exemple, en passant d'un minimum de 2,0 \u00e0 4,0) et\/ou en augmentant le nombre minimum d'\u00e9valuations requises (par exemple, en passant d'au moins 1 \u00e9valuation \u00e0 au moins 10).<\/p>\n<p>Il est \u00e0 noter que nous n'avons utilis\u00e9 que les donn\u00e9es d'\u00e9valuation de Google Maps et pas celles d'autres sites web tiers.<\/p>\n<p>Plus de villes :<\/p>\n<p><a href=\"https:\/\/moverdb.com\/fr\/transporteur-de-marchandises\/freight-forwarding-uk\/lichfield-freight-forwarder\/\">Transitaire Lichfield<\/a><br \/><a href=\"https:\/\/moverdb.com\/fr\/transporteur-de-marchandises\/freight-forwarding-uk\/castlederg-freight-forwarder\/\">Transitaire Castlederg<\/a><br \/><a href=\"https:\/\/moverdb.com\/fr\/transporteur-de-marchandises\/freight-forwarding-uk\/great-blakenham-freight-forwarder\/\">Transitaire du Grand Blakenham<\/a><br \/><a href=\"https:\/\/moverdb.com\/fr\/transporteur-de-marchandises\/freight-forwarding-uk\/bexleyheath-freight-forwarder\/\">Transitaire Bexleyheath<\/a><br \/><a href=\"https:\/\/moverdb.com\/fr\/transporteur-de-marchandises\/freight-forwarding-uk\/immingham-freight-forwarder\/\">Immingham Freight Forwarder<\/a><\/p>","protected":false},"excerpt":{"rendered":"<p>Below we look at the 2 &#8220;best&#8221; Freight Forwarding companies in Salford out of 4. To learn more about how we chose the best please consult our FAQ section at the end. Please not the following listings are in no particular order and we are not making any recommendations for any particular company. Warton Freight [&hellip;]<\/p>\n","protected":false},"author":1,"featured_media":0,"parent":13427,"menu_order":0,"comment_status":"open","ping_status":"open","template":"","meta":{"_genesis_hide_title":false,"_genesis_hide_breadcrumbs":false,"_genesis_hide_singular_image":false,"_genesis_hide_footer_widgets":false,"_genesis_custom_body_class":"","_genesis_custom_post_class":"","_genesis_layout":"","footnotes":""},"class_list":{"0":"post-14177","1":"page","2":"type-page","3":"status-publish","5":"entry"},"_links":{"self":[{"href":"https:\/\/moverdb.com\/fr\/wp-json\/wp\/v2\/pages\/14177","targetHints":{"allow":["GET"]}}],"collection":[{"href":"https:\/\/moverdb.com\/fr\/wp-json\/wp\/v2\/pages"}],"about":[{"href":"https:\/\/moverdb.com\/fr\/wp-json\/wp\/v2\/types\/page"}],"author":[{"embeddable":true,"href":"https:\/\/moverdb.com\/fr\/wp-json\/wp\/v2\/users\/1"}],"replies":[{"embeddable":true,"href":"https:\/\/moverdb.com\/fr\/wp-json\/wp\/v2\/comments?post=14177"}],"version-history":[{"count":1,"href":"https:\/\/moverdb.com\/fr\/wp-json\/wp\/v2\/pages\/14177\/revisions"}],"predecessor-version":[{"id":15744,"href":"https:\/\/moverdb.com\/fr\/wp-json\/wp\/v2\/pages\/14177\/revisions\/15744"}],"up":[{"embeddable":true,"href":"https:\/\/moverdb.com\/fr\/wp-json\/wp\/v2\/pages\/13427"}],"wp:attachment":[{"href":"https:\/\/moverdb.com\/fr\/wp-json\/wp\/v2\/media?parent=14177"}],"curies":[{"name":"wp","href":"https:\/\/api.w.org\/{rel}","templated":true}]}}