{"id":14174,"date":"2023-11-08T15:55:01","date_gmt":"2023-11-08T15:55:01","guid":{"rendered":"https:\/\/moverdb.com\/freight-forwarder\/freight-forwarding-uk\/sale-freight-forwarder\/"},"modified":"2026-01-08T14:58:29","modified_gmt":"2026-01-08T14:58:29","slug":"sale-freight-forwarder","status":"publish","type":"page","link":"https:\/\/moverdb.com\/fr\/freight-forwarder\/freight-forwarding-uk\/sale-freight-forwarder\/","title":{"rendered":"2 Meilleure vente Soci\u00e9t\u00e9s de transport de marchandises (2024)"},"content":{"rendered":"<p>Ci-dessous, nous examinons les 2 <em>\"meilleur\"<\/em> Entreprises de transport de marchandises \u00e0 Sale sur 3.<\/p>\n<p>Pour en savoir plus sur la mani\u00e8re dont nous avons choisi les meilleurs, veuillez consulter notre section FAQ \u00e0 la fin.<\/p>\n<p><em>Veuillez noter que les listes suivantes ne sont pas class\u00e9es dans un ordre particulier et que nous ne recommandons aucune entreprise en particulier.<\/em><\/p>\n<h2>LK Shipping UK LTD<\/h2>\n<p><img decoding=\"async\" src=\"https:\/\/moverdb.com\/wp-content\/uploads\/AF1QipN4q5M3f3YnnvKiRsukiMsuTiRp0w4PT4AVyWGMw602-h240-k-no.jpg\" alt='LK Shipping UK LTD' class=\"aligncenter\"><\/p>\n<p><strong>Description de l'entreprise : <\/strong>LK Shipping <a href=\"https:\/\/moverdb.com\/fr\/moving-to-the-uk\/\" data-internallinksmanager029f6b8e52c=\"93\" title=\"Vous partez au Royaume-Uni ? 2026 Co\u00fbt de la vie et conseils de relocalisation\">ROYAUME-UNI<\/a> LTD est une soci\u00e9t\u00e9 d'exp\u00e9dition de fret qui fournit des services de fret du Royaume-Uni vers le Sri Lanka.<\/p>\n<p> Notre objectif principal est de fournir un service excellent, professionnel et efficace \u00e0 nos pr\u00e9cieux clients.<\/p>\n<p> Notre action s'\u00e9tend \u00e0 notre communaut\u00e9 sri-lankaise qui vit \u00e0 l'extr\u00e9mit\u00e9 d'Aberdeen en \u00c9cosse jusqu'\u00e0 Point Pedro \u00e0 Jaffna au Sri Lanka.<\/p>\n<p> Nous sommes fiers de dire que, m\u00eame pendant la p\u00e9riode de fermeture du monde, notre \u00e9quipe a fait de son mieux pour mener \u00e0 bien l'op\u00e9ration sans le moindre accroc.<\/p>\n<p> Nonobstant les diverses difficult\u00e9s auxquelles nous sommes confront\u00e9s chaque jour dans le cadre de nos activit\u00e9s, nous prenons notre travail tr\u00e8s au s\u00e9rieux et le consid\u00e9rons comme un service que nous rendons \u00e0 nos pr\u00e9cieux clients, car c'est VOTRE LIVRAISON, NOTRE PASSION.<\/p>\n<p>.<\/p>\n<p>.<\/p>\n<p><strong>Services suppl\u00e9mentaires :<\/strong><\/p>\n<p>Aucune liste<\/p>\n<p><strong>Adresse :<\/strong> 289 Norris Rd, Sale M33 2UN<\/p>\n<p><a href=\"https:\/\/www.lkshipping.co.uk\/\" target=\"_new\" rel=\"noopener\">Site web de LK Shipping UK LTD<\/a><\/p>\n<p><strong>Note d'examen : <\/strong>4.7<br \/> <strong>Nombre d'\u00e9valuations :<\/strong> 86<br \/><a href=\"https:\/\/www.google.co.uk\/maps?cid=14364698465914922896&#038;hl=en&#038;gl=GB\" target=\"_new\" rel=\"noopener\">Lire les commentaires<\/a><\/p>\n<h2>M &amp; W Freight Ltd<\/h2>\n<p><img decoding=\"async\" src=\"https:\/\/moverdb.com\/wp-content\/uploads\/thumbnailpanoidOqvFBOtvNBt6aiATYCnIyAcb_clientsearch.gws-prod.gpsw408h240yaw41.jpg\" alt='M &amp; W Freight Ltd' class=\"aligncenter\"><\/p>\n<p><strong>Description de l'entreprise : <\/strong>Aucune n'est fournie<\/p>\n<p><strong>Services suppl\u00e9mentaires :<\/strong><\/p>\n<p>Aucune liste<\/p>\n<p><strong>Adresse :<\/strong> Mirwell House, Carrington Ln, Sale M33 5NL<\/p>\n<p><a href=\"http:\/\/www.mwfreight.co.uk\/\" target=\"_new\" rel=\"noopener\">Site web de M &amp; W Freight Ltd<\/a><\/p>\n<p><strong>Note d'examen : <\/strong>5<br \/> <strong>Nombre d'\u00e9valuations :<\/strong> 2<br \/><a href=\"https:\/\/www.google.co.uk\/maps?cid=4026578439507615308&#038;hl=en&#038;gl=GB\" target=\"_new\" rel=\"noopener\">Lire les commentaires<\/a><\/p>\n<h2>Comment nous avons s\u00e9lectionn\u00e9 les meilleurs transitaires de vente<\/h2>\n<p>Nous sommes partis d'un ensemble de donn\u00e9es de 3 soci\u00e9t\u00e9s de transport de marchandises en vente que nous avons trouv\u00e9es sur Google Maps et nous avons r\u00e9duit notre liste aux 2 meilleures.<\/p>\n<p>Pour ce faire, nous avons supprim\u00e9 toutes les entreprises qui<\/p>\n<ul>\n<li> N'avait pas de site web<\/li>\n<li> N'a fait l'objet d'aucune critique<\/li>\n<li> A obtenu une note moyenne inf\u00e9rieure \u00e0 2,0<\/li>\n<\/ul>\n<p>\u00c0 ce stade, si nous avions 17 transitaires ou moins, nous les avons tous r\u00e9pertori\u00e9s.<\/p>\n<p>Pour les villes o\u00f9 il restait plus de 17 transitaires, nous avons proc\u00e9d\u00e9 \u00e0 d'autres r\u00e9visions en augmentant la note requise (par exemple, en passant d'un minimum de 2,0 \u00e0 4,0) et\/ou en augmentant le nombre minimum d'\u00e9valuations requises (par exemple, en passant d'au moins 1 \u00e9valuation \u00e0 au moins 10).<\/p>\n<p>Il est \u00e0 noter que nous n'avons utilis\u00e9 que les donn\u00e9es d'\u00e9valuation de Google Maps et pas celles d'autres sites web tiers.<\/p>\n<p>Plus de villes :<\/p>\n<p><a href=\"https:\/\/moverdb.com\/fr\/transporteur-de-marchandises\/freight-forwarding-uk\/salford-freight-forwarder\/\">Transitaire de Salford<\/a><br \/><a href=\"https:\/\/moverdb.com\/fr\/transporteur-de-marchandises\/freight-forwarding-uk\/lichfield-freight-forwarder\/\">Transitaire Lichfield<\/a><br \/><a href=\"https:\/\/moverdb.com\/fr\/transporteur-de-marchandises\/freight-forwarding-uk\/castlederg-freight-forwarder\/\">Transitaire Castlederg<\/a><br \/><a href=\"https:\/\/moverdb.com\/fr\/transporteur-de-marchandises\/freight-forwarding-uk\/great-blakenham-freight-forwarder\/\">Transitaire du Grand Blakenham<\/a><br \/><a href=\"https:\/\/moverdb.com\/fr\/transporteur-de-marchandises\/freight-forwarding-uk\/bexleyheath-freight-forwarder\/\">Transitaire Bexleyheath<\/a><\/p>","protected":false},"excerpt":{"rendered":"<p>Below we look at the 2 &#8220;best&#8221; Freight Forwarding companies in Sale out of 3. To learn more about how we chose the best please consult our FAQ section at the end. Please not the following listings are in no particular order and we are not making any recommendations for any particular company. LK Shipping [&hellip;]<\/p>\n","protected":false},"author":1,"featured_media":0,"parent":13427,"menu_order":0,"comment_status":"open","ping_status":"open","template":"","meta":{"_genesis_hide_title":false,"_genesis_hide_breadcrumbs":false,"_genesis_hide_singular_image":false,"_genesis_hide_footer_widgets":false,"_genesis_custom_body_class":"","_genesis_custom_post_class":"","_genesis_layout":"","footnotes":""},"class_list":{"0":"post-14174","1":"page","2":"type-page","3":"status-publish","5":"entry"},"_links":{"self":[{"href":"https:\/\/moverdb.com\/fr\/wp-json\/wp\/v2\/pages\/14174","targetHints":{"allow":["GET"]}}],"collection":[{"href":"https:\/\/moverdb.com\/fr\/wp-json\/wp\/v2\/pages"}],"about":[{"href":"https:\/\/moverdb.com\/fr\/wp-json\/wp\/v2\/types\/page"}],"author":[{"embeddable":true,"href":"https:\/\/moverdb.com\/fr\/wp-json\/wp\/v2\/users\/1"}],"replies":[{"embeddable":true,"href":"https:\/\/moverdb.com\/fr\/wp-json\/wp\/v2\/comments?post=14174"}],"version-history":[{"count":1,"href":"https:\/\/moverdb.com\/fr\/wp-json\/wp\/v2\/pages\/14174\/revisions"}],"predecessor-version":[{"id":15743,"href":"https:\/\/moverdb.com\/fr\/wp-json\/wp\/v2\/pages\/14174\/revisions\/15743"}],"up":[{"embeddable":true,"href":"https:\/\/moverdb.com\/fr\/wp-json\/wp\/v2\/pages\/13427"}],"wp:attachment":[{"href":"https:\/\/moverdb.com\/fr\/wp-json\/wp\/v2\/media?parent=14174"}],"curies":[{"name":"wp","href":"https:\/\/api.w.org\/{rel}","templated":true}]}}