{"id":14165,"date":"2023-11-08T15:55:01","date_gmt":"2023-11-08T15:55:01","guid":{"rendered":"https:\/\/moverdb.com\/freight-forwarder\/freight-forwarding-uk\/widnes-freight-forwarder\/"},"modified":"2026-01-08T14:58:44","modified_gmt":"2026-01-08T14:58:44","slug":"widnes-freight-forwarder","status":"publish","type":"page","link":"https:\/\/moverdb.com\/fr\/freight-forwarder\/freight-forwarding-uk\/widnes-freight-forwarder\/","title":{"rendered":"2 Meilleures entreprises de transport de marchandises de Widnes (2024)"},"content":{"rendered":"<p>Ci-dessous, nous examinons les 2 <em>\"meilleur\"<\/em> Entreprises de transport de marchandises \u00e0 Widnes sur 3.<\/p>\n<p>Pour en savoir plus sur la mani\u00e8re dont nous avons choisi les meilleurs, veuillez consulter notre section FAQ \u00e0 la fin.<\/p>\n<p><em>Veuillez noter que les listes suivantes ne sont pas class\u00e9es dans un ordre particulier et que nous ne recommandons aucune entreprise en particulier.<\/em><\/p>\n<h2>Karl Schmidt UK Ltd<\/h2>\n<p><img decoding=\"async\" src=\"https:\/\/moverdb.com\/wp-content\/uploads\/AF1QipPUkvBvpcLEOcDqeeu02zsv64jFbNwGzY-7BTAmw408-h272-k-no.jpg\" alt='Karl Schmidt UK Ltd' class=\"aligncenter\"><\/p>\n<p><strong>Description de l'entreprise : <\/strong>L'entreprise familiale SCHMIDT est devenue un prestataire de services de premier plan dans le domaine de la logistique en vrac dans toute l'Europe.<\/p>\n<p> 2 500 employ\u00e9s r\u00e9partis sur 49 sites dans le monde entier offrent un service complet \u00e0 nos clients pour le transport, le stockage et la manutention de marchandises en vrac.<\/p>\n<p> En outre, le groupe SCHMIDT est actif dans la construction d'installations logistiques pour les marchandises en vrac.<\/p>\n<p>Chaque jour, le groupe SCHMIDT traite plus de 1000 ordres de transport.<\/p>\n<p> Plus les commandes en stock et les commandes sp\u00e9ciales sp\u00e9cifiques aux clients.<\/p>\n<p> Notre propre logiciel d'exp\u00e9dition de fret, \u00e0 la pointe de la technologie, permet aux utilisateurs de participer \u00e0 des activit\u00e9s diverses.<\/p>\n<p><strong>Services suppl\u00e9mentaires :<\/strong><\/p>\n<p>Entrep\u00f4t<\/p>\n<p><strong>Adresse :<\/strong> Suite B3 Simms Cross Business Hub, Widnes Rd, Widnes WA8 6AX<\/p>\n<p><a href=\"https:\/\/www.schmidt-heilbronn.de\/en\/\" target=\"_new\" rel=\"noopener\">Site web de Karl Schmidt UK Ltd<\/a><\/p>\n<p><strong>Note d'examen : <\/strong>5<br \/> <strong>Nombre d'\u00e9valuations :<\/strong> 5<br \/><a href=\"https:\/\/www.google.co.uk\/maps?cid=14068972481427444696&#038;hl=en&#038;gl=GB\" target=\"_new\" rel=\"noopener\">Lire les commentaires<\/a><\/p>\n<h2>Hales Freight Widnes<\/h2>\n<p><img decoding=\"async\" src=\"https:\/\/moverdb.com\/wp-content\/uploads\/AF1QipNCEv__6AbTqebw_YX-A0nbPAg7smXwxvelC8aPw408-h331-k-no.jpg\" alt='Hales Freight Widnes' class=\"aligncenter\"><\/p>\n<p><strong>Description de l'entreprise : <\/strong>Avec plus de 40 ans d'exp\u00e9rience dans l'exp\u00e9dition de fret, la logistique et la livraison de palettes \u00e0 destination et en provenance de l'Union europ\u00e9enne, la Commission europ\u00e9enne est en mesure d'offrir un service de qualit\u00e9. <a href=\"https:\/\/moverdb.com\/fr\/moving-to-the-uk\/\" data-internallinksmanager029f6b8e52c=\"93\" title=\"Vous partez au Royaume-Uni ? 2026 Co\u00fbt de la vie et conseils de relocalisation\">ROYAUME-UNI<\/a>, <a href=\"https:\/\/moverdb.com\/fr\/moving-to-ireland\/\" data-internallinksmanager029f6b8e52c=\"320\" title=\"Vous d\u00e9m\u00e9nagez en Irlande ? 2026 Co\u00fbts de la vie et conseils de relocalisation\">Irlande<\/a> et r\u00e9cemment en Europe, notre personnel et nos services sont in\u00e9galables en termes de rapidit\u00e9, de service et de fiabilit\u00e9.<\/p>\n<p><strong>Services suppl\u00e9mentaires :<\/strong><\/p>\n<p>Service logistique<\/p>\n<p>Service de transport<\/p>\n<p><strong>Adresse :<\/strong> Zone industrielle de Gorsey, Johnson's Ln, Widnes WA8 0SJ<\/p>\n<p><a href=\"http:\/\/www.halesfreight.com\/\" target=\"_new\" rel=\"noopener\">Site web de Hales Freight Widnes<\/a><\/p>\n<p><strong>Note d'examen : <\/strong>4.6<br \/> <strong>Nombre d'\u00e9valuations :<\/strong> 13<br \/><a href=\"https:\/\/www.google.co.uk\/maps?cid=244323813118790683&#038;hl=en&#038;gl=GB\" target=\"_new\" rel=\"noopener\">Lire les commentaires<\/a><\/p>\n<h2>Comment nous avons s\u00e9lectionn\u00e9 les meilleurs transitaires de Widnes<\/h2>\n<p>Nous avons commenc\u00e9 par un ensemble de donn\u00e9es de 3 soci\u00e9t\u00e9s de transport de marchandises de Widnes que nous avons trouv\u00e9es sur Google Maps, puis nous avons r\u00e9duit le nombre de soci\u00e9t\u00e9s aux 2 meilleures.<\/p>\n<p>Pour ce faire, nous avons supprim\u00e9 toutes les entreprises qui<\/p>\n<ul>\n<li> N'avait pas de site web<\/li>\n<li> N'a fait l'objet d'aucune critique<\/li>\n<li> A obtenu une note moyenne inf\u00e9rieure \u00e0 2,0<\/li>\n<\/ul>\n<p>\u00c0 ce stade, si nous avions 17 transitaires ou moins, nous les avons tous r\u00e9pertori\u00e9s.<\/p>\n<p>Pour les villes o\u00f9 il restait plus de 17 transitaires, nous avons proc\u00e9d\u00e9 \u00e0 d'autres r\u00e9visions en augmentant la note requise (par exemple, en passant d'un minimum de 2,0 \u00e0 4,0) et\/ou en augmentant le nombre minimum d'\u00e9valuations requises (par exemple, en passant d'au moins 1 \u00e9valuation \u00e0 au moins 10).<\/p>\n<p>Il est \u00e0 noter que nous n'avons utilis\u00e9 que les donn\u00e9es d'\u00e9valuation de Google Maps et pas celles d'autres sites web tiers.<\/p>\n<p>Plus de villes :<\/p>\n<p><a href=\"https:\/\/moverdb.com\/fr\/transporteur-de-marchandises\/freight-forwarding-uk\/runcorn-freight-forwarder\/\">Transitaire Runcorn<\/a><br \/><a href=\"https:\/\/moverdb.com\/fr\/transporteur-de-marchandises\/freight-forwarding-uk\/manningtree-freight-forwarder\/\">Transitaire Manningtree<\/a><br \/><a href=\"https:\/\/moverdb.com\/fr\/transporteur-de-marchandises\/freight-forwarding-uk\/sale-freight-forwarder\/\">Vente Transitaire<\/a><br \/><a href=\"https:\/\/moverdb.com\/fr\/transporteur-de-marchandises\/freight-forwarding-uk\/salford-freight-forwarder\/\">Transitaire de Salford<\/a><br \/><a href=\"https:\/\/moverdb.com\/fr\/transporteur-de-marchandises\/freight-forwarding-uk\/lichfield-freight-forwarder\/\">Transitaire Lichfield<\/a><\/p>","protected":false},"excerpt":{"rendered":"<p>Below we look at the 2 &#8220;best&#8221; Freight Forwarding companies in Widnes out of 3. To learn more about how we chose the best please consult our FAQ section at the end. Please not the following listings are in no particular order and we are not making any recommendations for any particular company. Karl Schmidt [&hellip;]<\/p>\n","protected":false},"author":1,"featured_media":0,"parent":13427,"menu_order":0,"comment_status":"open","ping_status":"open","template":"","meta":{"_genesis_hide_title":false,"_genesis_hide_breadcrumbs":false,"_genesis_hide_singular_image":false,"_genesis_hide_footer_widgets":false,"_genesis_custom_body_class":"","_genesis_custom_post_class":"","_genesis_layout":"","footnotes":""},"class_list":{"0":"post-14165","1":"page","2":"type-page","3":"status-publish","5":"entry"},"_links":{"self":[{"href":"https:\/\/moverdb.com\/fr\/wp-json\/wp\/v2\/pages\/14165","targetHints":{"allow":["GET"]}}],"collection":[{"href":"https:\/\/moverdb.com\/fr\/wp-json\/wp\/v2\/pages"}],"about":[{"href":"https:\/\/moverdb.com\/fr\/wp-json\/wp\/v2\/types\/page"}],"author":[{"embeddable":true,"href":"https:\/\/moverdb.com\/fr\/wp-json\/wp\/v2\/users\/1"}],"replies":[{"embeddable":true,"href":"https:\/\/moverdb.com\/fr\/wp-json\/wp\/v2\/comments?post=14165"}],"version-history":[{"count":1,"href":"https:\/\/moverdb.com\/fr\/wp-json\/wp\/v2\/pages\/14165\/revisions"}],"predecessor-version":[{"id":15757,"href":"https:\/\/moverdb.com\/fr\/wp-json\/wp\/v2\/pages\/14165\/revisions\/15757"}],"up":[{"embeddable":true,"href":"https:\/\/moverdb.com\/fr\/wp-json\/wp\/v2\/pages\/13427"}],"wp:attachment":[{"href":"https:\/\/moverdb.com\/fr\/wp-json\/wp\/v2\/media?parent=14165"}],"curies":[{"name":"wp","href":"https:\/\/api.w.org\/{rel}","templated":true}]}}