{"id":14154,"date":"2023-11-08T15:55:01","date_gmt":"2023-11-08T15:55:01","guid":{"rendered":"https:\/\/moverdb.com\/freight-forwarder\/freight-forwarding-uk\/watford-freight-forwarder\/"},"modified":"2026-01-08T14:58:42","modified_gmt":"2026-01-08T14:58:42","slug":"watford-freight-forwarder","status":"publish","type":"page","link":"https:\/\/moverdb.com\/fr\/freight-forwarder\/freight-forwarding-uk\/watford-freight-forwarder\/","title":{"rendered":"2 Meilleures entreprises de transport de marchandises de Watford (2024)"},"content":{"rendered":"<p>Ci-dessous, nous examinons les 2 <em>\"meilleur\"<\/em> Les entreprises de transport de marchandises \u00e0 Watford sur 5.<\/p>\n<p>Pour en savoir plus sur la mani\u00e8re dont nous avons choisi les meilleurs, veuillez consulter notre section FAQ \u00e0 la fin.<\/p>\n<p><em>Veuillez noter que les listes suivantes ne sont pas class\u00e9es dans un ordre particulier et que nous ne recommandons aucune entreprise en particulier.<\/em><\/p>\n<h2>PFE Express Ltd Fret a\u00e9rien<\/h2>\n<p><img decoding=\"async\" src=\"https:\/\/moverdb.com\/wp-content\/uploads\/thumbnailpanoid6Z88ijra7aClEJMpSfTEKwcb_clientsearch.gws-prod.gpsw408h240yaw182.jpg\" alt='PFE Express Ltd Fret a\u00e9rien' class=\"aligncenter\"><\/p>\n<p><strong>Description de l'entreprise : <\/strong>Notre bureau sp\u00e9cialis\u00e9 dans le fret a\u00e9rien propose des services de fret a\u00e9rien \u00e0 l'importation et \u00e0 l'exportation en utilisant nos propres installations ERTS et entrep\u00f4ts sous douane.<\/p>\n<p>Notre partenariat avec notre r\u00e9seau mondial de compagnies a\u00e9riennes offre une capacit\u00e9 garantie avec tous les grands transporteurs sur toutes les routes du monde.<\/p>\n<p>Qu'il s'agisse d'\u00e9chantillons urgents, d'envois fr\u00e9quents ou d'une production retard\u00e9e, nous sommes en mesure de vous aider.<\/p>\n<p><strong>Services suppl\u00e9mentaires :<\/strong><\/p>\n<p>Aucune liste<\/p>\n<p><strong>Adresse :<\/strong> Unit\u00e9 38, Metro Centre, Tolpits Ln, Northwood, Watford WD18 9SD<\/p>\n<p><a href=\"http:\/\/www.pfe.express\/\" target=\"_new\" rel=\"noopener\">PFE Express Ltd Air Freight website<\/a><\/p>\n<p><strong>Note d'examen : <\/strong>5<br \/> <strong>Nombre d'\u00e9valuations :<\/strong> 1<br \/><a href=\"https:\/\/www.google.co.uk\/maps?cid=4909670748065708817&#038;hl=en&#038;gl=GB\" target=\"_new\" rel=\"noopener\">Lire les commentaires<\/a><\/p>\n<h2>Auto Kenya Ltd<\/h2>\n<p><img decoding=\"async\" src=\"https:\/\/moverdb.com\/wp-content\/uploads\/AF1QipM18eOb6otMEnsfpelcj8Q5RQ8xd_KOenRRABx4w648-h240-k-no.jpg\" alt='Auto Kenya Ltd' class=\"aligncenter\"><\/p>\n<p><strong>Description de l'entreprise : <\/strong>Auto <a href=\"https:\/\/moverdb.com\/fr\/moving-companies\/moving-companies-kenya\/\" data-internallinksmanager029f6b8e52c=\"305\" title=\"4 meilleures entreprises de d\u00e9m\u00e9nagements internationaux au Kenya\">Kenya<\/a> Sp\u00e9cialis\u00e9 dans l'exp\u00e9dition de v\u00e9hicules depuis les <a href=\"https:\/\/moverdb.com\/fr\/moving-to-the-uk\/\" data-internallinksmanager029f6b8e52c=\"93\" title=\"Vous partez au Royaume-Uni ? 2026 Co\u00fbt de la vie et conseils de relocalisation\">ROYAUME-UNI<\/a> \u00e0 Mombasa et Dar Es Salaam desservant le Kenya, l'Ouganda, la Tanzanie et le Sud-Soudan.<\/p>\n<p> Nous offrons un service d'exp\u00e9dition sans souci et organisons l'enl\u00e8vement dans tout le Royaume-Uni, les inspections avant exp\u00e9dition, l'assurance maritime et l'exp\u00e9dition.<\/p>\n<p><strong>Services suppl\u00e9mentaires :<\/strong><\/p>\n<p>Service d'exp\u00e9dition<\/p>\n<p><strong>Adresse :<\/strong> Century Court, 5, Tolpits Ln, Northwood, Watford WD18 9PX<\/p>\n<p><a href=\"https:\/\/www.auto-kenya.com\/\" target=\"_new\" rel=\"noopener\">Site web d'Auto Kenya Ltd<\/a><\/p>\n<p><strong>Note d'examen : <\/strong>4.9<br \/> <strong>Nombre d'\u00e9valuations :<\/strong> 78<br \/><a href=\"https:\/\/www.google.co.uk\/maps?cid=16378406071416492863&#038;hl=en&#038;gl=GB\" target=\"_new\" rel=\"noopener\">Lire les commentaires<\/a><\/p>\n<h2>Comment nous avons s\u00e9lectionn\u00e9 les meilleurs transitaires de Watford<\/h2>\n<p>Nous avons commenc\u00e9 par un ensemble de donn\u00e9es de 5 entreprises de transport de fret de Watford que nous avons trouv\u00e9es sur Google Maps, puis nous avons r\u00e9duit le nombre de ces entreprises aux 2 meilleures.<\/p>\n<p>Pour ce faire, nous avons supprim\u00e9 toutes les entreprises qui<\/p>\n<ul>\n<li> N'avait pas de site web<\/li>\n<li> N'a fait l'objet d'aucune critique<\/li>\n<li> A obtenu une note moyenne inf\u00e9rieure \u00e0 2,0<\/li>\n<\/ul>\n<p>\u00c0 ce stade, si nous avions 17 transitaires ou moins, nous les avons tous r\u00e9pertori\u00e9s.<\/p>\n<p>Pour les villes o\u00f9 il restait plus de 17 transitaires, nous avons proc\u00e9d\u00e9 \u00e0 d'autres r\u00e9visions en augmentant la note requise (par exemple, en passant d'un minimum de 2,0 \u00e0 4,0) et\/ou en augmentant le nombre minimum d'\u00e9valuations requises (par exemple, en passant d'au moins 1 \u00e9valuation \u00e0 au moins 10).<\/p>\n<p>Il est \u00e0 noter que nous n'avons utilis\u00e9 que les donn\u00e9es d'\u00e9valuation de Google Maps et pas celles d'autres sites web tiers.<\/p>\n<p>Plus de villes :<\/p>\n<p><a href=\"https:\/\/moverdb.com\/fr\/transporteur-de-marchandises\/freight-forwarding-uk\/romford-freight-forwarder\/\">Transitaire Romford<\/a><br \/><a href=\"https:\/\/moverdb.com\/fr\/transporteur-de-marchandises\/freight-forwarding-uk\/chelmsford-freight-forwarder\/\">Transitaire Chelmsford<\/a><br \/><a href=\"https:\/\/moverdb.com\/fr\/transporteur-de-marchandises\/freight-forwarding-uk\/brentford-freight-forwarder\/\">Transitaire Brentford<\/a><br \/><a href=\"https:\/\/moverdb.com\/fr\/transporteur-de-marchandises\/freight-forwarding-uk\/widnes-freight-forwarder\/\">Transitaire Widnes<\/a><br \/><a href=\"https:\/\/moverdb.com\/fr\/transporteur-de-marchandises\/freight-forwarding-uk\/runcorn-freight-forwarder\/\">Transitaire Runcorn<\/a><\/p>","protected":false},"excerpt":{"rendered":"<p>Below we look at the 2 &#8220;best&#8221; Freight Forwarding companies in Watford out of 5. To learn more about how we chose the best please consult our FAQ section at the end. Please not the following listings are in no particular order and we are not making any recommendations for any particular company. PFE Express [&hellip;]<\/p>\n","protected":false},"author":1,"featured_media":0,"parent":13427,"menu_order":0,"comment_status":"open","ping_status":"open","template":"","meta":{"_genesis_hide_title":false,"_genesis_hide_breadcrumbs":false,"_genesis_hide_singular_image":false,"_genesis_hide_footer_widgets":false,"_genesis_custom_body_class":"","_genesis_custom_post_class":"","_genesis_layout":"","footnotes":""},"class_list":{"0":"post-14154","1":"page","2":"type-page","3":"status-publish","5":"entry"},"_links":{"self":[{"href":"https:\/\/moverdb.com\/fr\/wp-json\/wp\/v2\/pages\/14154","targetHints":{"allow":["GET"]}}],"collection":[{"href":"https:\/\/moverdb.com\/fr\/wp-json\/wp\/v2\/pages"}],"about":[{"href":"https:\/\/moverdb.com\/fr\/wp-json\/wp\/v2\/types\/page"}],"author":[{"embeddable":true,"href":"https:\/\/moverdb.com\/fr\/wp-json\/wp\/v2\/users\/1"}],"replies":[{"embeddable":true,"href":"https:\/\/moverdb.com\/fr\/wp-json\/wp\/v2\/comments?post=14154"}],"version-history":[{"count":1,"href":"https:\/\/moverdb.com\/fr\/wp-json\/wp\/v2\/pages\/14154\/revisions"}],"predecessor-version":[{"id":15755,"href":"https:\/\/moverdb.com\/fr\/wp-json\/wp\/v2\/pages\/14154\/revisions\/15755"}],"up":[{"embeddable":true,"href":"https:\/\/moverdb.com\/fr\/wp-json\/wp\/v2\/pages\/13427"}],"wp:attachment":[{"href":"https:\/\/moverdb.com\/fr\/wp-json\/wp\/v2\/media?parent=14154"}],"curies":[{"name":"wp","href":"https:\/\/api.w.org\/{rel}","templated":true}]}}