{"id":14139,"date":"2023-11-08T15:54:40","date_gmt":"2023-11-08T15:54:40","guid":{"rendered":"https:\/\/moverdb.com\/freight-forwarder\/freight-forwarding-uk\/loughborough-freight-forwarder\/"},"modified":"2026-01-08T14:58:08","modified_gmt":"2026-01-08T14:58:08","slug":"loughborough-freight-forwarder","status":"publish","type":"page","link":"https:\/\/moverdb.com\/fr\/freight-forwarder\/freight-forwarding-uk\/loughborough-freight-forwarder\/","title":{"rendered":"2 Meilleures entreprises de transport de marchandises de Loughborough (2024)"},"content":{"rendered":"<p>Ci-dessous, nous examinons les 2 <em>\"meilleur\"<\/em> Entreprises de transport de marchandises \u00e0 Loughborough sur 3.<\/p>\n<p>Pour en savoir plus sur la mani\u00e8re dont nous avons choisi les meilleurs, veuillez consulter notre section FAQ \u00e0 la fin.<\/p>\n<p><em>Veuillez noter que les listes suivantes ne sont pas class\u00e9es dans un ordre particulier et que nous ne recommandons aucune entreprise en particulier.<\/em><\/p>\n<h2>Orbital Direct Ltd<\/h2>\n<p><img decoding=\"async\" src=\"https:\/\/moverdb.com\/wp-content\/uploads\/AF1QipOv7AzGL603FEjagNwo5bbMC5M_2qmbF5UrHVsw408-h270-k-no.jpg\" alt='Orbital Direct Ltd' class=\"aligncenter\"><\/p>\n<p><strong>Description de l'entreprise : <\/strong>Aucune n'est fournie<\/p>\n<p><strong>Services suppl\u00e9mentaires :<\/strong><\/p>\n<p>Service de messagerie<\/p>\n<p>Soci\u00e9t\u00e9 de livraison<\/p>\n<p><strong>Adresse :<\/strong> North Rd, Loughborough LE11 1LE<\/p>\n<p><a href=\"http:\/\/www.orbital-direct.com\/\" target=\"_new\" rel=\"noopener\">Site web d'Orbital Direct Ltd<\/a><\/p>\n<p><strong>Note d'examen : <\/strong>4.6<br \/> <strong>Nombre d'\u00e9valuations :<\/strong> 8<br \/><a href=\"https:\/\/www.google.co.uk\/maps?cid=11430576735657838734&#038;hl=en&#038;gl=GB\" target=\"_new\" rel=\"noopener\">Lire les commentaires<\/a><\/p>\n<h2>J P A Freight Ltd<\/h2>\n<p><img decoding=\"async\" src=\"https:\/\/moverdb.com\/wp-content\/uploads\/AF1QipMOMC_xqfh1xkVrt6byUDMOa6lekOeGNkODQmY7w408-h306-k-no.jpg\" alt='J P A Freight Ltd' class=\"aligncenter\"><\/p>\n<p><strong>Description de l'entreprise : <\/strong>JPA Freight Ltd propose des services de livraison dans toute l'Europe, dans tous les pays et dans toutes les directions possibles.<\/p>\n<p> Vous pouvez t\u00e9l\u00e9phoner <a href=\"https:\/\/moverdb.com\/fr\/moving-to-the-united-states\/\" data-internallinksmanager029f6b8e52c=\"94\" title=\"Vous partez aux \u00c9tats-Unis ? 2026 Co\u00fbt de la vie et conseils de relocalisation\">nous<\/a> 24 heures sur 24 et 7 jours sur 7 pour les travaux urgents.<\/p>\n<p> Nous pouvons \u00e9galement assurer le d\u00e9douanement dans les <a href=\"https:\/\/moverdb.com\/fr\/moving-to-the-uk\/\" data-internallinksmanager029f6b8e52c=\"93\" title=\"Vous partez au Royaume-Uni ? 2026 Co\u00fbt de la vie et conseils de relocalisation\">ROYAUME-UNI<\/a> et dans l'UE.<\/p>\n<p> Nous sommes heureux d'\u00e9tablir un devis pour tout type de transport ou de d\u00e9m\u00e9nagement dont vous avez besoin.<\/p>\n<p><strong>Services suppl\u00e9mentaires :<\/strong><\/p>\n<p>Service de messagerie<\/p>\n<p>Courtier en douane<\/p>\n<p>Soci\u00e9t\u00e9 d'import-export<\/p>\n<p><a href=\"https:\/\/moverdb.com\/fr\/international-removals\/\" data-internallinksmanager029f6b8e52c=\"27\" title=\"36 meilleures entreprises de d\u00e9m\u00e9nagements internationaux au Royaume-Uni\">Entreprise de d\u00e9m\u00e9nagement<\/a><\/p>\n<p>Service de transport frigorifique<\/p>\n<p>Soci\u00e9t\u00e9 de livraison<\/p>\n<p>Service de transport<\/p>\n<p><strong>Adresse :<\/strong> 93 Burder St, Loughborough LE11 1JJ<\/p>\n<p><a href=\"https:\/\/www.freight-forwarder.uk\/\" target=\"_new\" rel=\"noopener\">Site web de J P A Freight Ltd<\/a><\/p>\n<p><strong>Note d'examen : <\/strong>4.2<br \/> <strong>Nombre d'\u00e9valuations :<\/strong> 5<br \/><a href=\"https:\/\/www.google.co.uk\/maps?cid=10859077469393633564&#038;hl=en&#038;gl=GB\" target=\"_new\" rel=\"noopener\">Lire les commentaires<\/a><\/p>\n<h2>Comment nous avons s\u00e9lectionn\u00e9 les meilleurs transitaires de Loughborough<\/h2>\n<p>Nous avons commenc\u00e9 par un ensemble de donn\u00e9es de 3 soci\u00e9t\u00e9s de transport de marchandises de Loughborough que nous avons trouv\u00e9es sur Google Maps et nous avons r\u00e9duit le nombre de soci\u00e9t\u00e9s aux 2 meilleures.<\/p>\n<p>Pour ce faire, nous avons supprim\u00e9 toutes les entreprises qui<\/p>\n<ul>\n<li> N'avait pas de site web<\/li>\n<li> N'a fait l'objet d'aucune critique<\/li>\n<li> A obtenu une note moyenne inf\u00e9rieure \u00e0 2,0<\/li>\n<\/ul>\n<p>\u00c0 ce stade, si nous avions 17 transitaires ou moins, nous les avons tous r\u00e9pertori\u00e9s.<\/p>\n<p>Pour les villes o\u00f9 il restait plus de 17 transitaires, nous avons proc\u00e9d\u00e9 \u00e0 d'autres r\u00e9visions en augmentant la note requise (par exemple, en passant d'un minimum de 2,0 \u00e0 4,0) et\/ou en augmentant le nombre minimum d'\u00e9valuations requises (par exemple, en passant d'au moins 1 \u00e9valuation \u00e0 au moins 10).<\/p>\n<p>Il est \u00e0 noter que nous n'avons utilis\u00e9 que les donn\u00e9es d'\u00e9valuation de Google Maps et pas celles d'autres sites web tiers.<\/p>\n<p>Plus de villes :<\/p>\n<p><a href=\"https:\/\/moverdb.com\/fr\/transporteur-de-marchandises\/freight-forwarding-uk\/ashby-de-la-zouch-freight-forwarder\/\">Ashby-de-la-Zouch Transitaire<\/a><br \/><a href=\"https:\/\/moverdb.com\/fr\/transporteur-de-marchandises\/freight-forwarding-uk\/rochdale-freight-forwarder\/\">Transitaire Rochdale<\/a><br \/><a href=\"https:\/\/moverdb.com\/fr\/transporteur-de-marchandises\/freight-forwarding-uk\/waltham-abbey-freight-forwarder\/\">Transitaire Waltham Abbey<\/a><br \/><a href=\"https:\/\/moverdb.com\/fr\/transporteur-de-marchandises\/freight-forwarding-uk\/rochester-freight-forwarder\/\">Transitaire Rochester<\/a><br \/><a href=\"https:\/\/moverdb.com\/fr\/transporteur-de-marchandises\/freight-forwarding-uk\/watford-freight-forwarder\/\">Transitaire Watford<\/a><\/p>","protected":false},"excerpt":{"rendered":"<p>Below we look at the 2 &#8220;best&#8221; Freight Forwarding companies in Loughborough out of 3. To learn more about how we chose the best please consult our FAQ section at the end. Please not the following listings are in no particular order and we are not making any recommendations for any particular company. Orbital Direct [&hellip;]<\/p>\n","protected":false},"author":1,"featured_media":0,"parent":13427,"menu_order":0,"comment_status":"open","ping_status":"open","template":"","meta":{"_genesis_hide_title":false,"_genesis_hide_breadcrumbs":false,"_genesis_hide_singular_image":false,"_genesis_hide_footer_widgets":false,"_genesis_custom_body_class":"","_genesis_custom_post_class":"","_genesis_layout":"","footnotes":""},"class_list":{"0":"post-14139","1":"page","2":"type-page","3":"status-publish","5":"entry"},"_links":{"self":[{"href":"https:\/\/moverdb.com\/fr\/wp-json\/wp\/v2\/pages\/14139","targetHints":{"allow":["GET"]}}],"collection":[{"href":"https:\/\/moverdb.com\/fr\/wp-json\/wp\/v2\/pages"}],"about":[{"href":"https:\/\/moverdb.com\/fr\/wp-json\/wp\/v2\/types\/page"}],"author":[{"embeddable":true,"href":"https:\/\/moverdb.com\/fr\/wp-json\/wp\/v2\/users\/1"}],"replies":[{"embeddable":true,"href":"https:\/\/moverdb.com\/fr\/wp-json\/wp\/v2\/comments?post=14139"}],"version-history":[{"count":1,"href":"https:\/\/moverdb.com\/fr\/wp-json\/wp\/v2\/pages\/14139\/revisions"}],"predecessor-version":[{"id":15726,"href":"https:\/\/moverdb.com\/fr\/wp-json\/wp\/v2\/pages\/14139\/revisions\/15726"}],"up":[{"embeddable":true,"href":"https:\/\/moverdb.com\/fr\/wp-json\/wp\/v2\/pages\/13427"}],"wp:attachment":[{"href":"https:\/\/moverdb.com\/fr\/wp-json\/wp\/v2\/media?parent=14139"}],"curies":[{"name":"wp","href":"https:\/\/api.w.org\/{rel}","templated":true}]}}