{"id":14133,"date":"2023-11-08T15:54:40","date_gmt":"2023-11-08T15:54:40","guid":{"rendered":"https:\/\/moverdb.com\/freight-forwarder\/freight-forwarding-uk\/redditch-freight-forwarder\/"},"modified":"2026-01-08T14:58:24","modified_gmt":"2026-01-08T14:58:24","slug":"redditch-freight-forwarder","status":"publish","type":"page","link":"https:\/\/moverdb.com\/fr\/freight-forwarder\/freight-forwarding-uk\/redditch-freight-forwarder\/","title":{"rendered":"2 Meilleures entreprises de transport de marchandises de Redditch (2024)"},"content":{"rendered":"<p>Ci-dessous, nous examinons les 2 <em>\"meilleur\"<\/em> Entreprises de transport de marchandises \u00e0 Redditch sur 7.<\/p>\n<p>Pour en savoir plus sur la mani\u00e8re dont nous avons choisi les meilleurs, veuillez consulter notre section FAQ \u00e0 la fin.<\/p>\n<p><em>Veuillez noter que les listes suivantes ne sont pas class\u00e9es dans un ordre particulier et que nous ne recommandons aucune entreprise en particulier.<\/em><\/p>\n<h2>Controlo Cargo Services Ltd<\/h2>\n<p><img decoding=\"async\" src=\"https:\/\/moverdb.com\/wp-content\/uploads\/AF1QipM1apLhEc1lHfopKULBzyvgjGEHd9JsFyP5Y8Ukw408-h255-k-no.jpg\" alt='Controlo Cargo Services Ltd' class=\"aligncenter\"><\/p>\n<p><strong>Description de l'entreprise : <\/strong>BIENVENUE CHEZ CONTROLO CARGO SERVICES LTD<br \/>\nFond\u00e9e en 1977, avec pour objectif sp\u00e9cifique le transport maritime en haute mer, Controlo Cargo Services s'est d\u00e9velopp\u00e9e au fil des ans pour devenir une soci\u00e9t\u00e9 de transport de fret multimodal offrant une large gamme de services de transport mondial par air, par route et par mer.<\/p>\n<p>Depuis sa cr\u00e9ation, Controlo a d\u00e9velopp\u00e9 une base de clients dans l'ensemble de l'Union europ\u00e9enne. <a href=\"https:\/\/moverdb.com\/fr\/moving-to-the-uk\/\" data-internallinksmanager029f6b8e52c=\"93\" title=\"Vous partez au Royaume-Uni ? 2026 Co\u00fbt de la vie et conseils de relocalisation\">ROYAUME-UNI<\/a> dans un large \u00e9ventail de secteurs industriels qui exigent un niveau de service professionnel pour g\u00e9rer leurs besoins en mati\u00e8re d'exportation et d'importation.<\/p>\n<p>En novembre 1991, Controlo Cargo Services a \u00e9t\u00e9 rachet\u00e9 par Star Cargo PLC, ce qui a permis \u00e0 l'entreprise de continuer \u00e0 d\u00e9velopper ses services avec l'appui financier et le soutien de sept filiales britanniques.<\/p>\n<p><strong>Services suppl\u00e9mentaires :<\/strong><\/p>\n<p>Service de livraison<\/p>\n<p>Soci\u00e9t\u00e9 de livraison<\/p>\n<p>Service d'exp\u00e9dition<\/p>\n<p><strong>Adresse :<\/strong> 2 Eagle Rd, Moons Moat North Industrial Estate, Redditch B98 9HF<\/p>\n<p><a href=\"http:\/\/www.controlo.co.uk\/\" target=\"_new\" rel=\"noopener\">Site web de Controlo Cargo Services Ltd<\/a><\/p>\n<p><strong>Note d'examen : <\/strong>4.6<br \/> <strong>Nombre d'\u00e9valuations :<\/strong> 10<br \/><a href=\"https:\/\/www.google.co.uk\/maps?cid=12175316314925530883&#038;hl=en&#038;gl=GB\" target=\"_new\" rel=\"noopener\">Lire les commentaires<\/a><\/p>\n<h2>Transmec Redditch<\/h2>\n<p><img decoding=\"async\" src=\"https:\/\/moverdb.com\/wp-content\/uploads\/AF1QipO9BQy6Xlwn-_KQv0AAqrMbpnnFx_xt6RerMW_rw408-h271-k-no.jpg\" alt='Transmec Redditch' class=\"aligncenter\"><\/p>\n<p><strong>Description de l'entreprise : <\/strong>Aucune n'est fournie<\/p>\n<p><strong>Services suppl\u00e9mentaires :<\/strong><\/p>\n<p>Aucune liste<\/p>\n<p><strong>Adresse :<\/strong> Crossgate Rd, Park Farm Industrial Estate, Redditch B98 7SN<\/p>\n<p><a href=\"http:\/\/www.transmecgroup.com\/\" target=\"_new\" rel=\"noopener\">Site web de Transmec Redditch<\/a><\/p>\n<p><strong>Note d'examen : <\/strong>4<br \/> <strong>Nombre d'\u00e9valuations :<\/strong> 152<br \/><a href=\"https:\/\/www.google.co.uk\/maps?cid=14750013789300133138&#038;hl=en&#038;gl=GB\" target=\"_new\" rel=\"noopener\">Lire les commentaires<\/a><\/p>\n<h2>Comment avons-nous s\u00e9lectionn\u00e9 les meilleurs transitaires de Redditch ?<\/h2>\n<p>Nous avons commenc\u00e9 par un ensemble de donn\u00e9es de 7 soci\u00e9t\u00e9s de transport de marchandises de Redditch que nous avons trouv\u00e9es sur Google Maps et nous avons r\u00e9duit le nombre de soci\u00e9t\u00e9s aux 2 meilleures.<\/p>\n<p>Pour ce faire, nous avons supprim\u00e9 toutes les entreprises qui<\/p>\n<ul>\n<li> N'avait pas de site web<\/li>\n<li> N'a fait l'objet d'aucune critique<\/li>\n<li> A obtenu une note moyenne inf\u00e9rieure \u00e0 2,0<\/li>\n<\/ul>\n<p>\u00c0 ce stade, si nous avions 17 transitaires ou moins, nous les avons tous r\u00e9pertori\u00e9s.<\/p>\n<p>Pour les villes o\u00f9 il restait plus de 17 transitaires, nous avons proc\u00e9d\u00e9 \u00e0 d'autres r\u00e9visions en augmentant la note requise (par exemple, en passant d'un minimum de 2,0 \u00e0 4,0) et\/ou en augmentant le nombre minimum d'\u00e9valuations requises (par exemple, en passant d'au moins 1 \u00e9valuation \u00e0 au moins 10).<\/p>\n<p>Il est \u00e0 noter que nous n'avons utilis\u00e9 que les donn\u00e9es d'\u00e9valuation de Google Maps et pas celles d'autres sites web tiers.<\/p>\n<p>Plus de villes :<\/p>\n<p><a href=\"https:\/\/moverdb.com\/fr\/transporteur-de-marchandises\/freight-forwarding-uk\/greenhithe-freight-forwarder\/\">Transitaire Greenhithe<\/a><br \/><a href=\"https:\/\/moverdb.com\/fr\/transporteur-de-marchandises\/freight-forwarding-uk\/loughborough-freight-forwarder\/\">Transitaire de Loughborough<\/a><br \/><a href=\"https:\/\/moverdb.com\/fr\/transporteur-de-marchandises\/freight-forwarding-uk\/ashby-de-la-zouch-freight-forwarder\/\">Ashby-de-la-Zouch Transitaire<\/a><br \/><a href=\"https:\/\/moverdb.com\/fr\/transporteur-de-marchandises\/freight-forwarding-uk\/rochdale-freight-forwarder\/\">Transitaire Rochdale<\/a><br \/><a href=\"https:\/\/moverdb.com\/fr\/transporteur-de-marchandises\/freight-forwarding-uk\/waltham-abbey-freight-forwarder\/\">Transitaire Waltham Abbey<\/a><\/p>","protected":false},"excerpt":{"rendered":"<p>Below we look at the 2 &#8220;best&#8221; Freight Forwarding companies in Redditch out of 7. To learn more about how we chose the best please consult our FAQ section at the end. Please not the following listings are in no particular order and we are not making any recommendations for any particular company. Controlo Cargo [&hellip;]<\/p>\n","protected":false},"author":1,"featured_media":0,"parent":13427,"menu_order":0,"comment_status":"open","ping_status":"open","template":"","meta":{"_genesis_hide_title":false,"_genesis_hide_breadcrumbs":false,"_genesis_hide_singular_image":false,"_genesis_hide_footer_widgets":false,"_genesis_custom_body_class":"","_genesis_custom_post_class":"","_genesis_layout":"","footnotes":""},"class_list":{"0":"post-14133","1":"page","2":"type-page","3":"status-publish","5":"entry"},"_links":{"self":[{"href":"https:\/\/moverdb.com\/fr\/wp-json\/wp\/v2\/pages\/14133","targetHints":{"allow":["GET"]}}],"collection":[{"href":"https:\/\/moverdb.com\/fr\/wp-json\/wp\/v2\/pages"}],"about":[{"href":"https:\/\/moverdb.com\/fr\/wp-json\/wp\/v2\/types\/page"}],"author":[{"embeddable":true,"href":"https:\/\/moverdb.com\/fr\/wp-json\/wp\/v2\/users\/1"}],"replies":[{"embeddable":true,"href":"https:\/\/moverdb.com\/fr\/wp-json\/wp\/v2\/comments?post=14133"}],"version-history":[{"count":1,"href":"https:\/\/moverdb.com\/fr\/wp-json\/wp\/v2\/pages\/14133\/revisions"}],"predecessor-version":[{"id":15738,"href":"https:\/\/moverdb.com\/fr\/wp-json\/wp\/v2\/pages\/14133\/revisions\/15738"}],"up":[{"embeddable":true,"href":"https:\/\/moverdb.com\/fr\/wp-json\/wp\/v2\/pages\/13427"}],"wp:attachment":[{"href":"https:\/\/moverdb.com\/fr\/wp-json\/wp\/v2\/media?parent=14133"}],"curies":[{"name":"wp","href":"https:\/\/api.w.org\/{rel}","templated":true}]}}