{"id":14130,"date":"2023-11-08T15:54:40","date_gmt":"2023-11-08T15:54:40","guid":{"rendered":"https:\/\/moverdb.com\/freight-forwarder\/freight-forwarding-uk\/sutton-coldfield-freight-forwarder\/"},"modified":"2026-01-08T14:58:38","modified_gmt":"2026-01-08T14:58:38","slug":"sutton-coldfield-freight-forwarder","status":"publish","type":"page","link":"https:\/\/moverdb.com\/fr\/freight-forwarder\/freight-forwarding-uk\/sutton-coldfield-freight-forwarder\/","title":{"rendered":"2 Meilleures entreprises de transport de marchandises de Sutton Coldfield (2024)"},"content":{"rendered":"<p>Ci-dessous, nous examinons les 2 <em>\"meilleur\"<\/em> Entreprises de transport de marchandises \u00e0 Sutton Coldfield sur 2.<\/p>\n<p>Pour en savoir plus sur la mani\u00e8re dont nous avons choisi les meilleurs, veuillez consulter notre section FAQ \u00e0 la fin.<\/p>\n<p><em>Veuillez noter que les listes suivantes ne sont pas class\u00e9es dans un ordre particulier et que nous ne recommandons aucune entreprise en particulier.<\/em><\/p>\n<h2>Millennium Cargo<\/h2>\n<p><img decoding=\"async\" src=\"https:\/\/moverdb.com\/wp-content\/uploads\/AF1QipM-TOuaUfNEBqnaW03iJDspzmIcy-DGSttswkzzw408-h421-k-no.png\" alt='Millennium Cargo' class=\"aligncenter\"><\/p>\n<p><strong>Description de l'entreprise : <\/strong>Millennium Cargo est une soci\u00e9t\u00e9 de transport de fret situ\u00e9e \u00e0 Birmingham qui propose une vari\u00e9t\u00e9 de services, notamment des exportations, des importations, des transports ferroviaires, routiers, a\u00e9riens et maritimes, des services de consolidation, d'entreposage et de distribution. Nous avons aid\u00e9 \u00e0 transporter des marchandises, des biens et des possessions aux quatre coins du monde.<\/p>\n<p>Nous soutenons <a href=\"https:\/\/moverdb.com\/fr\/moving-to-the-uk\/\" data-internallinksmanager029f6b8e52c=\"93\" title=\"Vous partez au Royaume-Uni ? 2026 Co\u00fbt de la vie et conseils de relocalisation\">ROYAUME-UNI<\/a> Les entreprises manufacturi\u00e8res et industrielles exportent leurs marchandises de mani\u00e8re s\u00fbre et efficace.<\/p>\n<p><strong>Services suppl\u00e9mentaires :<\/strong><\/p>\n<p>Aucune liste<\/p>\n<p><strong>Adresse :<\/strong> CFS BUSINESS PARK, SECOND FLOOR, Coleshill Rd, Sutton Coldfield B75 7FS<\/p>\n<p><a href=\"http:\/\/www.millenniumcargo.com\/\" target=\"_new\" rel=\"noopener\">Site web de Millennium Cargo<\/a><\/p>\n<p><strong>Note d'examen : <\/strong>4.8<br \/> <strong>Nombre d'\u00e9valuations :<\/strong> 26<br \/><a href=\"https:\/\/www.google.co.uk\/maps?cid=9787022230686234502&#038;hl=en&#038;gl=GB\" target=\"_new\" rel=\"noopener\">Lire les commentaires<\/a><\/p>\n<h2>Fracht (UK) Limited<\/h2>\n<p><img decoding=\"async\" src=\"https:\/\/moverdb.com\/wp-content\/uploads\/thumbnailpanoidS-IpkST6OxSgFbFEYCE7cgcb_clientsearch.gws-prod.gpsw408h240yaw192.jpg\" alt='Fracht (UK) Limited' class=\"aligncenter\"><\/p>\n<p><strong>Description de l'entreprise : <\/strong>Aucune n'est fournie<\/p>\n<p><strong>Services suppl\u00e9mentaires :<\/strong><\/p>\n<p>Aucune liste<\/p>\n<p><strong>Adresse :<\/strong> Bridge House, 17a Maybrook Rd, ville royale de Sutton Coldfield, <a href=\"\" data-internallinksmanager029f6b8e52c=\"34\" title=\"Birmingham\">Birmingham<\/a>Sutton Coldfield B76 1AL<\/p>\n<p><a href=\"https:\/\/fracht.co.uk\/\" target=\"_new\" rel=\"noopener\">Site web de Fracht (UK) Limited<\/a><\/p>\n<p><strong>Note d'examen : <\/strong>5<br \/> <strong>Nombre d'\u00e9valuations :<\/strong> 1<br \/><a href=\"https:\/\/www.google.co.uk\/maps?cid=6766148688247574048&#038;hl=en&#038;gl=GB\" target=\"_new\" rel=\"noopener\">Lire les commentaires<\/a><\/p>\n<h2>Comment nous avons s\u00e9lectionn\u00e9 les meilleurs transitaires de Sutton Coldfield<\/h2>\n<p>Nous avons commenc\u00e9 par un ensemble de donn\u00e9es de 2 soci\u00e9t\u00e9s de transport de fret de Sutton Coldfield que nous avons trouv\u00e9es sur Google Maps et nous avons r\u00e9duit le nombre de soci\u00e9t\u00e9s aux 2 meilleures.<\/p>\n<p>Pour ce faire, nous avons supprim\u00e9 toutes les entreprises qui<\/p>\n<ul>\n<li> N'avait pas de site web<\/li>\n<li> N'a fait l'objet d'aucune critique<\/li>\n<li> A obtenu une note moyenne inf\u00e9rieure \u00e0 2,0<\/li>\n<\/ul>\n<p>\u00c0 ce stade, si nous avions 17 transitaires ou moins, nous les avons tous r\u00e9pertori\u00e9s.<\/p>\n<p>Pour les villes o\u00f9 il restait plus de 17 transitaires, nous avons proc\u00e9d\u00e9 \u00e0 d'autres r\u00e9visions en augmentant la note requise (par exemple, en passant d'un minimum de 2,0 \u00e0 4,0) et\/ou en augmentant le nombre minimum d'\u00e9valuations requises (par exemple, en passant d'au moins 1 \u00e9valuation \u00e0 au moins 10).<\/p>\n<p>Il est \u00e0 noter que nous n'avons utilis\u00e9 que les donn\u00e9es d'\u00e9valuation de Google Maps et pas celles d'autres sites web tiers.<\/p>\n<p>Plus de villes :<\/p>\n<p><a href=\"https:\/\/moverdb.com\/fr\/transporteur-de-marchandises\/freight-forwarding-uk\/redditch-freight-forwarder\/\">Transitaire Redditch<\/a><br \/><a href=\"https:\/\/moverdb.com\/fr\/transporteur-de-marchandises\/freight-forwarding-uk\/greenhithe-freight-forwarder\/\">Transitaire Greenhithe<\/a><br \/><a href=\"https:\/\/moverdb.com\/fr\/transporteur-de-marchandises\/freight-forwarding-uk\/loughborough-freight-forwarder\/\">Transitaire de Loughborough<\/a><br \/><a href=\"https:\/\/moverdb.com\/fr\/transporteur-de-marchandises\/freight-forwarding-uk\/ashby-de-la-zouch-freight-forwarder\/\">Ashby-de-la-Zouch Transitaire<\/a><br \/><a href=\"https:\/\/moverdb.com\/fr\/transporteur-de-marchandises\/freight-forwarding-uk\/rochdale-freight-forwarder\/\">Transitaire Rochdale<\/a><\/p>","protected":false},"excerpt":{"rendered":"<p>Below we look at the 2 &#8220;best&#8221; Freight Forwarding companies in Sutton Coldfield out of 2. To learn more about how we chose the best please consult our FAQ section at the end. Please not the following listings are in no particular order and we are not making any recommendations for any particular company. Millennium [&hellip;]<\/p>\n","protected":false},"author":1,"featured_media":0,"parent":13427,"menu_order":0,"comment_status":"open","ping_status":"open","template":"","meta":{"_genesis_hide_title":false,"_genesis_hide_breadcrumbs":false,"_genesis_hide_singular_image":false,"_genesis_hide_footer_widgets":false,"_genesis_custom_body_class":"","_genesis_custom_post_class":"","_genesis_layout":"","footnotes":""},"class_list":{"0":"post-14130","1":"page","2":"type-page","3":"status-publish","5":"entry"},"_links":{"self":[{"href":"https:\/\/moverdb.com\/fr\/wp-json\/wp\/v2\/pages\/14130","targetHints":{"allow":["GET"]}}],"collection":[{"href":"https:\/\/moverdb.com\/fr\/wp-json\/wp\/v2\/pages"}],"about":[{"href":"https:\/\/moverdb.com\/fr\/wp-json\/wp\/v2\/types\/page"}],"author":[{"embeddable":true,"href":"https:\/\/moverdb.com\/fr\/wp-json\/wp\/v2\/users\/1"}],"replies":[{"embeddable":true,"href":"https:\/\/moverdb.com\/fr\/wp-json\/wp\/v2\/comments?post=14130"}],"version-history":[{"count":1,"href":"https:\/\/moverdb.com\/fr\/wp-json\/wp\/v2\/pages\/14130\/revisions"}],"predecessor-version":[{"id":15751,"href":"https:\/\/moverdb.com\/fr\/wp-json\/wp\/v2\/pages\/14130\/revisions\/15751"}],"up":[{"embeddable":true,"href":"https:\/\/moverdb.com\/fr\/wp-json\/wp\/v2\/pages\/13427"}],"wp:attachment":[{"href":"https:\/\/moverdb.com\/fr\/wp-json\/wp\/v2\/media?parent=14130"}],"curies":[{"name":"wp","href":"https:\/\/api.w.org\/{rel}","templated":true}]}}