{"id":14127,"date":"2023-11-08T15:54:40","date_gmt":"2023-11-08T15:54:40","guid":{"rendered":"https:\/\/moverdb.com\/freight-forwarder\/freight-forwarding-uk\/enfield-freight-forwarder\/"},"modified":"2026-01-08T14:56:06","modified_gmt":"2026-01-08T14:56:06","slug":"enfield-freight-forwarder","status":"publish","type":"page","link":"https:\/\/moverdb.com\/fr\/freight-forwarder\/freight-forwarding-uk\/enfield-freight-forwarder\/","title":{"rendered":"2 Meilleures entreprises de transport de marchandises d'Enfield (2024)"},"content":{"rendered":"<p>Ci-dessous, nous examinons les 2 <em>\"meilleur\"<\/em> Entreprises de transport de marchandises \u00e0 Enfield sur 7.<\/p>\n<p>Pour en savoir plus sur la mani\u00e8re dont nous avons choisi les meilleurs, veuillez consulter notre section FAQ \u00e0 la fin.<\/p>\n<p><em>Veuillez noter que les listes suivantes ne sont pas class\u00e9es dans un ordre particulier et que nous ne recommandons aucune entreprise en particulier.<\/em><\/p>\n<h2>Andrews Shipping &amp; Forwarding Company Unit\u00e9 26<\/h2>\n<p><img decoding=\"async\" src=\"https:\/\/moverdb.com\/wp-content\/uploads\/AF1QipNxjGQuVPhNhILy9iWIVOsSYzmKYP4lHKewnaHJw408-h725-k-no.jpg\" alt='Andrews Shipping &amp; Forwarding Company Unit\u00e9 26' class=\"aligncenter\"><\/p>\n<p><strong>Description de l'entreprise : <\/strong>Aucune n'est fournie<\/p>\n<p><strong>Services suppl\u00e9mentaires :<\/strong><\/p>\n<p>Agent de voyage<\/p>\n<p><strong>Adresse :<\/strong> Enfield EN3 7QN<\/p>\n<p><a href=\"http:\/\/www.andrewsshipping.co.uk\/\" target=\"_new\" rel=\"noopener\">Site web d'Andrews Shipping &amp; Forwarding Company Unit 26<\/a><\/p>\n<p><strong>Note d'examen : <\/strong>3.9<br \/> <strong>Nombre d'\u00e9valuations :<\/strong> 64<br \/><a href=\"https:\/\/www.google.co.uk\/maps?cid=11822858387122062653&#038;hl=en&#038;gl=GB\" target=\"_new\" rel=\"noopener\">Lire les commentaires<\/a><\/p>\n<h2>Mondial Forwarding Ltd<\/h2>\n<p><img decoding=\"async\" src=\"https:\/\/moverdb.com\/wp-content\/uploads\/AF1QipNhN514hM2zZ7D3NEepiXgA3t0Rkc9P2t_FR55nw427-h240-k-no.jpg\" alt='Mondial Forwarding Ltd' class=\"aligncenter\"><\/p>\n<p><strong>Description de l'entreprise : <\/strong>Op\u00e9rateurs de transport sp\u00e9cialis\u00e9s \u00e0 destination et en provenance de <a href=\"https:\/\/moverdb.com\/fr\/moving-to-greece\/\" data-internallinksmanager029f6b8e52c=\"353\" title=\"D\u00e9m\u00e9nager en Gr\u00e8ce ? 2026 Co\u00fbts de la vie et conseils de relocalisation\">Gr\u00e8ce<\/a>Corfou, Cr\u00e8te et <a href=\"https:\/\/moverdb.com\/fr\/moving-to-cyprus\/\" data-internallinksmanager029f6b8e52c=\"377\" title=\"D\u00e9m\u00e9nager \u00e0 Chypre ? 2026 Co\u00fbts de la vie et conseils de relocalisation\">Chypre<\/a>.<\/p>\n<p>Fournisseurs de services d'entreposage.<\/p>\n<p>Plus de 45 ans d'exp\u00e9rience.<\/p>\n<p><strong>Services suppl\u00e9mentaires :<\/strong><\/p>\n<p>Installation de stockage<\/p>\n<p>Entrep\u00f4t<\/p>\n<p><strong>Adresse :<\/strong> 46 Lockfield Ave, Enfield EN3 7PX<\/p>\n<p><a href=\"http:\/\/www.mondialtransport.co.uk\/\" target=\"_new\" rel=\"noopener\">Site web de Mondial Forwarding Ltd<\/a><\/p>\n<p><strong>Note d'examen : <\/strong>3.7<br \/> <strong>Nombre d'\u00e9valuations :<\/strong> 64<br \/><a href=\"https:\/\/www.google.co.uk\/maps?cid=10590099676430872211&#038;hl=en&#038;gl=GB\" target=\"_new\" rel=\"noopener\">Lire les commentaires<\/a><\/p>\n<h2>Comment nous avons s\u00e9lectionn\u00e9 les meilleurs transitaires d'Enfield<\/h2>\n<p>Nous avons commenc\u00e9 par un ensemble de 7 soci\u00e9t\u00e9s de transport de fret d'Enfield que nous avons trouv\u00e9es sur Google Maps et nous les avons r\u00e9duites aux 2 meilleures.<\/p>\n<p>Pour ce faire, nous avons supprim\u00e9 toutes les entreprises qui<\/p>\n<ul>\n<li> N'avait pas de site web<\/li>\n<li> N'a fait l'objet d'aucune critique<\/li>\n<li> A obtenu une note moyenne inf\u00e9rieure \u00e0 2,0<\/li>\n<\/ul>\n<p>\u00c0 ce stade, si nous avions 17 transitaires ou moins, nous les avons tous r\u00e9pertori\u00e9s.<\/p>\n<p>Pour les villes o\u00f9 il restait plus de 17 transitaires, nous avons proc\u00e9d\u00e9 \u00e0 d'autres r\u00e9visions en augmentant la note requise (par exemple, en passant d'un minimum de 2,0 \u00e0 4,0) et\/ou en augmentant le nombre minimum d'\u00e9valuations requises (par exemple, en passant d'au moins 1 \u00e9valuation \u00e0 au moins 10).<\/p>\n<p>Il est \u00e0 noter que nous n'avons utilis\u00e9 que les donn\u00e9es d'\u00e9valuation de Google Maps et pas celles d'autres sites web tiers.<\/p>\n<p>Plus de villes :<\/p>\n<p><a href=\"https:\/\/moverdb.com\/fr\/transporteur-de-marchandises\/freight-forwarding-uk\/sutton-coldfield-freight-forwarder\/\">Transitaire Sutton Coldfield<\/a><br \/><a href=\"https:\/\/moverdb.com\/fr\/transporteur-de-marchandises\/freight-forwarding-uk\/redditch-freight-forwarder\/\">Transitaire Redditch<\/a><br \/><a href=\"https:\/\/moverdb.com\/fr\/transporteur-de-marchandises\/freight-forwarding-uk\/greenhithe-freight-forwarder\/\">Transitaire Greenhithe<\/a><br \/><a href=\"https:\/\/moverdb.com\/fr\/transporteur-de-marchandises\/freight-forwarding-uk\/loughborough-freight-forwarder\/\">Transitaire de Loughborough<\/a><br \/><a href=\"https:\/\/moverdb.com\/fr\/transporteur-de-marchandises\/freight-forwarding-uk\/ashby-de-la-zouch-freight-forwarder\/\">Ashby-de-la-Zouch Transitaire<\/a><\/p>","protected":false},"excerpt":{"rendered":"<p>Below we look at the 2 &#8220;best&#8221; Freight Forwarding companies in Enfield out of 7. To learn more about how we chose the best please consult our FAQ section at the end. Please not the following listings are in no particular order and we are not making any recommendations for any particular company. Andrews Shipping [&hellip;]<\/p>\n","protected":false},"author":1,"featured_media":0,"parent":13427,"menu_order":0,"comment_status":"open","ping_status":"open","template":"","meta":{"_genesis_hide_title":false,"_genesis_hide_breadcrumbs":false,"_genesis_hide_singular_image":false,"_genesis_hide_footer_widgets":false,"_genesis_custom_body_class":"","_genesis_custom_post_class":"","_genesis_layout":"","footnotes":""},"class_list":{"0":"post-14127","1":"page","2":"type-page","3":"status-publish","5":"entry"},"_links":{"self":[{"href":"https:\/\/moverdb.com\/fr\/wp-json\/wp\/v2\/pages\/14127","targetHints":{"allow":["GET"]}}],"collection":[{"href":"https:\/\/moverdb.com\/fr\/wp-json\/wp\/v2\/pages"}],"about":[{"href":"https:\/\/moverdb.com\/fr\/wp-json\/wp\/v2\/types\/page"}],"author":[{"embeddable":true,"href":"https:\/\/moverdb.com\/fr\/wp-json\/wp\/v2\/users\/1"}],"replies":[{"embeddable":true,"href":"https:\/\/moverdb.com\/fr\/wp-json\/wp\/v2\/comments?post=14127"}],"version-history":[{"count":1,"href":"https:\/\/moverdb.com\/fr\/wp-json\/wp\/v2\/pages\/14127\/revisions"}],"predecessor-version":[{"id":15716,"href":"https:\/\/moverdb.com\/fr\/wp-json\/wp\/v2\/pages\/14127\/revisions\/15716"}],"up":[{"embeddable":true,"href":"https:\/\/moverdb.com\/fr\/wp-json\/wp\/v2\/pages\/13427"}],"wp:attachment":[{"href":"https:\/\/moverdb.com\/fr\/wp-json\/wp\/v2\/media?parent=14127"}],"curies":[{"name":"wp","href":"https:\/\/api.w.org\/{rel}","templated":true}]}}