{"id":14087,"date":"2023-11-08T15:54:18","date_gmt":"2023-11-08T15:54:18","guid":{"rendered":"https:\/\/moverdb.com\/freight-forwarder\/freight-forwarding-uk\/huntingdon-freight-forwarder\/"},"modified":"2026-01-08T14:58:05","modified_gmt":"2026-01-08T14:58:05","slug":"huntingdon-freight-forwarder","status":"publish","type":"page","link":"https:\/\/moverdb.com\/fr\/freight-forwarder\/freight-forwarding-uk\/huntingdon-freight-forwarder\/","title":{"rendered":"2 Meilleures entreprises de transport de marchandises de Huntingdon (2024)"},"content":{"rendered":"<p>Ci-dessous, nous examinons les 2 <em>\"meilleur\"<\/em> Entreprises de transport de marchandises \u00e0 Huntingdon sur 2.<\/p>\n<p>Pour en savoir plus sur la mani\u00e8re dont nous avons choisi les meilleurs, veuillez consulter notre section FAQ \u00e0 la fin.<\/p>\n<p><em>Veuillez noter que les listes suivantes ne sont pas class\u00e9es dans un ordre particulier et que nous ne recommandons aucune entreprise en particulier.<\/em><\/p>\n<h2>Transport de Manchett<\/h2>\n<p><img decoding=\"async\" src=\"https:\/\/moverdb.com\/wp-content\/uploads\/AF1QipNSqxwLUBsGGYlsegs9g-F0QtPmcDyKUM8e4913w426-h240-k-no.png\" alt='Manchett's transport\" class=\"aligncenter\"><\/p>\n<p><strong>Description de l'entreprise : <\/strong>Entreposage, distribution, transport, logistique, d\u00e9chargement\/chargement de conteneurs, consolidation, transbordement, transport.<\/p>\n<p><strong>Services suppl\u00e9mentaires :<\/strong><\/p>\n<p>Aucune liste<\/p>\n<p><strong>Adresse :<\/strong> Heath Rd, Warboys, Huntingdon PE28 2UU<\/p>\n<p><a href=\"http:\/\/www.manchettsgroup.co.uk\/\" target=\"_new\" rel=\"noopener\">Site web des transports de Manchett<\/a><\/p>\n<p><strong>Note d'examen : <\/strong>4.6<br \/> <strong>Nombre d'\u00e9valuations :<\/strong> 17<br \/><a href=\"https:\/\/www.google.co.uk\/maps?cid=5925921316114603321&#038;hl=en&#038;gl=GB\" target=\"_new\" rel=\"noopener\">Lire les commentaires<\/a><\/p>\n<h2>Park Project Freight Limited<\/h2>\n<p><img decoding=\"async\" src=\"https:\/\/moverdb.com\/wp-content\/uploads\/AF1QipMW_5e_odZHAnA8-d5USM5kADcmRdbPAkpjbE0Pw408-h306-k-no.jpg\" alt='Park Project Freight Limited' class=\"aligncenter\"><\/p>\n<p><strong>Description de l'entreprise : <\/strong>Aucune n'est fournie<\/p>\n<p><strong>Services suppl\u00e9mentaires :<\/strong><\/p>\n<p>Aucune liste<\/p>\n<p><strong>Adresse :<\/strong> St Georges House, 14 George St, Huntingdon PE29 3GH<\/p>\n<p><a href=\"http:\/\/parkprojectfreight.com\/\" target=\"_new\" rel=\"noopener\">Site web de Park Project Freight Limited<\/a><\/p>\n<p><strong>Note d'examen : <\/strong>5<br \/> <strong>Nombre d'\u00e9valuations :<\/strong> 1<br \/><a href=\"https:\/\/www.google.co.uk\/maps?cid=16499068111778540495&#038;hl=en&#038;gl=GB\" target=\"_new\" rel=\"noopener\">Lire les commentaires<\/a><\/p>\n<h2>Comment nous avons s\u00e9lectionn\u00e9 les meilleurs transitaires de Huntingdon<\/h2>\n<p>Nous avons commenc\u00e9 avec un ensemble de donn\u00e9es de 2 soci\u00e9t\u00e9s de transport de fret de Huntingdon que nous avons pu trouver via Google Maps et nous avons r\u00e9duit notre liste aux 2 meilleures.<\/p>\n<p>Pour ce faire, nous avons supprim\u00e9 toutes les entreprises qui<\/p>\n<ul>\n<li> N'avait pas de site web<\/li>\n<li> N'a fait l'objet d'aucune critique<\/li>\n<li> A obtenu une note moyenne inf\u00e9rieure \u00e0 2,0<\/li>\n<\/ul>\n<p>\u00c0 ce stade, si nous avions 17 transitaires ou moins, nous les avons tous r\u00e9pertori\u00e9s.<\/p>\n<p>Pour les villes o\u00f9 il restait plus de 17 transitaires, nous avons proc\u00e9d\u00e9 \u00e0 d'autres r\u00e9visions en augmentant la note requise (par exemple, en passant d'un minimum de 2,0 \u00e0 4,0) et\/ou en augmentant le nombre minimum d'\u00e9valuations requises (par exemple, en passant d'au moins 1 \u00e9valuation \u00e0 au moins 10).<\/p>\n<p>Il est \u00e0 noter que nous n'avons utilis\u00e9 que les donn\u00e9es d'\u00e9valuation de Google Maps et pas celles d'autres sites web tiers.<\/p>\n<p>Plus de villes :<\/p>\n<p><a href=\"https:\/\/moverdb.com\/fr\/transporteur-de-marchandises\/freight-forwarding-uk\/hornchurch-freight-forwarder\/\">Transitaire Hornchurch<\/a><br \/><a href=\"https:\/\/moverdb.com\/fr\/transporteur-de-marchandises\/freight-forwarding-uk\/pontypridd-freight-forwarder\/\">Pontypridd Freight Forwarder<\/a><br \/><a href=\"https:\/\/moverdb.com\/fr\/transporteur-de-marchandises\/freight-forwarding-uk\/shipley-freight-forwarder\/\">Transitaire Shipley<\/a><br \/><a href=\"https:\/\/moverdb.com\/fr\/transporteur-de-marchandises\/freight-forwarding-uk\/poole-freight-forwarder\/\">Transitaire de Poole<\/a><br \/><a href=\"https:\/\/moverdb.com\/fr\/transporteur-de-marchandises\/freight-forwarding-uk\/abingdon-freight-forwarder\/\">Transitaire Abingdon<\/a><\/p>","protected":false},"excerpt":{"rendered":"<p>Pour en savoir plus sur la fa\u00e7on dont nous avons choisi les meilleurs, veuillez consulter notre section FAQ \u00e0 la fin. Veuillez noter que les listes suivantes ne sont pas class\u00e9es dans un ordre particulier et que nous ne recommandons aucune entreprise en particulier. Manchett's Transport<\/p>","protected":false},"author":1,"featured_media":0,"parent":13427,"menu_order":0,"comment_status":"open","ping_status":"open","template":"","meta":{"_genesis_hide_title":false,"_genesis_hide_breadcrumbs":false,"_genesis_hide_singular_image":false,"_genesis_hide_footer_widgets":false,"_genesis_custom_body_class":"","_genesis_custom_post_class":"","_genesis_layout":"","footnotes":""},"class_list":{"0":"post-14087","1":"page","2":"type-page","3":"status-publish","5":"entry"},"_links":{"self":[{"href":"https:\/\/moverdb.com\/fr\/wp-json\/wp\/v2\/pages\/14087","targetHints":{"allow":["GET"]}}],"collection":[{"href":"https:\/\/moverdb.com\/fr\/wp-json\/wp\/v2\/pages"}],"about":[{"href":"https:\/\/moverdb.com\/fr\/wp-json\/wp\/v2\/types\/page"}],"author":[{"embeddable":true,"href":"https:\/\/moverdb.com\/fr\/wp-json\/wp\/v2\/users\/1"}],"replies":[{"embeddable":true,"href":"https:\/\/moverdb.com\/fr\/wp-json\/wp\/v2\/comments?post=14087"}],"version-history":[{"count":1,"href":"https:\/\/moverdb.com\/fr\/wp-json\/wp\/v2\/pages\/14087\/revisions"}],"predecessor-version":[{"id":15723,"href":"https:\/\/moverdb.com\/fr\/wp-json\/wp\/v2\/pages\/14087\/revisions\/15723"}],"up":[{"embeddable":true,"href":"https:\/\/moverdb.com\/fr\/wp-json\/wp\/v2\/pages\/13427"}],"wp:attachment":[{"href":"https:\/\/moverdb.com\/fr\/wp-json\/wp\/v2\/media?parent=14087"}],"curies":[{"name":"wp","href":"https:\/\/api.w.org\/{rel}","templated":true}]}}