{"id":14084,"date":"2023-11-08T15:54:18","date_gmt":"2023-11-08T15:54:18","guid":{"rendered":"https:\/\/moverdb.com\/freight-forwarder\/freight-forwarding-uk\/chertsey-freight-forwarder\/"},"modified":"2026-01-08T14:56:02","modified_gmt":"2026-01-08T14:56:02","slug":"chertsey-freight-forwarder","status":"publish","type":"page","link":"https:\/\/moverdb.com\/fr\/freight-forwarder\/freight-forwarding-uk\/chertsey-freight-forwarder\/","title":{"rendered":"2 Meilleures entreprises de transport de marchandises de Chertsey (2024)"},"content":{"rendered":"<p>Ci-dessous, nous examinons les 2 <em>\"meilleur\"<\/em> Entreprises de transport de marchandises \u00e0 Chertsey sur 2.<\/p>\n<p>Pour en savoir plus sur la mani\u00e8re dont nous avons choisi les meilleurs, veuillez consulter notre section FAQ \u00e0 la fin.<\/p>\n<p><em>Veuillez noter que les listes suivantes ne sont pas class\u00e9es dans un ordre particulier et que nous ne recommandons aucune entreprise en particulier.<\/em><\/p>\n<h2>World Cargo Logistics<\/h2>\n<p><img decoding=\"async\" src=\"https:\/\/moverdb.com\/wp-content\/uploads\/AF1QipPqb64mbjkGItVzmckP2oXd9nNOY3B1EBTeolXnw426-h240-k-no.jpg\" alt='World Cargo Logistics' class=\"aligncenter\"><\/p>\n<p><strong>Description de l'entreprise : <\/strong>World Cargo Logistics est une soci\u00e9t\u00e9 priv\u00e9e britannique qui fournit des services de fret dans le monde entier depuis l'an 2000.<\/p>\n<p>Avec 8 bureaux dans tout le pays, nous sommes l'un des principaux transitaires de l'Union europ\u00e9enne. <a href=\"https:\/\/moverdb.com\/fr\/moving-to-the-uk\/\" data-internallinksmanager029f6b8e52c=\"93\" title=\"Vous partez au Royaume-Uni ? 2026 Co\u00fbt de la vie et conseils de relocalisation\">ROYAUME-UNI<\/a> tout en offrant un service tr\u00e8s personnalis\u00e9.<\/p>\n<p><strong>Services suppl\u00e9mentaires :<\/strong><\/p>\n<p>Soci\u00e9t\u00e9 de livraison<\/p>\n<p><strong>Adresse :<\/strong> The Old Barn, 1A Colonel's Ln, Chertsey KT16 8RH<\/p>\n<p><a href=\"http:\/\/worldcargologistics.co.uk\/\" target=\"_new\" rel=\"noopener\">Site web de World Cargo Logistics<\/a><\/p>\n<p><strong>Note d'examen : <\/strong>5<br \/> <strong>Nombre d'\u00e9valuations :<\/strong> 1<br \/><a href=\"https:\/\/www.google.co.uk\/maps?cid=10781441418880932020&#038;hl=en&#038;gl=GB\" target=\"_new\" rel=\"noopener\">Lire les commentaires<\/a><\/p>\n<h2>Liberty Express Ltd.<\/h2>\n<p><img decoding=\"async\" src=\"https:\/\/moverdb.com\/wp-content\/uploads\/thumbnailpanoidrmqn8_8TpyKF14j-BFj4yAcb_clientsearch.gws-prod.gpsw408h240yaw245.jpg\" alt='Liberty Express Ltd.' class=\"aligncenter\"><\/p>\n<p><strong>Description de l'entreprise : <\/strong>Aucune n'est fournie<\/p>\n<p><strong>Services suppl\u00e9mentaires :<\/strong><\/p>\n<p>Service de messagerie<\/p>\n<p><strong>Adresse :<\/strong> Foxhols Farm, Lyne Ln, Chertsey KT16 0AN<\/p>\n<p><a href=\"http:\/\/www.libertyexpressltd.com\/\" target=\"_new\" rel=\"noopener\">Site Internet de Liberty Express Ltd.<\/a><\/p>\n<p><strong>Note d'examen : <\/strong>4.3<br \/> <strong>Nombre d'\u00e9valuations :<\/strong> 15<br \/><a href=\"https:\/\/www.google.co.uk\/maps?cid=14451072102257024833&#038;hl=en&#038;gl=GB\" target=\"_new\" rel=\"noopener\">Lire les commentaires<\/a><\/p>\n<h2>Comment nous avons s\u00e9lectionn\u00e9 les meilleurs transitaires de Chertsey<\/h2>\n<p>Nous avons commenc\u00e9 avec un ensemble de donn\u00e9es de 2 soci\u00e9t\u00e9s de transport de fret de Chertsey que nous avons pu trouver via Google Maps et nous avons r\u00e9duit notre liste aux 2 meilleures.<\/p>\n<p>Pour ce faire, nous avons supprim\u00e9 toutes les entreprises qui<\/p>\n<ul>\n<li> N'avait pas de site web<\/li>\n<li> N'a fait l'objet d'aucune critique<\/li>\n<li> A obtenu une note moyenne inf\u00e9rieure \u00e0 2,0<\/li>\n<\/ul>\n<p>\u00c0 ce stade, si nous avions 17 transitaires ou moins, nous les avons tous r\u00e9pertori\u00e9s.<\/p>\n<p>Pour les villes o\u00f9 il restait plus de 17 transitaires, nous avons proc\u00e9d\u00e9 \u00e0 d'autres r\u00e9visions en augmentant la note requise (par exemple, en passant d'un minimum de 2,0 \u00e0 4,0) et\/ou en augmentant le nombre minimum d'\u00e9valuations requises (par exemple, en passant d'au moins 1 \u00e9valuation \u00e0 au moins 10).<\/p>\n<p>Il est \u00e0 noter que nous n'avons utilis\u00e9 que les donn\u00e9es d'\u00e9valuation de Google Maps et pas celles d'autres sites web tiers.<\/p>\n<p>Plus de villes :<\/p>\n<p><a href=\"https:\/\/moverdb.com\/fr\/transporteur-de-marchandises\/freight-forwarding-uk\/huntingdon-freight-forwarder\/\">Transitaire Huntingdon<\/a><br \/><a href=\"https:\/\/moverdb.com\/fr\/transporteur-de-marchandises\/freight-forwarding-uk\/hornchurch-freight-forwarder\/\">Transitaire Hornchurch<\/a><br \/><a href=\"https:\/\/moverdb.com\/fr\/transporteur-de-marchandises\/freight-forwarding-uk\/pontypridd-freight-forwarder\/\">Pontypridd Freight Forwarder<\/a><br \/><a href=\"https:\/\/moverdb.com\/fr\/transporteur-de-marchandises\/freight-forwarding-uk\/shipley-freight-forwarder\/\">Transitaire Shipley<\/a><br \/><a href=\"https:\/\/moverdb.com\/fr\/transporteur-de-marchandises\/freight-forwarding-uk\/poole-freight-forwarder\/\">Transitaire de Poole<\/a><\/p>","protected":false},"excerpt":{"rendered":"<p>Below we look at the 2 &#8220;best&#8221; Freight Forwarding companies in Chertsey out of 2. To learn more about how we chose the best please consult our FAQ section at the end. Please not the following listings are in no particular order and we are not making any recommendations for any particular company. World Cargo [&hellip;]<\/p>\n","protected":false},"author":1,"featured_media":0,"parent":13427,"menu_order":0,"comment_status":"open","ping_status":"open","template":"","meta":{"_genesis_hide_title":false,"_genesis_hide_breadcrumbs":false,"_genesis_hide_singular_image":false,"_genesis_hide_footer_widgets":false,"_genesis_custom_body_class":"","_genesis_custom_post_class":"","_genesis_layout":"","footnotes":""},"class_list":{"0":"post-14084","1":"page","2":"type-page","3":"status-publish","5":"entry"},"_links":{"self":[{"href":"https:\/\/moverdb.com\/fr\/wp-json\/wp\/v2\/pages\/14084","targetHints":{"allow":["GET"]}}],"collection":[{"href":"https:\/\/moverdb.com\/fr\/wp-json\/wp\/v2\/pages"}],"about":[{"href":"https:\/\/moverdb.com\/fr\/wp-json\/wp\/v2\/types\/page"}],"author":[{"embeddable":true,"href":"https:\/\/moverdb.com\/fr\/wp-json\/wp\/v2\/users\/1"}],"replies":[{"embeddable":true,"href":"https:\/\/moverdb.com\/fr\/wp-json\/wp\/v2\/comments?post=14084"}],"version-history":[{"count":1,"href":"https:\/\/moverdb.com\/fr\/wp-json\/wp\/v2\/pages\/14084\/revisions"}],"predecessor-version":[{"id":15712,"href":"https:\/\/moverdb.com\/fr\/wp-json\/wp\/v2\/pages\/14084\/revisions\/15712"}],"up":[{"embeddable":true,"href":"https:\/\/moverdb.com\/fr\/wp-json\/wp\/v2\/pages\/13427"}],"wp:attachment":[{"href":"https:\/\/moverdb.com\/fr\/wp-json\/wp\/v2\/media?parent=14084"}],"curies":[{"name":"wp","href":"https:\/\/api.w.org\/{rel}","templated":true}]}}